{"id":3055,"date":"2026-03-07T11:00:41","date_gmt":"2026-03-07T09:00:41","guid":{"rendered":"https:\/\/owlstales.eu\/product\/%d0%b6%d1%96%d0%bd%d0%be%d1%87%d0%b0-%d1%84%d1%83%d1%82%d0%b1%d0%be%d0%bb%d0%ba%d0%b0-owls-tales-everyday\/"},"modified":"2026-03-07T11:00:41","modified_gmt":"2026-03-07T09:00:41","slug":"%d0%b6%d1%96%d0%bd%d0%be%d1%87%d0%b0-%d1%84%d1%83%d1%82%d0%b1%d0%be%d0%bb%d0%ba%d0%b0-owls-tales-everyday","status":"publish","type":"product","link":"https:\/\/owlstales.eu\/uk\/product\/%d0%b6%d1%96%d0%bd%d0%be%d1%87%d0%b0-%d1%84%d1%83%d1%82%d0%b1%d0%be%d0%bb%d0%ba%d0%b0-owls-tales-everyday\/","title":{"rendered":"\u0416\u0456\u043d\u043e\u0447\u0430 \u0444\u0443\u0442\u0431\u043e\u043b\u043a\u0430 OWLS TALES Everyday"},"content":{"rendered":"<p>\u041c\u043e\u0434\u0435\u043b\u044c: OWLS TALES Everyday<br \/>\n\u041f\u0440\u0438\u043d\u0442: OWLS TALES \u00ab\u041b\u0456\u0442\u0430\u044e\u0447\u0435 \u041c\u0438\u0448\u0435\u043d\u044f\u00bb<br \/>\n\u0422\u0438\u043f: \u0444\u0443\u0442\u0431\u043e\u043b\u043a\u0430 \u0437 \u043a\u043e\u0440\u043e\u0442\u043a\u0438\u043c \u0440\u0443\u043a\u0430\u0432\u043e\u043c<br \/>\n\u0411\u0430\u0437\u043e\u0432\u0430 \u0444\u0443\u0442\u0431\u043e\u043b\u043a\u0430: JustHoods (\u0436\u0456\u043d\u043e\u0447\u0430 \u043c\u043e\u0434\u0435\u043b\u044c)<br \/>\n\u0421\u043a\u043b\u0430\u0434: 100% \u0431\u0430\u0432\u043e\u0432\u043d\u0430<br \/>\n\u0429\u0456\u043b\u044c\u043d\u0456\u0441\u0442\u044c \u043c\u0430\u0442\u0435\u0440\u0456\u0430\u043b\u0443: \u043f\u0440\u0438\u0431\u043b\u0438\u0437\u043d\u043e 150\u2013170 \u0433\/\u043c\u00b2<br \/>\n\u0414\u0440\u0443\u043a: \u0432\u0438\u0441\u043e\u043a\u043e\u044f\u043a\u0456\u0441\u043d\u0438\u0439 \u0441\u0442\u0456\u0439\u043a\u0438\u0439 \u0446\u0438\u0444\u0440\u043e\u0432\u0438\u0439 \u0434\u0440\u0443\u043a<br \/>\n\u0420\u043e\u0437\u043c\u0456\u0440\u0438: XS\u20133XL<br \/>\n\u0414\u043e\u0433\u043b\u044f\u0434: \u043c\u0430\u0448\u0438\u043d\u043d\u0435 \u043f\u0440\u0430\u043d\u043d\u044f \u0443 \u0437\u0432\u0438\u0447\u0430\u0439\u043d\u043e\u043c\u0443 \u0440\u0435\u0436\u0438\u043c\u0456<\/p>\n<p>&nbsp;<\/p>\n<p><img decoding=\"async\" class=\"wp-image-2076 alignleft\" src=\"https:\/\/owlstales.eu\/wp-content\/uploads\/2026\/03\/IzmeriHudijiPremiumSievieshu-300x76.png\" alt=\"\" width=\"418\" height=\"106\" srcset=\"https:\/\/owlstales.eu\/wp-content\/uploads\/2026\/03\/IzmeriHudijiPremiumSievieshu-300x76.png 300w, https:\/\/owlstales.eu\/wp-content\/uploads\/2026\/03\/IzmeriHudijiPremiumSievieshu-1024x261.png 1024w, https:\/\/owlstales.eu\/wp-content\/uploads\/2026\/03\/IzmeriHudijiPremiumSievieshu-768x195.png 768w, https:\/\/owlstales.eu\/wp-content\/uploads\/2026\/03\/IzmeriHudijiPremiumSievieshu-600x153.png 600w, https:\/\/owlstales.eu\/wp-content\/uploads\/2026\/03\/IzmeriHudijiPremiumSievieshu.png 1053w\" sizes=\"(max-width: 418px) 100vw, 418px\" \/><\/p>\n","protected":false},"excerpt":{"rendered":"<p>\u0416\u0456\u043d\u043e\u0447\u0430 \u0444\u0443\u0442\u0431\u043e\u043b\u043a\u0430 OWLS TALES Everyday \u0432\u0438\u0433\u043e\u0442\u043e\u0432\u043b\u0435\u043d\u0430 \u043d\u0430 \u0431\u0430\u0437\u0456 \u0444\u0443\u0442\u0431\u043e\u043b\u043a\u0438 \u0432\u0438\u0440\u043e\u0431\u043d\u0438\u043a\u0430 JustHoods. \u041c\u043e\u0434\u0435\u043b\u044c \u043c\u0430\u0454 \u0436\u0456\u043d\u043e\u0447\u0438\u0439 \u043a\u0440\u0456\u0439, \u0437\u0440\u0443\u0447\u043d\u043e \u0441\u0438\u0434\u0438\u0442\u044c \u043f\u043e \u0444\u0456\u0433\u0443\u0440\u0456 \u0442\u0430 \u043f\u0456\u0434\u0445\u043e\u0434\u0438\u0442\u044c \u0434\u043b\u044f \u043f\u043e\u0432\u0441\u044f\u043a\u0434\u0435\u043d\u043d\u043e\u0433\u043e \u043d\u043e\u0441\u0456\u043d\u043d\u044f \u2014 \u0434\u043b\u044f \u0440\u043e\u0431\u043e\u0442\u0438, \u043f\u0440\u043e\u0433\u0443\u043b\u044f\u043d\u043e\u043a \u0456 \u0432\u0456\u0434\u043f\u043e\u0447\u0438\u043d\u043a\u0443.<br \/>\u0424\u0443\u0442\u0431\u043e\u043b\u043a\u0430 \u0432\u0438\u0433\u043e\u0442\u043e\u0432\u043b\u0435\u043d\u0430 \u0437 \u043c\u2019\u044f\u043a\u043e\u0433\u043e \u0431\u0430\u0432\u043e\u0432\u043d\u044f\u043d\u043e\u0433\u043e \u0442\u0440\u0438\u043a\u043e\u0442\u0430\u0436\u0443, \u043f\u0440\u0438\u0454\u043c\u043d\u043e\u0433\u043e \u0434\u043b\u044f \u0448\u043a\u0456\u0440\u0438 \u0442\u0430 \u043a\u043e\u043c\u0444\u043e\u0440\u0442\u043d\u043e\u0433\u043e \u0434\u043b\u044f \u0449\u043e\u0434\u0435\u043d\u043d\u043e\u0433\u043e \u0432\u0438\u043a\u043e\u0440\u0438\u0441\u0442\u0430\u043d\u043d\u044f. \u041d\u0430 \u0432\u0438\u0440\u0456\u0431 \u043d\u0430\u043d\u043e\u0441\u0438\u0442\u044c\u0441\u044f \u043e\u0440\u0438\u0433\u0456\u043d\u0430\u043b\u044c\u043d\u0438\u0439 \u043f\u0440\u0438\u043d\u0442 OWLS TALES, \u0432\u0438\u043a\u043e\u043d\u0430\u043d\u0438\u0439 \u0456\u0437 \u0432\u0438\u043a\u043e\u0440\u0438\u0441\u0442\u0430\u043d\u043d\u044f\u043c \u0432\u0438\u0441\u043e\u043a\u043e\u044f\u043a\u0456\u0441\u043d\u043e\u0433\u043e \u0441\u0442\u0456\u0439\u043a\u043e\u0433\u043e \u0446\u0438\u0444\u0440\u043e\u0432\u043e\u0433\u043e \u0434\u0440\u0443\u043a\u0443.<\/p>\n","protected":false},"featured_media":2499,"comment_status":"open","ping_status":"closed","template":"","meta":[],"product_brand":[],"product_cat":[111,144,188],"product_tag":[],"class_list":{"0":"post-3055","1":"product","2":"type-product","3":"status-publish","4":"has-post-thumbnail","6":"product_cat-111","7":"product_cat-144","8":"product_cat-188","9":"pa_krasa-garnet","10":"pa_krasa-natural","11":"pa_krasa-navy","13":"first","14":"instock","15":"taxable","16":"shipping-taxable","17":"purchasable","18":"product-type-variable"},"yoast_head":"<!-- This site is optimized with the Yoast SEO Premium plugin v27.1 (Yoast SEO v27.4) - https:\/\/yoast.com\/product\/yoast-seo-premium-wordpress\/ -->\n<title>\u0416\u0456\u043d\u043e\u0447\u0430 \u0444\u0443\u0442\u0431\u043e\u043b\u043a\u0430 OWLS TALES Everyday - P\u016bces pasakas<\/title>\n<meta name=\"description\" content=\"\u0416\u0456\u043d\u043e\u0447\u0430 \u0444\u0443\u0442\u0431\u043e\u043b\u043a\u0430 OWLS TALES Everyday \u0432\u0438\u0433\u043e\u0442\u043e\u0432\u043b\u0435\u043d\u0430 \u043d\u0430 \u0431\u0430\u0437\u0456 \u0444\u0443\u0442\u0431\u043e\u043b\u043a\u0438 \u0432\u0438\u0440\u043e\u0431\u043d\u0438\u043a\u0430 JustHoods. \u041c\u043e\u0434\u0435\u043b\u044c \u043c\u0430\u0454 \u0436\u0456\u043d\u043e\u0447\u0438\u0439 \u043a\u0440\u0456\u0439, \u0437\u0440\u0443\u0447\u043d\u043e \u0441\u0438\u0434\u0438\u0442\u044c \u043f\u043e \u0444\u0456\u0433\u0443\u0440\u0456 \u0442\u0430 \u043f\u0456\u0434\u0445\u043e\u0434\u0438\u0442\u044c \u0434\u043b\u044f \u043f\u043e\u0432\u0441\u044f\u043a\u0434\u0435\u043d\u043d\u043e\u0433\u043e \u043d\u043e\u0441\u0456\u043d\u043d\u044f\" \/>\n<meta name=\"robots\" content=\"index, follow, max-snippet:-1, max-image-preview:large, max-video-preview:-1\" \/>\n<link rel=\"canonical\" href=\"https:\/\/owlstales.eu\/uk\/product\/%d0%b6%d1%96%d0%bd%d0%be%d1%87%d0%b0-%d1%84%d1%83%d1%82%d0%b1%d0%be%d0%bb%d0%ba%d0%b0-owls-tales-everyday\/\" \/>\n<meta property=\"og:locale\" content=\"en_US\" \/>\n<meta property=\"og:type\" content=\"article\" \/>\n<meta property=\"og:title\" content=\"\u0416\u0456\u043d\u043e\u0447\u0430 \u0444\u0443\u0442\u0431\u043e\u043b\u043a\u0430 OWLS TALES Everyday\" \/>\n<meta property=\"og:description\" content=\"\u0416\u0456\u043d\u043e\u0447\u0430 \u0444\u0443\u0442\u0431\u043e\u043b\u043a\u0430 OWLS TALES Everyday \u0432\u0438\u0433\u043e\u0442\u043e\u0432\u043b\u0435\u043d\u0430 \u043d\u0430 \u0431\u0430\u0437\u0456 \u0444\u0443\u0442\u0431\u043e\u043b\u043a\u0438 \u0432\u0438\u0440\u043e\u0431\u043d\u0438\u043a\u0430 JustHoods. \u041c\u043e\u0434\u0435\u043b\u044c \u043c\u0430\u0454 \u0436\u0456\u043d\u043e\u0447\u0438\u0439 \u043a\u0440\u0456\u0439, \u0437\u0440\u0443\u0447\u043d\u043e \u0441\u0438\u0434\u0438\u0442\u044c \u043f\u043e \u0444\u0456\u0433\u0443\u0440\u0456 \u0442\u0430 \u043f\u0456\u0434\u0445\u043e\u0434\u0438\u0442\u044c \u0434\u043b\u044f \u043f\u043e\u0432\u0441\u044f\u043a\u0434\u0435\u043d\u043d\u043e\u0433\u043e \u043d\u043e\u0441\u0456\u043d\u043d\u044f\" \/>\n<meta property=\"og:url\" content=\"https:\/\/owlstales.eu\/uk\/product\/%d0%b6%d1%96%d0%bd%d0%be%d1%87%d0%b0-%d1%84%d1%83%d1%82%d0%b1%d0%be%d0%bb%d0%ba%d0%b0-owls-tales-everyday\/\" \/>\n<meta property=\"og:site_name\" content=\"P\u016bces pasakas\" \/>\n<meta property=\"article:publisher\" content=\"https:\/\/www.facebook.com\/owlstales.eu\/\" \/>\n<meta property=\"og:image\" content=\"https:\/\/owlstales.eu\/wp-content\/uploads\/2026\/03\/Siev_baze_bur_owl.webp\" \/>\n\t<meta property=\"og:image:width\" content=\"1024\" \/>\n\t<meta property=\"og:image:height\" content=\"1024\" \/>\n\t<meta property=\"og:image:type\" content=\"image\/webp\" \/>\n<meta name=\"twitter:card\" content=\"summary_large_image\" \/>\n<meta name=\"twitter:label1\" content=\"Availability\" \/>\n\t<meta name=\"twitter:data1\" content=\"In stock\" \/>\n<script type=\"application\/ld+json\" class=\"yoast-schema-graph\">{\"@context\":\"https:\\\/\\\/schema.org\",\"@graph\":[{\"@type\":\"WebPage\",\"@id\":\"https:\\\/\\\/owlstales.eu\\\/uk\\\/product\\\/%d0%b6%d1%96%d0%bd%d0%be%d1%87%d0%b0-%d1%84%d1%83%d1%82%d0%b1%d0%be%d0%bb%d0%ba%d0%b0-owls-tales-everyday\\\/\",\"url\":\"https:\\\/\\\/owlstales.eu\\\/uk\\\/product\\\/%d0%b6%d1%96%d0%bd%d0%be%d1%87%d0%b0-%d1%84%d1%83%d1%82%d0%b1%d0%be%d0%bb%d0%ba%d0%b0-owls-tales-everyday\\\/\",\"name\":\"\u0416\u0456\u043d\u043e\u0447\u0430 \u0444\u0443\u0442\u0431\u043e\u043b\u043a\u0430 OWLS TALES Everyday - P\u016bces pasakas\",\"isPartOf\":{\"@id\":\"https:\\\/\\\/owlstales.eu\\\/uk\\\/#website\"},\"primaryImageOfPage\":{\"@id\":\"https:\\\/\\\/owlstales.eu\\\/uk\\\/product\\\/%d0%b6%d1%96%d0%bd%d0%be%d1%87%d0%b0-%d1%84%d1%83%d1%82%d0%b1%d0%be%d0%bb%d0%ba%d0%b0-owls-tales-everyday\\\/#primaryimage\"},\"image\":{\"@id\":\"https:\\\/\\\/owlstales.eu\\\/uk\\\/product\\\/%d0%b6%d1%96%d0%bd%d0%be%d1%87%d0%b0-%d1%84%d1%83%d1%82%d0%b1%d0%be%d0%bb%d0%ba%d0%b0-owls-tales-everyday\\\/#primaryimage\"},\"thumbnailUrl\":\"https:\\\/\\\/owlstales.eu\\\/wp-content\\\/uploads\\\/2026\\\/03\\\/Siev_baze_bur_owl.webp\",\"datePublished\":\"2026-03-07T09:00:41+00:00\",\"description\":\"\u0416\u0456\u043d\u043e\u0447\u0430 \u0444\u0443\u0442\u0431\u043e\u043b\u043a\u0430 OWLS TALES Everyday \u0432\u0438\u0433\u043e\u0442\u043e\u0432\u043b\u0435\u043d\u0430 \u043d\u0430 \u0431\u0430\u0437\u0456 \u0444\u0443\u0442\u0431\u043e\u043b\u043a\u0438 \u0432\u0438\u0440\u043e\u0431\u043d\u0438\u043a\u0430 JustHoods. \u041c\u043e\u0434\u0435\u043b\u044c \u043c\u0430\u0454 \u0436\u0456\u043d\u043e\u0447\u0438\u0439 \u043a\u0440\u0456\u0439, \u0437\u0440\u0443\u0447\u043d\u043e \u0441\u0438\u0434\u0438\u0442\u044c \u043f\u043e \u0444\u0456\u0433\u0443\u0440\u0456 \u0442\u0430 \u043f\u0456\u0434\u0445\u043e\u0434\u0438\u0442\u044c \u0434\u043b\u044f \u043f\u043e\u0432\u0441\u044f\u043a\u0434\u0435\u043d\u043d\u043e\u0433\u043e \u043d\u043e\u0441\u0456\u043d\u043d\u044f\",\"breadcrumb\":{\"@id\":\"https:\\\/\\\/owlstales.eu\\\/uk\\\/product\\\/%d0%b6%d1%96%d0%bd%d0%be%d1%87%d0%b0-%d1%84%d1%83%d1%82%d0%b1%d0%be%d0%bb%d0%ba%d0%b0-owls-tales-everyday\\\/#breadcrumb\"},\"inLanguage\":\"ua\",\"potentialAction\":[{\"@type\":\"ReadAction\",\"target\":[\"https:\\\/\\\/owlstales.eu\\\/uk\\\/product\\\/%d0%b6%d1%96%d0%bd%d0%be%d1%87%d0%b0-%d1%84%d1%83%d1%82%d0%b1%d0%be%d0%bb%d0%ba%d0%b0-owls-tales-everyday\\\/\"]}]},{\"@type\":\"ImageObject\",\"inLanguage\":\"ua\",\"@id\":\"https:\\\/\\\/owlstales.eu\\\/uk\\\/product\\\/%d0%b6%d1%96%d0%bd%d0%be%d1%87%d0%b0-%d1%84%d1%83%d1%82%d0%b1%d0%be%d0%bb%d0%ba%d0%b0-owls-tales-everyday\\\/#primaryimage\",\"url\":\"https:\\\/\\\/owlstales.eu\\\/wp-content\\\/uploads\\\/2026\\\/03\\\/Siev_baze_bur_owl.webp\",\"contentUrl\":\"https:\\\/\\\/owlstales.eu\\\/wp-content\\\/uploads\\\/2026\\\/03\\\/Siev_baze_bur_owl.webp\",\"width\":1024,\"height\":1024,\"caption\":\"Sievie\u0161u T-krekls OWLS TALES Everyday izgatavots uz JustHoods ra\u017eot\u0101 T-krekla b\u0101zes. Modelim ir sievie\u0161u piegriezums, tas \u0113rti piegu\u013c augumam un ir piem\u0113rots ikdienas valk\u0101\u0161anai \u2014 darbam, pastaig\u0101m un atp\u016btai.\\u2028T-krekls izgatavots no m\u012bksta kokvilnas trikot\u0101\u017eas auduma, kas ir pat\u012bkams \u0101dai un \u0113rts ikdienas lieto\u0161anai. Uz izstr\u0101d\u0101juma tiek uzkl\u0101ts ori\u0123in\u0101ls OWLS TALES apdrukas dizains, kas izgatavots, izmantojot augstas kvalit\u0101tes, notur\u012bgu digit\u0101lo druku.\"},{\"@type\":\"BreadcrumbList\",\"@id\":\"https:\\\/\\\/owlstales.eu\\\/uk\\\/product\\\/%d0%b6%d1%96%d0%bd%d0%be%d1%87%d0%b0-%d1%84%d1%83%d1%82%d0%b1%d0%be%d0%bb%d0%ba%d0%b0-owls-tales-everyday\\\/#breadcrumb\",\"itemListElement\":[{\"@type\":\"ListItem\",\"position\":1,\"name\":\"Home\",\"item\":\"https:\\\/\\\/owlstales.eu\\\/uk\\\/\"},{\"@type\":\"ListItem\",\"position\":2,\"name\":\"\u041c\u0430\u0433\u0430\u0437\u0438\u043d\",\"item\":\"https:\\\/\\\/owlstales.eu\\\/uk\\\/%d0%bc%d0%b0%d0%b3%d0%b0%d0%b7%d0%b8%d0%bd\\\/\"},{\"@type\":\"ListItem\",\"position\":3,\"name\":\"\u0416\u0456\u043d\u043e\u0447\u0430 \u0444\u0443\u0442\u0431\u043e\u043b\u043a\u0430 OWLS TALES Everyday\"}]},{\"@type\":\"WebSite\",\"@id\":\"https:\\\/\\\/owlstales.eu\\\/uk\\\/#website\",\"url\":\"https:\\\/\\\/owlstales.eu\\\/uk\\\/\",\"name\":\"P\u016bces pasakas\",\"description\":\"GR\u0100MATAS | PDF | AUDIOIZR\u0100DES | PASAKAS\",\"publisher\":{\"@id\":\"https:\\\/\\\/owlstales.eu\\\/uk\\\/#organization\"},\"alternateName\":\"owls tales\",\"potentialAction\":[{\"@type\":\"SearchAction\",\"target\":{\"@type\":\"EntryPoint\",\"urlTemplate\":\"https:\\\/\\\/owlstales.eu\\\/uk\\\/?s={search_term_string}\"},\"query-input\":{\"@type\":\"PropertyValueSpecification\",\"valueRequired\":true,\"valueName\":\"search_term_string\"}}],\"inLanguage\":\"ua\"},{\"@type\":\"Organization\",\"@id\":\"https:\\\/\\\/owlstales.eu\\\/uk\\\/#organization\",\"name\":\"P\u016bces pasakas\",\"url\":\"https:\\\/\\\/owlstales.eu\\\/uk\\\/\",\"logo\":{\"@type\":\"ImageObject\",\"inLanguage\":\"ua\",\"@id\":\"https:\\\/\\\/owlstales.eu\\\/uk\\\/#\\\/schema\\\/logo\\\/image\\\/\",\"url\":\"https:\\\/\\\/owlstales.eu\\\/wp-content\\\/uploads\\\/2026\\\/03\\\/owl_logo_ok.webp\",\"contentUrl\":\"https:\\\/\\\/owlstales.eu\\\/wp-content\\\/uploads\\\/2026\\\/03\\\/owl_logo_ok.webp\",\"width\":512,\"height\":512,\"caption\":\"P\u016bces pasakas\"},\"image\":{\"@id\":\"https:\\\/\\\/owlstales.eu\\\/uk\\\/#\\\/schema\\\/logo\\\/image\\\/\"},\"sameAs\":[\"https:\\\/\\\/www.facebook.com\\\/owlstales.eu\\\/\"],\"description\":\"Pasakas b\u0113rniem, pal\u012bgmateri\u0101li skolot\u0101jiem.\",\"email\":\"projekts.library@gmail.com\",\"telephone\":\"+371 20923022\",\"legalName\":\"ELENAS LIBRARY SIA\",\"foundingDate\":\"2025-03-01\",\"vatID\":\"LV402036769410\",\"taxID\":\"402036769410\",\"numberOfEmployees\":{\"@type\":\"QuantitativeValue\",\"minValue\":\"1\",\"maxValue\":\"10\"}}]}<\/script>\n<meta property=\"og:availability\" content=\"instock\" \/>\n<meta property=\"product:availability\" content=\"instock\" \/>\n<meta property=\"product:retailer_item_id\" content=\"Siev_tkreks_everyday\" \/>\n<meta property=\"product:condition\" content=\"new\" \/>\n<!-- \/ Yoast SEO Premium plugin. -->","yoast_head_json":{"title":"\u0416\u0456\u043d\u043e\u0447\u0430 \u0444\u0443\u0442\u0431\u043e\u043b\u043a\u0430 OWLS TALES Everyday - P\u016bces pasakas","description":"\u0416\u0456\u043d\u043e\u0447\u0430 \u0444\u0443\u0442\u0431\u043e\u043b\u043a\u0430 OWLS TALES Everyday \u0432\u0438\u0433\u043e\u0442\u043e\u0432\u043b\u0435\u043d\u0430 \u043d\u0430 \u0431\u0430\u0437\u0456 \u0444\u0443\u0442\u0431\u043e\u043b\u043a\u0438 \u0432\u0438\u0440\u043e\u0431\u043d\u0438\u043a\u0430 JustHoods. \u041c\u043e\u0434\u0435\u043b\u044c \u043c\u0430\u0454 \u0436\u0456\u043d\u043e\u0447\u0438\u0439 \u043a\u0440\u0456\u0439, \u0437\u0440\u0443\u0447\u043d\u043e \u0441\u0438\u0434\u0438\u0442\u044c \u043f\u043e \u0444\u0456\u0433\u0443\u0440\u0456 \u0442\u0430 \u043f\u0456\u0434\u0445\u043e\u0434\u0438\u0442\u044c \u0434\u043b\u044f \u043f\u043e\u0432\u0441\u044f\u043a\u0434\u0435\u043d\u043d\u043e\u0433\u043e \u043d\u043e\u0441\u0456\u043d\u043d\u044f","robots":{"index":"index","follow":"follow","max-snippet":"max-snippet:-1","max-image-preview":"max-image-preview:large","max-video-preview":"max-video-preview:-1"},"canonical":"https:\/\/owlstales.eu\/uk\/product\/%d0%b6%d1%96%d0%bd%d0%be%d1%87%d0%b0-%d1%84%d1%83%d1%82%d0%b1%d0%be%d0%bb%d0%ba%d0%b0-owls-tales-everyday\/","og_locale":"en_US","og_type":"article","og_title":"\u0416\u0456\u043d\u043e\u0447\u0430 \u0444\u0443\u0442\u0431\u043e\u043b\u043a\u0430 OWLS TALES Everyday","og_description":"\u0416\u0456\u043d\u043e\u0447\u0430 \u0444\u0443\u0442\u0431\u043e\u043b\u043a\u0430 OWLS TALES Everyday \u0432\u0438\u0433\u043e\u0442\u043e\u0432\u043b\u0435\u043d\u0430 \u043d\u0430 \u0431\u0430\u0437\u0456 \u0444\u0443\u0442\u0431\u043e\u043b\u043a\u0438 \u0432\u0438\u0440\u043e\u0431\u043d\u0438\u043a\u0430 JustHoods. \u041c\u043e\u0434\u0435\u043b\u044c \u043c\u0430\u0454 \u0436\u0456\u043d\u043e\u0447\u0438\u0439 \u043a\u0440\u0456\u0439, \u0437\u0440\u0443\u0447\u043d\u043e \u0441\u0438\u0434\u0438\u0442\u044c \u043f\u043e \u0444\u0456\u0433\u0443\u0440\u0456 \u0442\u0430 \u043f\u0456\u0434\u0445\u043e\u0434\u0438\u0442\u044c \u0434\u043b\u044f \u043f\u043e\u0432\u0441\u044f\u043a\u0434\u0435\u043d\u043d\u043e\u0433\u043e \u043d\u043e\u0441\u0456\u043d\u043d\u044f","og_url":"https:\/\/owlstales.eu\/uk\/product\/%d0%b6%d1%96%d0%bd%d0%be%d1%87%d0%b0-%d1%84%d1%83%d1%82%d0%b1%d0%be%d0%bb%d0%ba%d0%b0-owls-tales-everyday\/","og_site_name":"P\u016bces pasakas","article_publisher":"https:\/\/www.facebook.com\/owlstales.eu\/","og_image":[{"width":1024,"height":1024,"url":"https:\/\/owlstales.eu\/wp-content\/uploads\/2026\/03\/Siev_baze_bur_owl.webp","type":"image\/webp"}],"twitter_card":"summary_large_image","twitter_misc":{"Availability":"In stock"},"schema":{"@context":"https:\/\/schema.org","@graph":[{"@type":"WebPage","@id":"https:\/\/owlstales.eu\/uk\/product\/%d0%b6%d1%96%d0%bd%d0%be%d1%87%d0%b0-%d1%84%d1%83%d1%82%d0%b1%d0%be%d0%bb%d0%ba%d0%b0-owls-tales-everyday\/","url":"https:\/\/owlstales.eu\/uk\/product\/%d0%b6%d1%96%d0%bd%d0%be%d1%87%d0%b0-%d1%84%d1%83%d1%82%d0%b1%d0%be%d0%bb%d0%ba%d0%b0-owls-tales-everyday\/","name":"\u0416\u0456\u043d\u043e\u0447\u0430 \u0444\u0443\u0442\u0431\u043e\u043b\u043a\u0430 OWLS TALES Everyday - P\u016bces pasakas","isPartOf":{"@id":"https:\/\/owlstales.eu\/uk\/#website"},"primaryImageOfPage":{"@id":"https:\/\/owlstales.eu\/uk\/product\/%d0%b6%d1%96%d0%bd%d0%be%d1%87%d0%b0-%d1%84%d1%83%d1%82%d0%b1%d0%be%d0%bb%d0%ba%d0%b0-owls-tales-everyday\/#primaryimage"},"image":{"@id":"https:\/\/owlstales.eu\/uk\/product\/%d0%b6%d1%96%d0%bd%d0%be%d1%87%d0%b0-%d1%84%d1%83%d1%82%d0%b1%d0%be%d0%bb%d0%ba%d0%b0-owls-tales-everyday\/#primaryimage"},"thumbnailUrl":"https:\/\/owlstales.eu\/wp-content\/uploads\/2026\/03\/Siev_baze_bur_owl.webp","datePublished":"2026-03-07T09:00:41+00:00","description":"\u0416\u0456\u043d\u043e\u0447\u0430 \u0444\u0443\u0442\u0431\u043e\u043b\u043a\u0430 OWLS TALES Everyday \u0432\u0438\u0433\u043e\u0442\u043e\u0432\u043b\u0435\u043d\u0430 \u043d\u0430 \u0431\u0430\u0437\u0456 \u0444\u0443\u0442\u0431\u043e\u043b\u043a\u0438 \u0432\u0438\u0440\u043e\u0431\u043d\u0438\u043a\u0430 JustHoods. \u041c\u043e\u0434\u0435\u043b\u044c \u043c\u0430\u0454 \u0436\u0456\u043d\u043e\u0447\u0438\u0439 \u043a\u0440\u0456\u0439, \u0437\u0440\u0443\u0447\u043d\u043e \u0441\u0438\u0434\u0438\u0442\u044c \u043f\u043e \u0444\u0456\u0433\u0443\u0440\u0456 \u0442\u0430 \u043f\u0456\u0434\u0445\u043e\u0434\u0438\u0442\u044c \u0434\u043b\u044f \u043f\u043e\u0432\u0441\u044f\u043a\u0434\u0435\u043d\u043d\u043e\u0433\u043e \u043d\u043e\u0441\u0456\u043d\u043d\u044f","breadcrumb":{"@id":"https:\/\/owlstales.eu\/uk\/product\/%d0%b6%d1%96%d0%bd%d0%be%d1%87%d0%b0-%d1%84%d1%83%d1%82%d0%b1%d0%be%d0%bb%d0%ba%d0%b0-owls-tales-everyday\/#breadcrumb"},"inLanguage":"ua","potentialAction":[{"@type":"ReadAction","target":["https:\/\/owlstales.eu\/uk\/product\/%d0%b6%d1%96%d0%bd%d0%be%d1%87%d0%b0-%d1%84%d1%83%d1%82%d0%b1%d0%be%d0%bb%d0%ba%d0%b0-owls-tales-everyday\/"]}]},{"@type":"ImageObject","inLanguage":"ua","@id":"https:\/\/owlstales.eu\/uk\/product\/%d0%b6%d1%96%d0%bd%d0%be%d1%87%d0%b0-%d1%84%d1%83%d1%82%d0%b1%d0%be%d0%bb%d0%ba%d0%b0-owls-tales-everyday\/#primaryimage","url":"https:\/\/owlstales.eu\/wp-content\/uploads\/2026\/03\/Siev_baze_bur_owl.webp","contentUrl":"https:\/\/owlstales.eu\/wp-content\/uploads\/2026\/03\/Siev_baze_bur_owl.webp","width":1024,"height":1024,"caption":"Sievie\u0161u T-krekls OWLS TALES Everyday izgatavots uz JustHoods ra\u017eot\u0101 T-krekla b\u0101zes. Modelim ir sievie\u0161u piegriezums, tas \u0113rti piegu\u013c augumam un ir piem\u0113rots ikdienas valk\u0101\u0161anai \u2014 darbam, pastaig\u0101m un atp\u016btai.\u2028T-krekls izgatavots no m\u012bksta kokvilnas trikot\u0101\u017eas auduma, kas ir pat\u012bkams \u0101dai un \u0113rts ikdienas lieto\u0161anai. Uz izstr\u0101d\u0101juma tiek uzkl\u0101ts ori\u0123in\u0101ls OWLS TALES apdrukas dizains, kas izgatavots, izmantojot augstas kvalit\u0101tes, notur\u012bgu digit\u0101lo druku."},{"@type":"BreadcrumbList","@id":"https:\/\/owlstales.eu\/uk\/product\/%d0%b6%d1%96%d0%bd%d0%be%d1%87%d0%b0-%d1%84%d1%83%d1%82%d0%b1%d0%be%d0%bb%d0%ba%d0%b0-owls-tales-everyday\/#breadcrumb","itemListElement":[{"@type":"ListItem","position":1,"name":"Home","item":"https:\/\/owlstales.eu\/uk\/"},{"@type":"ListItem","position":2,"name":"\u041c\u0430\u0433\u0430\u0437\u0438\u043d","item":"https:\/\/owlstales.eu\/uk\/%d0%bc%d0%b0%d0%b3%d0%b0%d0%b7%d0%b8%d0%bd\/"},{"@type":"ListItem","position":3,"name":"\u0416\u0456\u043d\u043e\u0447\u0430 \u0444\u0443\u0442\u0431\u043e\u043b\u043a\u0430 OWLS TALES Everyday"}]},{"@type":"WebSite","@id":"https:\/\/owlstales.eu\/uk\/#website","url":"https:\/\/owlstales.eu\/uk\/","name":"P\u016bces pasakas","description":"GR\u0100MATAS | PDF | AUDIOIZR\u0100DES | PASAKAS","publisher":{"@id":"https:\/\/owlstales.eu\/uk\/#organization"},"alternateName":"owls tales","potentialAction":[{"@type":"SearchAction","target":{"@type":"EntryPoint","urlTemplate":"https:\/\/owlstales.eu\/uk\/?s={search_term_string}"},"query-input":{"@type":"PropertyValueSpecification","valueRequired":true,"valueName":"search_term_string"}}],"inLanguage":"ua"},{"@type":"Organization","@id":"https:\/\/owlstales.eu\/uk\/#organization","name":"P\u016bces pasakas","url":"https:\/\/owlstales.eu\/uk\/","logo":{"@type":"ImageObject","inLanguage":"ua","@id":"https:\/\/owlstales.eu\/uk\/#\/schema\/logo\/image\/","url":"https:\/\/owlstales.eu\/wp-content\/uploads\/2026\/03\/owl_logo_ok.webp","contentUrl":"https:\/\/owlstales.eu\/wp-content\/uploads\/2026\/03\/owl_logo_ok.webp","width":512,"height":512,"caption":"P\u016bces pasakas"},"image":{"@id":"https:\/\/owlstales.eu\/uk\/#\/schema\/logo\/image\/"},"sameAs":["https:\/\/www.facebook.com\/owlstales.eu\/"],"description":"Pasakas b\u0113rniem, pal\u012bgmateri\u0101li skolot\u0101jiem.","email":"projekts.library@gmail.com","telephone":"+371 20923022","legalName":"ELENAS LIBRARY SIA","foundingDate":"2025-03-01","vatID":"LV402036769410","taxID":"402036769410","numberOfEmployees":{"@type":"QuantitativeValue","minValue":"1","maxValue":"10"}}]},"og_availability":"instock","product_availability":"instock","product_retailer_item_id":"Siev_tkreks_everyday","product_condition":"new"},"_links":{"self":[{"href":"https:\/\/owlstales.eu\/uk\/wp-json\/wp\/v2\/product\/3055","targetHints":{"allow":["GET"]}}],"collection":[{"href":"https:\/\/owlstales.eu\/uk\/wp-json\/wp\/v2\/product"}],"about":[{"href":"https:\/\/owlstales.eu\/uk\/wp-json\/wp\/v2\/types\/product"}],"replies":[{"embeddable":true,"href":"https:\/\/owlstales.eu\/uk\/wp-json\/wp\/v2\/comments?post=3055"}],"wp:featuredmedia":[{"embeddable":true,"href":"https:\/\/owlstales.eu\/uk\/wp-json\/wp\/v2\/media\/2499"}],"wp:attachment":[{"href":"https:\/\/owlstales.eu\/uk\/wp-json\/wp\/v2\/media?parent=3055"}],"wp:term":[{"taxonomy":"product_brand","embeddable":true,"href":"https:\/\/owlstales.eu\/uk\/wp-json\/wp\/v2\/product_brand?post=3055"},{"taxonomy":"product_cat","embeddable":true,"href":"https:\/\/owlstales.eu\/uk\/wp-json\/wp\/v2\/product_cat?post=3055"},{"taxonomy":"product_tag","embeddable":true,"href":"https:\/\/owlstales.eu\/uk\/wp-json\/wp\/v2\/product_tag?post=3055"}],"curies":[{"name":"wp","href":"https:\/\/api.w.org\/{rel}","templated":true}]}}