{"id":2860,"date":"2026-02-20T12:07:45","date_gmt":"2026-02-20T10:07:45","guid":{"rendered":"https:\/\/owlstales.eu\/product\/%d0%b0%d1%83%d0%b4%d1%96%d0%be%d0%bf%d1%80%d0%be%d0%b4%d1%83%d0%ba%d1%82%d0%b8%d0%b2%d0%bd%d1%96%d1%81%d1%82%d1%8c-%d0%bc%d0%b8%d1%88%d0%b5%d0%bd%d1%8f%d1%82%d0%ba%d0%be-%d1%8f%d0%ba%d0%b5\/"},"modified":"2026-04-14T19:04:31","modified_gmt":"2026-04-14T17:04:31","slug":"%d0%b0%d1%83%d0%b4%d1%96%d0%be%d0%bf%d1%80%d0%be%d0%b4%d1%83%d0%ba%d1%82%d0%b8%d0%b2%d0%bd%d1%96%d1%81%d1%82%d1%8c-%d0%bc%d0%b8%d1%88%d0%b5%d0%bd%d1%8f%d1%82%d0%ba%d0%be-%d1%8f%d0%ba%d0%b5","status":"publish","type":"product","link":"https:\/\/owlstales.eu\/uk\/product\/%d0%b0%d1%83%d0%b4%d1%96%d0%be%d0%bf%d1%80%d0%be%d0%b4%d1%83%d0%ba%d1%82%d0%b8%d0%b2%d0%bd%d1%96%d1%81%d1%82%d1%8c-%d0%bc%d0%b8%d1%88%d0%b5%d0%bd%d1%8f%d1%82%d0%ba%d0%be-%d1%8f%d0%ba%d0%b5\/","title":{"rendered":"\u041f\u043e\u043b\u0456\u0444\u043e\u043d\u0456\u0447\u043d\u0430 \u0430\u0443\u0434\u0456\u043e\u043f\u0440\u043e\u0434\u0443\u043a\u0446\u0456\u044f \u00ab\u041b\u0456\u0442\u0430\u044e\u0447\u0430 \u043c\u0438\u0448\u0435\u043d\u044f\u00bb"},"content":{"rendered":"<p>\u041f\u043e\u043b\u0456\u0444\u043e\u043d\u0456\u0447\u043d\u0430 \u0430\u0443\u0434\u0456\u043e\u043f\u0440\u043e\u0434\u0443\u043a\u0446\u0456\u044f \u0437 \u043c\u0443\u0437\u0438\u0447\u043d\u0438\u043c \u0441\u0443\u043f\u0440\u043e\u0432\u043e\u0434\u043e\u043c.<\/p>\n<p>\u0410\u0432\u0442\u043e\u0440 \u2014 \u041e\u043b\u0435\u043d\u0430 \u041a\u043e\u0440\u0434\u0436\u0435\u0432\u0430<\/p>\n<p>\u0423 \u0440\u043e\u043b\u044f\u0445:<\/p>\n<ul>\n<li>Autors un V\u0101ver\u012bte \u2014 Zaiga \u0160irina<\/li>\n<li>Pel\u0113ns \u2014 Bo\u017eena Prutika<\/li>\n<li>\u016apis un Ez\u012btis \u2014 P\u0101vels Trofimiks<\/li>\n<li>\u041c\u0443\u0437\u0438\u043a\u0430 \u2014 P\u0101vels Trofimiks<\/li>\n<li>\u0422\u0440\u0438\u0432\u0430\u043b\u0456\u0441\u0442\u044c 30 \u0445\u0432<\/li>\n<li>\u0424\u043e\u0440\u043c\u0430\u0442 MP3<br \/>\nISBN 978-9934-9390-2-0<\/li>\n<\/ul>\n","protected":false},"excerpt":{"rendered":"<p>\u0406\u0441\u0442\u043e\u0440\u0456\u044f \u043f\u0440\u043e \u0442\u0435, \u044f\u043a \u043a\u043e\u0436\u043d\u0430 \u0434\u0438\u0442\u0438\u043d\u0430 \u043c\u0430\u0454 \u0441\u0432\u043e\u0457, \u0447\u0430\u0441\u043e\u043c \u0434\u0443\u0436\u0435 \u043d\u0435\u0437\u0432\u0438\u0447\u0430\u0439\u043d\u0456 \u0437\u0434\u0456\u0431\u043d\u043e\u0441\u0442\u0456, \u0456 \u0437\u0430\u0432\u0434\u0430\u043d\u043d\u044f \u0434\u043e\u0440\u043e\u0441\u043b\u043e\u0433\u043e \u2014 \u0434\u043e\u043f\u043e\u043c\u043e\u0433\u0442\u0438 \u0434\u0438\u0442\u0438\u043d\u0456 \u0440\u043e\u0437\u043f\u0456\u0437\u043d\u0430\u0442\u0438 \u0441\u0432\u0456\u0439 \u043f\u043e\u0442\u0435\u043d\u0446\u0456\u0430\u043b \u0456 \u043d\u0430\u0432\u0447\u0438\u0442\u0438\u0441\u044f \u0432\u0438\u043a\u043e\u0440\u0438\u0441\u0442\u043e\u0432\u0443\u0432\u0430\u0442\u0438 \u0439\u043e\u0433\u043e \u043d\u0430 \u0431\u043b\u0430\u0433\u043e.<br \/>\n\u041d\u0430 \u0441\u0432\u043e\u0454\u043c\u0443 \u0448\u043b\u044f\u0445\u0443 \u041c\u0438\u0448\u0435\u043d\u044f, \u0411\u0456\u043b\u043e\u0447\u043a\u0430 \u0442\u0430 \u0407\u0436\u0430\u0447\u043e\u043a \u0437\u0443\u0441\u0442\u0440\u0456\u0447\u0430\u044e\u0442\u044c \u043c\u0443\u0434\u0440\u043e\u0433\u043e \u0423\u043f\u0456, \u044f\u043a\u0438\u0439 \u0457\u0445 \u043f\u0456\u0434\u0442\u0440\u0438\u043c\u0443\u0454.<br \/>\n\u00ab\u041b\u0456\u0442\u0430\u044e\u0447\u0430 \u043c\u0438\u0448\u0435\u043d\u044f\u00bb \u2014 \u0446\u0435 \u043d\u0435 \u043b\u0438\u0448\u0435 \u043a\u0430\u0437\u043a\u0430 \u043d\u0430 \u043d\u0456\u0447, \u0430 \u0439 \u0447\u0443\u0434\u043e\u0432\u0430 \u043c\u043e\u0436\u043b\u0438\u0432\u0456\u0441\u0442\u044c \u0434\u043b\u044f \u0434\u0443\u0448\u0435\u0432\u043d\u043e\u0457 \u0440\u043e\u0437\u043c\u043e\u0432\u0438 \u0437 \u0434\u0438\u0442\u0438\u043d\u043e\u044e.<br \/>\n\u0410\u0443\u0434\u0456\u043e\u0432\u0438\u0441\u0442\u0430\u0432\u0430 \u0434\u043e\u0437\u0432\u043e\u043b\u044f\u0454 \u0434\u0456\u0442\u044f\u043c \u0433\u043b\u0438\u0431\u0448\u0435 \u0432\u0456\u0434\u0447\u0443\u0442\u0438 \u0435\u043c\u043e\u0446\u0456\u0457 \u043f\u0435\u0440\u0441\u043e\u043d\u0430\u0436\u0456\u0432 \u0442\u0430 \u043a\u0440\u0430\u0449\u0435 \u0441\u043f\u0456\u0432\u043f\u0435\u0440\u0435\u0436\u0438\u0432\u0430\u0442\u0438 \u043f\u043e\u0434\u0456\u044f\u043c \u0456\u0441\u0442\u043e\u0440\u0456\u0457.<\/p>\n","protected":false},"featured_media":2859,"comment_status":"open","ping_status":"closed","template":"","meta":[],"product_brand":[],"product_cat":[171,168,144],"product_tag":[],"class_list":{"0":"post-2860","1":"product","2":"type-product","3":"status-publish","4":"has-post-thumbnail","6":"product_cat-171","7":"product_cat-168","8":"product_cat-144","9":"pa_valoda-223","10":"pa_valoda-222","11":"pa_valoda-239","13":"first","14":"instock","15":"taxable","16":"shipping-taxable","17":"purchasable","18":"product-type-variable"},"yoast_head":"<!-- This site is optimized with the Yoast SEO Premium plugin v27.1 (Yoast SEO v27.4) - https:\/\/yoast.com\/product\/yoast-seo-premium-wordpress\/ -->\n<title>\u041f\u043e\u043b\u0456\u0444\u043e\u043d\u0456\u0447\u043d\u0430 \u0430\u0443\u0434\u0456\u043e\u043f\u0440\u043e\u0434\u0443\u043a\u0446\u0456\u044f \u00ab\u041b\u0456\u0442\u0430\u044e\u0447\u0430 \u043c\u0438\u0448\u0435\u043d\u044f\u00bb - P\u016bces pasakas<\/title>\n<meta name=\"description\" content=\"\u00ab\u041b\u0456\u0442\u0430\u044e\u0447\u0430 \u043c\u0438\u0448\u0435\u043d\u044f\u00bb \u2014 \u0446\u0435 \u043d\u0435 \u043b\u0438\u0448\u0435 \u043a\u0430\u0437\u043a\u0430 \u043d\u0430 \u043d\u0456\u0447, \u0430 \u0439 \u0447\u0443\u0434\u043e\u0432\u0430 \u043c\u043e\u0436\u043b\u0438\u0432\u0456\u0441\u0442\u044c \u0434\u043b\u044f \u0434\u0443\u0448\u0435\u0432\u043d\u043e\u0457 \u0440\u043e\u0437\u043c\u043e\u0432\u0438 \u0437 \u0434\u0438\u0442\u0438\u043d\u043e\u044e.\" \/>\n<meta name=\"robots\" content=\"index, follow, max-snippet:-1, max-image-preview:large, max-video-preview:-1\" \/>\n<link rel=\"canonical\" href=\"https:\/\/owlstales.eu\/uk\/product\/%d0%b0%d1%83%d0%b4%d1%96%d0%be%d0%bf%d1%80%d0%be%d0%b4%d1%83%d0%ba%d1%82%d0%b8%d0%b2%d0%bd%d1%96%d1%81%d1%82%d1%8c-%d0%bc%d0%b8%d1%88%d0%b5%d0%bd%d1%8f%d1%82%d0%ba%d0%be-%d1%8f%d0%ba%d0%b5\/\" \/>\n<meta property=\"og:locale\" content=\"en_US\" \/>\n<meta property=\"og:type\" content=\"article\" \/>\n<meta property=\"og:title\" content=\"\u041f\u043e\u043b\u0456\u0444\u043e\u043d\u0456\u0447\u043d\u0430 \u0430\u0443\u0434\u0456\u043e\u043f\u0440\u043e\u0434\u0443\u043a\u0446\u0456\u044f \u00ab\u041b\u0456\u0442\u0430\u044e\u0447\u0430 \u043c\u0438\u0448\u0435\u043d\u044f\u00bb\" \/>\n<meta property=\"og:description\" content=\"\u00ab\u041b\u0456\u0442\u0430\u044e\u0447\u0430 \u043c\u0438\u0448\u0435\u043d\u044f\u00bb \u2014 \u0446\u0435 \u043d\u0435 \u043b\u0438\u0448\u0435 \u043a\u0430\u0437\u043a\u0430 \u043d\u0430 \u043d\u0456\u0447, \u0430 \u0439 \u0447\u0443\u0434\u043e\u0432\u0430 \u043c\u043e\u0436\u043b\u0438\u0432\u0456\u0441\u0442\u044c \u0434\u043b\u044f \u0434\u0443\u0448\u0435\u0432\u043d\u043e\u0457 \u0440\u043e\u0437\u043c\u043e\u0432\u0438 \u0437 \u0434\u0438\u0442\u0438\u043d\u043e\u044e.\" \/>\n<meta property=\"og:url\" content=\"https:\/\/owlstales.eu\/uk\/product\/%d0%b0%d1%83%d0%b4%d1%96%d0%be%d0%bf%d1%80%d0%be%d0%b4%d1%83%d0%ba%d1%82%d0%b8%d0%b2%d0%bd%d1%96%d1%81%d1%82%d1%8c-%d0%bc%d0%b8%d1%88%d0%b5%d0%bd%d1%8f%d1%82%d0%ba%d0%be-%d1%8f%d0%ba%d0%b5\/\" \/>\n<meta property=\"og:site_name\" content=\"P\u016bces pasakas\" \/>\n<meta property=\"article:publisher\" content=\"https:\/\/www.facebook.com\/owlstales.eu\/\" \/>\n<meta property=\"article:modified_time\" content=\"2026-04-14T17:04:31+00:00\" \/>\n<meta property=\"og:image\" content=\"https:\/\/owlstales.eu\/wp-content\/uploads\/2026\/02\/wly_mouse_mp3.webp\" \/>\n\t<meta property=\"og:image:width\" content=\"1024\" \/>\n\t<meta property=\"og:image:height\" content=\"1024\" \/>\n\t<meta property=\"og:image:type\" content=\"image\/webp\" \/>\n<meta name=\"twitter:card\" content=\"summary_large_image\" \/>\n<meta name=\"twitter:label1\" content=\"Availability\" \/>\n\t<meta name=\"twitter:data1\" content=\"In stock\" \/>\n<script type=\"application\/ld+json\" class=\"yoast-schema-graph\">{\"@context\":\"https:\\\/\\\/schema.org\",\"@graph\":[{\"@type\":\"WebPage\",\"@id\":\"https:\\\/\\\/owlstales.eu\\\/uk\\\/product\\\/%d0%b0%d1%83%d0%b4%d1%96%d0%be%d0%bf%d1%80%d0%be%d0%b4%d1%83%d0%ba%d1%82%d0%b8%d0%b2%d0%bd%d1%96%d1%81%d1%82%d1%8c-%d0%bc%d0%b8%d1%88%d0%b5%d0%bd%d1%8f%d1%82%d0%ba%d0%be-%d1%8f%d0%ba%d0%b5\\\/\",\"url\":\"https:\\\/\\\/owlstales.eu\\\/uk\\\/product\\\/%d0%b0%d1%83%d0%b4%d1%96%d0%be%d0%bf%d1%80%d0%be%d0%b4%d1%83%d0%ba%d1%82%d0%b8%d0%b2%d0%bd%d1%96%d1%81%d1%82%d1%8c-%d0%bc%d0%b8%d1%88%d0%b5%d0%bd%d1%8f%d1%82%d0%ba%d0%be-%d1%8f%d0%ba%d0%b5\\\/\",\"name\":\"\u041f\u043e\u043b\u0456\u0444\u043e\u043d\u0456\u0447\u043d\u0430 \u0430\u0443\u0434\u0456\u043e\u043f\u0440\u043e\u0434\u0443\u043a\u0446\u0456\u044f \u00ab\u041b\u0456\u0442\u0430\u044e\u0447\u0430 \u043c\u0438\u0448\u0435\u043d\u044f\u00bb - P\u016bces pasakas\",\"isPartOf\":{\"@id\":\"https:\\\/\\\/owlstales.eu\\\/uk\\\/#website\"},\"primaryImageOfPage\":{\"@id\":\"https:\\\/\\\/owlstales.eu\\\/uk\\\/product\\\/%d0%b0%d1%83%d0%b4%d1%96%d0%be%d0%bf%d1%80%d0%be%d0%b4%d1%83%d0%ba%d1%82%d0%b8%d0%b2%d0%bd%d1%96%d1%81%d1%82%d1%8c-%d0%bc%d0%b8%d1%88%d0%b5%d0%bd%d1%8f%d1%82%d0%ba%d0%be-%d1%8f%d0%ba%d0%b5\\\/#primaryimage\"},\"image\":{\"@id\":\"https:\\\/\\\/owlstales.eu\\\/uk\\\/product\\\/%d0%b0%d1%83%d0%b4%d1%96%d0%be%d0%bf%d1%80%d0%be%d0%b4%d1%83%d0%ba%d1%82%d0%b8%d0%b2%d0%bd%d1%96%d1%81%d1%82%d1%8c-%d0%bc%d0%b8%d1%88%d0%b5%d0%bd%d1%8f%d1%82%d0%ba%d0%be-%d1%8f%d0%ba%d0%b5\\\/#primaryimage\"},\"thumbnailUrl\":\"https:\\\/\\\/owlstales.eu\\\/wp-content\\\/uploads\\\/2026\\\/02\\\/wly_mouse_mp3.webp\",\"datePublished\":\"2026-02-20T10:07:45+00:00\",\"dateModified\":\"2026-04-14T17:04:31+00:00\",\"description\":\"\u00ab\u041b\u0456\u0442\u0430\u044e\u0447\u0430 \u043c\u0438\u0448\u0435\u043d\u044f\u00bb \u2014 \u0446\u0435 \u043d\u0435 \u043b\u0438\u0448\u0435 \u043a\u0430\u0437\u043a\u0430 \u043d\u0430 \u043d\u0456\u0447, \u0430 \u0439 \u0447\u0443\u0434\u043e\u0432\u0430 \u043c\u043e\u0436\u043b\u0438\u0432\u0456\u0441\u0442\u044c \u0434\u043b\u044f \u0434\u0443\u0448\u0435\u0432\u043d\u043e\u0457 \u0440\u043e\u0437\u043c\u043e\u0432\u0438 \u0437 \u0434\u0438\u0442\u0438\u043d\u043e\u044e.\",\"breadcrumb\":{\"@id\":\"https:\\\/\\\/owlstales.eu\\\/uk\\\/product\\\/%d0%b0%d1%83%d0%b4%d1%96%d0%be%d0%bf%d1%80%d0%be%d0%b4%d1%83%d0%ba%d1%82%d0%b8%d0%b2%d0%bd%d1%96%d1%81%d1%82%d1%8c-%d0%bc%d0%b8%d1%88%d0%b5%d0%bd%d1%8f%d1%82%d0%ba%d0%be-%d1%8f%d0%ba%d0%b5\\\/#breadcrumb\"},\"inLanguage\":\"ua\",\"potentialAction\":[{\"@type\":\"ReadAction\",\"target\":[\"https:\\\/\\\/owlstales.eu\\\/uk\\\/product\\\/%d0%b0%d1%83%d0%b4%d1%96%d0%be%d0%bf%d1%80%d0%be%d0%b4%d1%83%d0%ba%d1%82%d0%b8%d0%b2%d0%bd%d1%96%d1%81%d1%82%d1%8c-%d0%bc%d0%b8%d1%88%d0%b5%d0%bd%d1%8f%d1%82%d0%ba%d0%be-%d1%8f%d0%ba%d0%b5\\\/\"]}]},{\"@type\":\"ImageObject\",\"inLanguage\":\"ua\",\"@id\":\"https:\\\/\\\/owlstales.eu\\\/uk\\\/product\\\/%d0%b0%d1%83%d0%b4%d1%96%d0%be%d0%bf%d1%80%d0%be%d0%b4%d1%83%d0%ba%d1%82%d0%b8%d0%b2%d0%bd%d1%96%d1%81%d1%82%d1%8c-%d0%bc%d0%b8%d1%88%d0%b5%d0%bd%d1%8f%d1%82%d0%ba%d0%be-%d1%8f%d0%ba%d0%b5\\\/#primaryimage\",\"url\":\"https:\\\/\\\/owlstales.eu\\\/wp-content\\\/uploads\\\/2026\\\/02\\\/wly_mouse_mp3.webp\",\"contentUrl\":\"https:\\\/\\\/owlstales.eu\\\/wp-content\\\/uploads\\\/2026\\\/02\\\/wly_mouse_mp3.webp\",\"width\":1024,\"height\":1024,\"caption\":\"\u0410\u0443\u0434\u0456\u043e\u043f\u0440\u043e\u0434\u0443\u043a\u0442\u0438\u0432\u043d\u0456\u0441\u0442\u044c\"},{\"@type\":\"BreadcrumbList\",\"@id\":\"https:\\\/\\\/owlstales.eu\\\/uk\\\/product\\\/%d0%b0%d1%83%d0%b4%d1%96%d0%be%d0%bf%d1%80%d0%be%d0%b4%d1%83%d0%ba%d1%82%d0%b8%d0%b2%d0%bd%d1%96%d1%81%d1%82%d1%8c-%d0%bc%d0%b8%d1%88%d0%b5%d0%bd%d1%8f%d1%82%d0%ba%d0%be-%d1%8f%d0%ba%d0%b5\\\/#breadcrumb\",\"itemListElement\":[{\"@type\":\"ListItem\",\"position\":1,\"name\":\"Home\",\"item\":\"https:\\\/\\\/owlstales.eu\\\/uk\\\/\"},{\"@type\":\"ListItem\",\"position\":2,\"name\":\"\u041c\u0430\u0433\u0430\u0437\u0438\u043d\",\"item\":\"https:\\\/\\\/owlstales.eu\\\/uk\\\/%d0%bc%d0%b0%d0%b3%d0%b0%d0%b7%d0%b8%d0%bd\\\/\"},{\"@type\":\"ListItem\",\"position\":3,\"name\":\"\u041f\u043e\u043b\u0456\u0444\u043e\u043d\u0456\u0447\u043d\u0430 \u0430\u0443\u0434\u0456\u043e\u043f\u0440\u043e\u0434\u0443\u043a\u0446\u0456\u044f \u00ab\u041b\u0456\u0442\u0430\u044e\u0447\u0430 \u043c\u0438\u0448\u0435\u043d\u044f\u00bb\"}]},{\"@type\":\"WebSite\",\"@id\":\"https:\\\/\\\/owlstales.eu\\\/uk\\\/#website\",\"url\":\"https:\\\/\\\/owlstales.eu\\\/uk\\\/\",\"name\":\"P\u016bces pasakas\",\"description\":\"GR\u0100MATAS | PDF | AUDIOIZR\u0100DES | PASAKAS\",\"publisher\":{\"@id\":\"https:\\\/\\\/owlstales.eu\\\/uk\\\/#organization\"},\"alternateName\":\"owls tales\",\"potentialAction\":[{\"@type\":\"SearchAction\",\"target\":{\"@type\":\"EntryPoint\",\"urlTemplate\":\"https:\\\/\\\/owlstales.eu\\\/uk\\\/?s={search_term_string}\"},\"query-input\":{\"@type\":\"PropertyValueSpecification\",\"valueRequired\":true,\"valueName\":\"search_term_string\"}}],\"inLanguage\":\"ua\"},{\"@type\":\"Organization\",\"@id\":\"https:\\\/\\\/owlstales.eu\\\/uk\\\/#organization\",\"name\":\"P\u016bces pasakas\",\"url\":\"https:\\\/\\\/owlstales.eu\\\/uk\\\/\",\"logo\":{\"@type\":\"ImageObject\",\"inLanguage\":\"ua\",\"@id\":\"https:\\\/\\\/owlstales.eu\\\/uk\\\/#\\\/schema\\\/logo\\\/image\\\/\",\"url\":\"https:\\\/\\\/owlstales.eu\\\/wp-content\\\/uploads\\\/2026\\\/03\\\/owl_logo_ok.webp\",\"contentUrl\":\"https:\\\/\\\/owlstales.eu\\\/wp-content\\\/uploads\\\/2026\\\/03\\\/owl_logo_ok.webp\",\"width\":512,\"height\":512,\"caption\":\"P\u016bces pasakas\"},\"image\":{\"@id\":\"https:\\\/\\\/owlstales.eu\\\/uk\\\/#\\\/schema\\\/logo\\\/image\\\/\"},\"sameAs\":[\"https:\\\/\\\/www.facebook.com\\\/owlstales.eu\\\/\"],\"description\":\"Pasakas b\u0113rniem, pal\u012bgmateri\u0101li skolot\u0101jiem.\",\"email\":\"projekts.library@gmail.com\",\"telephone\":\"+371 20923022\",\"legalName\":\"ELENAS LIBRARY SIA\",\"foundingDate\":\"2025-03-01\",\"vatID\":\"LV402036769410\",\"taxID\":\"402036769410\",\"numberOfEmployees\":{\"@type\":\"QuantitativeValue\",\"minValue\":\"1\",\"maxValue\":\"10\"}}]}<\/script>\n<meta property=\"og:availability\" content=\"instock\" \/>\n<meta property=\"product:availability\" content=\"instock\" \/>\n<meta property=\"product:retailer_item_id\" content=\"LP_audioLV\" \/>\n<meta property=\"product:condition\" content=\"new\" \/>\n<!-- \/ Yoast SEO Premium plugin. -->","yoast_head_json":{"title":"\u041f\u043e\u043b\u0456\u0444\u043e\u043d\u0456\u0447\u043d\u0430 \u0430\u0443\u0434\u0456\u043e\u043f\u0440\u043e\u0434\u0443\u043a\u0446\u0456\u044f \u00ab\u041b\u0456\u0442\u0430\u044e\u0447\u0430 \u043c\u0438\u0448\u0435\u043d\u044f\u00bb - P\u016bces pasakas","description":"\u00ab\u041b\u0456\u0442\u0430\u044e\u0447\u0430 \u043c\u0438\u0448\u0435\u043d\u044f\u00bb \u2014 \u0446\u0435 \u043d\u0435 \u043b\u0438\u0448\u0435 \u043a\u0430\u0437\u043a\u0430 \u043d\u0430 \u043d\u0456\u0447, \u0430 \u0439 \u0447\u0443\u0434\u043e\u0432\u0430 \u043c\u043e\u0436\u043b\u0438\u0432\u0456\u0441\u0442\u044c \u0434\u043b\u044f \u0434\u0443\u0448\u0435\u0432\u043d\u043e\u0457 \u0440\u043e\u0437\u043c\u043e\u0432\u0438 \u0437 \u0434\u0438\u0442\u0438\u043d\u043e\u044e.","robots":{"index":"index","follow":"follow","max-snippet":"max-snippet:-1","max-image-preview":"max-image-preview:large","max-video-preview":"max-video-preview:-1"},"canonical":"https:\/\/owlstales.eu\/uk\/product\/%d0%b0%d1%83%d0%b4%d1%96%d0%be%d0%bf%d1%80%d0%be%d0%b4%d1%83%d0%ba%d1%82%d0%b8%d0%b2%d0%bd%d1%96%d1%81%d1%82%d1%8c-%d0%bc%d0%b8%d1%88%d0%b5%d0%bd%d1%8f%d1%82%d0%ba%d0%be-%d1%8f%d0%ba%d0%b5\/","og_locale":"en_US","og_type":"article","og_title":"\u041f\u043e\u043b\u0456\u0444\u043e\u043d\u0456\u0447\u043d\u0430 \u0430\u0443\u0434\u0456\u043e\u043f\u0440\u043e\u0434\u0443\u043a\u0446\u0456\u044f \u00ab\u041b\u0456\u0442\u0430\u044e\u0447\u0430 \u043c\u0438\u0448\u0435\u043d\u044f\u00bb","og_description":"\u00ab\u041b\u0456\u0442\u0430\u044e\u0447\u0430 \u043c\u0438\u0448\u0435\u043d\u044f\u00bb \u2014 \u0446\u0435 \u043d\u0435 \u043b\u0438\u0448\u0435 \u043a\u0430\u0437\u043a\u0430 \u043d\u0430 \u043d\u0456\u0447, \u0430 \u0439 \u0447\u0443\u0434\u043e\u0432\u0430 \u043c\u043e\u0436\u043b\u0438\u0432\u0456\u0441\u0442\u044c \u0434\u043b\u044f \u0434\u0443\u0448\u0435\u0432\u043d\u043e\u0457 \u0440\u043e\u0437\u043c\u043e\u0432\u0438 \u0437 \u0434\u0438\u0442\u0438\u043d\u043e\u044e.","og_url":"https:\/\/owlstales.eu\/uk\/product\/%d0%b0%d1%83%d0%b4%d1%96%d0%be%d0%bf%d1%80%d0%be%d0%b4%d1%83%d0%ba%d1%82%d0%b8%d0%b2%d0%bd%d1%96%d1%81%d1%82%d1%8c-%d0%bc%d0%b8%d1%88%d0%b5%d0%bd%d1%8f%d1%82%d0%ba%d0%be-%d1%8f%d0%ba%d0%b5\/","og_site_name":"P\u016bces pasakas","article_publisher":"https:\/\/www.facebook.com\/owlstales.eu\/","article_modified_time":"2026-04-14T17:04:31+00:00","og_image":[{"width":1024,"height":1024,"url":"https:\/\/owlstales.eu\/wp-content\/uploads\/2026\/02\/wly_mouse_mp3.webp","type":"image\/webp"}],"twitter_card":"summary_large_image","twitter_misc":{"Availability":"In stock"},"schema":{"@context":"https:\/\/schema.org","@graph":[{"@type":"WebPage","@id":"https:\/\/owlstales.eu\/uk\/product\/%d0%b0%d1%83%d0%b4%d1%96%d0%be%d0%bf%d1%80%d0%be%d0%b4%d1%83%d0%ba%d1%82%d0%b8%d0%b2%d0%bd%d1%96%d1%81%d1%82%d1%8c-%d0%bc%d0%b8%d1%88%d0%b5%d0%bd%d1%8f%d1%82%d0%ba%d0%be-%d1%8f%d0%ba%d0%b5\/","url":"https:\/\/owlstales.eu\/uk\/product\/%d0%b0%d1%83%d0%b4%d1%96%d0%be%d0%bf%d1%80%d0%be%d0%b4%d1%83%d0%ba%d1%82%d0%b8%d0%b2%d0%bd%d1%96%d1%81%d1%82%d1%8c-%d0%bc%d0%b8%d1%88%d0%b5%d0%bd%d1%8f%d1%82%d0%ba%d0%be-%d1%8f%d0%ba%d0%b5\/","name":"\u041f\u043e\u043b\u0456\u0444\u043e\u043d\u0456\u0447\u043d\u0430 \u0430\u0443\u0434\u0456\u043e\u043f\u0440\u043e\u0434\u0443\u043a\u0446\u0456\u044f \u00ab\u041b\u0456\u0442\u0430\u044e\u0447\u0430 \u043c\u0438\u0448\u0435\u043d\u044f\u00bb - P\u016bces pasakas","isPartOf":{"@id":"https:\/\/owlstales.eu\/uk\/#website"},"primaryImageOfPage":{"@id":"https:\/\/owlstales.eu\/uk\/product\/%d0%b0%d1%83%d0%b4%d1%96%d0%be%d0%bf%d1%80%d0%be%d0%b4%d1%83%d0%ba%d1%82%d0%b8%d0%b2%d0%bd%d1%96%d1%81%d1%82%d1%8c-%d0%bc%d0%b8%d1%88%d0%b5%d0%bd%d1%8f%d1%82%d0%ba%d0%be-%d1%8f%d0%ba%d0%b5\/#primaryimage"},"image":{"@id":"https:\/\/owlstales.eu\/uk\/product\/%d0%b0%d1%83%d0%b4%d1%96%d0%be%d0%bf%d1%80%d0%be%d0%b4%d1%83%d0%ba%d1%82%d0%b8%d0%b2%d0%bd%d1%96%d1%81%d1%82%d1%8c-%d0%bc%d0%b8%d1%88%d0%b5%d0%bd%d1%8f%d1%82%d0%ba%d0%be-%d1%8f%d0%ba%d0%b5\/#primaryimage"},"thumbnailUrl":"https:\/\/owlstales.eu\/wp-content\/uploads\/2026\/02\/wly_mouse_mp3.webp","datePublished":"2026-02-20T10:07:45+00:00","dateModified":"2026-04-14T17:04:31+00:00","description":"\u00ab\u041b\u0456\u0442\u0430\u044e\u0447\u0430 \u043c\u0438\u0448\u0435\u043d\u044f\u00bb \u2014 \u0446\u0435 \u043d\u0435 \u043b\u0438\u0448\u0435 \u043a\u0430\u0437\u043a\u0430 \u043d\u0430 \u043d\u0456\u0447, \u0430 \u0439 \u0447\u0443\u0434\u043e\u0432\u0430 \u043c\u043e\u0436\u043b\u0438\u0432\u0456\u0441\u0442\u044c \u0434\u043b\u044f \u0434\u0443\u0448\u0435\u0432\u043d\u043e\u0457 \u0440\u043e\u0437\u043c\u043e\u0432\u0438 \u0437 \u0434\u0438\u0442\u0438\u043d\u043e\u044e.","breadcrumb":{"@id":"https:\/\/owlstales.eu\/uk\/product\/%d0%b0%d1%83%d0%b4%d1%96%d0%be%d0%bf%d1%80%d0%be%d0%b4%d1%83%d0%ba%d1%82%d0%b8%d0%b2%d0%bd%d1%96%d1%81%d1%82%d1%8c-%d0%bc%d0%b8%d1%88%d0%b5%d0%bd%d1%8f%d1%82%d0%ba%d0%be-%d1%8f%d0%ba%d0%b5\/#breadcrumb"},"inLanguage":"ua","potentialAction":[{"@type":"ReadAction","target":["https:\/\/owlstales.eu\/uk\/product\/%d0%b0%d1%83%d0%b4%d1%96%d0%be%d0%bf%d1%80%d0%be%d0%b4%d1%83%d0%ba%d1%82%d0%b8%d0%b2%d0%bd%d1%96%d1%81%d1%82%d1%8c-%d0%bc%d0%b8%d1%88%d0%b5%d0%bd%d1%8f%d1%82%d0%ba%d0%be-%d1%8f%d0%ba%d0%b5\/"]}]},{"@type":"ImageObject","inLanguage":"ua","@id":"https:\/\/owlstales.eu\/uk\/product\/%d0%b0%d1%83%d0%b4%d1%96%d0%be%d0%bf%d1%80%d0%be%d0%b4%d1%83%d0%ba%d1%82%d0%b8%d0%b2%d0%bd%d1%96%d1%81%d1%82%d1%8c-%d0%bc%d0%b8%d1%88%d0%b5%d0%bd%d1%8f%d1%82%d0%ba%d0%be-%d1%8f%d0%ba%d0%b5\/#primaryimage","url":"https:\/\/owlstales.eu\/wp-content\/uploads\/2026\/02\/wly_mouse_mp3.webp","contentUrl":"https:\/\/owlstales.eu\/wp-content\/uploads\/2026\/02\/wly_mouse_mp3.webp","width":1024,"height":1024,"caption":"\u0410\u0443\u0434\u0456\u043e\u043f\u0440\u043e\u0434\u0443\u043a\u0442\u0438\u0432\u043d\u0456\u0441\u0442\u044c"},{"@type":"BreadcrumbList","@id":"https:\/\/owlstales.eu\/uk\/product\/%d0%b0%d1%83%d0%b4%d1%96%d0%be%d0%bf%d1%80%d0%be%d0%b4%d1%83%d0%ba%d1%82%d0%b8%d0%b2%d0%bd%d1%96%d1%81%d1%82%d1%8c-%d0%bc%d0%b8%d1%88%d0%b5%d0%bd%d1%8f%d1%82%d0%ba%d0%be-%d1%8f%d0%ba%d0%b5\/#breadcrumb","itemListElement":[{"@type":"ListItem","position":1,"name":"Home","item":"https:\/\/owlstales.eu\/uk\/"},{"@type":"ListItem","position":2,"name":"\u041c\u0430\u0433\u0430\u0437\u0438\u043d","item":"https:\/\/owlstales.eu\/uk\/%d0%bc%d0%b0%d0%b3%d0%b0%d0%b7%d0%b8%d0%bd\/"},{"@type":"ListItem","position":3,"name":"\u041f\u043e\u043b\u0456\u0444\u043e\u043d\u0456\u0447\u043d\u0430 \u0430\u0443\u0434\u0456\u043e\u043f\u0440\u043e\u0434\u0443\u043a\u0446\u0456\u044f \u00ab\u041b\u0456\u0442\u0430\u044e\u0447\u0430 \u043c\u0438\u0448\u0435\u043d\u044f\u00bb"}]},{"@type":"WebSite","@id":"https:\/\/owlstales.eu\/uk\/#website","url":"https:\/\/owlstales.eu\/uk\/","name":"P\u016bces pasakas","description":"GR\u0100MATAS | PDF | AUDIOIZR\u0100DES | PASAKAS","publisher":{"@id":"https:\/\/owlstales.eu\/uk\/#organization"},"alternateName":"owls tales","potentialAction":[{"@type":"SearchAction","target":{"@type":"EntryPoint","urlTemplate":"https:\/\/owlstales.eu\/uk\/?s={search_term_string}"},"query-input":{"@type":"PropertyValueSpecification","valueRequired":true,"valueName":"search_term_string"}}],"inLanguage":"ua"},{"@type":"Organization","@id":"https:\/\/owlstales.eu\/uk\/#organization","name":"P\u016bces pasakas","url":"https:\/\/owlstales.eu\/uk\/","logo":{"@type":"ImageObject","inLanguage":"ua","@id":"https:\/\/owlstales.eu\/uk\/#\/schema\/logo\/image\/","url":"https:\/\/owlstales.eu\/wp-content\/uploads\/2026\/03\/owl_logo_ok.webp","contentUrl":"https:\/\/owlstales.eu\/wp-content\/uploads\/2026\/03\/owl_logo_ok.webp","width":512,"height":512,"caption":"P\u016bces pasakas"},"image":{"@id":"https:\/\/owlstales.eu\/uk\/#\/schema\/logo\/image\/"},"sameAs":["https:\/\/www.facebook.com\/owlstales.eu\/"],"description":"Pasakas b\u0113rniem, pal\u012bgmateri\u0101li skolot\u0101jiem.","email":"projekts.library@gmail.com","telephone":"+371 20923022","legalName":"ELENAS LIBRARY SIA","foundingDate":"2025-03-01","vatID":"LV402036769410","taxID":"402036769410","numberOfEmployees":{"@type":"QuantitativeValue","minValue":"1","maxValue":"10"}}]},"og_availability":"instock","product_availability":"instock","product_retailer_item_id":"LP_audioLV","product_condition":"new"},"_links":{"self":[{"href":"https:\/\/owlstales.eu\/uk\/wp-json\/wp\/v2\/product\/2860","targetHints":{"allow":["GET"]}}],"collection":[{"href":"https:\/\/owlstales.eu\/uk\/wp-json\/wp\/v2\/product"}],"about":[{"href":"https:\/\/owlstales.eu\/uk\/wp-json\/wp\/v2\/types\/product"}],"replies":[{"embeddable":true,"href":"https:\/\/owlstales.eu\/uk\/wp-json\/wp\/v2\/comments?post=2860"}],"wp:featuredmedia":[{"embeddable":true,"href":"https:\/\/owlstales.eu\/uk\/wp-json\/wp\/v2\/media\/2859"}],"wp:attachment":[{"href":"https:\/\/owlstales.eu\/uk\/wp-json\/wp\/v2\/media?parent=2860"}],"wp:term":[{"taxonomy":"product_brand","embeddable":true,"href":"https:\/\/owlstales.eu\/uk\/wp-json\/wp\/v2\/product_brand?post=2860"},{"taxonomy":"product_cat","embeddable":true,"href":"https:\/\/owlstales.eu\/uk\/wp-json\/wp\/v2\/product_cat?post=2860"},{"taxonomy":"product_tag","embeddable":true,"href":"https:\/\/owlstales.eu\/uk\/wp-json\/wp\/v2\/product_tag?post=2860"}],"curies":[{"name":"wp","href":"https:\/\/api.w.org\/{rel}","templated":true}]}}