{"id":2783,"date":"2025-02-21T12:57:56","date_gmt":"2025-02-21T12:57:56","guid":{"rendered":"https:\/\/owlstales.eu\/product\/%d0%bc%d0%b8%d1%88%d0%b5%d0%bd%d1%8f%d1%82%d0%ba%d0%be-%d1%8f%d0%ba%d0%b5-%d0%b2%d0%bc%d1%96%d1%94-%d0%bb%d1%96%d1%82%d0%b0%d1%82%d0%b8-%d0%bf%d0%b5%d1%80%d1%88%d0%b0-%d0%ba\/"},"modified":"2026-04-01T17:42:55","modified_gmt":"2026-04-01T15:42:55","slug":"%d0%bc%d0%b8%d1%88%d0%b5%d0%bd%d1%8f%d1%82%d0%ba%d0%be-%d1%8f%d0%ba%d0%b5-%d0%b2%d0%bc%d1%96%d1%94-%d0%bb%d1%96%d1%82%d0%b0%d1%82%d0%b8-%d0%bf%d0%b5%d1%80%d1%88%d0%b0-%d0%ba","status":"publish","type":"product","link":"https:\/\/owlstales.eu\/uk\/product\/%d0%bc%d0%b8%d1%88%d0%b5%d0%bd%d1%8f%d1%82%d0%ba%d0%be-%d1%8f%d0%ba%d0%b5-%d0%b2%d0%bc%d1%96%d1%94-%d0%bb%d1%96%d1%82%d0%b0%d1%82%d0%b8-%d0%bf%d0%b5%d1%80%d1%88%d0%b0-%d0%ba\/","title":{"rendered":"\u041a\u043d\u0438\u0433\u0430 \u00ab\u041c\u0438\u0448\u0435\u043d\u044f\u0442\u043a\u043e, \u044f\u043a\u0435 \u0432\u043c\u0456\u0454 \u043b\u0456\u0442\u0430\u0442\u0438\u00bb"},"content":{"rendered":"<p>\u0410\u0432\u0442\u043e\u0440 \u2014 \u041e\u043b\u0435\u043d\u0430 \u041a\u043e\u0440\u0434\u0436\u0435\u0432\u0430<\/p>\n<ul>\n<li>\u0424\u043e\u0440\u043c\u0430\u0442: 225 x 225 mm<\/li>\n<li>\u0422\u0432\u0435\u0440\u0434\u0430 \u043f\u0430\u043b\u0456\u0442\u0443\u0440\u043a\u0430<\/li>\n<li>\u0411\u0430\u0440\u0432\u0438\u0441\u0442\u0456 \u0456\u043b\u044e\u0441\u0442\u0440\u0430\u0446\u0456\u0457<\/li>\n<li>48 \u0441\u0442\u043e\u0440\u0456\u043d\u043e\u043a<\/li>\n<li>ISBN 978-9934-9390-1-3<\/li>\n<\/ul>\n","protected":false},"excerpt":{"rendered":"<p>\u0406\u0441\u0442\u043e\u0440\u0456\u044f \u043f\u0440\u043e \u0442\u0435, \u0449\u043e \u043a\u043e\u0436\u043d\u0430 \u0434\u0438\u0442\u0438\u043d\u0430 \u043c\u0430\u0454 \u0441\u0432\u043e\u0457, \u0456\u043d\u043a\u043e\u043b\u0438 \u0434\u0443\u0436\u0435 \u043d\u0435\u0437\u0432\u0438\u0447\u0430\u0439\u043d\u0456 \u0437\u0434\u0456\u0431\u043d\u043e\u0441\u0442\u0456, \u0430 \u0437\u0430\u0432\u0434\u0430\u043d\u043d\u044f \u0434\u043e\u0440\u043e\u0441\u043b\u043e\u0433\u043e \u2014 \u0434\u043e\u043f\u043e\u043c\u043e\u0433\u0442\u0438 \u0434\u0438\u0442\u0438\u043d\u0456 \u0440\u043e\u0437\u043f\u0456\u0437\u043d\u0430\u0442\u0438 \u0441\u0432\u0456\u0439 \u043f\u043e\u0442\u0435\u043d\u0446\u0456\u0430\u043b \u0456 \u043d\u0430\u0432\u0447\u0438\u0442\u0438\u0441\u044f \u0432\u0438\u043a\u043e\u0440\u0438\u0441\u0442\u043e\u0432\u0443\u0432\u0430\u0442\u0438 \u0439\u043e\u0433\u043e \u043d\u0430 \u0431\u043b\u0430\u0433\u043e.<br \/>\u041c\u0438\u0448\u0435\u043d\u044f\u0442\u043a\u043e, \u0411\u0456\u043b\u043e\u0447\u043a\u0430 \u0442\u0430 \u0407\u0436\u0430\u0447\u043e\u043a \u043d\u0430 \u0441\u0432\u043e\u0454\u043c\u0443 \u0448\u043b\u044f\u0445\u0443 \u0437\u0443\u0441\u0442\u0440\u0456\u0447\u0430\u044e\u0442\u044c \u043c\u0443\u0434\u0440\u0443 \u0421\u043e\u0432\u0443, \u044f\u043a\u0430 \u043f\u0456\u0434\u0442\u0440\u0438\u043c\u0443\u0454 \u0457\u0445.<br \/>\u00ab\u041c\u0438\u0448\u0435\u043d\u044f\u0442\u043a\u043e, \u044f\u043a\u0435 \u0432\u043c\u0456\u0454 \u043b\u0456\u0442\u0430\u0442\u0438\u00bb \u2014 \u043d\u0435 \u043f\u0440\u043e\u0441\u0442\u043e \u043a\u0430\u0437\u043a\u0430 \u043f\u0435\u0440\u0435\u0434 \u0441\u043d\u043e\u043c, \u0430 \u0447\u0443\u0434\u043e\u0432\u0430 \u043d\u0430\u0433\u043e\u0434\u0430 \u0434\u043b\u044f \u0449\u0438\u0440\u043e\u0457 \u0440\u043e\u0437\u043c\u043e\u0432\u0438 \u0437 \u0434\u0438\u0442\u0438\u043d\u043e\u044e.<\/p>\n","protected":false},"featured_media":2782,"comment_status":"open","ping_status":"closed","template":"","meta":[],"product_brand":[],"product_cat":[175,168,144],"product_tag":[],"class_list":{"0":"post-2783","1":"product","2":"type-product","3":"status-publish","4":"has-post-thumbnail","6":"product_cat-175","7":"product_cat-168","8":"product_cat-144","9":"pa_valoda-223","10":"pa_valoda-222","12":"first","13":"instock","14":"taxable","15":"shipping-taxable","16":"purchasable","17":"product-type-variable"},"yoast_head":"<!-- This site is optimized with the Yoast SEO Premium plugin v27.1 (Yoast SEO v27.4) - https:\/\/yoast.com\/product\/yoast-seo-premium-wordpress\/ -->\n<title>- P\u016bces pasakas<\/title>\n<meta name=\"description\" content=\"Pasaka Lidojo\u0161ais pel\u0113ns atkl\u0101j ciklu P\u016aCES PASAKAS, Par drosmi, br\u012bv\u012bbu un izv\u0113les iesp\u0113j\u0101m. Pasaka ir lielisks iemesls sarunai ar b\u0113rnu.\" \/>\n<meta name=\"robots\" content=\"index, follow, max-snippet:-1, max-image-preview:large, max-video-preview:-1\" \/>\n<link rel=\"canonical\" href=\"https:\/\/owlstales.eu\/uk\/product\/%d0%bc%d0%b8%d1%88%d0%b5%d0%bd%d1%8f%d1%82%d0%ba%d0%be-%d1%8f%d0%ba%d0%b5-%d0%b2%d0%bc%d1%96%d1%94-%d0%bb%d1%96%d1%82%d0%b0%d1%82%d0%b8-%d0%bf%d0%b5%d1%80%d1%88%d0%b0-%d0%ba\/\" \/>\n<meta property=\"og:locale\" content=\"en_US\" \/>\n<meta property=\"og:type\" content=\"article\" \/>\n<meta property=\"og:title\" content=\"\u041a\u043d\u0438\u0433\u0430 \u00ab\u041c\u0438\u0448\u0435\u043d\u044f\u0442\u043a\u043e, \u044f\u043a\u0435 \u0432\u043c\u0456\u0454 \u043b\u0456\u0442\u0430\u0442\u0438\u00bb\" \/>\n<meta property=\"og:description\" content=\"Pasaka Lidojo\u0161ais pel\u0113ns atkl\u0101j ciklu P\u016aCES PASAKAS, Par drosmi, br\u012bv\u012bbu un izv\u0113les iesp\u0113j\u0101m. Pasaka ir lielisks iemesls sarunai ar b\u0113rnu.\" \/>\n<meta property=\"og:url\" content=\"https:\/\/owlstales.eu\/uk\/product\/%d0%bc%d0%b8%d1%88%d0%b5%d0%bd%d1%8f%d1%82%d0%ba%d0%be-%d1%8f%d0%ba%d0%b5-%d0%b2%d0%bc%d1%96%d1%94-%d0%bb%d1%96%d1%82%d0%b0%d1%82%d0%b8-%d0%bf%d0%b5%d1%80%d1%88%d0%b0-%d0%ba\/\" \/>\n<meta property=\"og:site_name\" content=\"P\u016bces pasakas\" \/>\n<meta property=\"article:publisher\" content=\"https:\/\/www.facebook.com\/owlstales.eu\/\" \/>\n<meta property=\"article:modified_time\" content=\"2026-04-01T15:42:55+00:00\" \/>\n<meta property=\"og:image\" content=\"https:\/\/owlstales.eu\/wp-content\/uploads\/2025\/02\/wly_mouse_book.webp\" \/>\n\t<meta property=\"og:image:width\" content=\"1024\" \/>\n\t<meta property=\"og:image:height\" content=\"1024\" \/>\n\t<meta property=\"og:image:type\" content=\"image\/webp\" \/>\n<meta name=\"twitter:card\" content=\"summary_large_image\" \/>\n<meta name=\"twitter:label1\" content=\"Availability\" \/>\n\t<meta name=\"twitter:data1\" content=\"In stock\" \/>\n<script type=\"application\/ld+json\" class=\"yoast-schema-graph\">{\"@context\":\"https:\\\/\\\/schema.org\",\"@graph\":[{\"@type\":\"WebPage\",\"@id\":\"https:\\\/\\\/owlstales.eu\\\/uk\\\/product\\\/%d0%bc%d0%b8%d1%88%d0%b5%d0%bd%d1%8f%d1%82%d0%ba%d0%be-%d1%8f%d0%ba%d0%b5-%d0%b2%d0%bc%d1%96%d1%94-%d0%bb%d1%96%d1%82%d0%b0%d1%82%d0%b8-%d0%bf%d0%b5%d1%80%d1%88%d0%b0-%d0%ba\\\/\",\"url\":\"https:\\\/\\\/owlstales.eu\\\/uk\\\/product\\\/%d0%bc%d0%b8%d1%88%d0%b5%d0%bd%d1%8f%d1%82%d0%ba%d0%be-%d1%8f%d0%ba%d0%b5-%d0%b2%d0%bc%d1%96%d1%94-%d0%bb%d1%96%d1%82%d0%b0%d1%82%d0%b8-%d0%bf%d0%b5%d1%80%d1%88%d0%b0-%d0%ba\\\/\",\"name\":\"- P\u016bces pasakas\",\"isPartOf\":{\"@id\":\"https:\\\/\\\/owlstales.eu\\\/uk\\\/#website\"},\"primaryImageOfPage\":{\"@id\":\"https:\\\/\\\/owlstales.eu\\\/uk\\\/product\\\/%d0%bc%d0%b8%d1%88%d0%b5%d0%bd%d1%8f%d1%82%d0%ba%d0%be-%d1%8f%d0%ba%d0%b5-%d0%b2%d0%bc%d1%96%d1%94-%d0%bb%d1%96%d1%82%d0%b0%d1%82%d0%b8-%d0%bf%d0%b5%d1%80%d1%88%d0%b0-%d0%ba\\\/#primaryimage\"},\"image\":{\"@id\":\"https:\\\/\\\/owlstales.eu\\\/uk\\\/product\\\/%d0%bc%d0%b8%d1%88%d0%b5%d0%bd%d1%8f%d1%82%d0%ba%d0%be-%d1%8f%d0%ba%d0%b5-%d0%b2%d0%bc%d1%96%d1%94-%d0%bb%d1%96%d1%82%d0%b0%d1%82%d0%b8-%d0%bf%d0%b5%d1%80%d1%88%d0%b0-%d0%ba\\\/#primaryimage\"},\"thumbnailUrl\":\"https:\\\/\\\/owlstales.eu\\\/wp-content\\\/uploads\\\/2025\\\/02\\\/wly_mouse_book.webp\",\"datePublished\":\"2025-02-21T12:57:56+00:00\",\"dateModified\":\"2026-04-01T15:42:55+00:00\",\"description\":\"Pasaka Lidojo\u0161ais pel\u0113ns atkl\u0101j ciklu P\u016aCES PASAKAS, Par drosmi, br\u012bv\u012bbu un izv\u0113les iesp\u0113j\u0101m. Pasaka ir lielisks iemesls sarunai ar b\u0113rnu.\",\"breadcrumb\":{\"@id\":\"https:\\\/\\\/owlstales.eu\\\/uk\\\/product\\\/%d0%bc%d0%b8%d1%88%d0%b5%d0%bd%d1%8f%d1%82%d0%ba%d0%be-%d1%8f%d0%ba%d0%b5-%d0%b2%d0%bc%d1%96%d1%94-%d0%bb%d1%96%d1%82%d0%b0%d1%82%d0%b8-%d0%bf%d0%b5%d1%80%d1%88%d0%b0-%d0%ba\\\/#breadcrumb\"},\"inLanguage\":\"ua\",\"potentialAction\":[{\"@type\":\"ReadAction\",\"target\":[\"https:\\\/\\\/owlstales.eu\\\/uk\\\/product\\\/%d0%bc%d0%b8%d1%88%d0%b5%d0%bd%d1%8f%d1%82%d0%ba%d0%be-%d1%8f%d0%ba%d0%b5-%d0%b2%d0%bc%d1%96%d1%94-%d0%bb%d1%96%d1%82%d0%b0%d1%82%d0%b8-%d0%bf%d0%b5%d1%80%d1%88%d0%b0-%d0%ba\\\/\"]}]},{\"@type\":\"ImageObject\",\"inLanguage\":\"ua\",\"@id\":\"https:\\\/\\\/owlstales.eu\\\/uk\\\/product\\\/%d0%bc%d0%b8%d1%88%d0%b5%d0%bd%d1%8f%d1%82%d0%ba%d0%be-%d1%8f%d0%ba%d0%b5-%d0%b2%d0%bc%d1%96%d1%94-%d0%bb%d1%96%d1%82%d0%b0%d1%82%d0%b8-%d0%bf%d0%b5%d1%80%d1%88%d0%b0-%d0%ba\\\/#primaryimage\",\"url\":\"https:\\\/\\\/owlstales.eu\\\/wp-content\\\/uploads\\\/2025\\\/02\\\/wly_mouse_book.webp\",\"contentUrl\":\"https:\\\/\\\/owlstales.eu\\\/wp-content\\\/uploads\\\/2025\\\/02\\\/wly_mouse_book.webp\",\"width\":1024,\"height\":1024,\"caption\":\"\u041a\u043d\u0438\u0433\u0430 \u00ab\u041c\u0438\u0448\u0435\u043d\u044f\u0442\u043a\u043e, \u044f\u043a\u0435 \u0432\u043c\u0456\u0454 \u043b\u0456\u0442\u0430\u0442\u0438\u00bb\"},{\"@type\":\"BreadcrumbList\",\"@id\":\"https:\\\/\\\/owlstales.eu\\\/uk\\\/product\\\/%d0%bc%d0%b8%d1%88%d0%b5%d0%bd%d1%8f%d1%82%d0%ba%d0%be-%d1%8f%d0%ba%d0%b5-%d0%b2%d0%bc%d1%96%d1%94-%d0%bb%d1%96%d1%82%d0%b0%d1%82%d0%b8-%d0%bf%d0%b5%d1%80%d1%88%d0%b0-%d0%ba\\\/#breadcrumb\",\"itemListElement\":[{\"@type\":\"ListItem\",\"position\":1,\"name\":\"Home\",\"item\":\"https:\\\/\\\/owlstales.eu\\\/uk\\\/\"},{\"@type\":\"ListItem\",\"position\":2,\"name\":\"\u041c\u0430\u0433\u0430\u0437\u0438\u043d\",\"item\":\"https:\\\/\\\/owlstales.eu\\\/uk\\\/%d0%bc%d0%b0%d0%b3%d0%b0%d0%b7%d0%b8%d0%bd\\\/\"},{\"@type\":\"ListItem\",\"position\":3,\"name\":\"\u041a\u043d\u0438\u0433\u0430 \u00ab\u041c\u0438\u0448\u0435\u043d\u044f\u0442\u043a\u043e, \u044f\u043a\u0435 \u0432\u043c\u0456\u0454 \u043b\u0456\u0442\u0430\u0442\u0438\u00bb\"}]},{\"@type\":\"WebSite\",\"@id\":\"https:\\\/\\\/owlstales.eu\\\/uk\\\/#website\",\"url\":\"https:\\\/\\\/owlstales.eu\\\/uk\\\/\",\"name\":\"P\u016bces pasakas\",\"description\":\"GR\u0100MATAS | PDF | AUDIOIZR\u0100DES | PASAKAS\",\"publisher\":{\"@id\":\"https:\\\/\\\/owlstales.eu\\\/uk\\\/#organization\"},\"alternateName\":\"owls tales\",\"potentialAction\":[{\"@type\":\"SearchAction\",\"target\":{\"@type\":\"EntryPoint\",\"urlTemplate\":\"https:\\\/\\\/owlstales.eu\\\/uk\\\/?s={search_term_string}\"},\"query-input\":{\"@type\":\"PropertyValueSpecification\",\"valueRequired\":true,\"valueName\":\"search_term_string\"}}],\"inLanguage\":\"ua\"},{\"@type\":\"Organization\",\"@id\":\"https:\\\/\\\/owlstales.eu\\\/uk\\\/#organization\",\"name\":\"P\u016bces pasakas\",\"url\":\"https:\\\/\\\/owlstales.eu\\\/uk\\\/\",\"logo\":{\"@type\":\"ImageObject\",\"inLanguage\":\"ua\",\"@id\":\"https:\\\/\\\/owlstales.eu\\\/uk\\\/#\\\/schema\\\/logo\\\/image\\\/\",\"url\":\"https:\\\/\\\/owlstales.eu\\\/wp-content\\\/uploads\\\/2026\\\/03\\\/owl_logo_ok.webp\",\"contentUrl\":\"https:\\\/\\\/owlstales.eu\\\/wp-content\\\/uploads\\\/2026\\\/03\\\/owl_logo_ok.webp\",\"width\":512,\"height\":512,\"caption\":\"P\u016bces pasakas\"},\"image\":{\"@id\":\"https:\\\/\\\/owlstales.eu\\\/uk\\\/#\\\/schema\\\/logo\\\/image\\\/\"},\"sameAs\":[\"https:\\\/\\\/www.facebook.com\\\/owlstales.eu\\\/\"],\"description\":\"Pasakas b\u0113rniem, pal\u012bgmateri\u0101li skolot\u0101jiem.\",\"email\":\"projekts.library@gmail.com\",\"telephone\":\"+371 20923022\",\"legalName\":\"ELENAS LIBRARY SIA\",\"foundingDate\":\"2025-03-01\",\"vatID\":\"LV402036769410\",\"taxID\":\"402036769410\",\"numberOfEmployees\":{\"@type\":\"QuantitativeValue\",\"minValue\":\"1\",\"maxValue\":\"10\"}}]}<\/script>\n<meta property=\"og:availability\" content=\"instock\" \/>\n<meta property=\"product:availability\" content=\"instock\" \/>\n<meta property=\"product:retailer_item_id\" content=\"LP-book1\" \/>\n<meta property=\"product:condition\" content=\"new\" \/>\n<!-- \/ Yoast SEO Premium plugin. -->","yoast_head_json":{"title":"- P\u016bces pasakas","description":"Pasaka Lidojo\u0161ais pel\u0113ns atkl\u0101j ciklu P\u016aCES PASAKAS, Par drosmi, br\u012bv\u012bbu un izv\u0113les iesp\u0113j\u0101m. Pasaka ir lielisks iemesls sarunai ar b\u0113rnu.","robots":{"index":"index","follow":"follow","max-snippet":"max-snippet:-1","max-image-preview":"max-image-preview:large","max-video-preview":"max-video-preview:-1"},"canonical":"https:\/\/owlstales.eu\/uk\/product\/%d0%bc%d0%b8%d1%88%d0%b5%d0%bd%d1%8f%d1%82%d0%ba%d0%be-%d1%8f%d0%ba%d0%b5-%d0%b2%d0%bc%d1%96%d1%94-%d0%bb%d1%96%d1%82%d0%b0%d1%82%d0%b8-%d0%bf%d0%b5%d1%80%d1%88%d0%b0-%d0%ba\/","og_locale":"en_US","og_type":"article","og_title":"\u041a\u043d\u0438\u0433\u0430 \u00ab\u041c\u0438\u0448\u0435\u043d\u044f\u0442\u043a\u043e, \u044f\u043a\u0435 \u0432\u043c\u0456\u0454 \u043b\u0456\u0442\u0430\u0442\u0438\u00bb","og_description":"Pasaka Lidojo\u0161ais pel\u0113ns atkl\u0101j ciklu P\u016aCES PASAKAS, Par drosmi, br\u012bv\u012bbu un izv\u0113les iesp\u0113j\u0101m. Pasaka ir lielisks iemesls sarunai ar b\u0113rnu.","og_url":"https:\/\/owlstales.eu\/uk\/product\/%d0%bc%d0%b8%d1%88%d0%b5%d0%bd%d1%8f%d1%82%d0%ba%d0%be-%d1%8f%d0%ba%d0%b5-%d0%b2%d0%bc%d1%96%d1%94-%d0%bb%d1%96%d1%82%d0%b0%d1%82%d0%b8-%d0%bf%d0%b5%d1%80%d1%88%d0%b0-%d0%ba\/","og_site_name":"P\u016bces pasakas","article_publisher":"https:\/\/www.facebook.com\/owlstales.eu\/","article_modified_time":"2026-04-01T15:42:55+00:00","og_image":[{"width":1024,"height":1024,"url":"https:\/\/owlstales.eu\/wp-content\/uploads\/2025\/02\/wly_mouse_book.webp","type":"image\/webp"}],"twitter_card":"summary_large_image","twitter_misc":{"Availability":"In stock"},"schema":{"@context":"https:\/\/schema.org","@graph":[{"@type":"WebPage","@id":"https:\/\/owlstales.eu\/uk\/product\/%d0%bc%d0%b8%d1%88%d0%b5%d0%bd%d1%8f%d1%82%d0%ba%d0%be-%d1%8f%d0%ba%d0%b5-%d0%b2%d0%bc%d1%96%d1%94-%d0%bb%d1%96%d1%82%d0%b0%d1%82%d0%b8-%d0%bf%d0%b5%d1%80%d1%88%d0%b0-%d0%ba\/","url":"https:\/\/owlstales.eu\/uk\/product\/%d0%bc%d0%b8%d1%88%d0%b5%d0%bd%d1%8f%d1%82%d0%ba%d0%be-%d1%8f%d0%ba%d0%b5-%d0%b2%d0%bc%d1%96%d1%94-%d0%bb%d1%96%d1%82%d0%b0%d1%82%d0%b8-%d0%bf%d0%b5%d1%80%d1%88%d0%b0-%d0%ba\/","name":"- P\u016bces pasakas","isPartOf":{"@id":"https:\/\/owlstales.eu\/uk\/#website"},"primaryImageOfPage":{"@id":"https:\/\/owlstales.eu\/uk\/product\/%d0%bc%d0%b8%d1%88%d0%b5%d0%bd%d1%8f%d1%82%d0%ba%d0%be-%d1%8f%d0%ba%d0%b5-%d0%b2%d0%bc%d1%96%d1%94-%d0%bb%d1%96%d1%82%d0%b0%d1%82%d0%b8-%d0%bf%d0%b5%d1%80%d1%88%d0%b0-%d0%ba\/#primaryimage"},"image":{"@id":"https:\/\/owlstales.eu\/uk\/product\/%d0%bc%d0%b8%d1%88%d0%b5%d0%bd%d1%8f%d1%82%d0%ba%d0%be-%d1%8f%d0%ba%d0%b5-%d0%b2%d0%bc%d1%96%d1%94-%d0%bb%d1%96%d1%82%d0%b0%d1%82%d0%b8-%d0%bf%d0%b5%d1%80%d1%88%d0%b0-%d0%ba\/#primaryimage"},"thumbnailUrl":"https:\/\/owlstales.eu\/wp-content\/uploads\/2025\/02\/wly_mouse_book.webp","datePublished":"2025-02-21T12:57:56+00:00","dateModified":"2026-04-01T15:42:55+00:00","description":"Pasaka Lidojo\u0161ais pel\u0113ns atkl\u0101j ciklu P\u016aCES PASAKAS, Par drosmi, br\u012bv\u012bbu un izv\u0113les iesp\u0113j\u0101m. Pasaka ir lielisks iemesls sarunai ar b\u0113rnu.","breadcrumb":{"@id":"https:\/\/owlstales.eu\/uk\/product\/%d0%bc%d0%b8%d1%88%d0%b5%d0%bd%d1%8f%d1%82%d0%ba%d0%be-%d1%8f%d0%ba%d0%b5-%d0%b2%d0%bc%d1%96%d1%94-%d0%bb%d1%96%d1%82%d0%b0%d1%82%d0%b8-%d0%bf%d0%b5%d1%80%d1%88%d0%b0-%d0%ba\/#breadcrumb"},"inLanguage":"ua","potentialAction":[{"@type":"ReadAction","target":["https:\/\/owlstales.eu\/uk\/product\/%d0%bc%d0%b8%d1%88%d0%b5%d0%bd%d1%8f%d1%82%d0%ba%d0%be-%d1%8f%d0%ba%d0%b5-%d0%b2%d0%bc%d1%96%d1%94-%d0%bb%d1%96%d1%82%d0%b0%d1%82%d0%b8-%d0%bf%d0%b5%d1%80%d1%88%d0%b0-%d0%ba\/"]}]},{"@type":"ImageObject","inLanguage":"ua","@id":"https:\/\/owlstales.eu\/uk\/product\/%d0%bc%d0%b8%d1%88%d0%b5%d0%bd%d1%8f%d1%82%d0%ba%d0%be-%d1%8f%d0%ba%d0%b5-%d0%b2%d0%bc%d1%96%d1%94-%d0%bb%d1%96%d1%82%d0%b0%d1%82%d0%b8-%d0%bf%d0%b5%d1%80%d1%88%d0%b0-%d0%ba\/#primaryimage","url":"https:\/\/owlstales.eu\/wp-content\/uploads\/2025\/02\/wly_mouse_book.webp","contentUrl":"https:\/\/owlstales.eu\/wp-content\/uploads\/2025\/02\/wly_mouse_book.webp","width":1024,"height":1024,"caption":"\u041a\u043d\u0438\u0433\u0430 \u00ab\u041c\u0438\u0448\u0435\u043d\u044f\u0442\u043a\u043e, \u044f\u043a\u0435 \u0432\u043c\u0456\u0454 \u043b\u0456\u0442\u0430\u0442\u0438\u00bb"},{"@type":"BreadcrumbList","@id":"https:\/\/owlstales.eu\/uk\/product\/%d0%bc%d0%b8%d1%88%d0%b5%d0%bd%d1%8f%d1%82%d0%ba%d0%be-%d1%8f%d0%ba%d0%b5-%d0%b2%d0%bc%d1%96%d1%94-%d0%bb%d1%96%d1%82%d0%b0%d1%82%d0%b8-%d0%bf%d0%b5%d1%80%d1%88%d0%b0-%d0%ba\/#breadcrumb","itemListElement":[{"@type":"ListItem","position":1,"name":"Home","item":"https:\/\/owlstales.eu\/uk\/"},{"@type":"ListItem","position":2,"name":"\u041c\u0430\u0433\u0430\u0437\u0438\u043d","item":"https:\/\/owlstales.eu\/uk\/%d0%bc%d0%b0%d0%b3%d0%b0%d0%b7%d0%b8%d0%bd\/"},{"@type":"ListItem","position":3,"name":"\u041a\u043d\u0438\u0433\u0430 \u00ab\u041c\u0438\u0448\u0435\u043d\u044f\u0442\u043a\u043e, \u044f\u043a\u0435 \u0432\u043c\u0456\u0454 \u043b\u0456\u0442\u0430\u0442\u0438\u00bb"}]},{"@type":"WebSite","@id":"https:\/\/owlstales.eu\/uk\/#website","url":"https:\/\/owlstales.eu\/uk\/","name":"P\u016bces pasakas","description":"GR\u0100MATAS | PDF | AUDIOIZR\u0100DES | PASAKAS","publisher":{"@id":"https:\/\/owlstales.eu\/uk\/#organization"},"alternateName":"owls tales","potentialAction":[{"@type":"SearchAction","target":{"@type":"EntryPoint","urlTemplate":"https:\/\/owlstales.eu\/uk\/?s={search_term_string}"},"query-input":{"@type":"PropertyValueSpecification","valueRequired":true,"valueName":"search_term_string"}}],"inLanguage":"ua"},{"@type":"Organization","@id":"https:\/\/owlstales.eu\/uk\/#organization","name":"P\u016bces pasakas","url":"https:\/\/owlstales.eu\/uk\/","logo":{"@type":"ImageObject","inLanguage":"ua","@id":"https:\/\/owlstales.eu\/uk\/#\/schema\/logo\/image\/","url":"https:\/\/owlstales.eu\/wp-content\/uploads\/2026\/03\/owl_logo_ok.webp","contentUrl":"https:\/\/owlstales.eu\/wp-content\/uploads\/2026\/03\/owl_logo_ok.webp","width":512,"height":512,"caption":"P\u016bces pasakas"},"image":{"@id":"https:\/\/owlstales.eu\/uk\/#\/schema\/logo\/image\/"},"sameAs":["https:\/\/www.facebook.com\/owlstales.eu\/"],"description":"Pasakas b\u0113rniem, pal\u012bgmateri\u0101li skolot\u0101jiem.","email":"projekts.library@gmail.com","telephone":"+371 20923022","legalName":"ELENAS LIBRARY SIA","foundingDate":"2025-03-01","vatID":"LV402036769410","taxID":"402036769410","numberOfEmployees":{"@type":"QuantitativeValue","minValue":"1","maxValue":"10"}}]},"og_availability":"instock","product_availability":"instock","product_retailer_item_id":"LP-book1","product_condition":"new"},"_links":{"self":[{"href":"https:\/\/owlstales.eu\/uk\/wp-json\/wp\/v2\/product\/2783","targetHints":{"allow":["GET"]}}],"collection":[{"href":"https:\/\/owlstales.eu\/uk\/wp-json\/wp\/v2\/product"}],"about":[{"href":"https:\/\/owlstales.eu\/uk\/wp-json\/wp\/v2\/types\/product"}],"replies":[{"embeddable":true,"href":"https:\/\/owlstales.eu\/uk\/wp-json\/wp\/v2\/comments?post=2783"}],"wp:featuredmedia":[{"embeddable":true,"href":"https:\/\/owlstales.eu\/uk\/wp-json\/wp\/v2\/media\/2782"}],"wp:attachment":[{"href":"https:\/\/owlstales.eu\/uk\/wp-json\/wp\/v2\/media?parent=2783"}],"wp:term":[{"taxonomy":"product_brand","embeddable":true,"href":"https:\/\/owlstales.eu\/uk\/wp-json\/wp\/v2\/product_brand?post=2783"},{"taxonomy":"product_cat","embeddable":true,"href":"https:\/\/owlstales.eu\/uk\/wp-json\/wp\/v2\/product_cat?post=2783"},{"taxonomy":"product_tag","embeddable":true,"href":"https:\/\/owlstales.eu\/uk\/wp-json\/wp\/v2\/product_tag?post=2783"}],"curies":[{"name":"wp","href":"https:\/\/api.w.org\/{rel}","templated":true}]}}