{"id":2231,"date":"2026-03-04T16:36:34","date_gmt":"2026-03-04T14:36:34","guid":{"rendered":"https:\/\/owlstales.eu\/?post_type=product&#038;p=2231"},"modified":"2026-04-02T09:49:21","modified_gmt":"2026-04-02T07:49:21","slug":"%d0%b4%d0%b8%d1%82%d1%8f%d1%87%d0%b5-%d1%85%d1%83%d0%b4%d1%96-owls-tales-%d1%81%d0%be%d0%b2%d0%b0-forever-kopija-kopija","status":"publish","type":"product","link":"https:\/\/owlstales.eu\/uk\/product\/%d0%b4%d0%b8%d1%82%d1%8f%d1%87%d0%b5-%d1%85%d1%83%d0%b4%d1%96-owls-tales-%d1%81%d0%be%d0%b2%d0%b0-forever-kopija-kopija\/","title":{"rendered":"\u0427\u043e\u043b\u043e\u0432\u0456\u0447\u0435 \u0445\u0443\u0434\u0456 OWLS TALES Forever"},"content":{"rendered":"<p>\u0427\u043e\u043b\u043e\u0432\u0456\u0447\u0435 \u0445\u0443\u0434\u0456 OWLS TALES Forever \u0432\u0438\u0433\u043e\u0442\u043e\u0432\u043b\u0435\u043d\u0435 \u043d\u0430 \u0431\u0430\u0437\u0456 \u0445\u0443\u0434\u0456 \u043f\u0440\u0435\u043c\u0456\u0430\u043b\u044c\u043d\u043e\u0457 \u044f\u043a\u043e\u0441\u0442\u0456 \u0432\u0438\u0440\u043e\u0431\u043d\u0438\u043a\u0430 SOL&#8217;S. \u041c\u043e\u0434\u0435\u043b\u044c \u043c\u0430\u0454 \u0447\u043e\u043b\u043e\u0432\u0456\u0447\u0438\u0439 \u043a\u0440\u0456\u0439, \u0437\u0440\u0443\u0447\u043d\u043e \u0441\u0438\u0434\u0438\u0442\u044c \u0456 \u043f\u0456\u0434\u0445\u043e\u0434\u0438\u0442\u044c \u0434\u043b\u044f \u043f\u043e\u0432\u0441\u044f\u043a\u0434\u0435\u043d\u043d\u043e\u0433\u043e \u043d\u043e\u0441\u0456\u043d\u043d\u044f \u2014 \u0434\u043b\u044f \u0440\u043e\u0431\u043e\u0442\u0438, \u043f\u0440\u043e\u0433\u0443\u043b\u044f\u043d\u043e\u043a \u0456 \u0432\u0456\u0434\u043f\u043e\u0447\u0438\u043d\u043a\u0443.\u2028\u0425\u0443\u0434\u0456 \u0432\u0438\u0433\u043e\u0442\u043e\u0432\u043b\u0435\u043d\u0435 \u0437 \u043c\u2019\u044f\u043a\u043e\u0433\u043e \u0449\u0456\u043b\u044c\u043d\u043e\u0433\u043e \u0442\u0440\u0438\u043a\u043e\u0442\u0430\u0436\u0443 \u0437 \u0432\u0438\u0441\u043e\u043a\u0438\u043c \u0432\u043c\u0456\u0441\u0442\u043e\u043c \u0431\u0430\u0432\u043e\u0432\u043d\u0438. \u041c\u043e\u0434\u0435\u043b\u044c \u0434\u043e\u0431\u0440\u0435 \u0442\u0440\u0438\u043c\u0430\u0454 \u0444\u043e\u0440\u043c\u0443 \u0442\u0430 \u0437\u0431\u0435\u0440\u0456\u0433\u0430\u0454 \u043e\u0445\u0430\u0439\u043d\u0438\u0439 \u0432\u0438\u0433\u043b\u044f\u0434 \u043f\u0440\u0438 \u0440\u0435\u0433\u0443\u043b\u044f\u0440\u043d\u043e\u043c\u0443 \u0432\u0438\u043a\u043e\u0440\u0438\u0441\u0442\u0430\u043d\u043d\u0456 \u0442\u0430 \u043f\u0440\u0430\u043d\u043d\u0456. \u041d\u0430 \u0432\u0438\u0440\u0456\u0431 \u043d\u0430\u043d\u043e\u0441\u0438\u0442\u044c\u0441\u044f \u043e\u0440\u0438\u0433\u0456\u043d\u0430\u043b\u044c\u043d\u0438\u0439 \u043f\u0440\u0438\u043d\u0442 OWLS TALES, \u0432\u0438\u043a\u043e\u043d\u0430\u043d\u0438\u0439 \u0456\u0437 \u0432\u0438\u043a\u043e\u0440\u0438\u0441\u0442\u0430\u043d\u043d\u044f\u043c \u0432\u0438\u0441\u043e\u043a\u043e\u044f\u043a\u0456\u0441\u043d\u043e\u0433\u043e \u0441\u0442\u0456\u0439\u043a\u043e\u0433\u043e \u0446\u0438\u0444\u0440\u043e\u0432\u043e\u0433\u043e \u0434\u0440\u0443\u043a\u0443.<\/p>\n<p><img decoding=\"async\" class=\"size-medium wp-image-2244 aligncenter\" src=\"https:\/\/owlstales.eu\/wp-content\/uploads\/2026\/03\/IzmeriHudijiPremiumVirieshu-300x100.png\" alt=\"\" width=\"300\" height=\"100\" srcset=\"https:\/\/owlstales.eu\/wp-content\/uploads\/2026\/03\/IzmeriHudijiPremiumVirieshu-300x100.png 300w, https:\/\/owlstales.eu\/wp-content\/uploads\/2026\/03\/IzmeriHudijiPremiumVirieshu-1024x342.png 1024w, https:\/\/owlstales.eu\/wp-content\/uploads\/2026\/03\/IzmeriHudijiPremiumVirieshu-768x256.png 768w, https:\/\/owlstales.eu\/wp-content\/uploads\/2026\/03\/IzmeriHudijiPremiumVirieshu-600x200.png 600w, https:\/\/owlstales.eu\/wp-content\/uploads\/2026\/03\/IzmeriHudijiPremiumVirieshu.png 1057w\" sizes=\"(max-width: 300px) 100vw, 300px\" \/><\/p>\n","protected":false},"excerpt":{"rendered":"<p>\u041c\u043e\u0434\u0435\u043b\u044c: OWLS TALES Forever\u2028<br \/>\u041f\u0440\u0438\u043d\u0442: OWLS TALES \u00ab\u041b\u0456\u0442\u0430\u044e\u0447\u0435 \u041c\u0438\u0448\u0435\u043d\u044f\u00bb\u2028<br \/>\u0422\u0438\u043f: \u0445\u0443\u0434\u0456 \u0437 \u043a\u0430\u043f\u044e\u0448\u043e\u043d\u043e\u043c<br \/>\u2028\u0411\u0430\u0437\u043e\u0432\u0435 \u0445\u0443\u0434\u0456: SOL&#8217;S (\u0447\u043e\u043b\u043e\u0432\u0456\u0447\u0430 \u043c\u043e\u0434\u0435\u043b\u044c)<br \/>\u2028\u0421\u043a\u043b\u0430\u0434: 80% \u0431\u0430\u0432\u043e\u0432\u043d\u0430, 20% \u043f\u043e\u043b\u0456\u0435\u0441\u0442\u0435\u0440<br \/>\u2028\u0429\u0456\u043b\u044c\u043d\u0456\u0441\u0442\u044c \u043c\u0430\u0442\u0435\u0440\u0456\u0430\u043b\u0443: \u043f\u0440\u0438\u0431\u043b\u0438\u0437\u043d\u043e 280 \u0433\/\u043c\u00b2\u2028<br \/>\u0414\u0440\u0443\u043a: \u0432\u0438\u0441\u043e\u043a\u043e\u044f\u043a\u0456\u0441\u043d\u0438\u0439 \u0441\u0442\u0456\u0439\u043a\u0438\u0439 \u0446\u0438\u0444\u0440\u043e\u0432\u0438\u0439 \u0434\u0440\u0443\u043a\u2028<br \/>\u0420\u043e\u0437\u043c\u0456\u0440\u0438: XS\u20133XL\u2028<br \/>\u0414\u043e\u0433\u043b\u044f\u0434: \u043c\u0430\u0448\u0438\u043d\u043d\u0435 \u043f\u0440\u0430\u043d\u043d\u044f \u0443 \u0437\u0432\u0438\u0447\u0430\u0439\u043d\u043e\u043c\u0443 \u0440\u0435\u0436\u0438\u043c\u0456<\/p>\n","protected":false},"featured_media":2296,"comment_status":"open","ping_status":"closed","template":"","meta":[],"product_brand":[],"product_cat":[112,111,144],"product_tag":[],"class_list":{"0":"post-2231","1":"product","2":"type-product","3":"status-publish","4":"has-post-thumbnail","6":"product_cat-hudiji","7":"product_cat-111","8":"product_cat-144","9":"pa_krasa-burgundy","10":"pa_krasa-navy","12":"first","13":"instock","14":"taxable","15":"shipping-taxable","16":"purchasable","17":"product-type-variable"},"yoast_head":"<!-- This site is optimized with the Yoast SEO Premium plugin v27.1 (Yoast SEO v27.4) - https:\/\/yoast.com\/product\/yoast-seo-premium-wordpress\/ -->\n<title>\u0427\u043e\u043b\u043e\u0432\u0456\u0447\u0435 \u0445\u0443\u0434\u0456 OWLS TALES Forever - P\u016bces pasakas<\/title>\n<meta name=\"description\" content=\"Modelis labi saglab\u0101 formu un saglab\u0101 koptu izskatu ar\u012b regul\u0101ri lietojot un mazg\u0101jot. Uz izstr\u0101d\u0101juma tiek uzkl\u0101ts ori\u0123in\u0101ls OWLS TALES apdrukas dizains.\" \/>\n<meta name=\"robots\" content=\"index, follow, max-snippet:-1, max-image-preview:large, max-video-preview:-1\" \/>\n<link rel=\"canonical\" href=\"https:\/\/owlstales.eu\/uk\/product\/%d0%b4%d0%b8%d1%82%d1%8f%d1%87%d0%b5-%d1%85%d1%83%d0%b4%d1%96-owls-tales-%d1%81%d0%be%d0%b2%d0%b0-forever-kopija-kopija\/\" \/>\n<meta property=\"og:locale\" content=\"en_US\" \/>\n<meta property=\"og:type\" content=\"article\" \/>\n<meta property=\"og:title\" content=\"\u0427\u043e\u043b\u043e\u0432\u0456\u0447\u0435 \u0445\u0443\u0434\u0456 OWLS TALES Forever\" \/>\n<meta property=\"og:description\" content=\"Modelis labi saglab\u0101 formu un saglab\u0101 koptu izskatu ar\u012b regul\u0101ri lietojot un mazg\u0101jot. Uz izstr\u0101d\u0101juma tiek uzkl\u0101ts ori\u0123in\u0101ls OWLS TALES apdrukas dizains.\" \/>\n<meta property=\"og:url\" content=\"https:\/\/owlstales.eu\/uk\/product\/%d0%b4%d0%b8%d1%82%d1%8f%d1%87%d0%b5-%d1%85%d1%83%d0%b4%d1%96-owls-tales-%d1%81%d0%be%d0%b2%d0%b0-forever-kopija-kopija\/\" \/>\n<meta property=\"og:site_name\" content=\"P\u016bces pasakas\" \/>\n<meta property=\"article:publisher\" content=\"https:\/\/www.facebook.com\/owlstales.eu\/\" \/>\n<meta property=\"article:modified_time\" content=\"2026-04-02T07:49:21+00:00\" \/>\n<meta property=\"og:image\" content=\"https:\/\/owlstales.eu\/wp-content\/uploads\/2026\/03\/vir_premium_mouse.webp\" \/>\n\t<meta property=\"og:image:width\" content=\"1024\" \/>\n\t<meta property=\"og:image:height\" content=\"1024\" \/>\n\t<meta property=\"og:image:type\" content=\"image\/webp\" \/>\n<meta name=\"twitter:card\" content=\"summary_large_image\" \/>\n<meta name=\"twitter:label1\" content=\"Availability\" \/>\n\t<meta name=\"twitter:data1\" content=\"In stock\" \/>\n<script type=\"application\/ld+json\" class=\"yoast-schema-graph\">{\"@context\":\"https:\\\/\\\/schema.org\",\"@graph\":[{\"@type\":\"WebPage\",\"@id\":\"https:\\\/\\\/owlstales.eu\\\/uk\\\/product\\\/%d0%b4%d0%b8%d1%82%d1%8f%d1%87%d0%b5-%d1%85%d1%83%d0%b4%d1%96-owls-tales-%d1%81%d0%be%d0%b2%d0%b0-forever-kopija-kopija\\\/\",\"url\":\"https:\\\/\\\/owlstales.eu\\\/uk\\\/product\\\/%d0%b4%d0%b8%d1%82%d1%8f%d1%87%d0%b5-%d1%85%d1%83%d0%b4%d1%96-owls-tales-%d1%81%d0%be%d0%b2%d0%b0-forever-kopija-kopija\\\/\",\"name\":\"\u0427\u043e\u043b\u043e\u0432\u0456\u0447\u0435 \u0445\u0443\u0434\u0456 OWLS TALES Forever - P\u016bces pasakas\",\"isPartOf\":{\"@id\":\"https:\\\/\\\/owlstales.eu\\\/uk\\\/#website\"},\"primaryImageOfPage\":{\"@id\":\"https:\\\/\\\/owlstales.eu\\\/uk\\\/product\\\/%d0%b4%d0%b8%d1%82%d1%8f%d1%87%d0%b5-%d1%85%d1%83%d0%b4%d1%96-owls-tales-%d1%81%d0%be%d0%b2%d0%b0-forever-kopija-kopija\\\/#primaryimage\"},\"image\":{\"@id\":\"https:\\\/\\\/owlstales.eu\\\/uk\\\/product\\\/%d0%b4%d0%b8%d1%82%d1%8f%d1%87%d0%b5-%d1%85%d1%83%d0%b4%d1%96-owls-tales-%d1%81%d0%be%d0%b2%d0%b0-forever-kopija-kopija\\\/#primaryimage\"},\"thumbnailUrl\":\"https:\\\/\\\/owlstales.eu\\\/wp-content\\\/uploads\\\/2026\\\/03\\\/vir_premium_mouse.webp\",\"datePublished\":\"2026-03-04T14:36:34+00:00\",\"dateModified\":\"2026-04-02T07:49:21+00:00\",\"description\":\"Modelis labi saglab\u0101 formu un saglab\u0101 koptu izskatu ar\u012b regul\u0101ri lietojot un mazg\u0101jot. Uz izstr\u0101d\u0101juma tiek uzkl\u0101ts ori\u0123in\u0101ls OWLS TALES apdrukas dizains.\",\"breadcrumb\":{\"@id\":\"https:\\\/\\\/owlstales.eu\\\/uk\\\/product\\\/%d0%b4%d0%b8%d1%82%d1%8f%d1%87%d0%b5-%d1%85%d1%83%d0%b4%d1%96-owls-tales-%d1%81%d0%be%d0%b2%d0%b0-forever-kopija-kopija\\\/#breadcrumb\"},\"inLanguage\":\"ua\",\"potentialAction\":[{\"@type\":\"ReadAction\",\"target\":[\"https:\\\/\\\/owlstales.eu\\\/uk\\\/product\\\/%d0%b4%d0%b8%d1%82%d1%8f%d1%87%d0%b5-%d1%85%d1%83%d0%b4%d1%96-owls-tales-%d1%81%d0%be%d0%b2%d0%b0-forever-kopija-kopija\\\/\"]}]},{\"@type\":\"ImageObject\",\"inLanguage\":\"ua\",\"@id\":\"https:\\\/\\\/owlstales.eu\\\/uk\\\/product\\\/%d0%b4%d0%b8%d1%82%d1%8f%d1%87%d0%b5-%d1%85%d1%83%d0%b4%d1%96-owls-tales-%d1%81%d0%be%d0%b2%d0%b0-forever-kopija-kopija\\\/#primaryimage\",\"url\":\"https:\\\/\\\/owlstales.eu\\\/wp-content\\\/uploads\\\/2026\\\/03\\\/vir_premium_mouse.webp\",\"contentUrl\":\"https:\\\/\\\/owlstales.eu\\\/wp-content\\\/uploads\\\/2026\\\/03\\\/vir_premium_mouse.webp\",\"width\":1024,\"height\":1024},{\"@type\":\"BreadcrumbList\",\"@id\":\"https:\\\/\\\/owlstales.eu\\\/uk\\\/product\\\/%d0%b4%d0%b8%d1%82%d1%8f%d1%87%d0%b5-%d1%85%d1%83%d0%b4%d1%96-owls-tales-%d1%81%d0%be%d0%b2%d0%b0-forever-kopija-kopija\\\/#breadcrumb\",\"itemListElement\":[{\"@type\":\"ListItem\",\"position\":1,\"name\":\"Home\",\"item\":\"https:\\\/\\\/owlstales.eu\\\/uk\\\/\"},{\"@type\":\"ListItem\",\"position\":2,\"name\":\"\u041c\u0430\u0433\u0430\u0437\u0438\u043d\",\"item\":\"https:\\\/\\\/owlstales.eu\\\/uk\\\/%d0%bc%d0%b0%d0%b3%d0%b0%d0%b7%d0%b8%d0%bd\\\/\"},{\"@type\":\"ListItem\",\"position\":3,\"name\":\"\u0427\u043e\u043b\u043e\u0432\u0456\u0447\u0435 \u0445\u0443\u0434\u0456 OWLS TALES Forever\"}]},{\"@type\":\"WebSite\",\"@id\":\"https:\\\/\\\/owlstales.eu\\\/uk\\\/#website\",\"url\":\"https:\\\/\\\/owlstales.eu\\\/uk\\\/\",\"name\":\"P\u016bces pasakas\",\"description\":\"GR\u0100MATAS | PDF | AUDIOIZR\u0100DES | PASAKAS\",\"publisher\":{\"@id\":\"https:\\\/\\\/owlstales.eu\\\/uk\\\/#organization\"},\"alternateName\":\"owls tales\",\"potentialAction\":[{\"@type\":\"SearchAction\",\"target\":{\"@type\":\"EntryPoint\",\"urlTemplate\":\"https:\\\/\\\/owlstales.eu\\\/uk\\\/?s={search_term_string}\"},\"query-input\":{\"@type\":\"PropertyValueSpecification\",\"valueRequired\":true,\"valueName\":\"search_term_string\"}}],\"inLanguage\":\"ua\"},{\"@type\":\"Organization\",\"@id\":\"https:\\\/\\\/owlstales.eu\\\/uk\\\/#organization\",\"name\":\"P\u016bces pasakas\",\"url\":\"https:\\\/\\\/owlstales.eu\\\/uk\\\/\",\"logo\":{\"@type\":\"ImageObject\",\"inLanguage\":\"ua\",\"@id\":\"https:\\\/\\\/owlstales.eu\\\/uk\\\/#\\\/schema\\\/logo\\\/image\\\/\",\"url\":\"https:\\\/\\\/owlstales.eu\\\/wp-content\\\/uploads\\\/2026\\\/03\\\/owl_logo_ok.webp\",\"contentUrl\":\"https:\\\/\\\/owlstales.eu\\\/wp-content\\\/uploads\\\/2026\\\/03\\\/owl_logo_ok.webp\",\"width\":512,\"height\":512,\"caption\":\"P\u016bces pasakas\"},\"image\":{\"@id\":\"https:\\\/\\\/owlstales.eu\\\/uk\\\/#\\\/schema\\\/logo\\\/image\\\/\"},\"sameAs\":[\"https:\\\/\\\/www.facebook.com\\\/owlstales.eu\\\/\"],\"description\":\"Pasakas b\u0113rniem, pal\u012bgmateri\u0101li skolot\u0101jiem.\",\"email\":\"projekts.library@gmail.com\",\"telephone\":\"+371 20923022\",\"legalName\":\"ELENAS LIBRARY SIA\",\"foundingDate\":\"2025-03-01\",\"vatID\":\"LV402036769410\",\"taxID\":\"402036769410\",\"numberOfEmployees\":{\"@type\":\"QuantitativeValue\",\"minValue\":\"1\",\"maxValue\":\"10\"}}]}<\/script>\n<meta property=\"og:availability\" content=\"instock\" \/>\n<meta property=\"product:availability\" content=\"instock\" \/>\n<meta property=\"product:retailer_item_id\" content=\"hudijs_puce_vir\" \/>\n<meta property=\"product:condition\" content=\"new\" \/>\n<!-- \/ Yoast SEO Premium plugin. -->","yoast_head_json":{"title":"\u0427\u043e\u043b\u043e\u0432\u0456\u0447\u0435 \u0445\u0443\u0434\u0456 OWLS TALES Forever - P\u016bces pasakas","description":"Modelis labi saglab\u0101 formu un saglab\u0101 koptu izskatu ar\u012b regul\u0101ri lietojot un mazg\u0101jot. Uz izstr\u0101d\u0101juma tiek uzkl\u0101ts ori\u0123in\u0101ls OWLS TALES apdrukas dizains.","robots":{"index":"index","follow":"follow","max-snippet":"max-snippet:-1","max-image-preview":"max-image-preview:large","max-video-preview":"max-video-preview:-1"},"canonical":"https:\/\/owlstales.eu\/uk\/product\/%d0%b4%d0%b8%d1%82%d1%8f%d1%87%d0%b5-%d1%85%d1%83%d0%b4%d1%96-owls-tales-%d1%81%d0%be%d0%b2%d0%b0-forever-kopija-kopija\/","og_locale":"en_US","og_type":"article","og_title":"\u0427\u043e\u043b\u043e\u0432\u0456\u0447\u0435 \u0445\u0443\u0434\u0456 OWLS TALES Forever","og_description":"Modelis labi saglab\u0101 formu un saglab\u0101 koptu izskatu ar\u012b regul\u0101ri lietojot un mazg\u0101jot. Uz izstr\u0101d\u0101juma tiek uzkl\u0101ts ori\u0123in\u0101ls OWLS TALES apdrukas dizains.","og_url":"https:\/\/owlstales.eu\/uk\/product\/%d0%b4%d0%b8%d1%82%d1%8f%d1%87%d0%b5-%d1%85%d1%83%d0%b4%d1%96-owls-tales-%d1%81%d0%be%d0%b2%d0%b0-forever-kopija-kopija\/","og_site_name":"P\u016bces pasakas","article_publisher":"https:\/\/www.facebook.com\/owlstales.eu\/","article_modified_time":"2026-04-02T07:49:21+00:00","og_image":[{"width":1024,"height":1024,"url":"https:\/\/owlstales.eu\/wp-content\/uploads\/2026\/03\/vir_premium_mouse.webp","type":"image\/webp"}],"twitter_card":"summary_large_image","twitter_misc":{"Availability":"In stock"},"schema":{"@context":"https:\/\/schema.org","@graph":[{"@type":"WebPage","@id":"https:\/\/owlstales.eu\/uk\/product\/%d0%b4%d0%b8%d1%82%d1%8f%d1%87%d0%b5-%d1%85%d1%83%d0%b4%d1%96-owls-tales-%d1%81%d0%be%d0%b2%d0%b0-forever-kopija-kopija\/","url":"https:\/\/owlstales.eu\/uk\/product\/%d0%b4%d0%b8%d1%82%d1%8f%d1%87%d0%b5-%d1%85%d1%83%d0%b4%d1%96-owls-tales-%d1%81%d0%be%d0%b2%d0%b0-forever-kopija-kopija\/","name":"\u0427\u043e\u043b\u043e\u0432\u0456\u0447\u0435 \u0445\u0443\u0434\u0456 OWLS TALES Forever - P\u016bces pasakas","isPartOf":{"@id":"https:\/\/owlstales.eu\/uk\/#website"},"primaryImageOfPage":{"@id":"https:\/\/owlstales.eu\/uk\/product\/%d0%b4%d0%b8%d1%82%d1%8f%d1%87%d0%b5-%d1%85%d1%83%d0%b4%d1%96-owls-tales-%d1%81%d0%be%d0%b2%d0%b0-forever-kopija-kopija\/#primaryimage"},"image":{"@id":"https:\/\/owlstales.eu\/uk\/product\/%d0%b4%d0%b8%d1%82%d1%8f%d1%87%d0%b5-%d1%85%d1%83%d0%b4%d1%96-owls-tales-%d1%81%d0%be%d0%b2%d0%b0-forever-kopija-kopija\/#primaryimage"},"thumbnailUrl":"https:\/\/owlstales.eu\/wp-content\/uploads\/2026\/03\/vir_premium_mouse.webp","datePublished":"2026-03-04T14:36:34+00:00","dateModified":"2026-04-02T07:49:21+00:00","description":"Modelis labi saglab\u0101 formu un saglab\u0101 koptu izskatu ar\u012b regul\u0101ri lietojot un mazg\u0101jot. Uz izstr\u0101d\u0101juma tiek uzkl\u0101ts ori\u0123in\u0101ls OWLS TALES apdrukas dizains.","breadcrumb":{"@id":"https:\/\/owlstales.eu\/uk\/product\/%d0%b4%d0%b8%d1%82%d1%8f%d1%87%d0%b5-%d1%85%d1%83%d0%b4%d1%96-owls-tales-%d1%81%d0%be%d0%b2%d0%b0-forever-kopija-kopija\/#breadcrumb"},"inLanguage":"ua","potentialAction":[{"@type":"ReadAction","target":["https:\/\/owlstales.eu\/uk\/product\/%d0%b4%d0%b8%d1%82%d1%8f%d1%87%d0%b5-%d1%85%d1%83%d0%b4%d1%96-owls-tales-%d1%81%d0%be%d0%b2%d0%b0-forever-kopija-kopija\/"]}]},{"@type":"ImageObject","inLanguage":"ua","@id":"https:\/\/owlstales.eu\/uk\/product\/%d0%b4%d0%b8%d1%82%d1%8f%d1%87%d0%b5-%d1%85%d1%83%d0%b4%d1%96-owls-tales-%d1%81%d0%be%d0%b2%d0%b0-forever-kopija-kopija\/#primaryimage","url":"https:\/\/owlstales.eu\/wp-content\/uploads\/2026\/03\/vir_premium_mouse.webp","contentUrl":"https:\/\/owlstales.eu\/wp-content\/uploads\/2026\/03\/vir_premium_mouse.webp","width":1024,"height":1024},{"@type":"BreadcrumbList","@id":"https:\/\/owlstales.eu\/uk\/product\/%d0%b4%d0%b8%d1%82%d1%8f%d1%87%d0%b5-%d1%85%d1%83%d0%b4%d1%96-owls-tales-%d1%81%d0%be%d0%b2%d0%b0-forever-kopija-kopija\/#breadcrumb","itemListElement":[{"@type":"ListItem","position":1,"name":"Home","item":"https:\/\/owlstales.eu\/uk\/"},{"@type":"ListItem","position":2,"name":"\u041c\u0430\u0433\u0430\u0437\u0438\u043d","item":"https:\/\/owlstales.eu\/uk\/%d0%bc%d0%b0%d0%b3%d0%b0%d0%b7%d0%b8%d0%bd\/"},{"@type":"ListItem","position":3,"name":"\u0427\u043e\u043b\u043e\u0432\u0456\u0447\u0435 \u0445\u0443\u0434\u0456 OWLS TALES Forever"}]},{"@type":"WebSite","@id":"https:\/\/owlstales.eu\/uk\/#website","url":"https:\/\/owlstales.eu\/uk\/","name":"P\u016bces pasakas","description":"GR\u0100MATAS | PDF | AUDIOIZR\u0100DES | PASAKAS","publisher":{"@id":"https:\/\/owlstales.eu\/uk\/#organization"},"alternateName":"owls tales","potentialAction":[{"@type":"SearchAction","target":{"@type":"EntryPoint","urlTemplate":"https:\/\/owlstales.eu\/uk\/?s={search_term_string}"},"query-input":{"@type":"PropertyValueSpecification","valueRequired":true,"valueName":"search_term_string"}}],"inLanguage":"ua"},{"@type":"Organization","@id":"https:\/\/owlstales.eu\/uk\/#organization","name":"P\u016bces pasakas","url":"https:\/\/owlstales.eu\/uk\/","logo":{"@type":"ImageObject","inLanguage":"ua","@id":"https:\/\/owlstales.eu\/uk\/#\/schema\/logo\/image\/","url":"https:\/\/owlstales.eu\/wp-content\/uploads\/2026\/03\/owl_logo_ok.webp","contentUrl":"https:\/\/owlstales.eu\/wp-content\/uploads\/2026\/03\/owl_logo_ok.webp","width":512,"height":512,"caption":"P\u016bces pasakas"},"image":{"@id":"https:\/\/owlstales.eu\/uk\/#\/schema\/logo\/image\/"},"sameAs":["https:\/\/www.facebook.com\/owlstales.eu\/"],"description":"Pasakas b\u0113rniem, pal\u012bgmateri\u0101li skolot\u0101jiem.","email":"projekts.library@gmail.com","telephone":"+371 20923022","legalName":"ELENAS LIBRARY SIA","foundingDate":"2025-03-01","vatID":"LV402036769410","taxID":"402036769410","numberOfEmployees":{"@type":"QuantitativeValue","minValue":"1","maxValue":"10"}}]},"og_availability":"instock","product_availability":"instock","product_retailer_item_id":"hudijs_puce_vir","product_condition":"new"},"_links":{"self":[{"href":"https:\/\/owlstales.eu\/uk\/wp-json\/wp\/v2\/product\/2231","targetHints":{"allow":["GET"]}}],"collection":[{"href":"https:\/\/owlstales.eu\/uk\/wp-json\/wp\/v2\/product"}],"about":[{"href":"https:\/\/owlstales.eu\/uk\/wp-json\/wp\/v2\/types\/product"}],"replies":[{"embeddable":true,"href":"https:\/\/owlstales.eu\/uk\/wp-json\/wp\/v2\/comments?post=2231"}],"wp:featuredmedia":[{"embeddable":true,"href":"https:\/\/owlstales.eu\/uk\/wp-json\/wp\/v2\/media\/2296"}],"wp:attachment":[{"href":"https:\/\/owlstales.eu\/uk\/wp-json\/wp\/v2\/media?parent=2231"}],"wp:term":[{"taxonomy":"product_brand","embeddable":true,"href":"https:\/\/owlstales.eu\/uk\/wp-json\/wp\/v2\/product_brand?post=2231"},{"taxonomy":"product_cat","embeddable":true,"href":"https:\/\/owlstales.eu\/uk\/wp-json\/wp\/v2\/product_cat?post=2231"},{"taxonomy":"product_tag","embeddable":true,"href":"https:\/\/owlstales.eu\/uk\/wp-json\/wp\/v2\/product_tag?post=2231"}],"curies":[{"name":"wp","href":"https:\/\/api.w.org\/{rel}","templated":true}]}}