{"id":1958,"date":"2026-03-03T10:42:28","date_gmt":"2026-03-03T08:42:28","guid":{"rendered":"https:\/\/owlstales.eu\/product\/%d0%b4%d0%b8%d1%82%d1%8f%d1%87%d0%b5-%d1%85%d1%83%d0%b4%d1%96-owls-tales-%d1%81%d0%be%d0%b2%d0%b0-forever\/"},"modified":"2026-04-01T14:11:49","modified_gmt":"2026-04-01T12:11:49","slug":"%d0%b4%d0%b8%d1%82%d1%8f%d1%87%d0%b5-%d1%85%d1%83%d0%b4%d1%96-owls-tales-%d1%81%d0%be%d0%b2%d0%b0-forever","status":"publish","type":"product","link":"https:\/\/owlstales.eu\/uk\/product\/%d0%b4%d0%b8%d1%82%d1%8f%d1%87%d0%b5-%d1%85%d1%83%d0%b4%d1%96-owls-tales-%d1%81%d0%be%d0%b2%d0%b0-forever\/","title":{"rendered":"\u0414\u0438\u0442\u044f\u0447\u0435 \u0445\u0443\u0434\u0456 OWLS TALES Forever"},"content":{"rendered":"<p>\u0414\u0438\u0442\u044f\u0447\u0435 \u0445\u0443\u0434\u0456 OWLS TALES Forever \u0432\u0438\u0433\u043e\u0442\u043e\u0432\u043b\u0435\u043d\u0435 \u043d\u0430 \u0431\u0430\u0437\u0456 \u0445\u0443\u0434\u0456 \u043f\u0440\u0435\u043c\u0456\u0430\u043b\u044c\u043d\u043e\u0457 \u044f\u043a\u043e\u0441\u0442\u0456 \u0432\u0438\u0440\u043e\u0431\u043d\u0438\u043a\u0430 SOL&#8217;S. \u041c\u043e\u0434\u0435\u043b\u044c \u0432\u0456\u0434\u0440\u0456\u0437\u043d\u044f\u0454\u0442\u044c\u0441\u044f \u0430\u043a\u0443\u0440\u0430\u0442\u043d\u043e\u044e \u043f\u043e\u0441\u0430\u0434\u043a\u043e\u044e, \u0434\u043e\u0431\u0440\u0435 \u0442\u0440\u0438\u043c\u0430\u0454 \u0444\u043e\u0440\u043c\u0443 \u0442\u0430 \u0437\u0431\u0435\u0440\u0456\u0433\u0430\u0454 \u043f\u0440\u0435\u0437\u0435\u043d\u0442\u0430\u0431\u0435\u043b\u044c\u043d\u0438\u0439 \u0432\u0438\u0433\u043b\u044f\u0434 \u043f\u0440\u0438 \u0440\u0435\u0433\u0443\u043b\u044f\u0440\u043d\u043e\u043c\u0443 \u0432\u0438\u043a\u043e\u0440\u0438\u0441\u0442\u0430\u043d\u043d\u0456. \u041f\u0456\u0434\u0445\u043e\u0434\u0438\u0442\u044c \u0434\u043b\u044f \u0448\u043a\u043e\u043b\u0438, \u043f\u0440\u043e\u0433\u0443\u043b\u044f\u043d\u043e\u043a \u0456 \u043f\u043e\u0432\u0441\u044f\u043a\u0434\u0435\u043d\u043d\u043e\u0433\u043e \u0436\u0438\u0442\u0442\u044f \u0434\u0438\u0442\u0438\u043d\u0438.<br \/>\n\u0425\u0443\u0434\u0456 \u0432\u0438\u0433\u043e\u0442\u043e\u0432\u043b\u0435\u043d\u0435 \u0437 \u043c\u2019\u044f\u043a\u043e\u0433\u043e \u0449\u0456\u043b\u044c\u043d\u043e\u0433\u043e \u0442\u0440\u0438\u043a\u043e\u0442\u0430\u0436\u0443 \u0437 \u0432\u0438\u0441\u043e\u043a\u0438\u043c \u0432\u043c\u0456\u0441\u0442\u043e\u043c \u0431\u0430\u0432\u043e\u0432\u043d\u0438, \u043a\u043e\u043c\u0444\u043e\u0440\u0442\u043d\u043e\u0433\u043e \u0434\u043b\u044f \u0449\u043e\u0434\u0435\u043d\u043d\u043e\u0433\u043e \u043d\u043e\u0441\u0456\u043d\u043d\u044f. \u041d\u0430 \u0432\u0438\u0440\u0456\u0431 \u043d\u0430\u043d\u043e\u0441\u0438\u0442\u044c\u0441\u044f \u043e\u0440\u0438\u0433\u0456\u043d\u0430\u043b\u044c\u043d\u0438\u0439 \u043f\u0440\u0438\u043d\u0442 OWLS TALES.<br \/>\n<img fetchpriority=\"high\" decoding=\"async\" class=\"wp-image-1830 aligncenter\" src=\"https:\/\/owlstales.eu\/wp-content\/uploads\/2026\/02\/IzmeriHudijiPremiumBernu-300x75.png\" alt=\"\" width=\"740\" height=\"185\" srcset=\"https:\/\/owlstales.eu\/wp-content\/uploads\/2026\/02\/IzmeriHudijiPremiumBernu-300x75.png 300w, https:\/\/owlstales.eu\/wp-content\/uploads\/2026\/02\/IzmeriHudijiPremiumBernu-1024x255.png 1024w, https:\/\/owlstales.eu\/wp-content\/uploads\/2026\/02\/IzmeriHudijiPremiumBernu-768x191.png 768w, https:\/\/owlstales.eu\/wp-content\/uploads\/2026\/02\/IzmeriHudijiPremiumBernu-600x149.png 600w, https:\/\/owlstales.eu\/wp-content\/uploads\/2026\/02\/IzmeriHudijiPremiumBernu.png 1046w\" sizes=\"(max-width: 740px) 100vw, 740px\" \/><\/p>\n","protected":false},"excerpt":{"rendered":"<p>Modelis: OWLS TALES Forever<br \/>\nApdruka: OWLS TALES \u00abLidojo\u0161ais pel\u0113ns\u00bb<br \/>\nTips: h\u016bdijs ar kapuci\u2028<br \/>\nPamata h\u016bdijs: SOL&#8217;S<br \/>\nSast\u0101vs: 80% kokvilna, 20% poliesteris<br \/>\nAuduma bl\u012bvums: apm\u0113ram 280 g\/m\u00b2<br \/>\nApdruka: kvalitat\u012bva tekstila apdruka<br \/>\n\u2028Izm\u0113ri: b\u0113rnu izm\u0113ri apm\u0113ram 4\u201312 gadi<br \/>\nKop\u0161ana: mazg\u0101\u0161ana ve\u013casma\u0161\u012bn\u0101 parastaj\u0101 re\u017e\u012bm\u0101<\/p>\n","protected":false},"featured_media":1952,"comment_status":"open","ping_status":"closed","template":"","meta":[],"product_brand":[],"product_cat":[112,111,144],"product_tag":[],"class_list":{"0":"post-1958","1":"product","2":"type-product","3":"status-publish","4":"has-post-thumbnail","6":"product_cat-hudiji","7":"product_cat-111","8":"product_cat-144","9":"pa_krasa-burgundy","10":"pa_krasa-navy","12":"first","13":"instock","14":"taxable","15":"shipping-taxable","16":"purchasable","17":"product-type-variable"},"yoast_head":"<!-- This site is optimized with the Yoast SEO Premium plugin v27.1 (Yoast SEO v27.4) - https:\/\/yoast.com\/product\/yoast-seo-premium-wordpress\/ -->\n<title>\u0414\u0438\u0442\u044f\u0447\u0435 \u0445\u0443\u0434\u0456 OWLS TALES Forever - P\u016bces pasakas<\/title>\n<meta name=\"description\" content=\"B\u0113rnu h\u016bdijs OWLS TALES Forever izgatavots uz SOL&#039;S ra\u017eot\u0101 premium kvalit\u0101tes h\u016bdija b\u0101zes. H\u016bdijs izgatavots no m\u012bksta, bl\u012bva trikot\u0101\u017eas auduma.\" \/>\n<meta name=\"robots\" content=\"index, follow, max-snippet:-1, max-image-preview:large, max-video-preview:-1\" \/>\n<link rel=\"canonical\" href=\"https:\/\/owlstales.eu\/uk\/product\/%d0%b4%d0%b8%d1%82%d1%8f%d1%87%d0%b5-%d1%85%d1%83%d0%b4%d1%96-owls-tales-%d1%81%d0%be%d0%b2%d0%b0-forever\/\" \/>\n<meta property=\"og:locale\" content=\"en_US\" \/>\n<meta property=\"og:type\" content=\"article\" \/>\n<meta property=\"og:title\" content=\"\u0414\u0438\u0442\u044f\u0447\u0435 \u0445\u0443\u0434\u0456 OWLS TALES Forever\" \/>\n<meta property=\"og:description\" content=\"B\u0113rnu h\u016bdijs OWLS TALES Forever izgatavots uz SOL&#039;S ra\u017eot\u0101 premium kvalit\u0101tes h\u016bdija b\u0101zes. H\u016bdijs izgatavots no m\u012bksta, bl\u012bva trikot\u0101\u017eas auduma.\" \/>\n<meta property=\"og:url\" content=\"https:\/\/owlstales.eu\/uk\/product\/%d0%b4%d0%b8%d1%82%d1%8f%d1%87%d0%b5-%d1%85%d1%83%d0%b4%d1%96-owls-tales-%d1%81%d0%be%d0%b2%d0%b0-forever\/\" \/>\n<meta property=\"og:site_name\" content=\"P\u016bces pasakas\" \/>\n<meta property=\"article:publisher\" content=\"https:\/\/www.facebook.com\/owlstales.eu\/\" \/>\n<meta property=\"article:modified_time\" content=\"2026-04-01T12:11:49+00:00\" \/>\n<meta property=\"og:image\" content=\"https:\/\/owlstales.eu\/wp-content\/uploads\/2026\/03\/Hudijs_puce_navy.webp\" \/>\n\t<meta property=\"og:image:width\" content=\"1024\" \/>\n\t<meta property=\"og:image:height\" content=\"1024\" \/>\n\t<meta property=\"og:image:type\" content=\"image\/webp\" \/>\n<meta name=\"twitter:card\" content=\"summary_large_image\" \/>\n<meta name=\"twitter:label1\" content=\"Availability\" \/>\n\t<meta name=\"twitter:data1\" content=\"In stock\" \/>\n<script type=\"application\/ld+json\" class=\"yoast-schema-graph\">{\"@context\":\"https:\\\/\\\/schema.org\",\"@graph\":[{\"@type\":\"WebPage\",\"@id\":\"https:\\\/\\\/owlstales.eu\\\/uk\\\/product\\\/%d0%b4%d0%b8%d1%82%d1%8f%d1%87%d0%b5-%d1%85%d1%83%d0%b4%d1%96-owls-tales-%d1%81%d0%be%d0%b2%d0%b0-forever\\\/\",\"url\":\"https:\\\/\\\/owlstales.eu\\\/uk\\\/product\\\/%d0%b4%d0%b8%d1%82%d1%8f%d1%87%d0%b5-%d1%85%d1%83%d0%b4%d1%96-owls-tales-%d1%81%d0%be%d0%b2%d0%b0-forever\\\/\",\"name\":\"\u0414\u0438\u0442\u044f\u0447\u0435 \u0445\u0443\u0434\u0456 OWLS TALES Forever - P\u016bces pasakas\",\"isPartOf\":{\"@id\":\"https:\\\/\\\/owlstales.eu\\\/uk\\\/#website\"},\"primaryImageOfPage\":{\"@id\":\"https:\\\/\\\/owlstales.eu\\\/uk\\\/product\\\/%d0%b4%d0%b8%d1%82%d1%8f%d1%87%d0%b5-%d1%85%d1%83%d0%b4%d1%96-owls-tales-%d1%81%d0%be%d0%b2%d0%b0-forever\\\/#primaryimage\"},\"image\":{\"@id\":\"https:\\\/\\\/owlstales.eu\\\/uk\\\/product\\\/%d0%b4%d0%b8%d1%82%d1%8f%d1%87%d0%b5-%d1%85%d1%83%d0%b4%d1%96-owls-tales-%d1%81%d0%be%d0%b2%d0%b0-forever\\\/#primaryimage\"},\"thumbnailUrl\":\"https:\\\/\\\/owlstales.eu\\\/wp-content\\\/uploads\\\/2026\\\/03\\\/Hudijs_puce_navy.webp\",\"datePublished\":\"2026-03-03T08:42:28+00:00\",\"dateModified\":\"2026-04-01T12:11:49+00:00\",\"description\":\"B\u0113rnu h\u016bdijs OWLS TALES Forever izgatavots uz SOL'S ra\u017eot\u0101 premium kvalit\u0101tes h\u016bdija b\u0101zes. H\u016bdijs izgatavots no m\u012bksta, bl\u012bva trikot\u0101\u017eas auduma.\",\"breadcrumb\":{\"@id\":\"https:\\\/\\\/owlstales.eu\\\/uk\\\/product\\\/%d0%b4%d0%b8%d1%82%d1%8f%d1%87%d0%b5-%d1%85%d1%83%d0%b4%d1%96-owls-tales-%d1%81%d0%be%d0%b2%d0%b0-forever\\\/#breadcrumb\"},\"inLanguage\":\"ua\",\"potentialAction\":[{\"@type\":\"ReadAction\",\"target\":[\"https:\\\/\\\/owlstales.eu\\\/uk\\\/product\\\/%d0%b4%d0%b8%d1%82%d1%8f%d1%87%d0%b5-%d1%85%d1%83%d0%b4%d1%96-owls-tales-%d1%81%d0%be%d0%b2%d0%b0-forever\\\/\"]}]},{\"@type\":\"ImageObject\",\"inLanguage\":\"ua\",\"@id\":\"https:\\\/\\\/owlstales.eu\\\/uk\\\/product\\\/%d0%b4%d0%b8%d1%82%d1%8f%d1%87%d0%b5-%d1%85%d1%83%d0%b4%d1%96-owls-tales-%d1%81%d0%be%d0%b2%d0%b0-forever\\\/#primaryimage\",\"url\":\"https:\\\/\\\/owlstales.eu\\\/wp-content\\\/uploads\\\/2026\\\/03\\\/Hudijs_puce_navy.webp\",\"contentUrl\":\"https:\\\/\\\/owlstales.eu\\\/wp-content\\\/uploads\\\/2026\\\/03\\\/Hudijs_puce_navy.webp\",\"width\":1024,\"height\":1024},{\"@type\":\"BreadcrumbList\",\"@id\":\"https:\\\/\\\/owlstales.eu\\\/uk\\\/product\\\/%d0%b4%d0%b8%d1%82%d1%8f%d1%87%d0%b5-%d1%85%d1%83%d0%b4%d1%96-owls-tales-%d1%81%d0%be%d0%b2%d0%b0-forever\\\/#breadcrumb\",\"itemListElement\":[{\"@type\":\"ListItem\",\"position\":1,\"name\":\"Home\",\"item\":\"https:\\\/\\\/owlstales.eu\\\/uk\\\/\"},{\"@type\":\"ListItem\",\"position\":2,\"name\":\"\u041c\u0430\u0433\u0430\u0437\u0438\u043d\",\"item\":\"https:\\\/\\\/owlstales.eu\\\/uk\\\/%d0%bc%d0%b0%d0%b3%d0%b0%d0%b7%d0%b8%d0%bd\\\/\"},{\"@type\":\"ListItem\",\"position\":3,\"name\":\"\u0414\u0438\u0442\u044f\u0447\u0435 \u0445\u0443\u0434\u0456 OWLS TALES Forever\"}]},{\"@type\":\"WebSite\",\"@id\":\"https:\\\/\\\/owlstales.eu\\\/uk\\\/#website\",\"url\":\"https:\\\/\\\/owlstales.eu\\\/uk\\\/\",\"name\":\"P\u016bces pasakas\",\"description\":\"GR\u0100MATAS | PDF | AUDIOIZR\u0100DES | PASAKAS\",\"publisher\":{\"@id\":\"https:\\\/\\\/owlstales.eu\\\/uk\\\/#organization\"},\"alternateName\":\"owls tales\",\"potentialAction\":[{\"@type\":\"SearchAction\",\"target\":{\"@type\":\"EntryPoint\",\"urlTemplate\":\"https:\\\/\\\/owlstales.eu\\\/uk\\\/?s={search_term_string}\"},\"query-input\":{\"@type\":\"PropertyValueSpecification\",\"valueRequired\":true,\"valueName\":\"search_term_string\"}}],\"inLanguage\":\"ua\"},{\"@type\":\"Organization\",\"@id\":\"https:\\\/\\\/owlstales.eu\\\/uk\\\/#organization\",\"name\":\"P\u016bces pasakas\",\"url\":\"https:\\\/\\\/owlstales.eu\\\/uk\\\/\",\"logo\":{\"@type\":\"ImageObject\",\"inLanguage\":\"ua\",\"@id\":\"https:\\\/\\\/owlstales.eu\\\/uk\\\/#\\\/schema\\\/logo\\\/image\\\/\",\"url\":\"https:\\\/\\\/owlstales.eu\\\/wp-content\\\/uploads\\\/2026\\\/03\\\/owl_logo_ok.webp\",\"contentUrl\":\"https:\\\/\\\/owlstales.eu\\\/wp-content\\\/uploads\\\/2026\\\/03\\\/owl_logo_ok.webp\",\"width\":512,\"height\":512,\"caption\":\"P\u016bces pasakas\"},\"image\":{\"@id\":\"https:\\\/\\\/owlstales.eu\\\/uk\\\/#\\\/schema\\\/logo\\\/image\\\/\"},\"sameAs\":[\"https:\\\/\\\/www.facebook.com\\\/owlstales.eu\\\/\"],\"description\":\"Pasakas b\u0113rniem, pal\u012bgmateri\u0101li skolot\u0101jiem.\",\"email\":\"projekts.library@gmail.com\",\"telephone\":\"+371 20923022\",\"legalName\":\"ELENAS LIBRARY SIA\",\"foundingDate\":\"2025-03-01\",\"vatID\":\"LV402036769410\",\"taxID\":\"402036769410\",\"numberOfEmployees\":{\"@type\":\"QuantitativeValue\",\"minValue\":\"1\",\"maxValue\":\"10\"}}]}<\/script>\n<meta property=\"og:availability\" content=\"instock\" \/>\n<meta property=\"product:availability\" content=\"instock\" \/>\n<meta property=\"product:retailer_item_id\" content=\"hudijs_puce\" \/>\n<meta property=\"product:condition\" content=\"new\" \/>\n<!-- \/ Yoast SEO Premium plugin. -->","yoast_head_json":{"title":"\u0414\u0438\u0442\u044f\u0447\u0435 \u0445\u0443\u0434\u0456 OWLS TALES Forever - P\u016bces pasakas","description":"B\u0113rnu h\u016bdijs OWLS TALES Forever izgatavots uz SOL'S ra\u017eot\u0101 premium kvalit\u0101tes h\u016bdija b\u0101zes. H\u016bdijs izgatavots no m\u012bksta, bl\u012bva trikot\u0101\u017eas auduma.","robots":{"index":"index","follow":"follow","max-snippet":"max-snippet:-1","max-image-preview":"max-image-preview:large","max-video-preview":"max-video-preview:-1"},"canonical":"https:\/\/owlstales.eu\/uk\/product\/%d0%b4%d0%b8%d1%82%d1%8f%d1%87%d0%b5-%d1%85%d1%83%d0%b4%d1%96-owls-tales-%d1%81%d0%be%d0%b2%d0%b0-forever\/","og_locale":"en_US","og_type":"article","og_title":"\u0414\u0438\u0442\u044f\u0447\u0435 \u0445\u0443\u0434\u0456 OWLS TALES Forever","og_description":"B\u0113rnu h\u016bdijs OWLS TALES Forever izgatavots uz SOL'S ra\u017eot\u0101 premium kvalit\u0101tes h\u016bdija b\u0101zes. H\u016bdijs izgatavots no m\u012bksta, bl\u012bva trikot\u0101\u017eas auduma.","og_url":"https:\/\/owlstales.eu\/uk\/product\/%d0%b4%d0%b8%d1%82%d1%8f%d1%87%d0%b5-%d1%85%d1%83%d0%b4%d1%96-owls-tales-%d1%81%d0%be%d0%b2%d0%b0-forever\/","og_site_name":"P\u016bces pasakas","article_publisher":"https:\/\/www.facebook.com\/owlstales.eu\/","article_modified_time":"2026-04-01T12:11:49+00:00","og_image":[{"width":1024,"height":1024,"url":"https:\/\/owlstales.eu\/wp-content\/uploads\/2026\/03\/Hudijs_puce_navy.webp","type":"image\/webp"}],"twitter_card":"summary_large_image","twitter_misc":{"Availability":"In stock"},"schema":{"@context":"https:\/\/schema.org","@graph":[{"@type":"WebPage","@id":"https:\/\/owlstales.eu\/uk\/product\/%d0%b4%d0%b8%d1%82%d1%8f%d1%87%d0%b5-%d1%85%d1%83%d0%b4%d1%96-owls-tales-%d1%81%d0%be%d0%b2%d0%b0-forever\/","url":"https:\/\/owlstales.eu\/uk\/product\/%d0%b4%d0%b8%d1%82%d1%8f%d1%87%d0%b5-%d1%85%d1%83%d0%b4%d1%96-owls-tales-%d1%81%d0%be%d0%b2%d0%b0-forever\/","name":"\u0414\u0438\u0442\u044f\u0447\u0435 \u0445\u0443\u0434\u0456 OWLS TALES Forever - P\u016bces pasakas","isPartOf":{"@id":"https:\/\/owlstales.eu\/uk\/#website"},"primaryImageOfPage":{"@id":"https:\/\/owlstales.eu\/uk\/product\/%d0%b4%d0%b8%d1%82%d1%8f%d1%87%d0%b5-%d1%85%d1%83%d0%b4%d1%96-owls-tales-%d1%81%d0%be%d0%b2%d0%b0-forever\/#primaryimage"},"image":{"@id":"https:\/\/owlstales.eu\/uk\/product\/%d0%b4%d0%b8%d1%82%d1%8f%d1%87%d0%b5-%d1%85%d1%83%d0%b4%d1%96-owls-tales-%d1%81%d0%be%d0%b2%d0%b0-forever\/#primaryimage"},"thumbnailUrl":"https:\/\/owlstales.eu\/wp-content\/uploads\/2026\/03\/Hudijs_puce_navy.webp","datePublished":"2026-03-03T08:42:28+00:00","dateModified":"2026-04-01T12:11:49+00:00","description":"B\u0113rnu h\u016bdijs OWLS TALES Forever izgatavots uz SOL'S ra\u017eot\u0101 premium kvalit\u0101tes h\u016bdija b\u0101zes. H\u016bdijs izgatavots no m\u012bksta, bl\u012bva trikot\u0101\u017eas auduma.","breadcrumb":{"@id":"https:\/\/owlstales.eu\/uk\/product\/%d0%b4%d0%b8%d1%82%d1%8f%d1%87%d0%b5-%d1%85%d1%83%d0%b4%d1%96-owls-tales-%d1%81%d0%be%d0%b2%d0%b0-forever\/#breadcrumb"},"inLanguage":"ua","potentialAction":[{"@type":"ReadAction","target":["https:\/\/owlstales.eu\/uk\/product\/%d0%b4%d0%b8%d1%82%d1%8f%d1%87%d0%b5-%d1%85%d1%83%d0%b4%d1%96-owls-tales-%d1%81%d0%be%d0%b2%d0%b0-forever\/"]}]},{"@type":"ImageObject","inLanguage":"ua","@id":"https:\/\/owlstales.eu\/uk\/product\/%d0%b4%d0%b8%d1%82%d1%8f%d1%87%d0%b5-%d1%85%d1%83%d0%b4%d1%96-owls-tales-%d1%81%d0%be%d0%b2%d0%b0-forever\/#primaryimage","url":"https:\/\/owlstales.eu\/wp-content\/uploads\/2026\/03\/Hudijs_puce_navy.webp","contentUrl":"https:\/\/owlstales.eu\/wp-content\/uploads\/2026\/03\/Hudijs_puce_navy.webp","width":1024,"height":1024},{"@type":"BreadcrumbList","@id":"https:\/\/owlstales.eu\/uk\/product\/%d0%b4%d0%b8%d1%82%d1%8f%d1%87%d0%b5-%d1%85%d1%83%d0%b4%d1%96-owls-tales-%d1%81%d0%be%d0%b2%d0%b0-forever\/#breadcrumb","itemListElement":[{"@type":"ListItem","position":1,"name":"Home","item":"https:\/\/owlstales.eu\/uk\/"},{"@type":"ListItem","position":2,"name":"\u041c\u0430\u0433\u0430\u0437\u0438\u043d","item":"https:\/\/owlstales.eu\/uk\/%d0%bc%d0%b0%d0%b3%d0%b0%d0%b7%d0%b8%d0%bd\/"},{"@type":"ListItem","position":3,"name":"\u0414\u0438\u0442\u044f\u0447\u0435 \u0445\u0443\u0434\u0456 OWLS TALES Forever"}]},{"@type":"WebSite","@id":"https:\/\/owlstales.eu\/uk\/#website","url":"https:\/\/owlstales.eu\/uk\/","name":"P\u016bces pasakas","description":"GR\u0100MATAS | PDF | AUDIOIZR\u0100DES | PASAKAS","publisher":{"@id":"https:\/\/owlstales.eu\/uk\/#organization"},"alternateName":"owls tales","potentialAction":[{"@type":"SearchAction","target":{"@type":"EntryPoint","urlTemplate":"https:\/\/owlstales.eu\/uk\/?s={search_term_string}"},"query-input":{"@type":"PropertyValueSpecification","valueRequired":true,"valueName":"search_term_string"}}],"inLanguage":"ua"},{"@type":"Organization","@id":"https:\/\/owlstales.eu\/uk\/#organization","name":"P\u016bces pasakas","url":"https:\/\/owlstales.eu\/uk\/","logo":{"@type":"ImageObject","inLanguage":"ua","@id":"https:\/\/owlstales.eu\/uk\/#\/schema\/logo\/image\/","url":"https:\/\/owlstales.eu\/wp-content\/uploads\/2026\/03\/owl_logo_ok.webp","contentUrl":"https:\/\/owlstales.eu\/wp-content\/uploads\/2026\/03\/owl_logo_ok.webp","width":512,"height":512,"caption":"P\u016bces pasakas"},"image":{"@id":"https:\/\/owlstales.eu\/uk\/#\/schema\/logo\/image\/"},"sameAs":["https:\/\/www.facebook.com\/owlstales.eu\/"],"description":"Pasakas b\u0113rniem, pal\u012bgmateri\u0101li skolot\u0101jiem.","email":"projekts.library@gmail.com","telephone":"+371 20923022","legalName":"ELENAS LIBRARY SIA","foundingDate":"2025-03-01","vatID":"LV402036769410","taxID":"402036769410","numberOfEmployees":{"@type":"QuantitativeValue","minValue":"1","maxValue":"10"}}]},"og_availability":"instock","product_availability":"instock","product_retailer_item_id":"hudijs_puce","product_condition":"new"},"_links":{"self":[{"href":"https:\/\/owlstales.eu\/uk\/wp-json\/wp\/v2\/product\/1958","targetHints":{"allow":["GET"]}}],"collection":[{"href":"https:\/\/owlstales.eu\/uk\/wp-json\/wp\/v2\/product"}],"about":[{"href":"https:\/\/owlstales.eu\/uk\/wp-json\/wp\/v2\/types\/product"}],"replies":[{"embeddable":true,"href":"https:\/\/owlstales.eu\/uk\/wp-json\/wp\/v2\/comments?post=1958"}],"wp:featuredmedia":[{"embeddable":true,"href":"https:\/\/owlstales.eu\/uk\/wp-json\/wp\/v2\/media\/1952"}],"wp:attachment":[{"href":"https:\/\/owlstales.eu\/uk\/wp-json\/wp\/v2\/media?parent=1958"}],"wp:term":[{"taxonomy":"product_brand","embeddable":true,"href":"https:\/\/owlstales.eu\/uk\/wp-json\/wp\/v2\/product_brand?post=1958"},{"taxonomy":"product_cat","embeddable":true,"href":"https:\/\/owlstales.eu\/uk\/wp-json\/wp\/v2\/product_cat?post=1958"},{"taxonomy":"product_tag","embeddable":true,"href":"https:\/\/owlstales.eu\/uk\/wp-json\/wp\/v2\/product_tag?post=1958"}],"curies":[{"name":"wp","href":"https:\/\/api.w.org\/{rel}","templated":true}]}}