{"id":3217,"date":"2026-02-25T14:56:12","date_gmt":"2026-02-25T12:56:12","guid":{"rendered":"https:\/\/owlstales.eu\/%d0%ba%d0%bb%d1%83%d0%b1-%d0%b4%d1%80%d1%83%d0%b7%d1%96%d0%b2\/"},"modified":"2026-04-06T15:33:01","modified_gmt":"2026-04-06T13:33:01","slug":"%d0%ba%d0%bb%d1%83%d0%b1-%d0%b4%d1%80%d1%83%d0%b7%d1%96%d0%b2","status":"publish","type":"page","link":"https:\/\/owlstales.eu\/uk\/%d0%ba%d0%bb%d1%83%d0%b1-%d0%b4%d1%80%d1%83%d0%b7%d1%96%d0%b2\/","title":{"rendered":"\u041a\u043b\u0443\u0431 \u0434\u0440\u0443\u0437\u0456\u0432"},"content":{"rendered":"\t\t<div data-elementor-type=\"wp-page\" data-elementor-id=\"3217\" class=\"elementor elementor-3217 elementor-1763\" data-elementor-post-type=\"page\">\n\t\t\t\t<div class=\"elementor-element elementor-element-bcade3b e-flex e-con-boxed e-con e-parent\" data-id=\"bcade3b\" data-element_type=\"container\" data-e-type=\"container\">\n\t\t\t\t\t<div class=\"e-con-inner\">\n\t\t\t\t\t<\/div>\n\t\t\t\t<\/div>\n\t\t\t\t<\/div>\n\t\t","protected":false},"excerpt":{"rendered":"","protected":false},"author":1,"featured_media":0,"parent":0,"menu_order":0,"comment_status":"closed","ping_status":"closed","template":"","meta":{"footnotes":""},"class_list":["post-3217","page","type-page","status-publish","hentry"],"blocksy_meta":{"has_hero_section":"disabled","styles_descriptor":{"styles":{"desktop":"","tablet":"","mobile":""},"google_fonts":[],"version":6}},"yoast_head":"<!-- This site is optimized with the Yoast SEO Premium plugin v27.1 (Yoast SEO v27.4) - https:\/\/yoast.com\/product\/yoast-seo-premium-wordpress\/ -->\n<title>\u041a\u043b\u0443\u0431 \u0434\u0440\u0443\u0437\u0456\u0432 - P\u016bces pasakas<\/title>\n<meta name=\"robots\" content=\"index, follow, max-snippet:-1, max-image-preview:large, max-video-preview:-1\" \/>\n<link rel=\"canonical\" href=\"https:\/\/owlstales.eu\/uk\/%d0%ba%d0%bb%d1%83%d0%b1-%d0%b4%d1%80%d1%83%d0%b7%d1%96%d0%b2\/\" \/>\n<meta property=\"og:locale\" content=\"en_US\" \/>\n<meta property=\"og:type\" content=\"article\" \/>\n<meta property=\"og:title\" content=\"\u041a\u043b\u0443\u0431 \u0434\u0440\u0443\u0437\u0456\u0432\" \/>\n<meta property=\"og:url\" content=\"https:\/\/owlstales.eu\/uk\/%d0%ba%d0%bb%d1%83%d0%b1-%d0%b4%d1%80%d1%83%d0%b7%d1%96%d0%b2\/\" \/>\n<meta property=\"og:site_name\" content=\"P\u016bces pasakas\" \/>\n<meta property=\"article:publisher\" content=\"https:\/\/www.facebook.com\/owlstales.eu\/\" \/>\n<meta property=\"article:modified_time\" content=\"2026-04-06T13:33:01+00:00\" \/>\n<meta name=\"twitter:card\" content=\"summary_large_image\" \/>\n<script type=\"application\/ld+json\" class=\"yoast-schema-graph\">{\"@context\":\"https:\\\/\\\/schema.org\",\"@graph\":[{\"@type\":\"WebPage\",\"@id\":\"https:\\\/\\\/owlstales.eu\\\/uk\\\/%d0%ba%d0%bb%d1%83%d0%b1-%d0%b4%d1%80%d1%83%d0%b7%d1%96%d0%b2\\\/\",\"url\":\"https:\\\/\\\/owlstales.eu\\\/uk\\\/%d0%ba%d0%bb%d1%83%d0%b1-%d0%b4%d1%80%d1%83%d0%b7%d1%96%d0%b2\\\/\",\"name\":\"\u041a\u043b\u0443\u0431 \u0434\u0440\u0443\u0437\u0456\u0432 - P\u016bces pasakas\",\"isPartOf\":{\"@id\":\"https:\\\/\\\/owlstales.eu\\\/uk\\\/#website\"},\"datePublished\":\"2026-02-25T12:56:12+00:00\",\"dateModified\":\"2026-04-06T13:33:01+00:00\",\"breadcrumb\":{\"@id\":\"https:\\\/\\\/owlstales.eu\\\/uk\\\/%d0%ba%d0%bb%d1%83%d0%b1-%d0%b4%d1%80%d1%83%d0%b7%d1%96%d0%b2\\\/#breadcrumb\"},\"inLanguage\":\"ua\",\"potentialAction\":[{\"@type\":\"ReadAction\",\"target\":[\"https:\\\/\\\/owlstales.eu\\\/uk\\\/%d0%ba%d0%bb%d1%83%d0%b1-%d0%b4%d1%80%d1%83%d0%b7%d1%96%d0%b2\\\/\"]}]},{\"@type\":\"BreadcrumbList\",\"@id\":\"https:\\\/\\\/owlstales.eu\\\/uk\\\/%d0%ba%d0%bb%d1%83%d0%b1-%d0%b4%d1%80%d1%83%d0%b7%d1%96%d0%b2\\\/#breadcrumb\",\"itemListElement\":[{\"@type\":\"ListItem\",\"position\":1,\"name\":\"Home\",\"item\":\"https:\\\/\\\/owlstales.eu\\\/uk\\\/\"},{\"@type\":\"ListItem\",\"position\":2,\"name\":\"\u041a\u043b\u0443\u0431 \u0434\u0440\u0443\u0437\u0456\u0432\"}]},{\"@type\":\"WebSite\",\"@id\":\"https:\\\/\\\/owlstales.eu\\\/uk\\\/#website\",\"url\":\"https:\\\/\\\/owlstales.eu\\\/uk\\\/\",\"name\":\"P\u016bces pasakas\",\"description\":\"GR\u0100MATAS | PDF | AUDIOIZR\u0100DES | PASAKAS\",\"publisher\":{\"@id\":\"https:\\\/\\\/owlstales.eu\\\/uk\\\/#organization\"},\"alternateName\":\"owls tales\",\"potentialAction\":[{\"@type\":\"SearchAction\",\"target\":{\"@type\":\"EntryPoint\",\"urlTemplate\":\"https:\\\/\\\/owlstales.eu\\\/uk\\\/?s={search_term_string}\"},\"query-input\":{\"@type\":\"PropertyValueSpecification\",\"valueRequired\":true,\"valueName\":\"search_term_string\"}}],\"inLanguage\":\"ua\"},{\"@type\":\"Organization\",\"@id\":\"https:\\\/\\\/owlstales.eu\\\/uk\\\/#organization\",\"name\":\"P\u016bces pasakas\",\"url\":\"https:\\\/\\\/owlstales.eu\\\/uk\\\/\",\"logo\":{\"@type\":\"ImageObject\",\"inLanguage\":\"ua\",\"@id\":\"https:\\\/\\\/owlstales.eu\\\/uk\\\/#\\\/schema\\\/logo\\\/image\\\/\",\"url\":\"https:\\\/\\\/owlstales.eu\\\/wp-content\\\/uploads\\\/2026\\\/03\\\/owl_logo_ok.webp\",\"contentUrl\":\"https:\\\/\\\/owlstales.eu\\\/wp-content\\\/uploads\\\/2026\\\/03\\\/owl_logo_ok.webp\",\"width\":512,\"height\":512,\"caption\":\"P\u016bces pasakas\"},\"image\":{\"@id\":\"https:\\\/\\\/owlstales.eu\\\/uk\\\/#\\\/schema\\\/logo\\\/image\\\/\"},\"sameAs\":[\"https:\\\/\\\/www.facebook.com\\\/owlstales.eu\\\/\"],\"description\":\"Pasakas b\u0113rniem, pal\u012bgmateri\u0101li skolot\u0101jiem.\",\"email\":\"projekts.library@gmail.com\",\"telephone\":\"+371 20923022\",\"legalName\":\"ELENAS LIBRARY SIA\",\"foundingDate\":\"2025-03-01\",\"vatID\":\"LV402036769410\",\"taxID\":\"402036769410\",\"numberOfEmployees\":{\"@type\":\"QuantitativeValue\",\"minValue\":\"1\",\"maxValue\":\"10\"}}]}<\/script>\n<!-- \/ Yoast SEO Premium plugin. -->","yoast_head_json":{"title":"\u041a\u043b\u0443\u0431 \u0434\u0440\u0443\u0437\u0456\u0432 - P\u016bces pasakas","robots":{"index":"index","follow":"follow","max-snippet":"max-snippet:-1","max-image-preview":"max-image-preview:large","max-video-preview":"max-video-preview:-1"},"canonical":"https:\/\/owlstales.eu\/uk\/%d0%ba%d0%bb%d1%83%d0%b1-%d0%b4%d1%80%d1%83%d0%b7%d1%96%d0%b2\/","og_locale":"en_US","og_type":"article","og_title":"\u041a\u043b\u0443\u0431 \u0434\u0440\u0443\u0437\u0456\u0432","og_url":"https:\/\/owlstales.eu\/uk\/%d0%ba%d0%bb%d1%83%d0%b1-%d0%b4%d1%80%d1%83%d0%b7%d1%96%d0%b2\/","og_site_name":"P\u016bces pasakas","article_publisher":"https:\/\/www.facebook.com\/owlstales.eu\/","article_modified_time":"2026-04-06T13:33:01+00:00","twitter_card":"summary_large_image","schema":{"@context":"https:\/\/schema.org","@graph":[{"@type":"WebPage","@id":"https:\/\/owlstales.eu\/uk\/%d0%ba%d0%bb%d1%83%d0%b1-%d0%b4%d1%80%d1%83%d0%b7%d1%96%d0%b2\/","url":"https:\/\/owlstales.eu\/uk\/%d0%ba%d0%bb%d1%83%d0%b1-%d0%b4%d1%80%d1%83%d0%b7%d1%96%d0%b2\/","name":"\u041a\u043b\u0443\u0431 \u0434\u0440\u0443\u0437\u0456\u0432 - P\u016bces pasakas","isPartOf":{"@id":"https:\/\/owlstales.eu\/uk\/#website"},"datePublished":"2026-02-25T12:56:12+00:00","dateModified":"2026-04-06T13:33:01+00:00","breadcrumb":{"@id":"https:\/\/owlstales.eu\/uk\/%d0%ba%d0%bb%d1%83%d0%b1-%d0%b4%d1%80%d1%83%d0%b7%d1%96%d0%b2\/#breadcrumb"},"inLanguage":"ua","potentialAction":[{"@type":"ReadAction","target":["https:\/\/owlstales.eu\/uk\/%d0%ba%d0%bb%d1%83%d0%b1-%d0%b4%d1%80%d1%83%d0%b7%d1%96%d0%b2\/"]}]},{"@type":"BreadcrumbList","@id":"https:\/\/owlstales.eu\/uk\/%d0%ba%d0%bb%d1%83%d0%b1-%d0%b4%d1%80%d1%83%d0%b7%d1%96%d0%b2\/#breadcrumb","itemListElement":[{"@type":"ListItem","position":1,"name":"Home","item":"https:\/\/owlstales.eu\/uk\/"},{"@type":"ListItem","position":2,"name":"\u041a\u043b\u0443\u0431 \u0434\u0440\u0443\u0437\u0456\u0432"}]},{"@type":"WebSite","@id":"https:\/\/owlstales.eu\/uk\/#website","url":"https:\/\/owlstales.eu\/uk\/","name":"P\u016bces pasakas","description":"GR\u0100MATAS | PDF | AUDIOIZR\u0100DES | PASAKAS","publisher":{"@id":"https:\/\/owlstales.eu\/uk\/#organization"},"alternateName":"owls tales","potentialAction":[{"@type":"SearchAction","target":{"@type":"EntryPoint","urlTemplate":"https:\/\/owlstales.eu\/uk\/?s={search_term_string}"},"query-input":{"@type":"PropertyValueSpecification","valueRequired":true,"valueName":"search_term_string"}}],"inLanguage":"ua"},{"@type":"Organization","@id":"https:\/\/owlstales.eu\/uk\/#organization","name":"P\u016bces pasakas","url":"https:\/\/owlstales.eu\/uk\/","logo":{"@type":"ImageObject","inLanguage":"ua","@id":"https:\/\/owlstales.eu\/uk\/#\/schema\/logo\/image\/","url":"https:\/\/owlstales.eu\/wp-content\/uploads\/2026\/03\/owl_logo_ok.webp","contentUrl":"https:\/\/owlstales.eu\/wp-content\/uploads\/2026\/03\/owl_logo_ok.webp","width":512,"height":512,"caption":"P\u016bces pasakas"},"image":{"@id":"https:\/\/owlstales.eu\/uk\/#\/schema\/logo\/image\/"},"sameAs":["https:\/\/www.facebook.com\/owlstales.eu\/"],"description":"Pasakas b\u0113rniem, pal\u012bgmateri\u0101li skolot\u0101jiem.","email":"projekts.library@gmail.com","telephone":"+371 20923022","legalName":"ELENAS LIBRARY SIA","foundingDate":"2025-03-01","vatID":"LV402036769410","taxID":"402036769410","numberOfEmployees":{"@type":"QuantitativeValue","minValue":"1","maxValue":"10"}}]}},"_links":{"self":[{"href":"https:\/\/owlstales.eu\/uk\/wp-json\/wp\/v2\/pages\/3217","targetHints":{"allow":["GET"]}}],"collection":[{"href":"https:\/\/owlstales.eu\/uk\/wp-json\/wp\/v2\/pages"}],"about":[{"href":"https:\/\/owlstales.eu\/uk\/wp-json\/wp\/v2\/types\/page"}],"author":[{"embeddable":true,"href":"https:\/\/owlstales.eu\/uk\/wp-json\/wp\/v2\/users\/1"}],"replies":[{"embeddable":true,"href":"https:\/\/owlstales.eu\/uk\/wp-json\/wp\/v2\/comments?post=3217"}],"version-history":[{"count":1,"href":"https:\/\/owlstales.eu\/uk\/wp-json\/wp\/v2\/pages\/3217\/revisions"}],"predecessor-version":[{"id":3218,"href":"https:\/\/owlstales.eu\/uk\/wp-json\/wp\/v2\/pages\/3217\/revisions\/3218"}],"wp:attachment":[{"href":"https:\/\/owlstales.eu\/uk\/wp-json\/wp\/v2\/media?parent=3217"}],"curies":[{"name":"wp","href":"https:\/\/api.w.org\/{rel}","templated":true}]}}