{"id":3182,"date":"2026-03-11T17:10:00","date_gmt":"2026-03-11T15:10:00","guid":{"rendered":"https:\/\/owlstales.eu\/product\/k%d0%be%d0%bc%d0%bf%d0%bb%d0%b5%d0%ba%d1%82-%d0%bb%d0%b5%d1%82%d0%b0%d1%8e%d1%89%d0%b8%d0%b9-%d0%bc%d1%8b%d1%88%d0%be%d0%bd%d0%be%d0%ba\/"},"modified":"2026-04-03T13:49:00","modified_gmt":"2026-04-03T11:49:00","slug":"k%d0%be%d0%bc%d0%bf%d0%bb%d0%b5%d0%ba%d1%82-%d0%bb%d0%b5%d1%82%d0%b0%d1%8e%d1%89%d0%b8%d0%b9-%d0%bc%d1%8b%d1%88%d0%be%d0%bd%d0%be%d0%ba","status":"publish","type":"product","link":"https:\/\/owlstales.eu\/ru\/product\/k%d0%be%d0%bc%d0%bf%d0%bb%d0%b5%d0%ba%d1%82-%d0%bb%d0%b5%d1%82%d0%b0%d1%8e%d1%89%d0%b8%d0%b9-%d0%bc%d1%8b%d1%88%d0%be%d0%bd%d0%be%d0%ba\/","title":{"rendered":"K\u043e\u043c\u043f\u043b\u0435\u043a\u0442 \u00ab\u041b\u0435\u0442\u0430\u044e\u0449\u0438\u0439 \u043c\u044b\u0448\u043e\u043d\u043e\u043a\u00bb"},"content":{"rendered":"<p>\u041a\u043e\u043c\u043f\u043b\u0435\u043a\u0442 \u043f\u043e\u0437\u0432\u043e\u043b\u044f\u0435\u0442 \u043d\u0435 \u0442\u043e\u043b\u044c\u043a\u043e \u043f\u043e\u0437\u043d\u0430\u043a\u043e\u043c\u0438\u0442\u044c\u0441\u044f \u0441 \u0438\u0441\u0442\u043e\u0440\u0438\u0435\u0439, \u043d\u043e \u0438 \u0433\u043b\u0443\u0431\u0436\u0435 \u043f\u0440\u043e\u0436\u0438\u0442\u044c \u0435\u0451 \u0447\u0435\u0440\u0435\u0437 \u0447\u0442\u0435\u043d\u0438\u0435, \u043f\u0440\u043e\u0441\u043b\u0443\u0448\u0438\u0432\u0430\u043d\u0438\u0435, \u043e\u0431\u0441\u0443\u0436\u0434\u0435\u043d\u0438\u0435 \u0438 \u0442\u0432\u043e\u0440\u0447\u0435\u0441\u0442\u0432\u043e.\u2028\u041f\u043e\u0434\u0445\u043e\u0434\u0438\u0442 \u0434\u043b\u044f \u0441\u0435\u043c\u0435\u0439\u043d\u043e\u0433\u043e \u0447\u0442\u0435\u043d\u0438\u044f, \u0437\u0430\u043d\u044f\u0442\u0438\u0439 \u0441 \u0434\u0435\u0442\u044c\u043c\u0438 \u0438 \u0441\u043e\u0432\u043c\u0435\u0441\u0442\u043d\u043e\u0433\u043e \u0434\u043e\u0441\u0443\u0433\u0430.<\/p>\n","protected":false},"excerpt":{"rendered":"<p>\u0412 \u043a\u043e\u043c\u043f\u043b\u0435\u043a\u0442 \u0432\u0445\u043e\u0434\u044f\u0442:\u2028<br \/>\u2014 \u043a\u043d\u0438\u0433\u0430 \u00ab\u041b\u0435\u0442\u0430\u044e\u0449\u0438\u0439 \u043c\u044b\u0448\u043e\u043d\u043e\u043a\u00bb\u2028<br \/>\u2014 \u0430\u0443\u0434\u0438\u043e\u0441\u043f\u0435\u043a\u0442\u0430\u043a\u043b\u044c \u00ab\u041b\u0435\u0442\u0430\u044e\u0449\u0438\u0439 \u043c\u044b\u0448\u043e\u043d\u043e\u043a\u00bb\u2028<br \/>\u2014 \u0432\u043e\u043f\u0440\u043e\u0441\u044b \u0434\u043b\u044f \u0434\u0435\u0442\u0435\u0439, \u0440\u043e\u0434\u0438\u0442\u0435\u043b\u0435\u0439 \u0438 \u043f\u0435\u0434\u0430\u0433\u043e\u0433\u043e\u0432\u2028<br \/>\u2014 \u0440\u0430\u0441\u043a\u0440\u0430\u0441\u043a\u0438 \u043f\u043e \u043c\u043e\u0442\u0438\u0432\u0430\u043c \u0441\u043a\u0430\u0437\u043a\u0438<\/p>\n<p>\u0424\u043e\u0440\u043c\u0430\u0442\u044b: \u043a\u043d\u0438\u0433\u0430 \/ PDF \/ MP3 <\/p>\n","protected":false},"featured_media":2571,"comment_status":"open","ping_status":"closed","template":"","meta":[],"product_brand":[],"product_cat":[183,165,167,174,180],"product_tag":[],"class_list":{"0":"post-3182","1":"product","2":"type-product","3":"status-publish","4":"has-post-thumbnail","6":"product_cat-k---pdf","7":"product_cat-165","8":"product_cat-167","9":"product_cat-174","10":"product_cat-180","12":"first","13":"instock","14":"sale","15":"taxable","16":"shipping-taxable","17":"purchasable","18":"product-type-variable"},"yoast_head":"<!-- This site is optimized with the Yoast SEO Premium plugin v27.1 (Yoast SEO v27.4) - https:\/\/yoast.com\/product\/yoast-seo-premium-wordpress\/ -->\n<title>K\u043e\u043c\u043f\u043b\u0435\u043a\u0442 \u00ab\u041b\u0435\u0442\u0430\u044e\u0449\u0438\u0439 \u043c\u044b\u0448\u043e\u043d\u043e\u043a\u00bb - P\u016bces pasakas<\/title>\n<meta name=\"description\" content=\"\u042d\u0442\u043e \u0438\u0441\u0442\u043e\u0440\u0438\u0438, \u043a\u043e\u0442\u043e\u0440\u044b\u0435 \u043f\u043e\u043c\u043e\u0433\u0430\u044e\u0442 \u0434\u0435\u0442\u044f\u043c \u0434\u0443\u043c\u0430\u0442\u044c, \u043f\u043e\u043d\u0438\u043c\u0430\u0442\u044c \u0434\u0440\u0443\u0433\u0438\u0445, \u043f\u0440\u0438\u043d\u0438\u043c\u0430\u0442\u044c \u0440\u0435\u0448\u0435\u043d\u0438\u044f \u0438 \u043d\u0430\u0445\u043e\u0434\u0438\u0442\u044c \u0441\u0432\u043e\u0435 \u043c\u0435\u0441\u0442\u043e \u0432 \u043c\u0438\u0440\u0435. \u0414\u043b\u044f \u0434\u0435\u0442\u0435\u0439 \u043e\u0442 6 \u0434\u043e 10 \u043b\u0435\u0442.\" \/>\n<meta name=\"robots\" content=\"index, follow, max-snippet:-1, max-image-preview:large, max-video-preview:-1\" \/>\n<link rel=\"canonical\" href=\"https:\/\/owlstales.eu\/ru\/product\/k%d0%be%d0%bc%d0%bf%d0%bb%d0%b5%d0%ba%d1%82-%d0%bb%d0%b5%d1%82%d0%b0%d1%8e%d1%89%d0%b8%d0%b9-%d0%bc%d1%8b%d1%88%d0%be%d0%bd%d0%be%d0%ba\/\" \/>\n<meta property=\"og:locale\" content=\"ru_RU\" \/>\n<meta property=\"og:type\" content=\"article\" \/>\n<meta property=\"og:title\" content=\"K\u043e\u043c\u043f\u043b\u0435\u043a\u0442 \u00ab\u041b\u0435\u0442\u0430\u044e\u0449\u0438\u0439 \u043c\u044b\u0448\u043e\u043d\u043e\u043a\u00bb\" \/>\n<meta property=\"og:description\" content=\"\u042d\u0442\u043e \u0438\u0441\u0442\u043e\u0440\u0438\u0438, \u043a\u043e\u0442\u043e\u0440\u044b\u0435 \u043f\u043e\u043c\u043e\u0433\u0430\u044e\u0442 \u0434\u0435\u0442\u044f\u043c \u0434\u0443\u043c\u0430\u0442\u044c, \u043f\u043e\u043d\u0438\u043c\u0430\u0442\u044c \u0434\u0440\u0443\u0433\u0438\u0445, \u043f\u0440\u0438\u043d\u0438\u043c\u0430\u0442\u044c \u0440\u0435\u0448\u0435\u043d\u0438\u044f \u0438 \u043d\u0430\u0445\u043e\u0434\u0438\u0442\u044c \u0441\u0432\u043e\u0435 \u043c\u0435\u0441\u0442\u043e \u0432 \u043c\u0438\u0440\u0435. \u0414\u043b\u044f \u0434\u0435\u0442\u0435\u0439 \u043e\u0442 6 \u0434\u043e 10 \u043b\u0435\u0442.\" \/>\n<meta property=\"og:url\" content=\"https:\/\/owlstales.eu\/ru\/product\/k%d0%be%d0%bc%d0%bf%d0%bb%d0%b5%d0%ba%d1%82-%d0%bb%d0%b5%d1%82%d0%b0%d1%8e%d1%89%d0%b8%d0%b9-%d0%bc%d1%8b%d1%88%d0%be%d0%bd%d0%be%d0%ba\/\" \/>\n<meta property=\"og:site_name\" content=\"P\u016bces pasakas\" \/>\n<meta property=\"article:publisher\" content=\"https:\/\/www.facebook.com\/owlstales.eu\/\" \/>\n<meta property=\"article:modified_time\" content=\"2026-04-03T11:49:00+00:00\" \/>\n<meta property=\"og:image\" content=\"https:\/\/owlstales.eu\/wp-content\/uploads\/2025\/02\/wly_mouse_book.webp\" \/>\n\t<meta property=\"og:image:width\" content=\"1024\" \/>\n\t<meta property=\"og:image:height\" content=\"1024\" \/>\n\t<meta property=\"og:image:type\" content=\"image\/webp\" \/>\n<meta name=\"twitter:card\" content=\"summary_large_image\" \/>\n<meta name=\"twitter:label1\" content=\"\u0414\u043e\u0441\u0442\u0443\u043f\u043d\u043e\u0441\u0442\u044c\" \/>\n\t<meta name=\"twitter:data1\" content=\"\u0412 \u043d\u0430\u043b\u0438\u0447\u0438\u0438\" \/>\n<script type=\"application\/ld+json\" class=\"yoast-schema-graph\">{\"@context\":\"https:\\\/\\\/schema.org\",\"@graph\":[{\"@type\":\"WebPage\",\"@id\":\"https:\\\/\\\/owlstales.eu\\\/ru\\\/product\\\/k%d0%be%d0%bc%d0%bf%d0%bb%d0%b5%d0%ba%d1%82-%d0%bb%d0%b5%d1%82%d0%b0%d1%8e%d1%89%d0%b8%d0%b9-%d0%bc%d1%8b%d1%88%d0%be%d0%bd%d0%be%d0%ba\\\/\",\"url\":\"https:\\\/\\\/owlstales.eu\\\/ru\\\/product\\\/k%d0%be%d0%bc%d0%bf%d0%bb%d0%b5%d0%ba%d1%82-%d0%bb%d0%b5%d1%82%d0%b0%d1%8e%d1%89%d0%b8%d0%b9-%d0%bc%d1%8b%d1%88%d0%be%d0%bd%d0%be%d0%ba\\\/\",\"name\":\"K\u043e\u043c\u043f\u043b\u0435\u043a\u0442 \u00ab\u041b\u0435\u0442\u0430\u044e\u0449\u0438\u0439 \u043c\u044b\u0448\u043e\u043d\u043e\u043a\u00bb - P\u016bces pasakas\",\"isPartOf\":{\"@id\":\"https:\\\/\\\/owlstales.eu\\\/ru\\\/#website\"},\"primaryImageOfPage\":{\"@id\":\"https:\\\/\\\/owlstales.eu\\\/ru\\\/product\\\/k%d0%be%d0%bc%d0%bf%d0%bb%d0%b5%d0%ba%d1%82-%d0%bb%d0%b5%d1%82%d0%b0%d1%8e%d1%89%d0%b8%d0%b9-%d0%bc%d1%8b%d1%88%d0%be%d0%bd%d0%be%d0%ba\\\/#primaryimage\"},\"image\":{\"@id\":\"https:\\\/\\\/owlstales.eu\\\/ru\\\/product\\\/k%d0%be%d0%bc%d0%bf%d0%bb%d0%b5%d0%ba%d1%82-%d0%bb%d0%b5%d1%82%d0%b0%d1%8e%d1%89%d0%b8%d0%b9-%d0%bc%d1%8b%d1%88%d0%be%d0%bd%d0%be%d0%ba\\\/#primaryimage\"},\"thumbnailUrl\":\"https:\\\/\\\/owlstales.eu\\\/wp-content\\\/uploads\\\/2025\\\/02\\\/wly_mouse_book.webp\",\"datePublished\":\"2026-03-11T15:10:00+00:00\",\"dateModified\":\"2026-04-03T11:49:00+00:00\",\"description\":\"\u042d\u0442\u043e \u0438\u0441\u0442\u043e\u0440\u0438\u0438, \u043a\u043e\u0442\u043e\u0440\u044b\u0435 \u043f\u043e\u043c\u043e\u0433\u0430\u044e\u0442 \u0434\u0435\u0442\u044f\u043c \u0434\u0443\u043c\u0430\u0442\u044c, \u043f\u043e\u043d\u0438\u043c\u0430\u0442\u044c \u0434\u0440\u0443\u0433\u0438\u0445, \u043f\u0440\u0438\u043d\u0438\u043c\u0430\u0442\u044c \u0440\u0435\u0448\u0435\u043d\u0438\u044f \u0438 \u043d\u0430\u0445\u043e\u0434\u0438\u0442\u044c \u0441\u0432\u043e\u0435 \u043c\u0435\u0441\u0442\u043e \u0432 \u043c\u0438\u0440\u0435. \u0414\u043b\u044f \u0434\u0435\u0442\u0435\u0439 \u043e\u0442 6 \u0434\u043e 10 \u043b\u0435\u0442.\",\"breadcrumb\":{\"@id\":\"https:\\\/\\\/owlstales.eu\\\/ru\\\/product\\\/k%d0%be%d0%bc%d0%bf%d0%bb%d0%b5%d0%ba%d1%82-%d0%bb%d0%b5%d1%82%d0%b0%d1%8e%d1%89%d0%b8%d0%b9-%d0%bc%d1%8b%d1%88%d0%be%d0%bd%d0%be%d0%ba\\\/#breadcrumb\"},\"inLanguage\":\"ru-RU\",\"potentialAction\":[{\"@type\":\"ReadAction\",\"target\":[\"https:\\\/\\\/owlstales.eu\\\/ru\\\/product\\\/k%d0%be%d0%bc%d0%bf%d0%bb%d0%b5%d0%ba%d1%82-%d0%bb%d0%b5%d1%82%d0%b0%d1%8e%d1%89%d0%b8%d0%b9-%d0%bc%d1%8b%d1%88%d0%be%d0%bd%d0%be%d0%ba\\\/\"]}]},{\"@type\":\"ImageObject\",\"inLanguage\":\"ru-RU\",\"@id\":\"https:\\\/\\\/owlstales.eu\\\/ru\\\/product\\\/k%d0%be%d0%bc%d0%bf%d0%bb%d0%b5%d0%ba%d1%82-%d0%bb%d0%b5%d1%82%d0%b0%d1%8e%d1%89%d0%b8%d0%b9-%d0%bc%d1%8b%d1%88%d0%be%d0%bd%d0%be%d0%ba\\\/#primaryimage\",\"url\":\"https:\\\/\\\/owlstales.eu\\\/wp-content\\\/uploads\\\/2025\\\/02\\\/wly_mouse_book.webp\",\"contentUrl\":\"https:\\\/\\\/owlstales.eu\\\/wp-content\\\/uploads\\\/2025\\\/02\\\/wly_mouse_book.webp\",\"width\":1024,\"height\":1024,\"caption\":\"Pasaka lidojo\u0161ais pelens\"},{\"@type\":\"BreadcrumbList\",\"@id\":\"https:\\\/\\\/owlstales.eu\\\/ru\\\/product\\\/k%d0%be%d0%bc%d0%bf%d0%bb%d0%b5%d0%ba%d1%82-%d0%bb%d0%b5%d1%82%d0%b0%d1%8e%d1%89%d0%b8%d0%b9-%d0%bc%d1%8b%d1%88%d0%be%d0%bd%d0%be%d0%ba\\\/#breadcrumb\",\"itemListElement\":[{\"@type\":\"ListItem\",\"position\":1,\"name\":\"Home\",\"item\":\"https:\\\/\\\/owlstales.eu\\\/ru\\\/%d0%bd%d0%b0%d1%87%d0%b0%d0%bb%d0%be\\\/\"},{\"@type\":\"ListItem\",\"position\":2,\"name\":\"\u041c\u0430\u0433\u0430\u0437\u0438\u043d\",\"item\":\"https:\\\/\\\/owlstales.eu\\\/ru\\\/%d0%bc%d0%b0%d0%b3%d0%b0%d0%b7%d0%b8%d0%bd\\\/\"},{\"@type\":\"ListItem\",\"position\":3,\"name\":\"K\u043e\u043c\u043f\u043b\u0435\u043a\u0442 \u00ab\u041b\u0435\u0442\u0430\u044e\u0449\u0438\u0439 \u043c\u044b\u0448\u043e\u043d\u043e\u043a\u00bb\"}]},{\"@type\":\"WebSite\",\"@id\":\"https:\\\/\\\/owlstales.eu\\\/ru\\\/#website\",\"url\":\"https:\\\/\\\/owlstales.eu\\\/ru\\\/\",\"name\":\"P\u016bces pasakas\",\"description\":\"GR\u0100MATAS | PDF | AUDIOIZR\u0100DES | PASAKAS\",\"publisher\":{\"@id\":\"https:\\\/\\\/owlstales.eu\\\/ru\\\/#organization\"},\"alternateName\":\"owls tales\",\"potentialAction\":[{\"@type\":\"SearchAction\",\"target\":{\"@type\":\"EntryPoint\",\"urlTemplate\":\"https:\\\/\\\/owlstales.eu\\\/ru\\\/?s={search_term_string}\"},\"query-input\":{\"@type\":\"PropertyValueSpecification\",\"valueRequired\":true,\"valueName\":\"search_term_string\"}}],\"inLanguage\":\"ru-RU\"},{\"@type\":\"Organization\",\"@id\":\"https:\\\/\\\/owlstales.eu\\\/ru\\\/#organization\",\"name\":\"P\u016bces pasakas\",\"url\":\"https:\\\/\\\/owlstales.eu\\\/ru\\\/\",\"logo\":{\"@type\":\"ImageObject\",\"inLanguage\":\"ru-RU\",\"@id\":\"https:\\\/\\\/owlstales.eu\\\/ru\\\/#\\\/schema\\\/logo\\\/image\\\/\",\"url\":\"https:\\\/\\\/owlstales.eu\\\/wp-content\\\/uploads\\\/2026\\\/03\\\/owl_logo_ok.webp\",\"contentUrl\":\"https:\\\/\\\/owlstales.eu\\\/wp-content\\\/uploads\\\/2026\\\/03\\\/owl_logo_ok.webp\",\"width\":512,\"height\":512,\"caption\":\"P\u016bces pasakas\"},\"image\":{\"@id\":\"https:\\\/\\\/owlstales.eu\\\/ru\\\/#\\\/schema\\\/logo\\\/image\\\/\"},\"sameAs\":[\"https:\\\/\\\/www.facebook.com\\\/owlstales.eu\\\/\"],\"description\":\"Pasakas b\u0113rniem, pal\u012bgmateri\u0101li skolot\u0101jiem.\",\"email\":\"projekts.library@gmail.com\",\"telephone\":\"+371 20923022\",\"legalName\":\"ELENAS LIBRARY SIA\",\"foundingDate\":\"2025-03-01\",\"vatID\":\"LV402036769410\",\"taxID\":\"402036769410\",\"numberOfEmployees\":{\"@type\":\"QuantitativeValue\",\"minValue\":\"1\",\"maxValue\":\"10\"}}]}<\/script>\n<meta property=\"og:availability\" content=\"instock\" \/>\n<meta property=\"product:availability\" content=\"instock\" \/>\n<meta property=\"product:retailer_item_id\" content=\"komplekts_LP\" \/>\n<meta property=\"product:condition\" content=\"new\" \/>\n<!-- \/ Yoast SEO Premium plugin. -->","yoast_head_json":{"title":"K\u043e\u043c\u043f\u043b\u0435\u043a\u0442 \u00ab\u041b\u0435\u0442\u0430\u044e\u0449\u0438\u0439 \u043c\u044b\u0448\u043e\u043d\u043e\u043a\u00bb - P\u016bces pasakas","description":"\u042d\u0442\u043e \u0438\u0441\u0442\u043e\u0440\u0438\u0438, \u043a\u043e\u0442\u043e\u0440\u044b\u0435 \u043f\u043e\u043c\u043e\u0433\u0430\u044e\u0442 \u0434\u0435\u0442\u044f\u043c \u0434\u0443\u043c\u0430\u0442\u044c, \u043f\u043e\u043d\u0438\u043c\u0430\u0442\u044c \u0434\u0440\u0443\u0433\u0438\u0445, \u043f\u0440\u0438\u043d\u0438\u043c\u0430\u0442\u044c \u0440\u0435\u0448\u0435\u043d\u0438\u044f \u0438 \u043d\u0430\u0445\u043e\u0434\u0438\u0442\u044c \u0441\u0432\u043e\u0435 \u043c\u0435\u0441\u0442\u043e \u0432 \u043c\u0438\u0440\u0435. \u0414\u043b\u044f \u0434\u0435\u0442\u0435\u0439 \u043e\u0442 6 \u0434\u043e 10 \u043b\u0435\u0442.","robots":{"index":"index","follow":"follow","max-snippet":"max-snippet:-1","max-image-preview":"max-image-preview:large","max-video-preview":"max-video-preview:-1"},"canonical":"https:\/\/owlstales.eu\/ru\/product\/k%d0%be%d0%bc%d0%bf%d0%bb%d0%b5%d0%ba%d1%82-%d0%bb%d0%b5%d1%82%d0%b0%d1%8e%d1%89%d0%b8%d0%b9-%d0%bc%d1%8b%d1%88%d0%be%d0%bd%d0%be%d0%ba\/","og_locale":"ru_RU","og_type":"article","og_title":"K\u043e\u043c\u043f\u043b\u0435\u043a\u0442 \u00ab\u041b\u0435\u0442\u0430\u044e\u0449\u0438\u0439 \u043c\u044b\u0448\u043e\u043d\u043e\u043a\u00bb","og_description":"\u042d\u0442\u043e \u0438\u0441\u0442\u043e\u0440\u0438\u0438, \u043a\u043e\u0442\u043e\u0440\u044b\u0435 \u043f\u043e\u043c\u043e\u0433\u0430\u044e\u0442 \u0434\u0435\u0442\u044f\u043c \u0434\u0443\u043c\u0430\u0442\u044c, \u043f\u043e\u043d\u0438\u043c\u0430\u0442\u044c \u0434\u0440\u0443\u0433\u0438\u0445, \u043f\u0440\u0438\u043d\u0438\u043c\u0430\u0442\u044c \u0440\u0435\u0448\u0435\u043d\u0438\u044f \u0438 \u043d\u0430\u0445\u043e\u0434\u0438\u0442\u044c \u0441\u0432\u043e\u0435 \u043c\u0435\u0441\u0442\u043e \u0432 \u043c\u0438\u0440\u0435. \u0414\u043b\u044f \u0434\u0435\u0442\u0435\u0439 \u043e\u0442 6 \u0434\u043e 10 \u043b\u0435\u0442.","og_url":"https:\/\/owlstales.eu\/ru\/product\/k%d0%be%d0%bc%d0%bf%d0%bb%d0%b5%d0%ba%d1%82-%d0%bb%d0%b5%d1%82%d0%b0%d1%8e%d1%89%d0%b8%d0%b9-%d0%bc%d1%8b%d1%88%d0%be%d0%bd%d0%be%d0%ba\/","og_site_name":"P\u016bces pasakas","article_publisher":"https:\/\/www.facebook.com\/owlstales.eu\/","article_modified_time":"2026-04-03T11:49:00+00:00","og_image":[{"width":1024,"height":1024,"url":"https:\/\/owlstales.eu\/wp-content\/uploads\/2025\/02\/wly_mouse_book.webp","type":"image\/webp"}],"twitter_card":"summary_large_image","twitter_misc":{"\u0414\u043e\u0441\u0442\u0443\u043f\u043d\u043e\u0441\u0442\u044c":"\u0412 \u043d\u0430\u043b\u0438\u0447\u0438\u0438"},"schema":{"@context":"https:\/\/schema.org","@graph":[{"@type":"WebPage","@id":"https:\/\/owlstales.eu\/ru\/product\/k%d0%be%d0%bc%d0%bf%d0%bb%d0%b5%d0%ba%d1%82-%d0%bb%d0%b5%d1%82%d0%b0%d1%8e%d1%89%d0%b8%d0%b9-%d0%bc%d1%8b%d1%88%d0%be%d0%bd%d0%be%d0%ba\/","url":"https:\/\/owlstales.eu\/ru\/product\/k%d0%be%d0%bc%d0%bf%d0%bb%d0%b5%d0%ba%d1%82-%d0%bb%d0%b5%d1%82%d0%b0%d1%8e%d1%89%d0%b8%d0%b9-%d0%bc%d1%8b%d1%88%d0%be%d0%bd%d0%be%d0%ba\/","name":"K\u043e\u043c\u043f\u043b\u0435\u043a\u0442 \u00ab\u041b\u0435\u0442\u0430\u044e\u0449\u0438\u0439 \u043c\u044b\u0448\u043e\u043d\u043e\u043a\u00bb - P\u016bces pasakas","isPartOf":{"@id":"https:\/\/owlstales.eu\/ru\/#website"},"primaryImageOfPage":{"@id":"https:\/\/owlstales.eu\/ru\/product\/k%d0%be%d0%bc%d0%bf%d0%bb%d0%b5%d0%ba%d1%82-%d0%bb%d0%b5%d1%82%d0%b0%d1%8e%d1%89%d0%b8%d0%b9-%d0%bc%d1%8b%d1%88%d0%be%d0%bd%d0%be%d0%ba\/#primaryimage"},"image":{"@id":"https:\/\/owlstales.eu\/ru\/product\/k%d0%be%d0%bc%d0%bf%d0%bb%d0%b5%d0%ba%d1%82-%d0%bb%d0%b5%d1%82%d0%b0%d1%8e%d1%89%d0%b8%d0%b9-%d0%bc%d1%8b%d1%88%d0%be%d0%bd%d0%be%d0%ba\/#primaryimage"},"thumbnailUrl":"https:\/\/owlstales.eu\/wp-content\/uploads\/2025\/02\/wly_mouse_book.webp","datePublished":"2026-03-11T15:10:00+00:00","dateModified":"2026-04-03T11:49:00+00:00","description":"\u042d\u0442\u043e \u0438\u0441\u0442\u043e\u0440\u0438\u0438, \u043a\u043e\u0442\u043e\u0440\u044b\u0435 \u043f\u043e\u043c\u043e\u0433\u0430\u044e\u0442 \u0434\u0435\u0442\u044f\u043c \u0434\u0443\u043c\u0430\u0442\u044c, \u043f\u043e\u043d\u0438\u043c\u0430\u0442\u044c \u0434\u0440\u0443\u0433\u0438\u0445, \u043f\u0440\u0438\u043d\u0438\u043c\u0430\u0442\u044c \u0440\u0435\u0448\u0435\u043d\u0438\u044f \u0438 \u043d\u0430\u0445\u043e\u0434\u0438\u0442\u044c \u0441\u0432\u043e\u0435 \u043c\u0435\u0441\u0442\u043e \u0432 \u043c\u0438\u0440\u0435. \u0414\u043b\u044f \u0434\u0435\u0442\u0435\u0439 \u043e\u0442 6 \u0434\u043e 10 \u043b\u0435\u0442.","breadcrumb":{"@id":"https:\/\/owlstales.eu\/ru\/product\/k%d0%be%d0%bc%d0%bf%d0%bb%d0%b5%d0%ba%d1%82-%d0%bb%d0%b5%d1%82%d0%b0%d1%8e%d1%89%d0%b8%d0%b9-%d0%bc%d1%8b%d1%88%d0%be%d0%bd%d0%be%d0%ba\/#breadcrumb"},"inLanguage":"ru-RU","potentialAction":[{"@type":"ReadAction","target":["https:\/\/owlstales.eu\/ru\/product\/k%d0%be%d0%bc%d0%bf%d0%bb%d0%b5%d0%ba%d1%82-%d0%bb%d0%b5%d1%82%d0%b0%d1%8e%d1%89%d0%b8%d0%b9-%d0%bc%d1%8b%d1%88%d0%be%d0%bd%d0%be%d0%ba\/"]}]},{"@type":"ImageObject","inLanguage":"ru-RU","@id":"https:\/\/owlstales.eu\/ru\/product\/k%d0%be%d0%bc%d0%bf%d0%bb%d0%b5%d0%ba%d1%82-%d0%bb%d0%b5%d1%82%d0%b0%d1%8e%d1%89%d0%b8%d0%b9-%d0%bc%d1%8b%d1%88%d0%be%d0%bd%d0%be%d0%ba\/#primaryimage","url":"https:\/\/owlstales.eu\/wp-content\/uploads\/2025\/02\/wly_mouse_book.webp","contentUrl":"https:\/\/owlstales.eu\/wp-content\/uploads\/2025\/02\/wly_mouse_book.webp","width":1024,"height":1024,"caption":"Pasaka lidojo\u0161ais pelens"},{"@type":"BreadcrumbList","@id":"https:\/\/owlstales.eu\/ru\/product\/k%d0%be%d0%bc%d0%bf%d0%bb%d0%b5%d0%ba%d1%82-%d0%bb%d0%b5%d1%82%d0%b0%d1%8e%d1%89%d0%b8%d0%b9-%d0%bc%d1%8b%d1%88%d0%be%d0%bd%d0%be%d0%ba\/#breadcrumb","itemListElement":[{"@type":"ListItem","position":1,"name":"Home","item":"https:\/\/owlstales.eu\/ru\/%d0%bd%d0%b0%d1%87%d0%b0%d0%bb%d0%be\/"},{"@type":"ListItem","position":2,"name":"\u041c\u0430\u0433\u0430\u0437\u0438\u043d","item":"https:\/\/owlstales.eu\/ru\/%d0%bc%d0%b0%d0%b3%d0%b0%d0%b7%d0%b8%d0%bd\/"},{"@type":"ListItem","position":3,"name":"K\u043e\u043c\u043f\u043b\u0435\u043a\u0442 \u00ab\u041b\u0435\u0442\u0430\u044e\u0449\u0438\u0439 \u043c\u044b\u0448\u043e\u043d\u043e\u043a\u00bb"}]},{"@type":"WebSite","@id":"https:\/\/owlstales.eu\/ru\/#website","url":"https:\/\/owlstales.eu\/ru\/","name":"P\u016bces pasakas","description":"GR\u0100MATAS | PDF | AUDIOIZR\u0100DES | PASAKAS","publisher":{"@id":"https:\/\/owlstales.eu\/ru\/#organization"},"alternateName":"owls tales","potentialAction":[{"@type":"SearchAction","target":{"@type":"EntryPoint","urlTemplate":"https:\/\/owlstales.eu\/ru\/?s={search_term_string}"},"query-input":{"@type":"PropertyValueSpecification","valueRequired":true,"valueName":"search_term_string"}}],"inLanguage":"ru-RU"},{"@type":"Organization","@id":"https:\/\/owlstales.eu\/ru\/#organization","name":"P\u016bces pasakas","url":"https:\/\/owlstales.eu\/ru\/","logo":{"@type":"ImageObject","inLanguage":"ru-RU","@id":"https:\/\/owlstales.eu\/ru\/#\/schema\/logo\/image\/","url":"https:\/\/owlstales.eu\/wp-content\/uploads\/2026\/03\/owl_logo_ok.webp","contentUrl":"https:\/\/owlstales.eu\/wp-content\/uploads\/2026\/03\/owl_logo_ok.webp","width":512,"height":512,"caption":"P\u016bces pasakas"},"image":{"@id":"https:\/\/owlstales.eu\/ru\/#\/schema\/logo\/image\/"},"sameAs":["https:\/\/www.facebook.com\/owlstales.eu\/"],"description":"Pasakas b\u0113rniem, pal\u012bgmateri\u0101li skolot\u0101jiem.","email":"projekts.library@gmail.com","telephone":"+371 20923022","legalName":"ELENAS LIBRARY SIA","foundingDate":"2025-03-01","vatID":"LV402036769410","taxID":"402036769410","numberOfEmployees":{"@type":"QuantitativeValue","minValue":"1","maxValue":"10"}}]},"og_availability":"instock","product_availability":"instock","product_retailer_item_id":"komplekts_LP","product_condition":"new"},"_links":{"self":[{"href":"https:\/\/owlstales.eu\/ru\/wp-json\/wp\/v2\/product\/3182","targetHints":{"allow":["GET"]}}],"collection":[{"href":"https:\/\/owlstales.eu\/ru\/wp-json\/wp\/v2\/product"}],"about":[{"href":"https:\/\/owlstales.eu\/ru\/wp-json\/wp\/v2\/types\/product"}],"replies":[{"embeddable":true,"href":"https:\/\/owlstales.eu\/ru\/wp-json\/wp\/v2\/comments?post=3182"}],"wp:featuredmedia":[{"embeddable":true,"href":"https:\/\/owlstales.eu\/ru\/wp-json\/wp\/v2\/media\/2571"}],"wp:attachment":[{"href":"https:\/\/owlstales.eu\/ru\/wp-json\/wp\/v2\/media?parent=3182"}],"wp:term":[{"taxonomy":"product_brand","embeddable":true,"href":"https:\/\/owlstales.eu\/ru\/wp-json\/wp\/v2\/product_brand?post=3182"},{"taxonomy":"product_cat","embeddable":true,"href":"https:\/\/owlstales.eu\/ru\/wp-json\/wp\/v2\/product_cat?post=3182"},{"taxonomy":"product_tag","embeddable":true,"href":"https:\/\/owlstales.eu\/ru\/wp-json\/wp\/v2\/product_tag?post=3182"}],"curies":[{"name":"wp","href":"https:\/\/api.w.org\/{rel}","templated":true}]}}