{"id":3079,"date":"2026-03-08T08:04:26","date_gmt":"2026-03-08T06:04:26","guid":{"rendered":"https:\/\/owlstales.eu\/product\/%d1%84%d1%83%d1%82%d0%b1%d0%be%d0%bb%d0%ba%d0%b0-%d0%bc%d1%83%d0%b6%d1%81%d0%ba%d0%b0%d1%8f-owls-tales-everyday\/"},"modified":"2026-03-08T08:04:26","modified_gmt":"2026-03-08T06:04:26","slug":"%d1%84%d1%83%d1%82%d0%b1%d0%be%d0%bb%d0%ba%d0%b0-%d0%bc%d1%83%d0%b6%d1%81%d0%ba%d0%b0%d1%8f-owls-tales-everyday","status":"publish","type":"product","link":"https:\/\/owlstales.eu\/ru\/product\/%d1%84%d1%83%d1%82%d0%b1%d0%be%d0%bb%d0%ba%d0%b0-%d0%bc%d1%83%d0%b6%d1%81%d0%ba%d0%b0%d1%8f-owls-tales-everyday\/","title":{"rendered":"\u0424\u0443\u0442\u0431\u043e\u043b\u043a\u0430 \u043c\u0443\u0436\u0441\u043a\u0430\u044f OWLS TALES Everyday"},"content":{"rendered":"<p>\u041c\u043e\u0434\u0435\u043b\u044c: OWLS TALES Everyday<br \/>\n\u041f\u0440\u0438\u043d\u0442: OWLS TALES \u00ab\u041b\u0435\u0442\u0430\u044e\u0449\u0438\u0439 \u043c\u044b\u0448\u043e\u043d\u043e\u043a\u00bb<br \/>\n\u0422\u0438\u043f: \u0444\u0443\u0442\u0431\u043e\u043b\u043a\u0430 \u0441 \u043a\u043e\u0440\u043e\u0442\u043a\u0438\u043c \u0440\u0443\u043a\u0430\u0432\u043e\u043c<br \/>\n\u0411\u0430\u0437\u043e\u0432\u0430\u044f \u0444\u0443\u0442\u0431\u043e\u043b\u043a\u0430: JustHoods (\u043c\u0443\u0436\u0441\u043a\u0430\u044f \u043c\u043e\u0434\u0435\u043b\u044c)<br \/>\n\u0421\u043e\u0441\u0442\u0430\u0432: 100% \u0445\u043b\u043e\u043f\u043e\u043a<br \/>\n\u041f\u043b\u043e\u0442\u043d\u043e\u0441\u0442\u044c \u043c\u0430\u0442\u0435\u0440\u0438\u0430\u043b\u0430: \u043e\u043a\u043e\u043b\u043e 150\u2013170 \u0433\/\u043c\u00b2<br \/>\n\u041f\u0435\u0447\u0430\u0442\u044c: \u0432\u044b\u0441\u043e\u043a\u043e\u043a\u0430\u0447\u0435\u0441\u0442\u0432\u0435\u043d\u043d\u0430\u044f \u0441\u0442\u043e\u0439\u043a\u0430\u044f \u0446\u0438\u0444\u0440\u043e\u0432\u0430\u044f \u043f\u0435\u0447\u0430\u0442\u044c<br \/>\n\u0420\u0430\u0437\u043c\u0435\u0440\u044b: XS\u20133XL<br \/>\n\u0423\u0445\u043e\u0434: \u043c\u0430\u0448\u0438\u043d\u043d\u0430\u044f \u0441\u0442\u0438\u0440\u043a\u0430 \u043f\u0440\u0438 \u043e\u0431\u044b\u0447\u043d\u043e\u043c \u0440\u0435\u0436\u0438\u043c\u0435<\/p>\n<p><img fetchpriority=\"high\" decoding=\"async\" class=\"wp-image-2244 alignleft\" src=\"https:\/\/owlstales.eu\/wp-content\/uploads\/2026\/03\/IzmeriHudijiPremiumVirieshu-300x100.png\" alt=\"\" width=\"408\" height=\"136\" srcset=\"https:\/\/owlstales.eu\/wp-content\/uploads\/2026\/03\/IzmeriHudijiPremiumVirieshu-300x100.png 300w, https:\/\/owlstales.eu\/wp-content\/uploads\/2026\/03\/IzmeriHudijiPremiumVirieshu-1024x342.png 1024w, https:\/\/owlstales.eu\/wp-content\/uploads\/2026\/03\/IzmeriHudijiPremiumVirieshu-768x256.png 768w, https:\/\/owlstales.eu\/wp-content\/uploads\/2026\/03\/IzmeriHudijiPremiumVirieshu-600x200.png 600w, https:\/\/owlstales.eu\/wp-content\/uploads\/2026\/03\/IzmeriHudijiPremiumVirieshu.png 1057w\" sizes=\"(max-width: 408px) 100vw, 408px\" \/><\/p>\n","protected":false},"excerpt":{"rendered":"<p>\u041c\u0443\u0436\u0441\u043a\u0430\u044f \u0444\u0443\u0442\u0431\u043e\u043b\u043a\u0430 OWLS TALES Everyday \u0438\u0437\u0433\u043e\u0442\u043e\u0432\u043b\u0435\u043d\u0430 \u043d\u0430 \u0431\u0430\u0437\u0435 \u0444\u0443\u0442\u0431\u043e\u043b\u043a\u0438 \u043f\u0440\u043e\u0438\u0437\u0432\u043e\u0434\u0438\u0442\u0435\u043b\u044f JustHoods. \u041c\u043e\u0434\u0435\u043b\u044c \u0438\u043c\u0435\u0435\u0442 \u043c\u0443\u0436\u0441\u043a\u043e\u0439 \u043a\u0440\u043e\u0439, \u0443\u0434\u043e\u0431\u043d\u043e \u0441\u0438\u0434\u0438\u0442 \u0438 \u043f\u043e\u0434\u0445\u043e\u0434\u0438\u0442 \u0434\u043b\u044f \u043f\u043e\u0432\u0441\u0435\u0434\u043d\u0435\u0432\u043d\u043e\u0433\u043e \u043d\u043e\u0448\u0435\u043d\u0438\u044f \u2014 \u0434\u043b\u044f \u0440\u0430\u0431\u043e\u0442\u044b, \u043f\u0440\u043e\u0433\u0443\u043b\u043e\u043a \u0438 \u043e\u0442\u0434\u044b\u0445\u0430.<br \/>\n\u0424\u0443\u0442\u0431\u043e\u043b\u043a\u0430 \u0432\u044b\u043f\u043e\u043b\u043d\u0435\u043d\u0430 \u0438\u0437 \u043c\u044f\u0433\u043a\u043e\u0433\u043e \u0442\u0440\u0438\u043a\u043e\u0442\u0430\u0436\u043d\u043e\u0433\u043e \u043f\u043e\u043b\u043e\u0442\u043d\u0430 \u0441 \u0432\u044b\u0441\u043e\u043a\u0438\u043c \u0441\u043e\u0434\u0435\u0440\u0436\u0430\u043d\u0438\u0435\u043c \u0445\u043b\u043e\u043f\u043a\u0430, \u043f\u0440\u0438\u044f\u0442\u043d\u043e\u0433\u043e \u0434\u043b\u044f \u043a\u043e\u0436\u0438 \u0438 \u043a\u043e\u043c\u0444\u043e\u0440\u0442\u043d\u043e\u0433\u043e \u043f\u0440\u0438 \u0435\u0436\u0435\u0434\u043d\u0435\u0432\u043d\u043e\u043c \u0438\u0441\u043f\u043e\u043b\u044c\u0437\u043e\u0432\u0430\u043d\u0438\u0438.<br \/>\n<br \/>\u041d\u0430 \u0438\u0437\u0434\u0435\u043b\u0438\u0435 \u043d\u0430\u043d\u043e\u0441\u0438\u0442\u0441\u044f \u043e\u0440\u0438\u0433\u0438\u043d\u0430\u043b\u044c\u043d\u044b\u0439 \u043f\u0440\u0438\u043d\u0442 OWLS TALES, \u0432\u044b\u043f\u043e\u043b\u043d\u0435\u043d\u043d\u044b\u0439 \u0441 \u0438\u0441\u043f\u043e\u043b\u044c\u0437\u043e\u0432\u0430\u043d\u0438\u0435\u043c \u0432\u044b\u0441\u043e\u043a\u043e\u043a\u0430\u0447\u0435\u0441\u0442\u0432\u0435\u043d\u043d\u043e\u0439 \u0441\u0442\u043e\u0439\u043a\u043e\u0439 \u0446\u0438\u0444\u0440\u043e\u0432\u043e\u0439 \u043f\u0435\u0447\u0430\u0442\u0438.<\/p>\n","protected":false},"featured_media":2508,"comment_status":"open","ping_status":"closed","template":"","meta":[],"product_brand":[],"product_cat":[119,133,189],"product_tag":[],"class_list":{"0":"post-3079","1":"product","2":"type-product","3":"status-publish","4":"has-post-thumbnail","6":"product_cat-119","7":"product_cat-133","8":"product_cat-189","9":"pa_krasa-burgundy","10":"pa_krasa-natural","11":"pa_krasa-navy","13":"first","14":"instock","15":"taxable","16":"shipping-taxable","17":"purchasable","18":"product-type-variable"},"yoast_head":"<!-- This site is optimized with the Yoast SEO Premium plugin v27.1 (Yoast SEO v27.4) - https:\/\/yoast.com\/product\/yoast-seo-premium-wordpress\/ -->\n<title>\u0424\u0443\u0442\u0431\u043e\u043b\u043a\u0430 \u043c\u0443\u0436\u0441\u043a\u0430\u044f OWLS TALES Everyday - P\u016bces pasakas<\/title>\n<meta name=\"description\" content=\"\u041c\u043e\u0434\u0435\u043b\u044c \u0438\u043c\u0435\u0435\u0442 \u043c\u0443\u0436\u0441\u043a\u043e\u0439 \u043a\u0440\u043e\u0439, \u0443\u0434\u043e\u0431\u043d\u043e \u0441\u0438\u0434\u0438\u0442 \u0438 \u043f\u043e\u0434\u0445\u043e\u0434\u0438\u0442 \u0434\u043b\u044f \u043f\u043e\u0432\u0441\u0435\u0434\u043d\u0435\u0432\u043d\u043e\u0433\u043e \u043d\u043e\u0448\u0435\u043d\u0438\u044f \u2014 \u0434\u043b\u044f \u0440\u0430\u0431\u043e\u0442\u044b, \u043f\u0440\u043e\u0433\u0443\u043b\u043e\u043a \u0438 \u043e\u0442\u0434\u044b\u0445\u0430.\" \/>\n<meta name=\"robots\" content=\"index, follow, max-snippet:-1, max-image-preview:large, max-video-preview:-1\" \/>\n<link rel=\"canonical\" href=\"https:\/\/owlstales.eu\/ru\/product\/%d1%84%d1%83%d1%82%d0%b1%d0%be%d0%bb%d0%ba%d0%b0-%d0%bc%d1%83%d0%b6%d1%81%d0%ba%d0%b0%d1%8f-owls-tales-everyday\/\" \/>\n<meta property=\"og:locale\" content=\"ru_RU\" \/>\n<meta property=\"og:type\" content=\"article\" \/>\n<meta property=\"og:title\" content=\"\u0424\u0443\u0442\u0431\u043e\u043b\u043a\u0430 \u043c\u0443\u0436\u0441\u043a\u0430\u044f OWLS TALES Everyday\" \/>\n<meta property=\"og:description\" content=\"\u041c\u043e\u0434\u0435\u043b\u044c \u0438\u043c\u0435\u0435\u0442 \u043c\u0443\u0436\u0441\u043a\u043e\u0439 \u043a\u0440\u043e\u0439, \u0443\u0434\u043e\u0431\u043d\u043e \u0441\u0438\u0434\u0438\u0442 \u0438 \u043f\u043e\u0434\u0445\u043e\u0434\u0438\u0442 \u0434\u043b\u044f \u043f\u043e\u0432\u0441\u0435\u0434\u043d\u0435\u0432\u043d\u043e\u0433\u043e \u043d\u043e\u0448\u0435\u043d\u0438\u044f \u2014 \u0434\u043b\u044f \u0440\u0430\u0431\u043e\u0442\u044b, \u043f\u0440\u043e\u0433\u0443\u043b\u043e\u043a \u0438 \u043e\u0442\u0434\u044b\u0445\u0430.\" \/>\n<meta property=\"og:url\" content=\"https:\/\/owlstales.eu\/ru\/product\/%d1%84%d1%83%d1%82%d0%b1%d0%be%d0%bb%d0%ba%d0%b0-%d0%bc%d1%83%d0%b6%d1%81%d0%ba%d0%b0%d1%8f-owls-tales-everyday\/\" \/>\n<meta property=\"og:site_name\" content=\"P\u016bces pasakas\" \/>\n<meta property=\"article:publisher\" content=\"https:\/\/www.facebook.com\/owlstales.eu\/\" \/>\n<meta property=\"og:image\" content=\"https:\/\/owlstales.eu\/wp-content\/uploads\/2026\/03\/Vir_baze_nav_owl.webp\" \/>\n\t<meta property=\"og:image:width\" content=\"1024\" \/>\n\t<meta property=\"og:image:height\" content=\"1024\" \/>\n\t<meta property=\"og:image:type\" content=\"image\/webp\" \/>\n<meta name=\"twitter:card\" content=\"summary_large_image\" \/>\n<meta name=\"twitter:label1\" content=\"\u0414\u043e\u0441\u0442\u0443\u043f\u043d\u043e\u0441\u0442\u044c\" \/>\n\t<meta name=\"twitter:data1\" content=\"\u0412 \u043d\u0430\u043b\u0438\u0447\u0438\u0438\" \/>\n<script type=\"application\/ld+json\" class=\"yoast-schema-graph\">{\"@context\":\"https:\\\/\\\/schema.org\",\"@graph\":[{\"@type\":\"WebPage\",\"@id\":\"https:\\\/\\\/owlstales.eu\\\/ru\\\/product\\\/%d1%84%d1%83%d1%82%d0%b1%d0%be%d0%bb%d0%ba%d0%b0-%d0%bc%d1%83%d0%b6%d1%81%d0%ba%d0%b0%d1%8f-owls-tales-everyday\\\/\",\"url\":\"https:\\\/\\\/owlstales.eu\\\/ru\\\/product\\\/%d1%84%d1%83%d1%82%d0%b1%d0%be%d0%bb%d0%ba%d0%b0-%d0%bc%d1%83%d0%b6%d1%81%d0%ba%d0%b0%d1%8f-owls-tales-everyday\\\/\",\"name\":\"\u0424\u0443\u0442\u0431\u043e\u043b\u043a\u0430 \u043c\u0443\u0436\u0441\u043a\u0430\u044f OWLS TALES Everyday - P\u016bces pasakas\",\"isPartOf\":{\"@id\":\"https:\\\/\\\/owlstales.eu\\\/ru\\\/#website\"},\"primaryImageOfPage\":{\"@id\":\"https:\\\/\\\/owlstales.eu\\\/ru\\\/product\\\/%d1%84%d1%83%d1%82%d0%b1%d0%be%d0%bb%d0%ba%d0%b0-%d0%bc%d1%83%d0%b6%d1%81%d0%ba%d0%b0%d1%8f-owls-tales-everyday\\\/#primaryimage\"},\"image\":{\"@id\":\"https:\\\/\\\/owlstales.eu\\\/ru\\\/product\\\/%d1%84%d1%83%d1%82%d0%b1%d0%be%d0%bb%d0%ba%d0%b0-%d0%bc%d1%83%d0%b6%d1%81%d0%ba%d0%b0%d1%8f-owls-tales-everyday\\\/#primaryimage\"},\"thumbnailUrl\":\"https:\\\/\\\/owlstales.eu\\\/wp-content\\\/uploads\\\/2026\\\/03\\\/Vir_baze_nav_owl.webp\",\"datePublished\":\"2026-03-08T06:04:26+00:00\",\"description\":\"\u041c\u043e\u0434\u0435\u043b\u044c \u0438\u043c\u0435\u0435\u0442 \u043c\u0443\u0436\u0441\u043a\u043e\u0439 \u043a\u0440\u043e\u0439, \u0443\u0434\u043e\u0431\u043d\u043e \u0441\u0438\u0434\u0438\u0442 \u0438 \u043f\u043e\u0434\u0445\u043e\u0434\u0438\u0442 \u0434\u043b\u044f \u043f\u043e\u0432\u0441\u0435\u0434\u043d\u0435\u0432\u043d\u043e\u0433\u043e \u043d\u043e\u0448\u0435\u043d\u0438\u044f \u2014 \u0434\u043b\u044f \u0440\u0430\u0431\u043e\u0442\u044b, \u043f\u0440\u043e\u0433\u0443\u043b\u043e\u043a \u0438 \u043e\u0442\u0434\u044b\u0445\u0430.\",\"breadcrumb\":{\"@id\":\"https:\\\/\\\/owlstales.eu\\\/ru\\\/product\\\/%d1%84%d1%83%d1%82%d0%b1%d0%be%d0%bb%d0%ba%d0%b0-%d0%bc%d1%83%d0%b6%d1%81%d0%ba%d0%b0%d1%8f-owls-tales-everyday\\\/#breadcrumb\"},\"inLanguage\":\"ru-RU\",\"potentialAction\":[{\"@type\":\"ReadAction\",\"target\":[\"https:\\\/\\\/owlstales.eu\\\/ru\\\/product\\\/%d1%84%d1%83%d1%82%d0%b1%d0%be%d0%bb%d0%ba%d0%b0-%d0%bc%d1%83%d0%b6%d1%81%d0%ba%d0%b0%d1%8f-owls-tales-everyday\\\/\"]}]},{\"@type\":\"ImageObject\",\"inLanguage\":\"ru-RU\",\"@id\":\"https:\\\/\\\/owlstales.eu\\\/ru\\\/product\\\/%d1%84%d1%83%d1%82%d0%b1%d0%be%d0%bb%d0%ba%d0%b0-%d0%bc%d1%83%d0%b6%d1%81%d0%ba%d0%b0%d1%8f-owls-tales-everyday\\\/#primaryimage\",\"url\":\"https:\\\/\\\/owlstales.eu\\\/wp-content\\\/uploads\\\/2026\\\/03\\\/Vir_baze_nav_owl.webp\",\"contentUrl\":\"https:\\\/\\\/owlstales.eu\\\/wp-content\\\/uploads\\\/2026\\\/03\\\/Vir_baze_nav_owl.webp\",\"width\":1024,\"height\":1024},{\"@type\":\"BreadcrumbList\",\"@id\":\"https:\\\/\\\/owlstales.eu\\\/ru\\\/product\\\/%d1%84%d1%83%d1%82%d0%b1%d0%be%d0%bb%d0%ba%d0%b0-%d0%bc%d1%83%d0%b6%d1%81%d0%ba%d0%b0%d1%8f-owls-tales-everyday\\\/#breadcrumb\",\"itemListElement\":[{\"@type\":\"ListItem\",\"position\":1,\"name\":\"Home\",\"item\":\"https:\\\/\\\/owlstales.eu\\\/ru\\\/%d0%bd%d0%b0%d1%87%d0%b0%d0%bb%d0%be\\\/\"},{\"@type\":\"ListItem\",\"position\":2,\"name\":\"\u041c\u0430\u0433\u0430\u0437\u0438\u043d\",\"item\":\"https:\\\/\\\/owlstales.eu\\\/ru\\\/%d0%bc%d0%b0%d0%b3%d0%b0%d0%b7%d0%b8%d0%bd\\\/\"},{\"@type\":\"ListItem\",\"position\":3,\"name\":\"\u0424\u0443\u0442\u0431\u043e\u043b\u043a\u0430 \u043c\u0443\u0436\u0441\u043a\u0430\u044f OWLS TALES Everyday\"}]},{\"@type\":\"WebSite\",\"@id\":\"https:\\\/\\\/owlstales.eu\\\/ru\\\/#website\",\"url\":\"https:\\\/\\\/owlstales.eu\\\/ru\\\/\",\"name\":\"P\u016bces pasakas\",\"description\":\"GR\u0100MATAS | PDF | AUDIOIZR\u0100DES | PASAKAS\",\"publisher\":{\"@id\":\"https:\\\/\\\/owlstales.eu\\\/ru\\\/#organization\"},\"alternateName\":\"owls tales\",\"potentialAction\":[{\"@type\":\"SearchAction\",\"target\":{\"@type\":\"EntryPoint\",\"urlTemplate\":\"https:\\\/\\\/owlstales.eu\\\/ru\\\/?s={search_term_string}\"},\"query-input\":{\"@type\":\"PropertyValueSpecification\",\"valueRequired\":true,\"valueName\":\"search_term_string\"}}],\"inLanguage\":\"ru-RU\"},{\"@type\":\"Organization\",\"@id\":\"https:\\\/\\\/owlstales.eu\\\/ru\\\/#organization\",\"name\":\"P\u016bces pasakas\",\"url\":\"https:\\\/\\\/owlstales.eu\\\/ru\\\/\",\"logo\":{\"@type\":\"ImageObject\",\"inLanguage\":\"ru-RU\",\"@id\":\"https:\\\/\\\/owlstales.eu\\\/ru\\\/#\\\/schema\\\/logo\\\/image\\\/\",\"url\":\"https:\\\/\\\/owlstales.eu\\\/wp-content\\\/uploads\\\/2026\\\/03\\\/owl_logo_ok.webp\",\"contentUrl\":\"https:\\\/\\\/owlstales.eu\\\/wp-content\\\/uploads\\\/2026\\\/03\\\/owl_logo_ok.webp\",\"width\":512,\"height\":512,\"caption\":\"P\u016bces pasakas\"},\"image\":{\"@id\":\"https:\\\/\\\/owlstales.eu\\\/ru\\\/#\\\/schema\\\/logo\\\/image\\\/\"},\"sameAs\":[\"https:\\\/\\\/www.facebook.com\\\/owlstales.eu\\\/\"],\"description\":\"Pasakas b\u0113rniem, pal\u012bgmateri\u0101li skolot\u0101jiem.\",\"email\":\"projekts.library@gmail.com\",\"telephone\":\"+371 20923022\",\"legalName\":\"ELENAS LIBRARY SIA\",\"foundingDate\":\"2025-03-01\",\"vatID\":\"LV402036769410\",\"taxID\":\"402036769410\",\"numberOfEmployees\":{\"@type\":\"QuantitativeValue\",\"minValue\":\"1\",\"maxValue\":\"10\"}}]}<\/script>\n<meta property=\"og:availability\" content=\"instock\" \/>\n<meta property=\"product:availability\" content=\"instock\" \/>\n<meta property=\"product:retailer_item_id\" content=\"Vir_tkrekls_everyday\" \/>\n<meta property=\"product:condition\" content=\"new\" \/>\n<!-- \/ Yoast SEO Premium plugin. -->","yoast_head_json":{"title":"\u0424\u0443\u0442\u0431\u043e\u043b\u043a\u0430 \u043c\u0443\u0436\u0441\u043a\u0430\u044f OWLS TALES Everyday - P\u016bces pasakas","description":"\u041c\u043e\u0434\u0435\u043b\u044c \u0438\u043c\u0435\u0435\u0442 \u043c\u0443\u0436\u0441\u043a\u043e\u0439 \u043a\u0440\u043e\u0439, \u0443\u0434\u043e\u0431\u043d\u043e \u0441\u0438\u0434\u0438\u0442 \u0438 \u043f\u043e\u0434\u0445\u043e\u0434\u0438\u0442 \u0434\u043b\u044f \u043f\u043e\u0432\u0441\u0435\u0434\u043d\u0435\u0432\u043d\u043e\u0433\u043e \u043d\u043e\u0448\u0435\u043d\u0438\u044f \u2014 \u0434\u043b\u044f \u0440\u0430\u0431\u043e\u0442\u044b, \u043f\u0440\u043e\u0433\u0443\u043b\u043e\u043a \u0438 \u043e\u0442\u0434\u044b\u0445\u0430.","robots":{"index":"index","follow":"follow","max-snippet":"max-snippet:-1","max-image-preview":"max-image-preview:large","max-video-preview":"max-video-preview:-1"},"canonical":"https:\/\/owlstales.eu\/ru\/product\/%d1%84%d1%83%d1%82%d0%b1%d0%be%d0%bb%d0%ba%d0%b0-%d0%bc%d1%83%d0%b6%d1%81%d0%ba%d0%b0%d1%8f-owls-tales-everyday\/","og_locale":"ru_RU","og_type":"article","og_title":"\u0424\u0443\u0442\u0431\u043e\u043b\u043a\u0430 \u043c\u0443\u0436\u0441\u043a\u0430\u044f OWLS TALES Everyday","og_description":"\u041c\u043e\u0434\u0435\u043b\u044c \u0438\u043c\u0435\u0435\u0442 \u043c\u0443\u0436\u0441\u043a\u043e\u0439 \u043a\u0440\u043e\u0439, \u0443\u0434\u043e\u0431\u043d\u043e \u0441\u0438\u0434\u0438\u0442 \u0438 \u043f\u043e\u0434\u0445\u043e\u0434\u0438\u0442 \u0434\u043b\u044f \u043f\u043e\u0432\u0441\u0435\u0434\u043d\u0435\u0432\u043d\u043e\u0433\u043e \u043d\u043e\u0448\u0435\u043d\u0438\u044f \u2014 \u0434\u043b\u044f \u0440\u0430\u0431\u043e\u0442\u044b, \u043f\u0440\u043e\u0433\u0443\u043b\u043e\u043a \u0438 \u043e\u0442\u0434\u044b\u0445\u0430.","og_url":"https:\/\/owlstales.eu\/ru\/product\/%d1%84%d1%83%d1%82%d0%b1%d0%be%d0%bb%d0%ba%d0%b0-%d0%bc%d1%83%d0%b6%d1%81%d0%ba%d0%b0%d1%8f-owls-tales-everyday\/","og_site_name":"P\u016bces pasakas","article_publisher":"https:\/\/www.facebook.com\/owlstales.eu\/","og_image":[{"width":1024,"height":1024,"url":"https:\/\/owlstales.eu\/wp-content\/uploads\/2026\/03\/Vir_baze_nav_owl.webp","type":"image\/webp"}],"twitter_card":"summary_large_image","twitter_misc":{"\u0414\u043e\u0441\u0442\u0443\u043f\u043d\u043e\u0441\u0442\u044c":"\u0412 \u043d\u0430\u043b\u0438\u0447\u0438\u0438"},"schema":{"@context":"https:\/\/schema.org","@graph":[{"@type":"WebPage","@id":"https:\/\/owlstales.eu\/ru\/product\/%d1%84%d1%83%d1%82%d0%b1%d0%be%d0%bb%d0%ba%d0%b0-%d0%bc%d1%83%d0%b6%d1%81%d0%ba%d0%b0%d1%8f-owls-tales-everyday\/","url":"https:\/\/owlstales.eu\/ru\/product\/%d1%84%d1%83%d1%82%d0%b1%d0%be%d0%bb%d0%ba%d0%b0-%d0%bc%d1%83%d0%b6%d1%81%d0%ba%d0%b0%d1%8f-owls-tales-everyday\/","name":"\u0424\u0443\u0442\u0431\u043e\u043b\u043a\u0430 \u043c\u0443\u0436\u0441\u043a\u0430\u044f OWLS TALES Everyday - P\u016bces pasakas","isPartOf":{"@id":"https:\/\/owlstales.eu\/ru\/#website"},"primaryImageOfPage":{"@id":"https:\/\/owlstales.eu\/ru\/product\/%d1%84%d1%83%d1%82%d0%b1%d0%be%d0%bb%d0%ba%d0%b0-%d0%bc%d1%83%d0%b6%d1%81%d0%ba%d0%b0%d1%8f-owls-tales-everyday\/#primaryimage"},"image":{"@id":"https:\/\/owlstales.eu\/ru\/product\/%d1%84%d1%83%d1%82%d0%b1%d0%be%d0%bb%d0%ba%d0%b0-%d0%bc%d1%83%d0%b6%d1%81%d0%ba%d0%b0%d1%8f-owls-tales-everyday\/#primaryimage"},"thumbnailUrl":"https:\/\/owlstales.eu\/wp-content\/uploads\/2026\/03\/Vir_baze_nav_owl.webp","datePublished":"2026-03-08T06:04:26+00:00","description":"\u041c\u043e\u0434\u0435\u043b\u044c \u0438\u043c\u0435\u0435\u0442 \u043c\u0443\u0436\u0441\u043a\u043e\u0439 \u043a\u0440\u043e\u0439, \u0443\u0434\u043e\u0431\u043d\u043e \u0441\u0438\u0434\u0438\u0442 \u0438 \u043f\u043e\u0434\u0445\u043e\u0434\u0438\u0442 \u0434\u043b\u044f \u043f\u043e\u0432\u0441\u0435\u0434\u043d\u0435\u0432\u043d\u043e\u0433\u043e \u043d\u043e\u0448\u0435\u043d\u0438\u044f \u2014 \u0434\u043b\u044f \u0440\u0430\u0431\u043e\u0442\u044b, \u043f\u0440\u043e\u0433\u0443\u043b\u043e\u043a \u0438 \u043e\u0442\u0434\u044b\u0445\u0430.","breadcrumb":{"@id":"https:\/\/owlstales.eu\/ru\/product\/%d1%84%d1%83%d1%82%d0%b1%d0%be%d0%bb%d0%ba%d0%b0-%d0%bc%d1%83%d0%b6%d1%81%d0%ba%d0%b0%d1%8f-owls-tales-everyday\/#breadcrumb"},"inLanguage":"ru-RU","potentialAction":[{"@type":"ReadAction","target":["https:\/\/owlstales.eu\/ru\/product\/%d1%84%d1%83%d1%82%d0%b1%d0%be%d0%bb%d0%ba%d0%b0-%d0%bc%d1%83%d0%b6%d1%81%d0%ba%d0%b0%d1%8f-owls-tales-everyday\/"]}]},{"@type":"ImageObject","inLanguage":"ru-RU","@id":"https:\/\/owlstales.eu\/ru\/product\/%d1%84%d1%83%d1%82%d0%b1%d0%be%d0%bb%d0%ba%d0%b0-%d0%bc%d1%83%d0%b6%d1%81%d0%ba%d0%b0%d1%8f-owls-tales-everyday\/#primaryimage","url":"https:\/\/owlstales.eu\/wp-content\/uploads\/2026\/03\/Vir_baze_nav_owl.webp","contentUrl":"https:\/\/owlstales.eu\/wp-content\/uploads\/2026\/03\/Vir_baze_nav_owl.webp","width":1024,"height":1024},{"@type":"BreadcrumbList","@id":"https:\/\/owlstales.eu\/ru\/product\/%d1%84%d1%83%d1%82%d0%b1%d0%be%d0%bb%d0%ba%d0%b0-%d0%bc%d1%83%d0%b6%d1%81%d0%ba%d0%b0%d1%8f-owls-tales-everyday\/#breadcrumb","itemListElement":[{"@type":"ListItem","position":1,"name":"Home","item":"https:\/\/owlstales.eu\/ru\/%d0%bd%d0%b0%d1%87%d0%b0%d0%bb%d0%be\/"},{"@type":"ListItem","position":2,"name":"\u041c\u0430\u0433\u0430\u0437\u0438\u043d","item":"https:\/\/owlstales.eu\/ru\/%d0%bc%d0%b0%d0%b3%d0%b0%d0%b7%d0%b8%d0%bd\/"},{"@type":"ListItem","position":3,"name":"\u0424\u0443\u0442\u0431\u043e\u043b\u043a\u0430 \u043c\u0443\u0436\u0441\u043a\u0430\u044f OWLS TALES Everyday"}]},{"@type":"WebSite","@id":"https:\/\/owlstales.eu\/ru\/#website","url":"https:\/\/owlstales.eu\/ru\/","name":"P\u016bces pasakas","description":"GR\u0100MATAS | PDF | AUDIOIZR\u0100DES | PASAKAS","publisher":{"@id":"https:\/\/owlstales.eu\/ru\/#organization"},"alternateName":"owls tales","potentialAction":[{"@type":"SearchAction","target":{"@type":"EntryPoint","urlTemplate":"https:\/\/owlstales.eu\/ru\/?s={search_term_string}"},"query-input":{"@type":"PropertyValueSpecification","valueRequired":true,"valueName":"search_term_string"}}],"inLanguage":"ru-RU"},{"@type":"Organization","@id":"https:\/\/owlstales.eu\/ru\/#organization","name":"P\u016bces pasakas","url":"https:\/\/owlstales.eu\/ru\/","logo":{"@type":"ImageObject","inLanguage":"ru-RU","@id":"https:\/\/owlstales.eu\/ru\/#\/schema\/logo\/image\/","url":"https:\/\/owlstales.eu\/wp-content\/uploads\/2026\/03\/owl_logo_ok.webp","contentUrl":"https:\/\/owlstales.eu\/wp-content\/uploads\/2026\/03\/owl_logo_ok.webp","width":512,"height":512,"caption":"P\u016bces pasakas"},"image":{"@id":"https:\/\/owlstales.eu\/ru\/#\/schema\/logo\/image\/"},"sameAs":["https:\/\/www.facebook.com\/owlstales.eu\/"],"description":"Pasakas b\u0113rniem, pal\u012bgmateri\u0101li skolot\u0101jiem.","email":"projekts.library@gmail.com","telephone":"+371 20923022","legalName":"ELENAS LIBRARY SIA","foundingDate":"2025-03-01","vatID":"LV402036769410","taxID":"402036769410","numberOfEmployees":{"@type":"QuantitativeValue","minValue":"1","maxValue":"10"}}]},"og_availability":"instock","product_availability":"instock","product_retailer_item_id":"Vir_tkrekls_everyday","product_condition":"new"},"_links":{"self":[{"href":"https:\/\/owlstales.eu\/ru\/wp-json\/wp\/v2\/product\/3079","targetHints":{"allow":["GET"]}}],"collection":[{"href":"https:\/\/owlstales.eu\/ru\/wp-json\/wp\/v2\/product"}],"about":[{"href":"https:\/\/owlstales.eu\/ru\/wp-json\/wp\/v2\/types\/product"}],"replies":[{"embeddable":true,"href":"https:\/\/owlstales.eu\/ru\/wp-json\/wp\/v2\/comments?post=3079"}],"wp:featuredmedia":[{"embeddable":true,"href":"https:\/\/owlstales.eu\/ru\/wp-json\/wp\/v2\/media\/2508"}],"wp:attachment":[{"href":"https:\/\/owlstales.eu\/ru\/wp-json\/wp\/v2\/media?parent=3079"}],"wp:term":[{"taxonomy":"product_brand","embeddable":true,"href":"https:\/\/owlstales.eu\/ru\/wp-json\/wp\/v2\/product_brand?post=3079"},{"taxonomy":"product_cat","embeddable":true,"href":"https:\/\/owlstales.eu\/ru\/wp-json\/wp\/v2\/product_cat?post=3079"},{"taxonomy":"product_tag","embeddable":true,"href":"https:\/\/owlstales.eu\/ru\/wp-json\/wp\/v2\/product_tag?post=3079"}],"curies":[{"name":"wp","href":"https:\/\/api.w.org\/{rel}","templated":true}]}}