{"id":2386,"date":"2026-03-06T11:07:00","date_gmt":"2026-03-06T09:07:00","guid":{"rendered":"https:\/\/owlstales.eu\/?post_type=product&#038;p=2386"},"modified":"2026-04-02T11:45:54","modified_gmt":"2026-04-02T09:45:54","slug":"%d1%85%d1%83%d0%b4%d0%b8-%d0%b4%d0%b5%d1%82%d1%81%d0%ba%d0%be%d0%b5-owls-tales-%d1%81%d0%be%d0%b2%d0%b0-forever-kopija-kopija-2","status":"publish","type":"product","link":"https:\/\/owlstales.eu\/ru\/product\/%d1%85%d1%83%d0%b4%d0%b8-%d0%b4%d0%b5%d1%82%d1%81%d0%ba%d0%be%d0%b5-owls-tales-%d1%81%d0%be%d0%b2%d0%b0-forever-kopija-kopija-2\/","title":{"rendered":"\u0425\u0443\u0434\u0438 \u0436\u0435\u043d\u0441\u043a\u043e\u0435 OWLS TALES Everyday"},"content":{"rendered":"<p>\u0416\u0435\u043d\u0441\u043a\u043e\u0435 \u0445\u0443\u0434\u0438 OWLS TALES Everyday \u0438\u0437\u0433\u043e\u0442\u043e\u0432\u043b\u0435\u043d\u043e \u043d\u0430 \u0431\u0430\u0437\u0435 \u0445\u0443\u0434\u0438 \u043f\u0440\u043e\u0438\u0437\u0432\u043e\u0434\u0438\u0442\u0435\u043b\u044f JustHoods. \u0423\u0434\u043e\u0431\u043d\u0430\u044f \u0438 \u043f\u0440\u0430\u043a\u0442\u0438\u0447\u043d\u0430\u044f \u043c\u043e\u0434\u0435\u043b\u044c \u0434\u043b\u044f \u043f\u043e\u0432\u0441\u0435\u0434\u043d\u0435\u0432\u043d\u043e\u0433\u043e \u043d\u043e\u0448\u0435\u043d\u0438\u044f \u2014 \u0434\u043b\u044f \u0440\u0430\u0431\u043e\u0442\u044b, \u043f\u0440\u043e\u0433\u0443\u043b\u043e\u043a \u0438 \u0430\u043a\u0442\u0438\u0432\u043d\u043e\u0439 \u0436\u0438\u0437\u043d\u0438.<br \/>\n\u0425\u0443\u0434\u0438 \u0432\u044b\u043f\u043e\u043b\u043d\u0435\u043d\u043e \u0438\u0437 \u043c\u044f\u0433\u043a\u043e\u0433\u043e \u0442\u0440\u0438\u043a\u043e\u0442\u0430\u0436\u0430 \u0441 \u0432\u044b\u0441\u043e\u043a\u0438\u043c \u0441\u043e\u0434\u0435\u0440\u0436\u0430\u043d\u0438\u0435\u043c \u0445\u043b\u043e\u043f\u043a\u0430, \u043a\u043e\u043c\u0444\u043e\u0440\u0442\u043d\u043e\u0433\u043e \u0434\u043b\u044f \u0435\u0436\u0435\u0434\u043d\u0435\u0432\u043d\u043e\u0433\u043e \u0438\u0441\u043f\u043e\u043b\u044c\u0437\u043e\u0432\u0430\u043d\u0438\u044f. \u041d\u0430 \u0438\u0437\u0434\u0435\u043b\u0438\u0435 \u043d\u0430\u043d\u043e\u0441\u0438\u0442\u0441\u044f \u043e\u0440\u0438\u0433\u0438\u043d\u0430\u043b\u044c\u043d\u044b\u0439 \u043f\u0440\u0438\u043d\u0442 OWLS TALES.  <\/p>\n<p><img decoding=\"async\" class=\"wp-image-2076 aligncenter\" src=\"https:\/\/owlstales.eu\/wp-content\/uploads\/2026\/03\/IzmeriHudijiPremiumSievieshu-300x76.png\" alt=\"\" width=\"399\" height=\"101\" srcset=\"https:\/\/owlstales.eu\/wp-content\/uploads\/2026\/03\/IzmeriHudijiPremiumSievieshu-300x76.png 300w, https:\/\/owlstales.eu\/wp-content\/uploads\/2026\/03\/IzmeriHudijiPremiumSievieshu-1024x261.png 1024w, https:\/\/owlstales.eu\/wp-content\/uploads\/2026\/03\/IzmeriHudijiPremiumSievieshu-768x195.png 768w, https:\/\/owlstales.eu\/wp-content\/uploads\/2026\/03\/IzmeriHudijiPremiumSievieshu-600x153.png 600w, https:\/\/owlstales.eu\/wp-content\/uploads\/2026\/03\/IzmeriHudijiPremiumSievieshu.png 1053w\" sizes=\"(max-width: 399px) 100vw, 399px\" \/><\/p>\n","protected":false},"excerpt":{"rendered":"<p>Modelis: OWLS TALES Everyday<br \/>\nApdruka: OWLS TALES \u00abLidojo\u0161ais pel\u0113ns\u00bb<br \/>\nTips: h\u016bdijs ar kapuci<br \/>\nPamata h\u016bdijs: JustHoods<br \/>\nSast\u0101vs: 80% kokvilna, 20% poliesteris<br \/>\nAuduma bl\u012bvums: apm\u0113ram 280 g\/m\u00b2<br \/>\nApdruka: augstas kvalit\u0101tes notur\u012bga digit\u0101l\u0101 druka\u2028Izm\u0113ri: XS\u20133XL<br \/>\nKop\u0161ana: mazg\u0101\u0161ana ve\u013casma\u0161\u012bn\u0101 parastaj\u0101 re\u017e\u012bm\u0101<\/p>\n","protected":false},"featured_media":2459,"comment_status":"open","ping_status":"closed","template":"","meta":[],"product_brand":[],"product_cat":[119,133,120],"product_tag":[],"class_list":{"0":"post-2386","1":"product","2":"type-product","3":"status-publish","4":"has-post-thumbnail","6":"product_cat-119","7":"product_cat-133","8":"product_cat-120","9":"pa_krasa-navy","10":"pa_krasa-vanilla-milkshake","12":"first","13":"instock","14":"taxable","15":"shipping-taxable","16":"purchasable","17":"product-type-variable"},"yoast_head":"<!-- This site is optimized with the Yoast SEO Premium plugin v27.1 (Yoast SEO v27.4) - https:\/\/yoast.com\/product\/yoast-seo-premium-wordpress\/ -->\n<title>\u0425\u0443\u0434\u0438 \u0436\u0435\u043d\u0441\u043a\u043e\u0435 OWLS TALES Everyday - P\u016bces pasakas<\/title>\n<meta name=\"description\" content=\"Pat\u012bkams un \u0113rts ikdienas lieto\u0161anai. Uz izstr\u0101d\u0101juma tiek uzkl\u0101ts ori\u0123in\u0101ls OWLS TALES apdrukas dizains, izmantojot augstas kvalit\u0101tes, notur\u012bgu druku.\" \/>\n<meta name=\"robots\" content=\"index, follow, max-snippet:-1, max-image-preview:large, max-video-preview:-1\" \/>\n<link rel=\"canonical\" href=\"https:\/\/owlstales.eu\/ru\/product\/%d1%85%d1%83%d0%b4%d0%b8-%d0%b4%d0%b5%d1%82%d1%81%d0%ba%d0%be%d0%b5-owls-tales-%d1%81%d0%be%d0%b2%d0%b0-forever-kopija-kopija-2\/\" \/>\n<meta property=\"og:locale\" content=\"ru_RU\" \/>\n<meta property=\"og:type\" content=\"article\" \/>\n<meta property=\"og:title\" content=\"\u0425\u0443\u0434\u0438 \u0436\u0435\u043d\u0441\u043a\u043e\u0435 OWLS TALES Everyday\" \/>\n<meta property=\"og:description\" content=\"Pat\u012bkams un \u0113rts ikdienas lieto\u0161anai. Uz izstr\u0101d\u0101juma tiek uzkl\u0101ts ori\u0123in\u0101ls OWLS TALES apdrukas dizains, izmantojot augstas kvalit\u0101tes, notur\u012bgu druku.\" \/>\n<meta property=\"og:url\" content=\"https:\/\/owlstales.eu\/ru\/product\/%d1%85%d1%83%d0%b4%d0%b8-%d0%b4%d0%b5%d1%82%d1%81%d0%ba%d0%be%d0%b5-owls-tales-%d1%81%d0%be%d0%b2%d0%b0-forever-kopija-kopija-2\/\" \/>\n<meta property=\"og:site_name\" content=\"P\u016bces pasakas\" \/>\n<meta property=\"article:publisher\" content=\"https:\/\/www.facebook.com\/owlstales.eu\/\" \/>\n<meta property=\"article:modified_time\" content=\"2026-04-02T09:45:54+00:00\" \/>\n<meta property=\"og:image\" content=\"https:\/\/owlstales.eu\/wp-content\/uploads\/2026\/03\/hud_siev_msh_owl_basic.webp\" \/>\n\t<meta property=\"og:image:width\" content=\"1024\" \/>\n\t<meta property=\"og:image:height\" content=\"1024\" \/>\n\t<meta property=\"og:image:type\" content=\"image\/webp\" \/>\n<meta name=\"twitter:card\" content=\"summary_large_image\" \/>\n<meta name=\"twitter:label1\" content=\"\u0414\u043e\u0441\u0442\u0443\u043f\u043d\u043e\u0441\u0442\u044c\" \/>\n\t<meta name=\"twitter:data1\" content=\"\u0412 \u043d\u0430\u043b\u0438\u0447\u0438\u0438\" \/>\n<script type=\"application\/ld+json\" class=\"yoast-schema-graph\">{\"@context\":\"https:\\\/\\\/schema.org\",\"@graph\":[{\"@type\":\"WebPage\",\"@id\":\"https:\\\/\\\/owlstales.eu\\\/ru\\\/product\\\/%d1%85%d1%83%d0%b4%d0%b8-%d0%b4%d0%b5%d1%82%d1%81%d0%ba%d0%be%d0%b5-owls-tales-%d1%81%d0%be%d0%b2%d0%b0-forever-kopija-kopija-2\\\/\",\"url\":\"https:\\\/\\\/owlstales.eu\\\/ru\\\/product\\\/%d1%85%d1%83%d0%b4%d0%b8-%d0%b4%d0%b5%d1%82%d1%81%d0%ba%d0%be%d0%b5-owls-tales-%d1%81%d0%be%d0%b2%d0%b0-forever-kopija-kopija-2\\\/\",\"name\":\"\u0425\u0443\u0434\u0438 \u0436\u0435\u043d\u0441\u043a\u043e\u0435 OWLS TALES Everyday - P\u016bces pasakas\",\"isPartOf\":{\"@id\":\"https:\\\/\\\/owlstales.eu\\\/ru\\\/#website\"},\"primaryImageOfPage\":{\"@id\":\"https:\\\/\\\/owlstales.eu\\\/ru\\\/product\\\/%d1%85%d1%83%d0%b4%d0%b8-%d0%b4%d0%b5%d1%82%d1%81%d0%ba%d0%be%d0%b5-owls-tales-%d1%81%d0%be%d0%b2%d0%b0-forever-kopija-kopija-2\\\/#primaryimage\"},\"image\":{\"@id\":\"https:\\\/\\\/owlstales.eu\\\/ru\\\/product\\\/%d1%85%d1%83%d0%b4%d0%b8-%d0%b4%d0%b5%d1%82%d1%81%d0%ba%d0%be%d0%b5-owls-tales-%d1%81%d0%be%d0%b2%d0%b0-forever-kopija-kopija-2\\\/#primaryimage\"},\"thumbnailUrl\":\"https:\\\/\\\/owlstales.eu\\\/wp-content\\\/uploads\\\/2026\\\/03\\\/hud_siev_msh_owl_basic.webp\",\"datePublished\":\"2026-03-06T09:07:00+00:00\",\"dateModified\":\"2026-04-02T09:45:54+00:00\",\"description\":\"Pat\u012bkams un \u0113rts ikdienas lieto\u0161anai. Uz izstr\u0101d\u0101juma tiek uzkl\u0101ts ori\u0123in\u0101ls OWLS TALES apdrukas dizains, izmantojot augstas kvalit\u0101tes, notur\u012bgu druku.\",\"breadcrumb\":{\"@id\":\"https:\\\/\\\/owlstales.eu\\\/ru\\\/product\\\/%d1%85%d1%83%d0%b4%d0%b8-%d0%b4%d0%b5%d1%82%d1%81%d0%ba%d0%be%d0%b5-owls-tales-%d1%81%d0%be%d0%b2%d0%b0-forever-kopija-kopija-2\\\/#breadcrumb\"},\"inLanguage\":\"ru-RU\",\"potentialAction\":[{\"@type\":\"ReadAction\",\"target\":[\"https:\\\/\\\/owlstales.eu\\\/ru\\\/product\\\/%d1%85%d1%83%d0%b4%d0%b8-%d0%b4%d0%b5%d1%82%d1%81%d0%ba%d0%be%d0%b5-owls-tales-%d1%81%d0%be%d0%b2%d0%b0-forever-kopija-kopija-2\\\/\"]}]},{\"@type\":\"ImageObject\",\"inLanguage\":\"ru-RU\",\"@id\":\"https:\\\/\\\/owlstales.eu\\\/ru\\\/product\\\/%d1%85%d1%83%d0%b4%d0%b8-%d0%b4%d0%b5%d1%82%d1%81%d0%ba%d0%be%d0%b5-owls-tales-%d1%81%d0%be%d0%b2%d0%b0-forever-kopija-kopija-2\\\/#primaryimage\",\"url\":\"https:\\\/\\\/owlstales.eu\\\/wp-content\\\/uploads\\\/2026\\\/03\\\/hud_siev_msh_owl_basic.webp\",\"contentUrl\":\"https:\\\/\\\/owlstales.eu\\\/wp-content\\\/uploads\\\/2026\\\/03\\\/hud_siev_msh_owl_basic.webp\",\"width\":1024,\"height\":1024},{\"@type\":\"BreadcrumbList\",\"@id\":\"https:\\\/\\\/owlstales.eu\\\/ru\\\/product\\\/%d1%85%d1%83%d0%b4%d0%b8-%d0%b4%d0%b5%d1%82%d1%81%d0%ba%d0%be%d0%b5-owls-tales-%d1%81%d0%be%d0%b2%d0%b0-forever-kopija-kopija-2\\\/#breadcrumb\",\"itemListElement\":[{\"@type\":\"ListItem\",\"position\":1,\"name\":\"Home\",\"item\":\"https:\\\/\\\/owlstales.eu\\\/ru\\\/%d0%bd%d0%b0%d1%87%d0%b0%d0%bb%d0%be\\\/\"},{\"@type\":\"ListItem\",\"position\":2,\"name\":\"\u041c\u0430\u0433\u0430\u0437\u0438\u043d\",\"item\":\"https:\\\/\\\/owlstales.eu\\\/ru\\\/%d0%bc%d0%b0%d0%b3%d0%b0%d0%b7%d0%b8%d0%bd\\\/\"},{\"@type\":\"ListItem\",\"position\":3,\"name\":\"\u0425\u0443\u0434\u0438 \u0436\u0435\u043d\u0441\u043a\u043e\u0435 OWLS TALES Everyday\"}]},{\"@type\":\"WebSite\",\"@id\":\"https:\\\/\\\/owlstales.eu\\\/ru\\\/#website\",\"url\":\"https:\\\/\\\/owlstales.eu\\\/ru\\\/\",\"name\":\"P\u016bces pasakas\",\"description\":\"GR\u0100MATAS | PDF | AUDIOIZR\u0100DES | PASAKAS\",\"publisher\":{\"@id\":\"https:\\\/\\\/owlstales.eu\\\/ru\\\/#organization\"},\"alternateName\":\"owls tales\",\"potentialAction\":[{\"@type\":\"SearchAction\",\"target\":{\"@type\":\"EntryPoint\",\"urlTemplate\":\"https:\\\/\\\/owlstales.eu\\\/ru\\\/?s={search_term_string}\"},\"query-input\":{\"@type\":\"PropertyValueSpecification\",\"valueRequired\":true,\"valueName\":\"search_term_string\"}}],\"inLanguage\":\"ru-RU\"},{\"@type\":\"Organization\",\"@id\":\"https:\\\/\\\/owlstales.eu\\\/ru\\\/#organization\",\"name\":\"P\u016bces pasakas\",\"url\":\"https:\\\/\\\/owlstales.eu\\\/ru\\\/\",\"logo\":{\"@type\":\"ImageObject\",\"inLanguage\":\"ru-RU\",\"@id\":\"https:\\\/\\\/owlstales.eu\\\/ru\\\/#\\\/schema\\\/logo\\\/image\\\/\",\"url\":\"https:\\\/\\\/owlstales.eu\\\/wp-content\\\/uploads\\\/2026\\\/03\\\/owl_logo_ok.webp\",\"contentUrl\":\"https:\\\/\\\/owlstales.eu\\\/wp-content\\\/uploads\\\/2026\\\/03\\\/owl_logo_ok.webp\",\"width\":512,\"height\":512,\"caption\":\"P\u016bces pasakas\"},\"image\":{\"@id\":\"https:\\\/\\\/owlstales.eu\\\/ru\\\/#\\\/schema\\\/logo\\\/image\\\/\"},\"sameAs\":[\"https:\\\/\\\/www.facebook.com\\\/owlstales.eu\\\/\"],\"description\":\"Pasakas b\u0113rniem, pal\u012bgmateri\u0101li skolot\u0101jiem.\",\"email\":\"projekts.library@gmail.com\",\"telephone\":\"+371 20923022\",\"legalName\":\"ELENAS LIBRARY SIA\",\"foundingDate\":\"2025-03-01\",\"vatID\":\"LV402036769410\",\"taxID\":\"402036769410\",\"numberOfEmployees\":{\"@type\":\"QuantitativeValue\",\"minValue\":\"1\",\"maxValue\":\"10\"}}]}<\/script>\n<meta property=\"og:availability\" content=\"instock\" \/>\n<meta property=\"product:availability\" content=\"instock\" \/>\n<meta property=\"product:retailer_item_id\" content=\"hudijs_basic_siev\" \/>\n<meta property=\"product:condition\" content=\"new\" \/>\n<!-- \/ Yoast SEO Premium plugin. -->","yoast_head_json":{"title":"\u0425\u0443\u0434\u0438 \u0436\u0435\u043d\u0441\u043a\u043e\u0435 OWLS TALES Everyday - P\u016bces pasakas","description":"Pat\u012bkams un \u0113rts ikdienas lieto\u0161anai. Uz izstr\u0101d\u0101juma tiek uzkl\u0101ts ori\u0123in\u0101ls OWLS TALES apdrukas dizains, izmantojot augstas kvalit\u0101tes, notur\u012bgu druku.","robots":{"index":"index","follow":"follow","max-snippet":"max-snippet:-1","max-image-preview":"max-image-preview:large","max-video-preview":"max-video-preview:-1"},"canonical":"https:\/\/owlstales.eu\/ru\/product\/%d1%85%d1%83%d0%b4%d0%b8-%d0%b4%d0%b5%d1%82%d1%81%d0%ba%d0%be%d0%b5-owls-tales-%d1%81%d0%be%d0%b2%d0%b0-forever-kopija-kopija-2\/","og_locale":"ru_RU","og_type":"article","og_title":"\u0425\u0443\u0434\u0438 \u0436\u0435\u043d\u0441\u043a\u043e\u0435 OWLS TALES Everyday","og_description":"Pat\u012bkams un \u0113rts ikdienas lieto\u0161anai. Uz izstr\u0101d\u0101juma tiek uzkl\u0101ts ori\u0123in\u0101ls OWLS TALES apdrukas dizains, izmantojot augstas kvalit\u0101tes, notur\u012bgu druku.","og_url":"https:\/\/owlstales.eu\/ru\/product\/%d1%85%d1%83%d0%b4%d0%b8-%d0%b4%d0%b5%d1%82%d1%81%d0%ba%d0%be%d0%b5-owls-tales-%d1%81%d0%be%d0%b2%d0%b0-forever-kopija-kopija-2\/","og_site_name":"P\u016bces pasakas","article_publisher":"https:\/\/www.facebook.com\/owlstales.eu\/","article_modified_time":"2026-04-02T09:45:54+00:00","og_image":[{"width":1024,"height":1024,"url":"https:\/\/owlstales.eu\/wp-content\/uploads\/2026\/03\/hud_siev_msh_owl_basic.webp","type":"image\/webp"}],"twitter_card":"summary_large_image","twitter_misc":{"\u0414\u043e\u0441\u0442\u0443\u043f\u043d\u043e\u0441\u0442\u044c":"\u0412 \u043d\u0430\u043b\u0438\u0447\u0438\u0438"},"schema":{"@context":"https:\/\/schema.org","@graph":[{"@type":"WebPage","@id":"https:\/\/owlstales.eu\/ru\/product\/%d1%85%d1%83%d0%b4%d0%b8-%d0%b4%d0%b5%d1%82%d1%81%d0%ba%d0%be%d0%b5-owls-tales-%d1%81%d0%be%d0%b2%d0%b0-forever-kopija-kopija-2\/","url":"https:\/\/owlstales.eu\/ru\/product\/%d1%85%d1%83%d0%b4%d0%b8-%d0%b4%d0%b5%d1%82%d1%81%d0%ba%d0%be%d0%b5-owls-tales-%d1%81%d0%be%d0%b2%d0%b0-forever-kopija-kopija-2\/","name":"\u0425\u0443\u0434\u0438 \u0436\u0435\u043d\u0441\u043a\u043e\u0435 OWLS TALES Everyday - P\u016bces pasakas","isPartOf":{"@id":"https:\/\/owlstales.eu\/ru\/#website"},"primaryImageOfPage":{"@id":"https:\/\/owlstales.eu\/ru\/product\/%d1%85%d1%83%d0%b4%d0%b8-%d0%b4%d0%b5%d1%82%d1%81%d0%ba%d0%be%d0%b5-owls-tales-%d1%81%d0%be%d0%b2%d0%b0-forever-kopija-kopija-2\/#primaryimage"},"image":{"@id":"https:\/\/owlstales.eu\/ru\/product\/%d1%85%d1%83%d0%b4%d0%b8-%d0%b4%d0%b5%d1%82%d1%81%d0%ba%d0%be%d0%b5-owls-tales-%d1%81%d0%be%d0%b2%d0%b0-forever-kopija-kopija-2\/#primaryimage"},"thumbnailUrl":"https:\/\/owlstales.eu\/wp-content\/uploads\/2026\/03\/hud_siev_msh_owl_basic.webp","datePublished":"2026-03-06T09:07:00+00:00","dateModified":"2026-04-02T09:45:54+00:00","description":"Pat\u012bkams un \u0113rts ikdienas lieto\u0161anai. Uz izstr\u0101d\u0101juma tiek uzkl\u0101ts ori\u0123in\u0101ls OWLS TALES apdrukas dizains, izmantojot augstas kvalit\u0101tes, notur\u012bgu druku.","breadcrumb":{"@id":"https:\/\/owlstales.eu\/ru\/product\/%d1%85%d1%83%d0%b4%d0%b8-%d0%b4%d0%b5%d1%82%d1%81%d0%ba%d0%be%d0%b5-owls-tales-%d1%81%d0%be%d0%b2%d0%b0-forever-kopija-kopija-2\/#breadcrumb"},"inLanguage":"ru-RU","potentialAction":[{"@type":"ReadAction","target":["https:\/\/owlstales.eu\/ru\/product\/%d1%85%d1%83%d0%b4%d0%b8-%d0%b4%d0%b5%d1%82%d1%81%d0%ba%d0%be%d0%b5-owls-tales-%d1%81%d0%be%d0%b2%d0%b0-forever-kopija-kopija-2\/"]}]},{"@type":"ImageObject","inLanguage":"ru-RU","@id":"https:\/\/owlstales.eu\/ru\/product\/%d1%85%d1%83%d0%b4%d0%b8-%d0%b4%d0%b5%d1%82%d1%81%d0%ba%d0%be%d0%b5-owls-tales-%d1%81%d0%be%d0%b2%d0%b0-forever-kopija-kopija-2\/#primaryimage","url":"https:\/\/owlstales.eu\/wp-content\/uploads\/2026\/03\/hud_siev_msh_owl_basic.webp","contentUrl":"https:\/\/owlstales.eu\/wp-content\/uploads\/2026\/03\/hud_siev_msh_owl_basic.webp","width":1024,"height":1024},{"@type":"BreadcrumbList","@id":"https:\/\/owlstales.eu\/ru\/product\/%d1%85%d1%83%d0%b4%d0%b8-%d0%b4%d0%b5%d1%82%d1%81%d0%ba%d0%be%d0%b5-owls-tales-%d1%81%d0%be%d0%b2%d0%b0-forever-kopija-kopija-2\/#breadcrumb","itemListElement":[{"@type":"ListItem","position":1,"name":"Home","item":"https:\/\/owlstales.eu\/ru\/%d0%bd%d0%b0%d1%87%d0%b0%d0%bb%d0%be\/"},{"@type":"ListItem","position":2,"name":"\u041c\u0430\u0433\u0430\u0437\u0438\u043d","item":"https:\/\/owlstales.eu\/ru\/%d0%bc%d0%b0%d0%b3%d0%b0%d0%b7%d0%b8%d0%bd\/"},{"@type":"ListItem","position":3,"name":"\u0425\u0443\u0434\u0438 \u0436\u0435\u043d\u0441\u043a\u043e\u0435 OWLS TALES Everyday"}]},{"@type":"WebSite","@id":"https:\/\/owlstales.eu\/ru\/#website","url":"https:\/\/owlstales.eu\/ru\/","name":"P\u016bces pasakas","description":"GR\u0100MATAS | PDF | AUDIOIZR\u0100DES | PASAKAS","publisher":{"@id":"https:\/\/owlstales.eu\/ru\/#organization"},"alternateName":"owls tales","potentialAction":[{"@type":"SearchAction","target":{"@type":"EntryPoint","urlTemplate":"https:\/\/owlstales.eu\/ru\/?s={search_term_string}"},"query-input":{"@type":"PropertyValueSpecification","valueRequired":true,"valueName":"search_term_string"}}],"inLanguage":"ru-RU"},{"@type":"Organization","@id":"https:\/\/owlstales.eu\/ru\/#organization","name":"P\u016bces pasakas","url":"https:\/\/owlstales.eu\/ru\/","logo":{"@type":"ImageObject","inLanguage":"ru-RU","@id":"https:\/\/owlstales.eu\/ru\/#\/schema\/logo\/image\/","url":"https:\/\/owlstales.eu\/wp-content\/uploads\/2026\/03\/owl_logo_ok.webp","contentUrl":"https:\/\/owlstales.eu\/wp-content\/uploads\/2026\/03\/owl_logo_ok.webp","width":512,"height":512,"caption":"P\u016bces pasakas"},"image":{"@id":"https:\/\/owlstales.eu\/ru\/#\/schema\/logo\/image\/"},"sameAs":["https:\/\/www.facebook.com\/owlstales.eu\/"],"description":"Pasakas b\u0113rniem, pal\u012bgmateri\u0101li skolot\u0101jiem.","email":"projekts.library@gmail.com","telephone":"+371 20923022","legalName":"ELENAS LIBRARY SIA","foundingDate":"2025-03-01","vatID":"LV402036769410","taxID":"402036769410","numberOfEmployees":{"@type":"QuantitativeValue","minValue":"1","maxValue":"10"}}]},"og_availability":"instock","product_availability":"instock","product_retailer_item_id":"hudijs_basic_siev","product_condition":"new"},"_links":{"self":[{"href":"https:\/\/owlstales.eu\/ru\/wp-json\/wp\/v2\/product\/2386","targetHints":{"allow":["GET"]}}],"collection":[{"href":"https:\/\/owlstales.eu\/ru\/wp-json\/wp\/v2\/product"}],"about":[{"href":"https:\/\/owlstales.eu\/ru\/wp-json\/wp\/v2\/types\/product"}],"replies":[{"embeddable":true,"href":"https:\/\/owlstales.eu\/ru\/wp-json\/wp\/v2\/comments?post=2386"}],"wp:featuredmedia":[{"embeddable":true,"href":"https:\/\/owlstales.eu\/ru\/wp-json\/wp\/v2\/media\/2459"}],"wp:attachment":[{"href":"https:\/\/owlstales.eu\/ru\/wp-json\/wp\/v2\/media?parent=2386"}],"wp:term":[{"taxonomy":"product_brand","embeddable":true,"href":"https:\/\/owlstales.eu\/ru\/wp-json\/wp\/v2\/product_brand?post=2386"},{"taxonomy":"product_cat","embeddable":true,"href":"https:\/\/owlstales.eu\/ru\/wp-json\/wp\/v2\/product_cat?post=2386"},{"taxonomy":"product_tag","embeddable":true,"href":"https:\/\/owlstales.eu\/ru\/wp-json\/wp\/v2\/product_tag?post=2386"}],"curies":[{"name":"wp","href":"https:\/\/api.w.org\/{rel}","templated":true}]}}