{"id":3194,"date":"2026-03-11T16:44:07","date_gmt":"2026-03-11T14:44:07","guid":{"rendered":"https:\/\/owlstales.eu\/product\/klausimai-vaikams-tevams-ir-pedagogams-skraidantis-peliukas\/"},"modified":"2026-04-14T19:06:11","modified_gmt":"2026-04-14T17:06:11","slug":"klausimai-vaikams-tevams-ir-pedagogams-skraidantis-peliukas","status":"publish","type":"product","link":"https:\/\/owlstales.eu\/lt\/produktas\/klausimai-vaikams-tevams-ir-pedagogams-skraidantis-peliukas\/","title":{"rendered":"Klausimai vaikams, t\u0117vams ir pedagogams \u00abSkraidantis peliukas\u00bb"},"content":{"rendered":"<p>\u00ab Skraidantis peliukas. Klausimai vaikams, t\u0117vams ir pedagogams\u00bb<\/p>\n<p>PIRMAS EKRANAS<br \/>\nKlausimai, kurie t\u0119sia pasak\u0105.<br \/>\nPriemon\u0117 pokalbiui su vaiku apie svarbius dalykus.<\/p>\n<p>ANOTACIJA<br \/>\n\u0160is leidinys sukurtas kaip pasakos \u201eSkraidantis peliukas\u201c t\u0119sinys ir kvietimas gyvam pokalbiui su vaiku, perskai\u010dius knyg\u0105.<br \/>\nPaprasti, bet gil\u016bs klausimai padeda vaikui susim\u0105styti apie draugyst\u0119, dr\u0105s\u0105, pasirinkim\u0105, savo geb\u0117jimus ir mok\u0117jim\u0105 pad\u0117ti kitiems.<br \/>\nBendras aptarimas suvienija \u0161eim\u0105, kuria tvirtus emocinius ry\u0161ius tarp t\u0117v\u0173 ir vaiko, moko gird\u0117ti vieniems kitus ir atveria suaugusiesiems naujas vaiko vidinio pasaulio puses.<br \/>\nMed\u017eiaga gali b\u016bti naudojama namuose, mokykloje ir \u012fvairiuose kituose u\u017esi\u0117mimuose, skirtuose kalbos, m\u0105stymo ir emocinio supratimo ugdymui.<br \/>\nTaip pat vaikas gali savaranki\u0161kai apm\u0105styti ir atsakyti \u012f klausimus bei aptarti savo atsakymus su artimaisiais.<\/p>\n<p>PEL\u0116DOS DRAUG\u0172 KLUBAS<br \/>\nPrie kiekvieno klausimo galima para\u0161yti atsakym\u0105 arba j\u012f nupie\u0161ti.<br \/>\nSavo atsakymus vaikai gali atsi\u0173sti \u012f \u201ePel\u0117dos draug\u0173 klub\u0105\u201c.<br \/>\nVaik\u0173 atsakymai bus paskelbti m\u016bs\u0173 interneto svetain\u0117je, kur kiti vaikai gal\u0117s pamatyti \u0161iuos darbus, juos pam\u0117gti ir paspausti \u201epatinka\u201c.<br \/>\nTaip pasaka t\u0119sis realiame gyvenime ir geros id\u0117jos vienys vaikus.<\/p>\n<p>APIE K\u0104 \u0160IS LEIDINYS<br \/>\nApie d\u0117mesing\u0105 pokalb\u012f su vaiku.<br \/>\nApie bendr\u0105 atsakym\u0173 paie\u0161k\u0105.<br \/>\nApie m\u0105stymo, jausm\u0173 ir geb\u0117jimo suprasti save bei kitus ugdym\u0105.<\/p>\n","protected":false},"excerpt":{"rendered":"<p>FORMATAS: PDF<br \/>\nIliustruotas leidinys spausdinimui ir darbui su vaiku.<br \/>\nPuslapi\u0173 skai\u010dius: 8<\/p>\n<p>AUTORIAI<br \/>\nAutor\u0117: Je\u013cena Kord\u017eeva<br \/>\nIliustratorius: Vadimas Solncevas<\/p>\n","protected":false},"featured_media":3175,"comment_status":"open","ping_status":"closed","template":"","meta":[],"product_brand":[],"product_cat":[199,63,138],"product_tag":[],"class_list":{"0":"post-3194","1":"product","2":"type-product","3":"status-publish","4":"has-post-thumbnail","6":"product_cat-klausimai","7":"product_cat-knygos","8":"product_cat-skraidantis-peliukas","9":"pa_valoda-anglu","10":"pa_valoda-latviu","11":"pa_valoda-lietuviu","12":"pa_valoda-rusu","13":"pa_valoda-ukrainieciu","15":"first","16":"instock","17":"taxable","18":"shipping-taxable","19":"purchasable","20":"product-type-variable"},"yoast_head":"<!-- This site is optimized with the Yoast SEO Premium plugin v27.1 (Yoast SEO v27.4) - https:\/\/yoast.com\/product\/yoast-seo-premium-wordpress\/ -->\n<title>Klausimai vaikams, t\u0117vams ir pedagogams \u00abSkraidantis peliukas\u00bb - P\u016bces pasakas<\/title>\n<meta name=\"description\" content=\"\u0160is leidinys sukurtas kaip pasakos \u201eSkraidantis peliukas\u201c t\u0119sinys ir kvietimas gyvam pokalbiui su vaiku, perskai\u010dius knyg\u0105.\" \/>\n<meta name=\"robots\" content=\"index, follow, max-snippet:-1, max-image-preview:large, max-video-preview:-1\" \/>\n<link rel=\"canonical\" href=\"https:\/\/owlstales.eu\/lt\/produktas\/klausimai-vaikams-tevams-ir-pedagogams-skraidantis-peliukas\/\" \/>\n<meta property=\"og:locale\" content=\"lt_LT\" \/>\n<meta property=\"og:type\" content=\"article\" \/>\n<meta property=\"og:title\" content=\"Klausimai vaikams, t\u0117vams ir pedagogams \u00abSkraidantis peliukas\u00bb\" \/>\n<meta property=\"og:description\" content=\"\u0160is leidinys sukurtas kaip pasakos \u201eSkraidantis peliukas\u201c t\u0119sinys ir kvietimas gyvam pokalbiui su vaiku, perskai\u010dius knyg\u0105.\" \/>\n<meta property=\"og:url\" content=\"https:\/\/owlstales.eu\/lt\/produktas\/klausimai-vaikams-tevams-ir-pedagogams-skraidantis-peliukas\/\" \/>\n<meta property=\"og:site_name\" content=\"P\u016bces pasakas\" \/>\n<meta property=\"article:publisher\" content=\"https:\/\/www.facebook.com\/owlstales.eu\/\" \/>\n<meta property=\"article:modified_time\" content=\"2026-04-14T17:06:11+00:00\" \/>\n<meta property=\"og:image\" content=\"https:\/\/owlstales.eu\/wp-content\/uploads\/2026\/03\/wly_mouse_question.webp\" \/>\n\t<meta property=\"og:image:width\" content=\"1024\" \/>\n\t<meta property=\"og:image:height\" content=\"1024\" \/>\n\t<meta property=\"og:image:type\" content=\"image\/webp\" \/>\n<meta name=\"twitter:card\" content=\"summary_large_image\" \/>\n<meta name=\"twitter:label1\" content=\"Availability\" \/>\n\t<meta name=\"twitter:data1\" content=\"In stock\" \/>\n<script type=\"application\/ld+json\" class=\"yoast-schema-graph\">{\"@context\":\"https:\\\/\\\/schema.org\",\"@graph\":[{\"@type\":\"WebPage\",\"@id\":\"https:\\\/\\\/owlstales.eu\\\/lt\\\/produktas\\\/klausimai-vaikams-tevams-ir-pedagogams-skraidantis-peliukas\\\/\",\"url\":\"https:\\\/\\\/owlstales.eu\\\/lt\\\/produktas\\\/klausimai-vaikams-tevams-ir-pedagogams-skraidantis-peliukas\\\/\",\"name\":\"Klausimai vaikams, t\u0117vams ir pedagogams \u00abSkraidantis peliukas\u00bb - P\u016bces pasakas\",\"isPartOf\":{\"@id\":\"https:\\\/\\\/owlstales.eu\\\/lt\\\/#website\"},\"primaryImageOfPage\":{\"@id\":\"https:\\\/\\\/owlstales.eu\\\/lt\\\/produktas\\\/klausimai-vaikams-tevams-ir-pedagogams-skraidantis-peliukas\\\/#primaryimage\"},\"image\":{\"@id\":\"https:\\\/\\\/owlstales.eu\\\/lt\\\/produktas\\\/klausimai-vaikams-tevams-ir-pedagogams-skraidantis-peliukas\\\/#primaryimage\"},\"thumbnailUrl\":\"https:\\\/\\\/owlstales.eu\\\/wp-content\\\/uploads\\\/2026\\\/03\\\/wly_mouse_question.webp\",\"datePublished\":\"2026-03-11T14:44:07+00:00\",\"dateModified\":\"2026-04-14T17:06:11+00:00\",\"description\":\"\u0160is leidinys sukurtas kaip pasakos \u201eSkraidantis peliukas\u201c t\u0119sinys ir kvietimas gyvam pokalbiui su vaiku, perskai\u010dius knyg\u0105.\",\"breadcrumb\":{\"@id\":\"https:\\\/\\\/owlstales.eu\\\/lt\\\/produktas\\\/klausimai-vaikams-tevams-ir-pedagogams-skraidantis-peliukas\\\/#breadcrumb\"},\"inLanguage\":\"lt-LT\",\"potentialAction\":[{\"@type\":\"ReadAction\",\"target\":[\"https:\\\/\\\/owlstales.eu\\\/lt\\\/produktas\\\/klausimai-vaikams-tevams-ir-pedagogams-skraidantis-peliukas\\\/\"]}]},{\"@type\":\"ImageObject\",\"inLanguage\":\"lt-LT\",\"@id\":\"https:\\\/\\\/owlstales.eu\\\/lt\\\/produktas\\\/klausimai-vaikams-tevams-ir-pedagogams-skraidantis-peliukas\\\/#primaryimage\",\"url\":\"https:\\\/\\\/owlstales.eu\\\/wp-content\\\/uploads\\\/2026\\\/03\\\/wly_mouse_question.webp\",\"contentUrl\":\"https:\\\/\\\/owlstales.eu\\\/wp-content\\\/uploads\\\/2026\\\/03\\\/wly_mouse_question.webp\",\"width\":1024,\"height\":1024},{\"@type\":\"BreadcrumbList\",\"@id\":\"https:\\\/\\\/owlstales.eu\\\/lt\\\/produktas\\\/klausimai-vaikams-tevams-ir-pedagogams-skraidantis-peliukas\\\/#breadcrumb\",\"itemListElement\":[{\"@type\":\"ListItem\",\"position\":1,\"name\":\"Home\",\"item\":\"https:\\\/\\\/owlstales.eu\\\/lt\\\/pradzia\\\/\"},{\"@type\":\"ListItem\",\"position\":2,\"name\":\"Parduotuv\u0117\",\"item\":\"https:\\\/\\\/owlstales.eu\\\/lt\\\/parduotuve\\\/\"},{\"@type\":\"ListItem\",\"position\":3,\"name\":\"Klausimai vaikams, t\u0117vams ir pedagogams \u00abSkraidantis peliukas\u00bb\"}]},{\"@type\":\"WebSite\",\"@id\":\"https:\\\/\\\/owlstales.eu\\\/lt\\\/#website\",\"url\":\"https:\\\/\\\/owlstales.eu\\\/lt\\\/\",\"name\":\"P\u016bces pasakas\",\"description\":\"GR\u0100MATAS | PDF | AUDIOIZR\u0100DES | PASAKAS\",\"publisher\":{\"@id\":\"https:\\\/\\\/owlstales.eu\\\/lt\\\/#organization\"},\"alternateName\":\"owls tales\",\"potentialAction\":[{\"@type\":\"SearchAction\",\"target\":{\"@type\":\"EntryPoint\",\"urlTemplate\":\"https:\\\/\\\/owlstales.eu\\\/lt\\\/?s={search_term_string}\"},\"query-input\":{\"@type\":\"PropertyValueSpecification\",\"valueRequired\":true,\"valueName\":\"search_term_string\"}}],\"inLanguage\":\"lt-LT\"},{\"@type\":\"Organization\",\"@id\":\"https:\\\/\\\/owlstales.eu\\\/lt\\\/#organization\",\"name\":\"P\u016bces pasakas\",\"url\":\"https:\\\/\\\/owlstales.eu\\\/lt\\\/\",\"logo\":{\"@type\":\"ImageObject\",\"inLanguage\":\"lt-LT\",\"@id\":\"https:\\\/\\\/owlstales.eu\\\/lt\\\/#\\\/schema\\\/logo\\\/image\\\/\",\"url\":\"https:\\\/\\\/owlstales.eu\\\/wp-content\\\/uploads\\\/2026\\\/03\\\/owl_logo_ok.webp\",\"contentUrl\":\"https:\\\/\\\/owlstales.eu\\\/wp-content\\\/uploads\\\/2026\\\/03\\\/owl_logo_ok.webp\",\"width\":512,\"height\":512,\"caption\":\"P\u016bces pasakas\"},\"image\":{\"@id\":\"https:\\\/\\\/owlstales.eu\\\/lt\\\/#\\\/schema\\\/logo\\\/image\\\/\"},\"sameAs\":[\"https:\\\/\\\/www.facebook.com\\\/owlstales.eu\\\/\"],\"description\":\"Pasakas b\u0113rniem, pal\u012bgmateri\u0101li skolot\u0101jiem.\",\"email\":\"projekts.library@gmail.com\",\"telephone\":\"+371 20923022\",\"legalName\":\"ELENAS LIBRARY SIA\",\"foundingDate\":\"2025-03-01\",\"vatID\":\"LV402036769410\",\"taxID\":\"402036769410\",\"numberOfEmployees\":{\"@type\":\"QuantitativeValue\",\"minValue\":\"1\",\"maxValue\":\"10\"}}]}<\/script>\n<meta property=\"og:availability\" content=\"instock\" \/>\n<meta property=\"product:availability\" content=\"instock\" \/>\n<meta property=\"product:retailer_item_id\" content=\"LP_jautajumi\" \/>\n<meta property=\"product:condition\" content=\"new\" \/>\n<!-- \/ Yoast SEO Premium plugin. -->","yoast_head_json":{"title":"Klausimai vaikams, t\u0117vams ir pedagogams \u00abSkraidantis peliukas\u00bb - P\u016bces pasakas","description":"\u0160is leidinys sukurtas kaip pasakos \u201eSkraidantis peliukas\u201c t\u0119sinys ir kvietimas gyvam pokalbiui su vaiku, perskai\u010dius knyg\u0105.","robots":{"index":"index","follow":"follow","max-snippet":"max-snippet:-1","max-image-preview":"max-image-preview:large","max-video-preview":"max-video-preview:-1"},"canonical":"https:\/\/owlstales.eu\/lt\/produktas\/klausimai-vaikams-tevams-ir-pedagogams-skraidantis-peliukas\/","og_locale":"lt_LT","og_type":"article","og_title":"Klausimai vaikams, t\u0117vams ir pedagogams \u00abSkraidantis peliukas\u00bb","og_description":"\u0160is leidinys sukurtas kaip pasakos \u201eSkraidantis peliukas\u201c t\u0119sinys ir kvietimas gyvam pokalbiui su vaiku, perskai\u010dius knyg\u0105.","og_url":"https:\/\/owlstales.eu\/lt\/produktas\/klausimai-vaikams-tevams-ir-pedagogams-skraidantis-peliukas\/","og_site_name":"P\u016bces pasakas","article_publisher":"https:\/\/www.facebook.com\/owlstales.eu\/","article_modified_time":"2026-04-14T17:06:11+00:00","og_image":[{"width":1024,"height":1024,"url":"https:\/\/owlstales.eu\/wp-content\/uploads\/2026\/03\/wly_mouse_question.webp","type":"image\/webp"}],"twitter_card":"summary_large_image","twitter_misc":{"Availability":"In stock"},"schema":{"@context":"https:\/\/schema.org","@graph":[{"@type":"WebPage","@id":"https:\/\/owlstales.eu\/lt\/produktas\/klausimai-vaikams-tevams-ir-pedagogams-skraidantis-peliukas\/","url":"https:\/\/owlstales.eu\/lt\/produktas\/klausimai-vaikams-tevams-ir-pedagogams-skraidantis-peliukas\/","name":"Klausimai vaikams, t\u0117vams ir pedagogams \u00abSkraidantis peliukas\u00bb - P\u016bces pasakas","isPartOf":{"@id":"https:\/\/owlstales.eu\/lt\/#website"},"primaryImageOfPage":{"@id":"https:\/\/owlstales.eu\/lt\/produktas\/klausimai-vaikams-tevams-ir-pedagogams-skraidantis-peliukas\/#primaryimage"},"image":{"@id":"https:\/\/owlstales.eu\/lt\/produktas\/klausimai-vaikams-tevams-ir-pedagogams-skraidantis-peliukas\/#primaryimage"},"thumbnailUrl":"https:\/\/owlstales.eu\/wp-content\/uploads\/2026\/03\/wly_mouse_question.webp","datePublished":"2026-03-11T14:44:07+00:00","dateModified":"2026-04-14T17:06:11+00:00","description":"\u0160is leidinys sukurtas kaip pasakos \u201eSkraidantis peliukas\u201c t\u0119sinys ir kvietimas gyvam pokalbiui su vaiku, perskai\u010dius knyg\u0105.","breadcrumb":{"@id":"https:\/\/owlstales.eu\/lt\/produktas\/klausimai-vaikams-tevams-ir-pedagogams-skraidantis-peliukas\/#breadcrumb"},"inLanguage":"lt-LT","potentialAction":[{"@type":"ReadAction","target":["https:\/\/owlstales.eu\/lt\/produktas\/klausimai-vaikams-tevams-ir-pedagogams-skraidantis-peliukas\/"]}]},{"@type":"ImageObject","inLanguage":"lt-LT","@id":"https:\/\/owlstales.eu\/lt\/produktas\/klausimai-vaikams-tevams-ir-pedagogams-skraidantis-peliukas\/#primaryimage","url":"https:\/\/owlstales.eu\/wp-content\/uploads\/2026\/03\/wly_mouse_question.webp","contentUrl":"https:\/\/owlstales.eu\/wp-content\/uploads\/2026\/03\/wly_mouse_question.webp","width":1024,"height":1024},{"@type":"BreadcrumbList","@id":"https:\/\/owlstales.eu\/lt\/produktas\/klausimai-vaikams-tevams-ir-pedagogams-skraidantis-peliukas\/#breadcrumb","itemListElement":[{"@type":"ListItem","position":1,"name":"Home","item":"https:\/\/owlstales.eu\/lt\/pradzia\/"},{"@type":"ListItem","position":2,"name":"Parduotuv\u0117","item":"https:\/\/owlstales.eu\/lt\/parduotuve\/"},{"@type":"ListItem","position":3,"name":"Klausimai vaikams, t\u0117vams ir pedagogams \u00abSkraidantis peliukas\u00bb"}]},{"@type":"WebSite","@id":"https:\/\/owlstales.eu\/lt\/#website","url":"https:\/\/owlstales.eu\/lt\/","name":"P\u016bces pasakas","description":"GR\u0100MATAS | PDF | AUDIOIZR\u0100DES | PASAKAS","publisher":{"@id":"https:\/\/owlstales.eu\/lt\/#organization"},"alternateName":"owls tales","potentialAction":[{"@type":"SearchAction","target":{"@type":"EntryPoint","urlTemplate":"https:\/\/owlstales.eu\/lt\/?s={search_term_string}"},"query-input":{"@type":"PropertyValueSpecification","valueRequired":true,"valueName":"search_term_string"}}],"inLanguage":"lt-LT"},{"@type":"Organization","@id":"https:\/\/owlstales.eu\/lt\/#organization","name":"P\u016bces pasakas","url":"https:\/\/owlstales.eu\/lt\/","logo":{"@type":"ImageObject","inLanguage":"lt-LT","@id":"https:\/\/owlstales.eu\/lt\/#\/schema\/logo\/image\/","url":"https:\/\/owlstales.eu\/wp-content\/uploads\/2026\/03\/owl_logo_ok.webp","contentUrl":"https:\/\/owlstales.eu\/wp-content\/uploads\/2026\/03\/owl_logo_ok.webp","width":512,"height":512,"caption":"P\u016bces pasakas"},"image":{"@id":"https:\/\/owlstales.eu\/lt\/#\/schema\/logo\/image\/"},"sameAs":["https:\/\/www.facebook.com\/owlstales.eu\/"],"description":"Pasakas b\u0113rniem, pal\u012bgmateri\u0101li skolot\u0101jiem.","email":"projekts.library@gmail.com","telephone":"+371 20923022","legalName":"ELENAS LIBRARY SIA","foundingDate":"2025-03-01","vatID":"LV402036769410","taxID":"402036769410","numberOfEmployees":{"@type":"QuantitativeValue","minValue":"1","maxValue":"10"}}]},"og_availability":"instock","product_availability":"instock","product_retailer_item_id":"LP_jautajumi","product_condition":"new"},"_links":{"self":[{"href":"https:\/\/owlstales.eu\/lt\/wp-json\/wp\/v2\/product\/3194","targetHints":{"allow":["GET"]}}],"collection":[{"href":"https:\/\/owlstales.eu\/lt\/wp-json\/wp\/v2\/product"}],"about":[{"href":"https:\/\/owlstales.eu\/lt\/wp-json\/wp\/v2\/types\/product"}],"replies":[{"embeddable":true,"href":"https:\/\/owlstales.eu\/lt\/wp-json\/wp\/v2\/comments?post=3194"}],"wp:featuredmedia":[{"embeddable":true,"href":"https:\/\/owlstales.eu\/lt\/wp-json\/wp\/v2\/media\/3175"}],"wp:attachment":[{"href":"https:\/\/owlstales.eu\/lt\/wp-json\/wp\/v2\/media?parent=3194"}],"wp:term":[{"taxonomy":"product_brand","embeddable":true,"href":"https:\/\/owlstales.eu\/lt\/wp-json\/wp\/v2\/product_brand?post=3194"},{"taxonomy":"product_cat","embeddable":true,"href":"https:\/\/owlstales.eu\/lt\/wp-json\/wp\/v2\/product_cat?post=3194"},{"taxonomy":"product_tag","embeddable":true,"href":"https:\/\/owlstales.eu\/lt\/wp-json\/wp\/v2\/product_tag?post=3194"}],"curies":[{"name":"wp","href":"https:\/\/api.w.org\/{rel}","templated":true}]}}