{"id":3176,"date":"2026-03-11T17:10:00","date_gmt":"2026-03-11T15:10:00","guid":{"rendered":"https:\/\/owlstales.eu\/product\/nustatyti-skraidantis-peliukas\/"},"modified":"2026-03-11T17:10:00","modified_gmt":"2026-03-11T15:10:00","slug":"nustatyti-skraidantis-peliukas","status":"publish","type":"product","link":"https:\/\/owlstales.eu\/lt\/produktas\/nustatyti-skraidantis-peliukas\/","title":{"rendered":"Nustatyti \u00abSkraidantis peliukas\u00bb"},"content":{"rendered":"<p>Pied\u0101v\u0101jums paredz\u0113ts s\u0101kumskolas klas\u0113m un b\u0113rnud\u0101rzu sagatavo\u0161anas grup\u0101m.<\/p>\n<p>Pied\u0101v\u0101ju skol\u0101m un b\u0113rnud\u0101rziem jaunu las\u012b\u0161anas komplektu b\u0113rniem \u201cLidojo\u0161ais pel\u0113ns\u201d, kas ir pirm\u0101 pasaka no projekta \u201cOWLS TALES \/P\u016aCES PASAKAS\u201d \u2013 m\u016bsdien\u012bga pasaku multivisuma b\u0113rniem.<br \/>\n\u201cP\u016aCES PASAKAS\u201d nav tikai izklaid\u0113jo\u0161i st\u0101sti.<br \/>\nTie ir st\u0101sti, kas pal\u012bdz b\u0113rniem dom\u0101t, saprast citus, pie\u0146emt l\u0113mumus un atrast savu vietu pasaul\u0113.<br \/>\nPirm\u0101 pasaka \u201cLidojo\u0161ais pel\u0113ns\u201d st\u0101sta par drosmi, br\u012bv\u012bbu un person\u012bgo izv\u0113li.<br \/>\nB\u0113rniem vecum\u0101 6\u201310 gadi tas ir \u012bpa\u0161i svar\u012bgs laiks \u2013 laiks, kad vi\u0146i s\u0101k ne tikai las\u012bt, bet ar\u012b dom\u0101t par dz\u012bves jaut\u0101jumiem un veidot savu izpratni par pasauli.<br \/>\nT\u0101p\u0113c pasaka ir veidota k\u0101 att\u012bsto\u0161s komplekts, kas \u013cauj b\u0113rnam ne tikai izlas\u012bt st\u0101stu, bet ar\u012b to p\u0101rrun\u0101t, izt\u0113loties un piedz\u012bvot da\u017e\u0101dos veidos.<\/p>\n","protected":false},"excerpt":{"rendered":"<p>Rinkin\u012f sudaro:<br \/>\n\u2014 knyga \u201eSkraidantis peliukas\u201c<br \/>\n\u2014 garso spektaklis \u201eSkraidantis peliukas\u201c<br \/>\n\u2014 klausimai vaikams, t\u0117vams ir pedagogams<br \/>\n\u2014 spalvinimo iliustracijos pagal pasakos motyvus<\/p>\n<p>Formatai: knyga \/ PDF \/ MP3 <\/p>\n","protected":false},"featured_media":2571,"comment_status":"open","ping_status":"closed","template":"","meta":[],"product_brand":[],"product_cat":[64,70,63,197,198],"product_tag":[],"class_list":{"0":"post-3176","1":"product","2":"type-product","3":"status-publish","4":"has-post-thumbnail","6":"product_cat-garsines-knygos","7":"product_cat-garsines-knygos-2","8":"product_cat-knygos","9":"product_cat-pdf-knygos","10":"product_cat-spalvinimo-puslapiai","12":"first","13":"instock","14":"sale","15":"taxable","16":"shipping-taxable","17":"purchasable","18":"product-type-variable"},"yoast_head":"<!-- This site is optimized with the Yoast SEO Premium plugin v27.1 (Yoast SEO v27.4) - https:\/\/yoast.com\/product\/yoast-seo-premium-wordpress\/ -->\n<title>Nustatyti \u00abSkraidantis peliukas\u00bb - P\u016bces pasakas<\/title>\n<meta name=\"description\" content=\"Rinkinys leid\u017eia ne tik susipa\u017einti su istorija, bet ir j\u0105 giliau i\u0161gyventi \u2014 skaitant, klausantis, aptariant ir kuriant.\" \/>\n<meta name=\"robots\" content=\"index, follow, max-snippet:-1, max-image-preview:large, max-video-preview:-1\" \/>\n<link rel=\"canonical\" href=\"https:\/\/owlstales.eu\/lt\/produktas\/nustatyti-skraidantis-peliukas\/\" \/>\n<meta property=\"og:locale\" content=\"lt_LT\" \/>\n<meta property=\"og:type\" content=\"article\" \/>\n<meta property=\"og:title\" content=\"Nustatyti \u00abSkraidantis peliukas\u00bb\" \/>\n<meta property=\"og:description\" content=\"Rinkinys leid\u017eia ne tik susipa\u017einti su istorija, bet ir j\u0105 giliau i\u0161gyventi \u2014 skaitant, klausantis, aptariant ir kuriant.\" \/>\n<meta property=\"og:url\" content=\"https:\/\/owlstales.eu\/lt\/produktas\/nustatyti-skraidantis-peliukas\/\" \/>\n<meta property=\"og:site_name\" content=\"P\u016bces pasakas\" \/>\n<meta property=\"article:publisher\" content=\"https:\/\/www.facebook.com\/owlstales.eu\/\" \/>\n<meta property=\"og:image\" content=\"https:\/\/owlstales.eu\/wp-content\/uploads\/2025\/02\/wly_mouse_book.webp\" \/>\n\t<meta property=\"og:image:width\" content=\"1024\" \/>\n\t<meta property=\"og:image:height\" content=\"1024\" \/>\n\t<meta property=\"og:image:type\" content=\"image\/webp\" \/>\n<meta name=\"twitter:card\" content=\"summary_large_image\" \/>\n<meta name=\"twitter:label1\" content=\"Availability\" \/>\n\t<meta name=\"twitter:data1\" content=\"In stock\" \/>\n<script type=\"application\/ld+json\" class=\"yoast-schema-graph\">{\"@context\":\"https:\\\/\\\/schema.org\",\"@graph\":[{\"@type\":\"WebPage\",\"@id\":\"https:\\\/\\\/owlstales.eu\\\/lt\\\/produktas\\\/nustatyti-skraidantis-peliukas\\\/\",\"url\":\"https:\\\/\\\/owlstales.eu\\\/lt\\\/produktas\\\/nustatyti-skraidantis-peliukas\\\/\",\"name\":\"Nustatyti \u00abSkraidantis peliukas\u00bb - P\u016bces pasakas\",\"isPartOf\":{\"@id\":\"https:\\\/\\\/owlstales.eu\\\/lt\\\/#website\"},\"primaryImageOfPage\":{\"@id\":\"https:\\\/\\\/owlstales.eu\\\/lt\\\/produktas\\\/nustatyti-skraidantis-peliukas\\\/#primaryimage\"},\"image\":{\"@id\":\"https:\\\/\\\/owlstales.eu\\\/lt\\\/produktas\\\/nustatyti-skraidantis-peliukas\\\/#primaryimage\"},\"thumbnailUrl\":\"https:\\\/\\\/owlstales.eu\\\/wp-content\\\/uploads\\\/2025\\\/02\\\/wly_mouse_book.webp\",\"datePublished\":\"2026-03-11T15:10:00+00:00\",\"description\":\"Rinkinys leid\u017eia ne tik susipa\u017einti su istorija, bet ir j\u0105 giliau i\u0161gyventi \u2014 skaitant, klausantis, aptariant ir kuriant.\",\"breadcrumb\":{\"@id\":\"https:\\\/\\\/owlstales.eu\\\/lt\\\/produktas\\\/nustatyti-skraidantis-peliukas\\\/#breadcrumb\"},\"inLanguage\":\"lt-LT\",\"potentialAction\":[{\"@type\":\"ReadAction\",\"target\":[\"https:\\\/\\\/owlstales.eu\\\/lt\\\/produktas\\\/nustatyti-skraidantis-peliukas\\\/\"]}]},{\"@type\":\"ImageObject\",\"inLanguage\":\"lt-LT\",\"@id\":\"https:\\\/\\\/owlstales.eu\\\/lt\\\/produktas\\\/nustatyti-skraidantis-peliukas\\\/#primaryimage\",\"url\":\"https:\\\/\\\/owlstales.eu\\\/wp-content\\\/uploads\\\/2025\\\/02\\\/wly_mouse_book.webp\",\"contentUrl\":\"https:\\\/\\\/owlstales.eu\\\/wp-content\\\/uploads\\\/2025\\\/02\\\/wly_mouse_book.webp\",\"width\":1024,\"height\":1024,\"caption\":\"Pasaka lidojo\u0161ais pelens\"},{\"@type\":\"BreadcrumbList\",\"@id\":\"https:\\\/\\\/owlstales.eu\\\/lt\\\/produktas\\\/nustatyti-skraidantis-peliukas\\\/#breadcrumb\",\"itemListElement\":[{\"@type\":\"ListItem\",\"position\":1,\"name\":\"Home\",\"item\":\"https:\\\/\\\/owlstales.eu\\\/lt\\\/pradzia\\\/\"},{\"@type\":\"ListItem\",\"position\":2,\"name\":\"Parduotuv\u0117\",\"item\":\"https:\\\/\\\/owlstales.eu\\\/lt\\\/parduotuve\\\/\"},{\"@type\":\"ListItem\",\"position\":3,\"name\":\"Nustatyti \u00abSkraidantis peliukas\u00bb\"}]},{\"@type\":\"WebSite\",\"@id\":\"https:\\\/\\\/owlstales.eu\\\/lt\\\/#website\",\"url\":\"https:\\\/\\\/owlstales.eu\\\/lt\\\/\",\"name\":\"P\u016bces pasakas\",\"description\":\"GR\u0100MATAS | PDF | AUDIOIZR\u0100DES | PASAKAS\",\"publisher\":{\"@id\":\"https:\\\/\\\/owlstales.eu\\\/lt\\\/#organization\"},\"alternateName\":\"owls tales\",\"potentialAction\":[{\"@type\":\"SearchAction\",\"target\":{\"@type\":\"EntryPoint\",\"urlTemplate\":\"https:\\\/\\\/owlstales.eu\\\/lt\\\/?s={search_term_string}\"},\"query-input\":{\"@type\":\"PropertyValueSpecification\",\"valueRequired\":true,\"valueName\":\"search_term_string\"}}],\"inLanguage\":\"lt-LT\"},{\"@type\":\"Organization\",\"@id\":\"https:\\\/\\\/owlstales.eu\\\/lt\\\/#organization\",\"name\":\"P\u016bces pasakas\",\"url\":\"https:\\\/\\\/owlstales.eu\\\/lt\\\/\",\"logo\":{\"@type\":\"ImageObject\",\"inLanguage\":\"lt-LT\",\"@id\":\"https:\\\/\\\/owlstales.eu\\\/lt\\\/#\\\/schema\\\/logo\\\/image\\\/\",\"url\":\"https:\\\/\\\/owlstales.eu\\\/wp-content\\\/uploads\\\/2026\\\/03\\\/owl_logo_ok.webp\",\"contentUrl\":\"https:\\\/\\\/owlstales.eu\\\/wp-content\\\/uploads\\\/2026\\\/03\\\/owl_logo_ok.webp\",\"width\":512,\"height\":512,\"caption\":\"P\u016bces pasakas\"},\"image\":{\"@id\":\"https:\\\/\\\/owlstales.eu\\\/lt\\\/#\\\/schema\\\/logo\\\/image\\\/\"},\"sameAs\":[\"https:\\\/\\\/www.facebook.com\\\/owlstales.eu\\\/\"],\"description\":\"Pasakas b\u0113rniem, pal\u012bgmateri\u0101li skolot\u0101jiem.\",\"email\":\"projekts.library@gmail.com\",\"telephone\":\"+371 20923022\",\"legalName\":\"ELENAS LIBRARY SIA\",\"foundingDate\":\"2025-03-01\",\"vatID\":\"LV402036769410\",\"taxID\":\"402036769410\",\"numberOfEmployees\":{\"@type\":\"QuantitativeValue\",\"minValue\":\"1\",\"maxValue\":\"10\"}}]}<\/script>\n<meta property=\"og:availability\" content=\"instock\" \/>\n<meta property=\"product:availability\" content=\"instock\" \/>\n<meta property=\"product:retailer_item_id\" content=\"komplekts_LP\" \/>\n<meta property=\"product:condition\" content=\"new\" \/>\n<!-- \/ Yoast SEO Premium plugin. -->","yoast_head_json":{"title":"Nustatyti \u00abSkraidantis peliukas\u00bb - P\u016bces pasakas","description":"Rinkinys leid\u017eia ne tik susipa\u017einti su istorija, bet ir j\u0105 giliau i\u0161gyventi \u2014 skaitant, klausantis, aptariant ir kuriant.","robots":{"index":"index","follow":"follow","max-snippet":"max-snippet:-1","max-image-preview":"max-image-preview:large","max-video-preview":"max-video-preview:-1"},"canonical":"https:\/\/owlstales.eu\/lt\/produktas\/nustatyti-skraidantis-peliukas\/","og_locale":"lt_LT","og_type":"article","og_title":"Nustatyti \u00abSkraidantis peliukas\u00bb","og_description":"Rinkinys leid\u017eia ne tik susipa\u017einti su istorija, bet ir j\u0105 giliau i\u0161gyventi \u2014 skaitant, klausantis, aptariant ir kuriant.","og_url":"https:\/\/owlstales.eu\/lt\/produktas\/nustatyti-skraidantis-peliukas\/","og_site_name":"P\u016bces pasakas","article_publisher":"https:\/\/www.facebook.com\/owlstales.eu\/","og_image":[{"width":1024,"height":1024,"url":"https:\/\/owlstales.eu\/wp-content\/uploads\/2025\/02\/wly_mouse_book.webp","type":"image\/webp"}],"twitter_card":"summary_large_image","twitter_misc":{"Availability":"In stock"},"schema":{"@context":"https:\/\/schema.org","@graph":[{"@type":"WebPage","@id":"https:\/\/owlstales.eu\/lt\/produktas\/nustatyti-skraidantis-peliukas\/","url":"https:\/\/owlstales.eu\/lt\/produktas\/nustatyti-skraidantis-peliukas\/","name":"Nustatyti \u00abSkraidantis peliukas\u00bb - P\u016bces pasakas","isPartOf":{"@id":"https:\/\/owlstales.eu\/lt\/#website"},"primaryImageOfPage":{"@id":"https:\/\/owlstales.eu\/lt\/produktas\/nustatyti-skraidantis-peliukas\/#primaryimage"},"image":{"@id":"https:\/\/owlstales.eu\/lt\/produktas\/nustatyti-skraidantis-peliukas\/#primaryimage"},"thumbnailUrl":"https:\/\/owlstales.eu\/wp-content\/uploads\/2025\/02\/wly_mouse_book.webp","datePublished":"2026-03-11T15:10:00+00:00","description":"Rinkinys leid\u017eia ne tik susipa\u017einti su istorija, bet ir j\u0105 giliau i\u0161gyventi \u2014 skaitant, klausantis, aptariant ir kuriant.","breadcrumb":{"@id":"https:\/\/owlstales.eu\/lt\/produktas\/nustatyti-skraidantis-peliukas\/#breadcrumb"},"inLanguage":"lt-LT","potentialAction":[{"@type":"ReadAction","target":["https:\/\/owlstales.eu\/lt\/produktas\/nustatyti-skraidantis-peliukas\/"]}]},{"@type":"ImageObject","inLanguage":"lt-LT","@id":"https:\/\/owlstales.eu\/lt\/produktas\/nustatyti-skraidantis-peliukas\/#primaryimage","url":"https:\/\/owlstales.eu\/wp-content\/uploads\/2025\/02\/wly_mouse_book.webp","contentUrl":"https:\/\/owlstales.eu\/wp-content\/uploads\/2025\/02\/wly_mouse_book.webp","width":1024,"height":1024,"caption":"Pasaka lidojo\u0161ais pelens"},{"@type":"BreadcrumbList","@id":"https:\/\/owlstales.eu\/lt\/produktas\/nustatyti-skraidantis-peliukas\/#breadcrumb","itemListElement":[{"@type":"ListItem","position":1,"name":"Home","item":"https:\/\/owlstales.eu\/lt\/pradzia\/"},{"@type":"ListItem","position":2,"name":"Parduotuv\u0117","item":"https:\/\/owlstales.eu\/lt\/parduotuve\/"},{"@type":"ListItem","position":3,"name":"Nustatyti \u00abSkraidantis peliukas\u00bb"}]},{"@type":"WebSite","@id":"https:\/\/owlstales.eu\/lt\/#website","url":"https:\/\/owlstales.eu\/lt\/","name":"P\u016bces pasakas","description":"GR\u0100MATAS | PDF | AUDIOIZR\u0100DES | PASAKAS","publisher":{"@id":"https:\/\/owlstales.eu\/lt\/#organization"},"alternateName":"owls tales","potentialAction":[{"@type":"SearchAction","target":{"@type":"EntryPoint","urlTemplate":"https:\/\/owlstales.eu\/lt\/?s={search_term_string}"},"query-input":{"@type":"PropertyValueSpecification","valueRequired":true,"valueName":"search_term_string"}}],"inLanguage":"lt-LT"},{"@type":"Organization","@id":"https:\/\/owlstales.eu\/lt\/#organization","name":"P\u016bces pasakas","url":"https:\/\/owlstales.eu\/lt\/","logo":{"@type":"ImageObject","inLanguage":"lt-LT","@id":"https:\/\/owlstales.eu\/lt\/#\/schema\/logo\/image\/","url":"https:\/\/owlstales.eu\/wp-content\/uploads\/2026\/03\/owl_logo_ok.webp","contentUrl":"https:\/\/owlstales.eu\/wp-content\/uploads\/2026\/03\/owl_logo_ok.webp","width":512,"height":512,"caption":"P\u016bces pasakas"},"image":{"@id":"https:\/\/owlstales.eu\/lt\/#\/schema\/logo\/image\/"},"sameAs":["https:\/\/www.facebook.com\/owlstales.eu\/"],"description":"Pasakas b\u0113rniem, pal\u012bgmateri\u0101li skolot\u0101jiem.","email":"projekts.library@gmail.com","telephone":"+371 20923022","legalName":"ELENAS LIBRARY SIA","foundingDate":"2025-03-01","vatID":"LV402036769410","taxID":"402036769410","numberOfEmployees":{"@type":"QuantitativeValue","minValue":"1","maxValue":"10"}}]},"og_availability":"instock","product_availability":"instock","product_retailer_item_id":"komplekts_LP","product_condition":"new"},"_links":{"self":[{"href":"https:\/\/owlstales.eu\/lt\/wp-json\/wp\/v2\/product\/3176","targetHints":{"allow":["GET"]}}],"collection":[{"href":"https:\/\/owlstales.eu\/lt\/wp-json\/wp\/v2\/product"}],"about":[{"href":"https:\/\/owlstales.eu\/lt\/wp-json\/wp\/v2\/types\/product"}],"replies":[{"embeddable":true,"href":"https:\/\/owlstales.eu\/lt\/wp-json\/wp\/v2\/comments?post=3176"}],"wp:featuredmedia":[{"embeddable":true,"href":"https:\/\/owlstales.eu\/lt\/wp-json\/wp\/v2\/media\/2571"}],"wp:attachment":[{"href":"https:\/\/owlstales.eu\/lt\/wp-json\/wp\/v2\/media?parent=3176"}],"wp:term":[{"taxonomy":"product_brand","embeddable":true,"href":"https:\/\/owlstales.eu\/lt\/wp-json\/wp\/v2\/product_brand?post=3176"},{"taxonomy":"product_cat","embeddable":true,"href":"https:\/\/owlstales.eu\/lt\/wp-json\/wp\/v2\/product_cat?post=3176"},{"taxonomy":"product_tag","embeddable":true,"href":"https:\/\/owlstales.eu\/lt\/wp-json\/wp\/v2\/product_tag?post=3176"}],"curies":[{"name":"wp","href":"https:\/\/api.w.org\/{rel}","templated":true}]}}