{"id":3164,"date":"2026-03-11T14:27:03","date_gmt":"2026-03-11T12:27:03","guid":{"rendered":"https:\/\/owlstales.eu\/product\/spalvinimo-puslapiai-skraidantis-peliukass\/"},"modified":"2026-04-14T19:08:19","modified_gmt":"2026-04-14T17:08:19","slug":"spalvinimo-puslapiai-skraidantis-peliukass","status":"publish","type":"product","link":"https:\/\/owlstales.eu\/lt\/produktas\/spalvinimo-puslapiai-skraidantis-peliukass\/","title":{"rendered":"Spalvinimo puslapiai \u00abSkraidantis peliukass\u00bb"},"content":{"rendered":"<p>FORMATAS: PDF<br \/>\n24 puslapiai spalvinimui.<\/p>\n","protected":false},"excerpt":{"rendered":"<p><strong>PIRMAS EKRANAS<\/strong><br \/>\nPasaka, kuri\u0105 galima nuspalvinti.<br \/>\nIstorijos t\u0119sinys per spalv\u0105, vaizduot\u0119 ir \u017eaidim\u0105.<\/p>\n<p><strong>ANOTACIJA<\/strong><br \/>\n\u0160is leidinys sukurtas pagal pasakos \u201eSkraidantis peliukas\u201c motyvus ir kvie\u010dia vaik\u0105 i\u0161 naujo j\u0105 i\u0161gyventi per pie\u0161in\u012f ir spalv\u0105.<br \/>\n24 iliustracijos spalvinimui padeda sugr\u012f\u017eti prie m\u0117gstam\u0173 heroj\u0173, atid\u017eiau pa\u017evelgti \u012f istorijos \u012fvykius ir pajusti jos nuotaik\u0105.<br \/>\nSpalvinimas lavina vaizduot\u0119, skonio poj\u016bt\u012f, kognityvinius geb\u0117jimus ir smulki\u0105j\u0105 motorik\u0105, taip pat suteikia vaikui galimyb\u0119 ramiai ir savaranki\u0161kai i\u0161gyventi pasak\u0105, b\u016bnant pasak\u0173 pasaulyje.<br \/>\nLeidinys tinka k\u016brybinei veiklai namuose, dar\u017eelyje, mokykloje ir k\u016brybin\u0117se studijose.<\/p>\n<p><strong>PEL\u0116DOS DRAUG\u0172 KLUBAS<\/strong><br \/>\nGra\u017eiausius pie\u0161inius vaikai gali atsi\u0173sti \u012f \u201ePel\u0117dos draug\u0173 klub\u0105\u201c.<br \/>\nMes juos paskelbsime svetain\u0117je, kur kiti vaikai gal\u0117s pamatyti darbus, juos palaikyti ir paspausti \u201epatinka\u201c.<\/p>\n<p><strong>APIE K\u0104 \u0160IS LEIDINYS<\/strong><br \/>\nApie pasakos i\u0161gyvenim\u0105 per spalv\u0105 ir vaizd\u0105.<br \/>\nApie pasirinkimo laisv\u0119 ir k\u016brybin\u0119 vaiko vaizduot\u0119.<br \/>\nApie d\u0117mes\u012f, ramyb\u0119 ir savaranki\u0161kos k\u016brybos d\u017eiaugsm\u0105.<\/p>\n<p>&nbsp;<\/p>\n","protected":false},"featured_media":3163,"comment_status":"open","ping_status":"closed","template":"","meta":[],"product_brand":[],"product_cat":[63,138,198],"product_tag":[],"class_list":{"0":"post-3164","1":"product","2":"type-product","3":"status-publish","4":"has-post-thumbnail","6":"product_cat-knygos","7":"product_cat-skraidantis-peliukas","8":"product_cat-spalvinimo-puslapiai","9":"pa_valoda-anglu","10":"pa_valoda-latviu","11":"pa_valoda-lietuviu","12":"pa_valoda-rusu","13":"pa_valoda-ukrainieciu","15":"first","16":"instock","17":"taxable","18":"shipping-taxable","19":"purchasable","20":"product-type-variable"},"yoast_head":"<!-- This site is optimized with the Yoast SEO Premium plugin v27.1 (Yoast SEO v27.4) - https:\/\/yoast.com\/product\/yoast-seo-premium-wordpress\/ -->\n<title>Spalvinimo puslapiai \u00abSkraidantis peliukass\u00bb - P\u016bces pasakas<\/title>\n<meta name=\"description\" content=\"24 iliustracijos spalvinimui padeda sugr\u012f\u017eti prie m\u0117gstam\u0173 heroj\u0173, atid\u017eiau pa\u017evelgti \u012f istorijos \u012fvykius ir pajusti jos nuotaik\u0105.\" \/>\n<meta name=\"robots\" content=\"index, follow, max-snippet:-1, max-image-preview:large, max-video-preview:-1\" \/>\n<link rel=\"canonical\" href=\"https:\/\/owlstales.eu\/lt\/produktas\/spalvinimo-puslapiai-skraidantis-peliukass\/\" \/>\n<meta property=\"og:locale\" content=\"lt_LT\" \/>\n<meta property=\"og:type\" content=\"article\" \/>\n<meta property=\"og:title\" content=\"Spalvinimo puslapiai \u00abSkraidantis peliukass\u00bb\" \/>\n<meta property=\"og:description\" content=\"24 iliustracijos spalvinimui padeda sugr\u012f\u017eti prie m\u0117gstam\u0173 heroj\u0173, atid\u017eiau pa\u017evelgti \u012f istorijos \u012fvykius ir pajusti jos nuotaik\u0105.\" \/>\n<meta property=\"og:url\" content=\"https:\/\/owlstales.eu\/lt\/produktas\/spalvinimo-puslapiai-skraidantis-peliukass\/\" \/>\n<meta property=\"og:site_name\" content=\"P\u016bces pasakas\" \/>\n<meta property=\"article:publisher\" content=\"https:\/\/www.facebook.com\/owlstales.eu\/\" \/>\n<meta property=\"article:modified_time\" content=\"2026-04-14T17:08:19+00:00\" \/>\n<meta property=\"og:image\" content=\"https:\/\/owlstales.eu\/wp-content\/uploads\/2026\/03\/wly_mouse_paint.webp\" \/>\n\t<meta property=\"og:image:width\" content=\"1024\" \/>\n\t<meta property=\"og:image:height\" content=\"1024\" \/>\n\t<meta property=\"og:image:type\" content=\"image\/webp\" \/>\n<meta name=\"twitter:card\" content=\"summary_large_image\" \/>\n<meta name=\"twitter:label1\" content=\"Availability\" \/>\n\t<meta name=\"twitter:data1\" content=\"In stock\" \/>\n<script type=\"application\/ld+json\" class=\"yoast-schema-graph\">{\"@context\":\"https:\\\/\\\/schema.org\",\"@graph\":[{\"@type\":\"WebPage\",\"@id\":\"https:\\\/\\\/owlstales.eu\\\/lt\\\/produktas\\\/spalvinimo-puslapiai-skraidantis-peliukass\\\/\",\"url\":\"https:\\\/\\\/owlstales.eu\\\/lt\\\/produktas\\\/spalvinimo-puslapiai-skraidantis-peliukass\\\/\",\"name\":\"Spalvinimo puslapiai \u00abSkraidantis peliukass\u00bb - P\u016bces pasakas\",\"isPartOf\":{\"@id\":\"https:\\\/\\\/owlstales.eu\\\/lt\\\/#website\"},\"primaryImageOfPage\":{\"@id\":\"https:\\\/\\\/owlstales.eu\\\/lt\\\/produktas\\\/spalvinimo-puslapiai-skraidantis-peliukass\\\/#primaryimage\"},\"image\":{\"@id\":\"https:\\\/\\\/owlstales.eu\\\/lt\\\/produktas\\\/spalvinimo-puslapiai-skraidantis-peliukass\\\/#primaryimage\"},\"thumbnailUrl\":\"https:\\\/\\\/owlstales.eu\\\/wp-content\\\/uploads\\\/2026\\\/03\\\/wly_mouse_paint.webp\",\"datePublished\":\"2026-03-11T12:27:03+00:00\",\"dateModified\":\"2026-04-14T17:08:19+00:00\",\"description\":\"24 iliustracijos spalvinimui padeda sugr\u012f\u017eti prie m\u0117gstam\u0173 heroj\u0173, atid\u017eiau pa\u017evelgti \u012f istorijos \u012fvykius ir pajusti jos nuotaik\u0105.\",\"breadcrumb\":{\"@id\":\"https:\\\/\\\/owlstales.eu\\\/lt\\\/produktas\\\/spalvinimo-puslapiai-skraidantis-peliukass\\\/#breadcrumb\"},\"inLanguage\":\"lt-LT\",\"potentialAction\":[{\"@type\":\"ReadAction\",\"target\":[\"https:\\\/\\\/owlstales.eu\\\/lt\\\/produktas\\\/spalvinimo-puslapiai-skraidantis-peliukass\\\/\"]}]},{\"@type\":\"ImageObject\",\"inLanguage\":\"lt-LT\",\"@id\":\"https:\\\/\\\/owlstales.eu\\\/lt\\\/produktas\\\/spalvinimo-puslapiai-skraidantis-peliukass\\\/#primaryimage\",\"url\":\"https:\\\/\\\/owlstales.eu\\\/wp-content\\\/uploads\\\/2026\\\/03\\\/wly_mouse_paint.webp\",\"contentUrl\":\"https:\\\/\\\/owlstales.eu\\\/wp-content\\\/uploads\\\/2026\\\/03\\\/wly_mouse_paint.webp\",\"width\":1024,\"height\":1024,\"caption\":\"Spalvinimo puslapiai \u00abSkraidantis peliukass\u00bb\"},{\"@type\":\"BreadcrumbList\",\"@id\":\"https:\\\/\\\/owlstales.eu\\\/lt\\\/produktas\\\/spalvinimo-puslapiai-skraidantis-peliukass\\\/#breadcrumb\",\"itemListElement\":[{\"@type\":\"ListItem\",\"position\":1,\"name\":\"Home\",\"item\":\"https:\\\/\\\/owlstales.eu\\\/lt\\\/pradzia\\\/\"},{\"@type\":\"ListItem\",\"position\":2,\"name\":\"Parduotuv\u0117\",\"item\":\"https:\\\/\\\/owlstales.eu\\\/lt\\\/parduotuve\\\/\"},{\"@type\":\"ListItem\",\"position\":3,\"name\":\"Spalvinimo puslapiai \u00abSkraidantis peliukass\u00bb\"}]},{\"@type\":\"WebSite\",\"@id\":\"https:\\\/\\\/owlstales.eu\\\/lt\\\/#website\",\"url\":\"https:\\\/\\\/owlstales.eu\\\/lt\\\/\",\"name\":\"P\u016bces pasakas\",\"description\":\"GR\u0100MATAS | PDF | AUDIOIZR\u0100DES | PASAKAS\",\"publisher\":{\"@id\":\"https:\\\/\\\/owlstales.eu\\\/lt\\\/#organization\"},\"alternateName\":\"owls tales\",\"potentialAction\":[{\"@type\":\"SearchAction\",\"target\":{\"@type\":\"EntryPoint\",\"urlTemplate\":\"https:\\\/\\\/owlstales.eu\\\/lt\\\/?s={search_term_string}\"},\"query-input\":{\"@type\":\"PropertyValueSpecification\",\"valueRequired\":true,\"valueName\":\"search_term_string\"}}],\"inLanguage\":\"lt-LT\"},{\"@type\":\"Organization\",\"@id\":\"https:\\\/\\\/owlstales.eu\\\/lt\\\/#organization\",\"name\":\"P\u016bces pasakas\",\"url\":\"https:\\\/\\\/owlstales.eu\\\/lt\\\/\",\"logo\":{\"@type\":\"ImageObject\",\"inLanguage\":\"lt-LT\",\"@id\":\"https:\\\/\\\/owlstales.eu\\\/lt\\\/#\\\/schema\\\/logo\\\/image\\\/\",\"url\":\"https:\\\/\\\/owlstales.eu\\\/wp-content\\\/uploads\\\/2026\\\/03\\\/owl_logo_ok.webp\",\"contentUrl\":\"https:\\\/\\\/owlstales.eu\\\/wp-content\\\/uploads\\\/2026\\\/03\\\/owl_logo_ok.webp\",\"width\":512,\"height\":512,\"caption\":\"P\u016bces pasakas\"},\"image\":{\"@id\":\"https:\\\/\\\/owlstales.eu\\\/lt\\\/#\\\/schema\\\/logo\\\/image\\\/\"},\"sameAs\":[\"https:\\\/\\\/www.facebook.com\\\/owlstales.eu\\\/\"],\"description\":\"Pasakas b\u0113rniem, pal\u012bgmateri\u0101li skolot\u0101jiem.\",\"email\":\"projekts.library@gmail.com\",\"telephone\":\"+371 20923022\",\"legalName\":\"ELENAS LIBRARY SIA\",\"foundingDate\":\"2025-03-01\",\"vatID\":\"LV402036769410\",\"taxID\":\"402036769410\",\"numberOfEmployees\":{\"@type\":\"QuantitativeValue\",\"minValue\":\"1\",\"maxValue\":\"10\"}}]}<\/script>\n<meta property=\"og:availability\" content=\"instock\" \/>\n<meta property=\"product:availability\" content=\"instock\" \/>\n<meta property=\"product:retailer_item_id\" content=\"Lidojosais pelens_krasot\" \/>\n<meta property=\"product:condition\" content=\"new\" \/>\n<!-- \/ Yoast SEO Premium plugin. -->","yoast_head_json":{"title":"Spalvinimo puslapiai \u00abSkraidantis peliukass\u00bb - P\u016bces pasakas","description":"24 iliustracijos spalvinimui padeda sugr\u012f\u017eti prie m\u0117gstam\u0173 heroj\u0173, atid\u017eiau pa\u017evelgti \u012f istorijos \u012fvykius ir pajusti jos nuotaik\u0105.","robots":{"index":"index","follow":"follow","max-snippet":"max-snippet:-1","max-image-preview":"max-image-preview:large","max-video-preview":"max-video-preview:-1"},"canonical":"https:\/\/owlstales.eu\/lt\/produktas\/spalvinimo-puslapiai-skraidantis-peliukass\/","og_locale":"lt_LT","og_type":"article","og_title":"Spalvinimo puslapiai \u00abSkraidantis peliukass\u00bb","og_description":"24 iliustracijos spalvinimui padeda sugr\u012f\u017eti prie m\u0117gstam\u0173 heroj\u0173, atid\u017eiau pa\u017evelgti \u012f istorijos \u012fvykius ir pajusti jos nuotaik\u0105.","og_url":"https:\/\/owlstales.eu\/lt\/produktas\/spalvinimo-puslapiai-skraidantis-peliukass\/","og_site_name":"P\u016bces pasakas","article_publisher":"https:\/\/www.facebook.com\/owlstales.eu\/","article_modified_time":"2026-04-14T17:08:19+00:00","og_image":[{"width":1024,"height":1024,"url":"https:\/\/owlstales.eu\/wp-content\/uploads\/2026\/03\/wly_mouse_paint.webp","type":"image\/webp"}],"twitter_card":"summary_large_image","twitter_misc":{"Availability":"In stock"},"schema":{"@context":"https:\/\/schema.org","@graph":[{"@type":"WebPage","@id":"https:\/\/owlstales.eu\/lt\/produktas\/spalvinimo-puslapiai-skraidantis-peliukass\/","url":"https:\/\/owlstales.eu\/lt\/produktas\/spalvinimo-puslapiai-skraidantis-peliukass\/","name":"Spalvinimo puslapiai \u00abSkraidantis peliukass\u00bb - P\u016bces pasakas","isPartOf":{"@id":"https:\/\/owlstales.eu\/lt\/#website"},"primaryImageOfPage":{"@id":"https:\/\/owlstales.eu\/lt\/produktas\/spalvinimo-puslapiai-skraidantis-peliukass\/#primaryimage"},"image":{"@id":"https:\/\/owlstales.eu\/lt\/produktas\/spalvinimo-puslapiai-skraidantis-peliukass\/#primaryimage"},"thumbnailUrl":"https:\/\/owlstales.eu\/wp-content\/uploads\/2026\/03\/wly_mouse_paint.webp","datePublished":"2026-03-11T12:27:03+00:00","dateModified":"2026-04-14T17:08:19+00:00","description":"24 iliustracijos spalvinimui padeda sugr\u012f\u017eti prie m\u0117gstam\u0173 heroj\u0173, atid\u017eiau pa\u017evelgti \u012f istorijos \u012fvykius ir pajusti jos nuotaik\u0105.","breadcrumb":{"@id":"https:\/\/owlstales.eu\/lt\/produktas\/spalvinimo-puslapiai-skraidantis-peliukass\/#breadcrumb"},"inLanguage":"lt-LT","potentialAction":[{"@type":"ReadAction","target":["https:\/\/owlstales.eu\/lt\/produktas\/spalvinimo-puslapiai-skraidantis-peliukass\/"]}]},{"@type":"ImageObject","inLanguage":"lt-LT","@id":"https:\/\/owlstales.eu\/lt\/produktas\/spalvinimo-puslapiai-skraidantis-peliukass\/#primaryimage","url":"https:\/\/owlstales.eu\/wp-content\/uploads\/2026\/03\/wly_mouse_paint.webp","contentUrl":"https:\/\/owlstales.eu\/wp-content\/uploads\/2026\/03\/wly_mouse_paint.webp","width":1024,"height":1024,"caption":"Spalvinimo puslapiai \u00abSkraidantis peliukass\u00bb"},{"@type":"BreadcrumbList","@id":"https:\/\/owlstales.eu\/lt\/produktas\/spalvinimo-puslapiai-skraidantis-peliukass\/#breadcrumb","itemListElement":[{"@type":"ListItem","position":1,"name":"Home","item":"https:\/\/owlstales.eu\/lt\/pradzia\/"},{"@type":"ListItem","position":2,"name":"Parduotuv\u0117","item":"https:\/\/owlstales.eu\/lt\/parduotuve\/"},{"@type":"ListItem","position":3,"name":"Spalvinimo puslapiai \u00abSkraidantis peliukass\u00bb"}]},{"@type":"WebSite","@id":"https:\/\/owlstales.eu\/lt\/#website","url":"https:\/\/owlstales.eu\/lt\/","name":"P\u016bces pasakas","description":"GR\u0100MATAS | PDF | AUDIOIZR\u0100DES | PASAKAS","publisher":{"@id":"https:\/\/owlstales.eu\/lt\/#organization"},"alternateName":"owls tales","potentialAction":[{"@type":"SearchAction","target":{"@type":"EntryPoint","urlTemplate":"https:\/\/owlstales.eu\/lt\/?s={search_term_string}"},"query-input":{"@type":"PropertyValueSpecification","valueRequired":true,"valueName":"search_term_string"}}],"inLanguage":"lt-LT"},{"@type":"Organization","@id":"https:\/\/owlstales.eu\/lt\/#organization","name":"P\u016bces pasakas","url":"https:\/\/owlstales.eu\/lt\/","logo":{"@type":"ImageObject","inLanguage":"lt-LT","@id":"https:\/\/owlstales.eu\/lt\/#\/schema\/logo\/image\/","url":"https:\/\/owlstales.eu\/wp-content\/uploads\/2026\/03\/owl_logo_ok.webp","contentUrl":"https:\/\/owlstales.eu\/wp-content\/uploads\/2026\/03\/owl_logo_ok.webp","width":512,"height":512,"caption":"P\u016bces pasakas"},"image":{"@id":"https:\/\/owlstales.eu\/lt\/#\/schema\/logo\/image\/"},"sameAs":["https:\/\/www.facebook.com\/owlstales.eu\/"],"description":"Pasakas b\u0113rniem, pal\u012bgmateri\u0101li skolot\u0101jiem.","email":"projekts.library@gmail.com","telephone":"+371 20923022","legalName":"ELENAS LIBRARY SIA","foundingDate":"2025-03-01","vatID":"LV402036769410","taxID":"402036769410","numberOfEmployees":{"@type":"QuantitativeValue","minValue":"1","maxValue":"10"}}]},"og_availability":"instock","product_availability":"instock","product_retailer_item_id":"Lidojosais pelens_krasot","product_condition":"new"},"_links":{"self":[{"href":"https:\/\/owlstales.eu\/lt\/wp-json\/wp\/v2\/product\/3164","targetHints":{"allow":["GET"]}}],"collection":[{"href":"https:\/\/owlstales.eu\/lt\/wp-json\/wp\/v2\/product"}],"about":[{"href":"https:\/\/owlstales.eu\/lt\/wp-json\/wp\/v2\/types\/product"}],"replies":[{"embeddable":true,"href":"https:\/\/owlstales.eu\/lt\/wp-json\/wp\/v2\/comments?post=3164"}],"wp:featuredmedia":[{"embeddable":true,"href":"https:\/\/owlstales.eu\/lt\/wp-json\/wp\/v2\/media\/3163"}],"wp:attachment":[{"href":"https:\/\/owlstales.eu\/lt\/wp-json\/wp\/v2\/media?parent=3164"}],"wp:term":[{"taxonomy":"product_brand","embeddable":true,"href":"https:\/\/owlstales.eu\/lt\/wp-json\/wp\/v2\/product_brand?post=3164"},{"taxonomy":"product_cat","embeddable":true,"href":"https:\/\/owlstales.eu\/lt\/wp-json\/wp\/v2\/product_cat?post=3164"},{"taxonomy":"product_tag","embeddable":true,"href":"https:\/\/owlstales.eu\/lt\/wp-json\/wp\/v2\/product_tag?post=3164"}],"curies":[{"name":"wp","href":"https:\/\/api.w.org\/{rel}","templated":true}]}}