{"id":3099,"date":"2026-03-08T08:19:08","date_gmt":"2026-03-08T06:19:08","guid":{"rendered":"https:\/\/owlstales.eu\/product\/vaikiski-marskineliai-owls-tales-forever\/"},"modified":"2026-03-08T08:19:08","modified_gmt":"2026-03-08T06:19:08","slug":"vaikiski-marskineliai-owls-tales-forever","status":"publish","type":"product","link":"https:\/\/owlstales.eu\/lt\/produktas\/vaikiski-marskineliai-owls-tales-forever\/","title":{"rendered":"Vaiki\u0161ki mar\u0161kin\u0117liai OWLS TALES Forever"},"content":{"rendered":"<p>Modelis: OWLS TALES Forever<br \/>\nSpaudinys: OWLS TALES \u201eSkraidantis peliukas\u201d<br \/>\nTipas: mar\u0161kin\u0117liai trumpomis rankov\u0117mis<br \/>\nPagrindiniai mar\u0161kin\u0117liai: SOL&#8217;S (vaiki\u0161kas modelis)<br \/>\nSud\u0117tis: 100 % medviln\u0117<br \/>\nAudinio tankis: apie 150\u2013170 g\/m\u00b2<br \/>\nSpauda: auk\u0161tos kokyb\u0117s patvari skaitmenin\u0117 spauda<br \/>\nDyd\u017eiai: vaiki\u0161ki dyd\u017eiai ma\u017edaug 1\u201313 met\u0173<br \/>\nPrie\u017ei\u016bra: skalbti skalbimo ma\u0161inoje \u012fprastu re\u017eimu<\/p>\n<p><img decoding=\"async\" class=\"wp-image-1830 alignleft\" src=\"https:\/\/owlstales.eu\/wp-content\/uploads\/2026\/02\/IzmeriHudijiPremiumBernu-300x75.png\" alt=\"\" width=\"428\" height=\"107\" srcset=\"https:\/\/owlstales.eu\/wp-content\/uploads\/2026\/02\/IzmeriHudijiPremiumBernu-300x75.png 300w, https:\/\/owlstales.eu\/wp-content\/uploads\/2026\/02\/IzmeriHudijiPremiumBernu-1024x255.png 1024w, https:\/\/owlstales.eu\/wp-content\/uploads\/2026\/02\/IzmeriHudijiPremiumBernu-768x191.png 768w, https:\/\/owlstales.eu\/wp-content\/uploads\/2026\/02\/IzmeriHudijiPremiumBernu-600x149.png 600w, https:\/\/owlstales.eu\/wp-content\/uploads\/2026\/02\/IzmeriHudijiPremiumBernu.png 1046w\" sizes=\"(max-width: 428px) 100vw, 428px\" \/><\/p>\n","protected":false},"excerpt":{"rendered":"<p>Vaiki\u0161ki OWLS TALES Forever mar\u0161kin\u0117liai pagaminti naudojant premium kokyb\u0117s SOL&#8217;S mar\u0161kin\u0117lius kaip pagrind\u0105. Patogus ir kokybi\u0161kas modelis kasdieniam d\u0117v\u0117jimui \u2014 mokyklai, pasivaik\u0161\u010diojimams ir aktyviai vaiko kasdienai.<br \/>Mar\u0161kin\u0117liai pagaminti i\u0161 mink\u0161to medvilninio trikota\u017eo audinio, kuris yra malonus odai ir patogus kasdieniam d\u0117v\u0117jimui. Modelis gerai i\u0161laiko form\u0105 ir i\u0161laiko tvarking\u0105 i\u0161vaizd\u0105 reguliariai d\u0117vint ir skalbiant. Ant gaminio spaudinamas originalus OWLS TALES dizainas, naudojant auk\u0161tos kokyb\u0117s, patvari\u0105 skaitmenin\u0119 spaud\u0105.<\/p>\n","protected":false},"featured_media":2517,"comment_status":"open","ping_status":"closed","template":"","meta":[],"product_brand":[],"product_cat":[103,195,138],"product_tag":[],"class_list":{"0":"post-3099","1":"product","2":"type-product","3":"status-publish","4":"has-post-thumbnail","6":"product_cat-kolekcijos-su-musu-simbolika","7":"product_cat-marskineliai","8":"product_cat-skraidantis-peliukas","9":"pa_krasa-bordo","10":"pa_krasa-navy","12":"first","13":"instock","14":"taxable","15":"shipping-taxable","16":"purchasable","17":"product-type-variable"},"yoast_head":"<!-- This site is optimized with the Yoast SEO Premium plugin v27.1 (Yoast SEO v27.4) - https:\/\/yoast.com\/product\/yoast-seo-premium-wordpress\/ -->\n<title>Vaiki\u0161ki mar\u0161kin\u0117liai OWLS TALES Forever - P\u016bces pasakas<\/title>\n<meta name=\"description\" content=\"Vaiki\u0161ki OWLS TALES Forever mar\u0161kin\u0117liai pagaminti naudojant premium kokyb\u0117s SOL&#039;S mar\u0161kin\u0117lius kaip pagrind\u0105.\" \/>\n<meta name=\"robots\" content=\"index, follow, max-snippet:-1, max-image-preview:large, max-video-preview:-1\" \/>\n<link rel=\"canonical\" href=\"https:\/\/owlstales.eu\/lt\/produktas\/vaikiski-marskineliai-owls-tales-forever\/\" \/>\n<meta property=\"og:locale\" content=\"lt_LT\" \/>\n<meta property=\"og:type\" content=\"article\" \/>\n<meta property=\"og:title\" content=\"Vaiki\u0161ki mar\u0161kin\u0117liai OWLS TALES Forever\" \/>\n<meta property=\"og:description\" content=\"Vaiki\u0161ki OWLS TALES Forever mar\u0161kin\u0117liai pagaminti naudojant premium kokyb\u0117s SOL&#039;S mar\u0161kin\u0117lius kaip pagrind\u0105.\" \/>\n<meta property=\"og:url\" content=\"https:\/\/owlstales.eu\/lt\/produktas\/vaikiski-marskineliai-owls-tales-forever\/\" \/>\n<meta property=\"og:site_name\" content=\"P\u016bces pasakas\" \/>\n<meta property=\"article:publisher\" content=\"https:\/\/www.facebook.com\/owlstales.eu\/\" \/>\n<meta property=\"og:image\" content=\"https:\/\/owlstales.eu\/wp-content\/uploads\/2026\/03\/Bern_prem_bordo_mouse.webp\" \/>\n\t<meta property=\"og:image:width\" content=\"1024\" \/>\n\t<meta property=\"og:image:height\" content=\"1024\" \/>\n\t<meta property=\"og:image:type\" content=\"image\/webp\" \/>\n<meta name=\"twitter:card\" content=\"summary_large_image\" \/>\n<meta name=\"twitter:label1\" content=\"Availability\" \/>\n\t<meta name=\"twitter:data1\" content=\"In stock\" \/>\n<script type=\"application\/ld+json\" class=\"yoast-schema-graph\">{\"@context\":\"https:\\\/\\\/schema.org\",\"@graph\":[{\"@type\":\"WebPage\",\"@id\":\"https:\\\/\\\/owlstales.eu\\\/lt\\\/produktas\\\/vaikiski-marskineliai-owls-tales-forever\\\/\",\"url\":\"https:\\\/\\\/owlstales.eu\\\/lt\\\/produktas\\\/vaikiski-marskineliai-owls-tales-forever\\\/\",\"name\":\"Vaiki\u0161ki mar\u0161kin\u0117liai OWLS TALES Forever - P\u016bces pasakas\",\"isPartOf\":{\"@id\":\"https:\\\/\\\/owlstales.eu\\\/lt\\\/#website\"},\"primaryImageOfPage\":{\"@id\":\"https:\\\/\\\/owlstales.eu\\\/lt\\\/produktas\\\/vaikiski-marskineliai-owls-tales-forever\\\/#primaryimage\"},\"image\":{\"@id\":\"https:\\\/\\\/owlstales.eu\\\/lt\\\/produktas\\\/vaikiski-marskineliai-owls-tales-forever\\\/#primaryimage\"},\"thumbnailUrl\":\"https:\\\/\\\/owlstales.eu\\\/wp-content\\\/uploads\\\/2026\\\/03\\\/Bern_prem_bordo_mouse.webp\",\"datePublished\":\"2026-03-08T06:19:08+00:00\",\"description\":\"Vaiki\u0161ki OWLS TALES Forever mar\u0161kin\u0117liai pagaminti naudojant premium kokyb\u0117s SOL'S mar\u0161kin\u0117lius kaip pagrind\u0105.\",\"breadcrumb\":{\"@id\":\"https:\\\/\\\/owlstales.eu\\\/lt\\\/produktas\\\/vaikiski-marskineliai-owls-tales-forever\\\/#breadcrumb\"},\"inLanguage\":\"lt-LT\",\"potentialAction\":[{\"@type\":\"ReadAction\",\"target\":[\"https:\\\/\\\/owlstales.eu\\\/lt\\\/produktas\\\/vaikiski-marskineliai-owls-tales-forever\\\/\"]}]},{\"@type\":\"ImageObject\",\"inLanguage\":\"lt-LT\",\"@id\":\"https:\\\/\\\/owlstales.eu\\\/lt\\\/produktas\\\/vaikiski-marskineliai-owls-tales-forever\\\/#primaryimage\",\"url\":\"https:\\\/\\\/owlstales.eu\\\/wp-content\\\/uploads\\\/2026\\\/03\\\/Bern_prem_bordo_mouse.webp\",\"contentUrl\":\"https:\\\/\\\/owlstales.eu\\\/wp-content\\\/uploads\\\/2026\\\/03\\\/Bern_prem_bordo_mouse.webp\",\"width\":1024,\"height\":1024},{\"@type\":\"BreadcrumbList\",\"@id\":\"https:\\\/\\\/owlstales.eu\\\/lt\\\/produktas\\\/vaikiski-marskineliai-owls-tales-forever\\\/#breadcrumb\",\"itemListElement\":[{\"@type\":\"ListItem\",\"position\":1,\"name\":\"Home\",\"item\":\"https:\\\/\\\/owlstales.eu\\\/lt\\\/pradzia\\\/\"},{\"@type\":\"ListItem\",\"position\":2,\"name\":\"Parduotuv\u0117\",\"item\":\"https:\\\/\\\/owlstales.eu\\\/lt\\\/parduotuve\\\/\"},{\"@type\":\"ListItem\",\"position\":3,\"name\":\"Vaiki\u0161ki mar\u0161kin\u0117liai OWLS TALES Forever\"}]},{\"@type\":\"WebSite\",\"@id\":\"https:\\\/\\\/owlstales.eu\\\/lt\\\/#website\",\"url\":\"https:\\\/\\\/owlstales.eu\\\/lt\\\/\",\"name\":\"P\u016bces pasakas\",\"description\":\"GR\u0100MATAS | PDF | AUDIOIZR\u0100DES | PASAKAS\",\"publisher\":{\"@id\":\"https:\\\/\\\/owlstales.eu\\\/lt\\\/#organization\"},\"alternateName\":\"owls tales\",\"potentialAction\":[{\"@type\":\"SearchAction\",\"target\":{\"@type\":\"EntryPoint\",\"urlTemplate\":\"https:\\\/\\\/owlstales.eu\\\/lt\\\/?s={search_term_string}\"},\"query-input\":{\"@type\":\"PropertyValueSpecification\",\"valueRequired\":true,\"valueName\":\"search_term_string\"}}],\"inLanguage\":\"lt-LT\"},{\"@type\":\"Organization\",\"@id\":\"https:\\\/\\\/owlstales.eu\\\/lt\\\/#organization\",\"name\":\"P\u016bces pasakas\",\"url\":\"https:\\\/\\\/owlstales.eu\\\/lt\\\/\",\"logo\":{\"@type\":\"ImageObject\",\"inLanguage\":\"lt-LT\",\"@id\":\"https:\\\/\\\/owlstales.eu\\\/lt\\\/#\\\/schema\\\/logo\\\/image\\\/\",\"url\":\"https:\\\/\\\/owlstales.eu\\\/wp-content\\\/uploads\\\/2026\\\/03\\\/owl_logo_ok.webp\",\"contentUrl\":\"https:\\\/\\\/owlstales.eu\\\/wp-content\\\/uploads\\\/2026\\\/03\\\/owl_logo_ok.webp\",\"width\":512,\"height\":512,\"caption\":\"P\u016bces pasakas\"},\"image\":{\"@id\":\"https:\\\/\\\/owlstales.eu\\\/lt\\\/#\\\/schema\\\/logo\\\/image\\\/\"},\"sameAs\":[\"https:\\\/\\\/www.facebook.com\\\/owlstales.eu\\\/\"],\"description\":\"Pasakas b\u0113rniem, pal\u012bgmateri\u0101li skolot\u0101jiem.\",\"email\":\"projekts.library@gmail.com\",\"telephone\":\"+371 20923022\",\"legalName\":\"ELENAS LIBRARY SIA\",\"foundingDate\":\"2025-03-01\",\"vatID\":\"LV402036769410\",\"taxID\":\"402036769410\",\"numberOfEmployees\":{\"@type\":\"QuantitativeValue\",\"minValue\":\"1\",\"maxValue\":\"10\"}}]}<\/script>\n<meta property=\"og:availability\" content=\"instock\" \/>\n<meta property=\"product:availability\" content=\"instock\" \/>\n<meta property=\"product:retailer_item_id\" content=\"Kids_tkrekls_forever\" \/>\n<meta property=\"product:condition\" content=\"new\" \/>\n<!-- \/ Yoast SEO Premium plugin. -->","yoast_head_json":{"title":"Vaiki\u0161ki mar\u0161kin\u0117liai OWLS TALES Forever - P\u016bces pasakas","description":"Vaiki\u0161ki OWLS TALES Forever mar\u0161kin\u0117liai pagaminti naudojant premium kokyb\u0117s SOL'S mar\u0161kin\u0117lius kaip pagrind\u0105.","robots":{"index":"index","follow":"follow","max-snippet":"max-snippet:-1","max-image-preview":"max-image-preview:large","max-video-preview":"max-video-preview:-1"},"canonical":"https:\/\/owlstales.eu\/lt\/produktas\/vaikiski-marskineliai-owls-tales-forever\/","og_locale":"lt_LT","og_type":"article","og_title":"Vaiki\u0161ki mar\u0161kin\u0117liai OWLS TALES Forever","og_description":"Vaiki\u0161ki OWLS TALES Forever mar\u0161kin\u0117liai pagaminti naudojant premium kokyb\u0117s SOL'S mar\u0161kin\u0117lius kaip pagrind\u0105.","og_url":"https:\/\/owlstales.eu\/lt\/produktas\/vaikiski-marskineliai-owls-tales-forever\/","og_site_name":"P\u016bces pasakas","article_publisher":"https:\/\/www.facebook.com\/owlstales.eu\/","og_image":[{"width":1024,"height":1024,"url":"https:\/\/owlstales.eu\/wp-content\/uploads\/2026\/03\/Bern_prem_bordo_mouse.webp","type":"image\/webp"}],"twitter_card":"summary_large_image","twitter_misc":{"Availability":"In stock"},"schema":{"@context":"https:\/\/schema.org","@graph":[{"@type":"WebPage","@id":"https:\/\/owlstales.eu\/lt\/produktas\/vaikiski-marskineliai-owls-tales-forever\/","url":"https:\/\/owlstales.eu\/lt\/produktas\/vaikiski-marskineliai-owls-tales-forever\/","name":"Vaiki\u0161ki mar\u0161kin\u0117liai OWLS TALES Forever - P\u016bces pasakas","isPartOf":{"@id":"https:\/\/owlstales.eu\/lt\/#website"},"primaryImageOfPage":{"@id":"https:\/\/owlstales.eu\/lt\/produktas\/vaikiski-marskineliai-owls-tales-forever\/#primaryimage"},"image":{"@id":"https:\/\/owlstales.eu\/lt\/produktas\/vaikiski-marskineliai-owls-tales-forever\/#primaryimage"},"thumbnailUrl":"https:\/\/owlstales.eu\/wp-content\/uploads\/2026\/03\/Bern_prem_bordo_mouse.webp","datePublished":"2026-03-08T06:19:08+00:00","description":"Vaiki\u0161ki OWLS TALES Forever mar\u0161kin\u0117liai pagaminti naudojant premium kokyb\u0117s SOL'S mar\u0161kin\u0117lius kaip pagrind\u0105.","breadcrumb":{"@id":"https:\/\/owlstales.eu\/lt\/produktas\/vaikiski-marskineliai-owls-tales-forever\/#breadcrumb"},"inLanguage":"lt-LT","potentialAction":[{"@type":"ReadAction","target":["https:\/\/owlstales.eu\/lt\/produktas\/vaikiski-marskineliai-owls-tales-forever\/"]}]},{"@type":"ImageObject","inLanguage":"lt-LT","@id":"https:\/\/owlstales.eu\/lt\/produktas\/vaikiski-marskineliai-owls-tales-forever\/#primaryimage","url":"https:\/\/owlstales.eu\/wp-content\/uploads\/2026\/03\/Bern_prem_bordo_mouse.webp","contentUrl":"https:\/\/owlstales.eu\/wp-content\/uploads\/2026\/03\/Bern_prem_bordo_mouse.webp","width":1024,"height":1024},{"@type":"BreadcrumbList","@id":"https:\/\/owlstales.eu\/lt\/produktas\/vaikiski-marskineliai-owls-tales-forever\/#breadcrumb","itemListElement":[{"@type":"ListItem","position":1,"name":"Home","item":"https:\/\/owlstales.eu\/lt\/pradzia\/"},{"@type":"ListItem","position":2,"name":"Parduotuv\u0117","item":"https:\/\/owlstales.eu\/lt\/parduotuve\/"},{"@type":"ListItem","position":3,"name":"Vaiki\u0161ki mar\u0161kin\u0117liai OWLS TALES Forever"}]},{"@type":"WebSite","@id":"https:\/\/owlstales.eu\/lt\/#website","url":"https:\/\/owlstales.eu\/lt\/","name":"P\u016bces pasakas","description":"GR\u0100MATAS | PDF | AUDIOIZR\u0100DES | PASAKAS","publisher":{"@id":"https:\/\/owlstales.eu\/lt\/#organization"},"alternateName":"owls tales","potentialAction":[{"@type":"SearchAction","target":{"@type":"EntryPoint","urlTemplate":"https:\/\/owlstales.eu\/lt\/?s={search_term_string}"},"query-input":{"@type":"PropertyValueSpecification","valueRequired":true,"valueName":"search_term_string"}}],"inLanguage":"lt-LT"},{"@type":"Organization","@id":"https:\/\/owlstales.eu\/lt\/#organization","name":"P\u016bces pasakas","url":"https:\/\/owlstales.eu\/lt\/","logo":{"@type":"ImageObject","inLanguage":"lt-LT","@id":"https:\/\/owlstales.eu\/lt\/#\/schema\/logo\/image\/","url":"https:\/\/owlstales.eu\/wp-content\/uploads\/2026\/03\/owl_logo_ok.webp","contentUrl":"https:\/\/owlstales.eu\/wp-content\/uploads\/2026\/03\/owl_logo_ok.webp","width":512,"height":512,"caption":"P\u016bces pasakas"},"image":{"@id":"https:\/\/owlstales.eu\/lt\/#\/schema\/logo\/image\/"},"sameAs":["https:\/\/www.facebook.com\/owlstales.eu\/"],"description":"Pasakas b\u0113rniem, pal\u012bgmateri\u0101li skolot\u0101jiem.","email":"projekts.library@gmail.com","telephone":"+371 20923022","legalName":"ELENAS LIBRARY SIA","foundingDate":"2025-03-01","vatID":"LV402036769410","taxID":"402036769410","numberOfEmployees":{"@type":"QuantitativeValue","minValue":"1","maxValue":"10"}}]},"og_availability":"instock","product_availability":"instock","product_retailer_item_id":"Kids_tkrekls_forever","product_condition":"new"},"_links":{"self":[{"href":"https:\/\/owlstales.eu\/lt\/wp-json\/wp\/v2\/product\/3099","targetHints":{"allow":["GET"]}}],"collection":[{"href":"https:\/\/owlstales.eu\/lt\/wp-json\/wp\/v2\/product"}],"about":[{"href":"https:\/\/owlstales.eu\/lt\/wp-json\/wp\/v2\/types\/product"}],"replies":[{"embeddable":true,"href":"https:\/\/owlstales.eu\/lt\/wp-json\/wp\/v2\/comments?post=3099"}],"wp:featuredmedia":[{"embeddable":true,"href":"https:\/\/owlstales.eu\/lt\/wp-json\/wp\/v2\/media\/2517"}],"wp:attachment":[{"href":"https:\/\/owlstales.eu\/lt\/wp-json\/wp\/v2\/media?parent=3099"}],"wp:term":[{"taxonomy":"product_brand","embeddable":true,"href":"https:\/\/owlstales.eu\/lt\/wp-json\/wp\/v2\/product_brand?post=3099"},{"taxonomy":"product_cat","embeddable":true,"href":"https:\/\/owlstales.eu\/lt\/wp-json\/wp\/v2\/product_cat?post=3099"},{"taxonomy":"product_tag","embeddable":true,"href":"https:\/\/owlstales.eu\/lt\/wp-json\/wp\/v2\/product_tag?post=3099"}],"curies":[{"name":"wp","href":"https:\/\/api.w.org\/{rel}","templated":true}]}}