{"id":3039,"date":"2026-03-07T11:00:41","date_gmt":"2026-03-07T09:00:41","guid":{"rendered":"https:\/\/owlstales.eu\/product\/moteriski-marskineliai-owls-tales-everyday\/"},"modified":"2026-03-07T11:00:41","modified_gmt":"2026-03-07T09:00:41","slug":"moteriski-marskineliai-owls-tales-everyday","status":"publish","type":"product","link":"https:\/\/owlstales.eu\/lt\/produktas\/moteriski-marskineliai-owls-tales-everyday\/","title":{"rendered":"Moteri\u0161ki mar\u0161kin\u0117liai OWLS TALES Everyday"},"content":{"rendered":"<p>Modelis: OWLS TALES Everyday<br \/>\nSpaudinys: OWLS TALES \u201eSkraidantis peliukas\u201d<br \/>\nTipas: mar\u0161kin\u0117liai trumpomis rankov\u0117mis<br \/>\nPagrindiniai mar\u0161kin\u0117liai: JustHoods (moteri\u0161kas modelis)<br \/>\nSud\u0117tis: 100 % medviln\u0117<br \/>\nAudinio tankis: apie 150\u2013170 g\/m\u00b2<br \/>\nSpauda: auk\u0161tos kokyb\u0117s patvari skaitmenin\u0117 spauda<br \/>\nDyd\u017eiai: XS\u20133XL<br \/>\nPrie\u017ei\u016bra: skalbti skalbimo ma\u0161inoje \u012fprastu re\u017eimu<\/p>\n<p>&nbsp;<\/p>\n<p><img decoding=\"async\" class=\"wp-image-2076 alignleft\" src=\"https:\/\/owlstales.eu\/wp-content\/uploads\/2026\/03\/IzmeriHudijiPremiumSievieshu-300x76.png\" alt=\"\" width=\"418\" height=\"106\" srcset=\"https:\/\/owlstales.eu\/wp-content\/uploads\/2026\/03\/IzmeriHudijiPremiumSievieshu-300x76.png 300w, https:\/\/owlstales.eu\/wp-content\/uploads\/2026\/03\/IzmeriHudijiPremiumSievieshu-1024x261.png 1024w, https:\/\/owlstales.eu\/wp-content\/uploads\/2026\/03\/IzmeriHudijiPremiumSievieshu-768x195.png 768w, https:\/\/owlstales.eu\/wp-content\/uploads\/2026\/03\/IzmeriHudijiPremiumSievieshu-600x153.png 600w, https:\/\/owlstales.eu\/wp-content\/uploads\/2026\/03\/IzmeriHudijiPremiumSievieshu.png 1053w\" sizes=\"(max-width: 418px) 100vw, 418px\" \/><\/p>\n","protected":false},"excerpt":{"rendered":"<p>Moteri\u0161ki OWLS TALES Everyday mar\u0161kin\u0117liai pagaminti naudojant JustHoods mar\u0161kin\u0117lius kaip pagrind\u0105. Modelis turi moteri\u0161k\u0105 kirpim\u0105, patogiai priglunda prie fig\u016bros ir tinka kasdieniam d\u0117v\u0117jimui \u2014 darbui, pasivaik\u0161\u010diojimams ir laisvalaikiui.<br \/>Mar\u0161kin\u0117liai pagaminti no mink\u0161to medvilninio trikota\u017eo audinio, kuris yra malonus odai ir patogus kasdieniam d\u0117v\u0117jimui. Ant gaminio spaudinamas originalus OWLS TALES dizainas, naudojant auk\u0161tos kokyb\u0117s, patvari\u0105 skaitmenin\u0119 spaud\u0105.<\/p>\n","protected":false},"featured_media":2499,"comment_status":"open","ping_status":"closed","template":"","meta":[],"product_brand":[],"product_cat":[103,195,138],"product_tag":[],"class_list":{"0":"post-3039","1":"product","2":"type-product","3":"status-publish","4":"has-post-thumbnail","6":"product_cat-kolekcijos-su-musu-simbolika","7":"product_cat-marskineliai","8":"product_cat-skraidantis-peliukas","9":"pa_krasa-garnet","10":"pa_krasa-natural","11":"pa_krasa-navy","13":"first","14":"instock","15":"taxable","16":"shipping-taxable","17":"purchasable","18":"product-type-variable"},"yoast_head":"<!-- This site is optimized with the Yoast SEO Premium plugin v27.1 (Yoast SEO v27.4) - https:\/\/yoast.com\/product\/yoast-seo-premium-wordpress\/ -->\n<title>Moteri\u0161ki mar\u0161kin\u0117liai OWLS TALES Everyday - P\u016bces pasakas<\/title>\n<meta name=\"description\" content=\"Moteri\u0161ki OWLS TALES Everyday mar\u0161kin\u0117liai pagaminti naudojant JustHoods mar\u0161kin\u0117lius kaip pagrind\u0105.\" \/>\n<meta name=\"robots\" content=\"index, follow, max-snippet:-1, max-image-preview:large, max-video-preview:-1\" \/>\n<link rel=\"canonical\" href=\"https:\/\/owlstales.eu\/lt\/produktas\/moteriski-marskineliai-owls-tales-everyday\/\" \/>\n<meta property=\"og:locale\" content=\"lt_LT\" \/>\n<meta property=\"og:type\" content=\"article\" \/>\n<meta property=\"og:title\" content=\"Moteri\u0161ki mar\u0161kin\u0117liai OWLS TALES Everyday\" \/>\n<meta property=\"og:description\" content=\"Moteri\u0161ki OWLS TALES Everyday mar\u0161kin\u0117liai pagaminti naudojant JustHoods mar\u0161kin\u0117lius kaip pagrind\u0105.\" \/>\n<meta property=\"og:url\" content=\"https:\/\/owlstales.eu\/lt\/produktas\/moteriski-marskineliai-owls-tales-everyday\/\" \/>\n<meta property=\"og:site_name\" content=\"P\u016bces pasakas\" \/>\n<meta property=\"article:publisher\" content=\"https:\/\/www.facebook.com\/owlstales.eu\/\" \/>\n<meta property=\"og:image\" content=\"https:\/\/owlstales.eu\/wp-content\/uploads\/2026\/03\/Siev_baze_bur_owl.webp\" \/>\n\t<meta property=\"og:image:width\" content=\"1024\" \/>\n\t<meta property=\"og:image:height\" content=\"1024\" \/>\n\t<meta property=\"og:image:type\" content=\"image\/webp\" \/>\n<meta name=\"twitter:card\" content=\"summary_large_image\" \/>\n<meta name=\"twitter:label1\" content=\"Availability\" \/>\n\t<meta name=\"twitter:data1\" content=\"In stock\" \/>\n<script type=\"application\/ld+json\" class=\"yoast-schema-graph\">{\"@context\":\"https:\\\/\\\/schema.org\",\"@graph\":[{\"@type\":\"WebPage\",\"@id\":\"https:\\\/\\\/owlstales.eu\\\/lt\\\/produktas\\\/moteriski-marskineliai-owls-tales-everyday\\\/\",\"url\":\"https:\\\/\\\/owlstales.eu\\\/lt\\\/produktas\\\/moteriski-marskineliai-owls-tales-everyday\\\/\",\"name\":\"Moteri\u0161ki mar\u0161kin\u0117liai OWLS TALES Everyday - P\u016bces pasakas\",\"isPartOf\":{\"@id\":\"https:\\\/\\\/owlstales.eu\\\/lt\\\/#website\"},\"primaryImageOfPage\":{\"@id\":\"https:\\\/\\\/owlstales.eu\\\/lt\\\/produktas\\\/moteriski-marskineliai-owls-tales-everyday\\\/#primaryimage\"},\"image\":{\"@id\":\"https:\\\/\\\/owlstales.eu\\\/lt\\\/produktas\\\/moteriski-marskineliai-owls-tales-everyday\\\/#primaryimage\"},\"thumbnailUrl\":\"https:\\\/\\\/owlstales.eu\\\/wp-content\\\/uploads\\\/2026\\\/03\\\/Siev_baze_bur_owl.webp\",\"datePublished\":\"2026-03-07T09:00:41+00:00\",\"description\":\"Moteri\u0161ki OWLS TALES Everyday mar\u0161kin\u0117liai pagaminti naudojant JustHoods mar\u0161kin\u0117lius kaip pagrind\u0105.\",\"breadcrumb\":{\"@id\":\"https:\\\/\\\/owlstales.eu\\\/lt\\\/produktas\\\/moteriski-marskineliai-owls-tales-everyday\\\/#breadcrumb\"},\"inLanguage\":\"lt-LT\",\"potentialAction\":[{\"@type\":\"ReadAction\",\"target\":[\"https:\\\/\\\/owlstales.eu\\\/lt\\\/produktas\\\/moteriski-marskineliai-owls-tales-everyday\\\/\"]}]},{\"@type\":\"ImageObject\",\"inLanguage\":\"lt-LT\",\"@id\":\"https:\\\/\\\/owlstales.eu\\\/lt\\\/produktas\\\/moteriski-marskineliai-owls-tales-everyday\\\/#primaryimage\",\"url\":\"https:\\\/\\\/owlstales.eu\\\/wp-content\\\/uploads\\\/2026\\\/03\\\/Siev_baze_bur_owl.webp\",\"contentUrl\":\"https:\\\/\\\/owlstales.eu\\\/wp-content\\\/uploads\\\/2026\\\/03\\\/Siev_baze_bur_owl.webp\",\"width\":1024,\"height\":1024,\"caption\":\"Sievie\u0161u T-krekls OWLS TALES Everyday izgatavots uz JustHoods ra\u017eot\u0101 T-krekla b\u0101zes. Modelim ir sievie\u0161u piegriezums, tas \u0113rti piegu\u013c augumam un ir piem\u0113rots ikdienas valk\u0101\u0161anai \u2014 darbam, pastaig\u0101m un atp\u016btai.\\u2028T-krekls izgatavots no m\u012bksta kokvilnas trikot\u0101\u017eas auduma, kas ir pat\u012bkams \u0101dai un \u0113rts ikdienas lieto\u0161anai. Uz izstr\u0101d\u0101juma tiek uzkl\u0101ts ori\u0123in\u0101ls OWLS TALES apdrukas dizains, kas izgatavots, izmantojot augstas kvalit\u0101tes, notur\u012bgu digit\u0101lo druku.\"},{\"@type\":\"BreadcrumbList\",\"@id\":\"https:\\\/\\\/owlstales.eu\\\/lt\\\/produktas\\\/moteriski-marskineliai-owls-tales-everyday\\\/#breadcrumb\",\"itemListElement\":[{\"@type\":\"ListItem\",\"position\":1,\"name\":\"Home\",\"item\":\"https:\\\/\\\/owlstales.eu\\\/lt\\\/pradzia\\\/\"},{\"@type\":\"ListItem\",\"position\":2,\"name\":\"Parduotuv\u0117\",\"item\":\"https:\\\/\\\/owlstales.eu\\\/lt\\\/parduotuve\\\/\"},{\"@type\":\"ListItem\",\"position\":3,\"name\":\"Moteri\u0161ki mar\u0161kin\u0117liai OWLS TALES Everyday\"}]},{\"@type\":\"WebSite\",\"@id\":\"https:\\\/\\\/owlstales.eu\\\/lt\\\/#website\",\"url\":\"https:\\\/\\\/owlstales.eu\\\/lt\\\/\",\"name\":\"P\u016bces pasakas\",\"description\":\"GR\u0100MATAS | PDF | AUDIOIZR\u0100DES | PASAKAS\",\"publisher\":{\"@id\":\"https:\\\/\\\/owlstales.eu\\\/lt\\\/#organization\"},\"alternateName\":\"owls tales\",\"potentialAction\":[{\"@type\":\"SearchAction\",\"target\":{\"@type\":\"EntryPoint\",\"urlTemplate\":\"https:\\\/\\\/owlstales.eu\\\/lt\\\/?s={search_term_string}\"},\"query-input\":{\"@type\":\"PropertyValueSpecification\",\"valueRequired\":true,\"valueName\":\"search_term_string\"}}],\"inLanguage\":\"lt-LT\"},{\"@type\":\"Organization\",\"@id\":\"https:\\\/\\\/owlstales.eu\\\/lt\\\/#organization\",\"name\":\"P\u016bces pasakas\",\"url\":\"https:\\\/\\\/owlstales.eu\\\/lt\\\/\",\"logo\":{\"@type\":\"ImageObject\",\"inLanguage\":\"lt-LT\",\"@id\":\"https:\\\/\\\/owlstales.eu\\\/lt\\\/#\\\/schema\\\/logo\\\/image\\\/\",\"url\":\"https:\\\/\\\/owlstales.eu\\\/wp-content\\\/uploads\\\/2026\\\/03\\\/owl_logo_ok.webp\",\"contentUrl\":\"https:\\\/\\\/owlstales.eu\\\/wp-content\\\/uploads\\\/2026\\\/03\\\/owl_logo_ok.webp\",\"width\":512,\"height\":512,\"caption\":\"P\u016bces pasakas\"},\"image\":{\"@id\":\"https:\\\/\\\/owlstales.eu\\\/lt\\\/#\\\/schema\\\/logo\\\/image\\\/\"},\"sameAs\":[\"https:\\\/\\\/www.facebook.com\\\/owlstales.eu\\\/\"],\"description\":\"Pasakas b\u0113rniem, pal\u012bgmateri\u0101li skolot\u0101jiem.\",\"email\":\"projekts.library@gmail.com\",\"telephone\":\"+371 20923022\",\"legalName\":\"ELENAS LIBRARY SIA\",\"foundingDate\":\"2025-03-01\",\"vatID\":\"LV402036769410\",\"taxID\":\"402036769410\",\"numberOfEmployees\":{\"@type\":\"QuantitativeValue\",\"minValue\":\"1\",\"maxValue\":\"10\"}}]}<\/script>\n<meta property=\"og:availability\" content=\"instock\" \/>\n<meta property=\"product:availability\" content=\"instock\" \/>\n<meta property=\"product:retailer_item_id\" content=\"Siev_tkreks_everyday\" \/>\n<meta property=\"product:condition\" content=\"new\" \/>\n<!-- \/ Yoast SEO Premium plugin. -->","yoast_head_json":{"title":"Moteri\u0161ki mar\u0161kin\u0117liai OWLS TALES Everyday - P\u016bces pasakas","description":"Moteri\u0161ki OWLS TALES Everyday mar\u0161kin\u0117liai pagaminti naudojant JustHoods mar\u0161kin\u0117lius kaip pagrind\u0105.","robots":{"index":"index","follow":"follow","max-snippet":"max-snippet:-1","max-image-preview":"max-image-preview:large","max-video-preview":"max-video-preview:-1"},"canonical":"https:\/\/owlstales.eu\/lt\/produktas\/moteriski-marskineliai-owls-tales-everyday\/","og_locale":"lt_LT","og_type":"article","og_title":"Moteri\u0161ki mar\u0161kin\u0117liai OWLS TALES Everyday","og_description":"Moteri\u0161ki OWLS TALES Everyday mar\u0161kin\u0117liai pagaminti naudojant JustHoods mar\u0161kin\u0117lius kaip pagrind\u0105.","og_url":"https:\/\/owlstales.eu\/lt\/produktas\/moteriski-marskineliai-owls-tales-everyday\/","og_site_name":"P\u016bces pasakas","article_publisher":"https:\/\/www.facebook.com\/owlstales.eu\/","og_image":[{"width":1024,"height":1024,"url":"https:\/\/owlstales.eu\/wp-content\/uploads\/2026\/03\/Siev_baze_bur_owl.webp","type":"image\/webp"}],"twitter_card":"summary_large_image","twitter_misc":{"Availability":"In stock"},"schema":{"@context":"https:\/\/schema.org","@graph":[{"@type":"WebPage","@id":"https:\/\/owlstales.eu\/lt\/produktas\/moteriski-marskineliai-owls-tales-everyday\/","url":"https:\/\/owlstales.eu\/lt\/produktas\/moteriski-marskineliai-owls-tales-everyday\/","name":"Moteri\u0161ki mar\u0161kin\u0117liai OWLS TALES Everyday - P\u016bces pasakas","isPartOf":{"@id":"https:\/\/owlstales.eu\/lt\/#website"},"primaryImageOfPage":{"@id":"https:\/\/owlstales.eu\/lt\/produktas\/moteriski-marskineliai-owls-tales-everyday\/#primaryimage"},"image":{"@id":"https:\/\/owlstales.eu\/lt\/produktas\/moteriski-marskineliai-owls-tales-everyday\/#primaryimage"},"thumbnailUrl":"https:\/\/owlstales.eu\/wp-content\/uploads\/2026\/03\/Siev_baze_bur_owl.webp","datePublished":"2026-03-07T09:00:41+00:00","description":"Moteri\u0161ki OWLS TALES Everyday mar\u0161kin\u0117liai pagaminti naudojant JustHoods mar\u0161kin\u0117lius kaip pagrind\u0105.","breadcrumb":{"@id":"https:\/\/owlstales.eu\/lt\/produktas\/moteriski-marskineliai-owls-tales-everyday\/#breadcrumb"},"inLanguage":"lt-LT","potentialAction":[{"@type":"ReadAction","target":["https:\/\/owlstales.eu\/lt\/produktas\/moteriski-marskineliai-owls-tales-everyday\/"]}]},{"@type":"ImageObject","inLanguage":"lt-LT","@id":"https:\/\/owlstales.eu\/lt\/produktas\/moteriski-marskineliai-owls-tales-everyday\/#primaryimage","url":"https:\/\/owlstales.eu\/wp-content\/uploads\/2026\/03\/Siev_baze_bur_owl.webp","contentUrl":"https:\/\/owlstales.eu\/wp-content\/uploads\/2026\/03\/Siev_baze_bur_owl.webp","width":1024,"height":1024,"caption":"Sievie\u0161u T-krekls OWLS TALES Everyday izgatavots uz JustHoods ra\u017eot\u0101 T-krekla b\u0101zes. Modelim ir sievie\u0161u piegriezums, tas \u0113rti piegu\u013c augumam un ir piem\u0113rots ikdienas valk\u0101\u0161anai \u2014 darbam, pastaig\u0101m un atp\u016btai.\u2028T-krekls izgatavots no m\u012bksta kokvilnas trikot\u0101\u017eas auduma, kas ir pat\u012bkams \u0101dai un \u0113rts ikdienas lieto\u0161anai. Uz izstr\u0101d\u0101juma tiek uzkl\u0101ts ori\u0123in\u0101ls OWLS TALES apdrukas dizains, kas izgatavots, izmantojot augstas kvalit\u0101tes, notur\u012bgu digit\u0101lo druku."},{"@type":"BreadcrumbList","@id":"https:\/\/owlstales.eu\/lt\/produktas\/moteriski-marskineliai-owls-tales-everyday\/#breadcrumb","itemListElement":[{"@type":"ListItem","position":1,"name":"Home","item":"https:\/\/owlstales.eu\/lt\/pradzia\/"},{"@type":"ListItem","position":2,"name":"Parduotuv\u0117","item":"https:\/\/owlstales.eu\/lt\/parduotuve\/"},{"@type":"ListItem","position":3,"name":"Moteri\u0161ki mar\u0161kin\u0117liai OWLS TALES Everyday"}]},{"@type":"WebSite","@id":"https:\/\/owlstales.eu\/lt\/#website","url":"https:\/\/owlstales.eu\/lt\/","name":"P\u016bces pasakas","description":"GR\u0100MATAS | PDF | AUDIOIZR\u0100DES | PASAKAS","publisher":{"@id":"https:\/\/owlstales.eu\/lt\/#organization"},"alternateName":"owls tales","potentialAction":[{"@type":"SearchAction","target":{"@type":"EntryPoint","urlTemplate":"https:\/\/owlstales.eu\/lt\/?s={search_term_string}"},"query-input":{"@type":"PropertyValueSpecification","valueRequired":true,"valueName":"search_term_string"}}],"inLanguage":"lt-LT"},{"@type":"Organization","@id":"https:\/\/owlstales.eu\/lt\/#organization","name":"P\u016bces pasakas","url":"https:\/\/owlstales.eu\/lt\/","logo":{"@type":"ImageObject","inLanguage":"lt-LT","@id":"https:\/\/owlstales.eu\/lt\/#\/schema\/logo\/image\/","url":"https:\/\/owlstales.eu\/wp-content\/uploads\/2026\/03\/owl_logo_ok.webp","contentUrl":"https:\/\/owlstales.eu\/wp-content\/uploads\/2026\/03\/owl_logo_ok.webp","width":512,"height":512,"caption":"P\u016bces pasakas"},"image":{"@id":"https:\/\/owlstales.eu\/lt\/#\/schema\/logo\/image\/"},"sameAs":["https:\/\/www.facebook.com\/owlstales.eu\/"],"description":"Pasakas b\u0113rniem, pal\u012bgmateri\u0101li skolot\u0101jiem.","email":"projekts.library@gmail.com","telephone":"+371 20923022","legalName":"ELENAS LIBRARY SIA","foundingDate":"2025-03-01","vatID":"LV402036769410","taxID":"402036769410","numberOfEmployees":{"@type":"QuantitativeValue","minValue":"1","maxValue":"10"}}]},"og_availability":"instock","product_availability":"instock","product_retailer_item_id":"Siev_tkreks_everyday","product_condition":"new"},"_links":{"self":[{"href":"https:\/\/owlstales.eu\/lt\/wp-json\/wp\/v2\/product\/3039","targetHints":{"allow":["GET"]}}],"collection":[{"href":"https:\/\/owlstales.eu\/lt\/wp-json\/wp\/v2\/product"}],"about":[{"href":"https:\/\/owlstales.eu\/lt\/wp-json\/wp\/v2\/types\/product"}],"replies":[{"embeddable":true,"href":"https:\/\/owlstales.eu\/lt\/wp-json\/wp\/v2\/comments?post=3039"}],"wp:featuredmedia":[{"embeddable":true,"href":"https:\/\/owlstales.eu\/lt\/wp-json\/wp\/v2\/media\/2499"}],"wp:attachment":[{"href":"https:\/\/owlstales.eu\/lt\/wp-json\/wp\/v2\/media?parent=3039"}],"wp:term":[{"taxonomy":"product_brand","embeddable":true,"href":"https:\/\/owlstales.eu\/lt\/wp-json\/wp\/v2\/product_brand?post=3039"},{"taxonomy":"product_cat","embeddable":true,"href":"https:\/\/owlstales.eu\/lt\/wp-json\/wp\/v2\/product_cat?post=3039"},{"taxonomy":"product_tag","embeddable":true,"href":"https:\/\/owlstales.eu\/lt\/wp-json\/wp\/v2\/product_tag?post=3039"}],"curies":[{"name":"wp","href":"https:\/\/api.w.org\/{rel}","templated":true}]}}