{"id":2962,"date":"2026-03-06T12:06:58","date_gmt":"2026-03-06T10:06:58","guid":{"rendered":"https:\/\/owlstales.eu\/product\/pagalves-uzvalkalas-owls-tales\/"},"modified":"2026-03-06T12:06:58","modified_gmt":"2026-03-06T10:06:58","slug":"pagalves-uzvalkalas-owls-tales","status":"publish","type":"product","link":"https:\/\/owlstales.eu\/lt\/produktas\/pagalves-uzvalkalas-owls-tales\/","title":{"rendered":"Pagalv\u0117s u\u017evalkalas OWLS TALES"},"content":{"rendered":"<p>Modelis: OWLS TALES\u2028<br \/>Spaudinys: OWLS TALES \u201eSkraidantis peliukas\u201d\u2028<br \/>Tipas: dekoratyvinis pagalv\u0117s u\u017evalkalas\u2028<br \/>Pagrindinis modelis: Westford Mill\u2028<br \/>Sud\u0117tis: 100 % medviln\u0117<br \/>\u2028Audinio tankis: apie 305 g\/m\u00b2\u2028<br \/>Spauda: auk\u0161tos kokyb\u0117s patvari skaitmenin\u0117 spauda (DTF)<br \/>\u2028Dyd\u017eiai: 40\u00d740 cm arba 50\u00d750 cm<br \/>\u2028Spalva: nat\u016brali\u2028<br \/>Prie\u017ei\u016bra: skalbti skalbimo ma\u0161inoje \u012fprastu re\u017eimu\u2028<\/p>\n<p>Pasakos OWLS TALES \u201eSkraidantis peliukas\u201d veik\u0117jai vakarais atskrenda aplankyti vaik\u0173 ir tyliai pasakoja ger\u0105 pasak\u0105 prie\u0161 mieg\u0105.\u2028O paskui jie sako \u201ePfff\u201c \u2014 ir vaikas ramiai u\u017emiega ir miega vis\u0105 nakt\u012f.<\/p>\n","protected":false},"excerpt":{"rendered":"<p>OWLS TALES pagalv\u0117s u\u017evalkalas pagamintas i\u0161 tvirto medvilninio audinio naudojant Westford Mill medvilnin\u012f u\u017evalkal\u0105 kaip pagrind\u0105. Nat\u016bralus tankus audinys yra malonus liesti ir tinkamas kasdieniam naudojimui vaik\u0173 kambaryje.\u2028U\u017evalkalas gerai i\u0161laiko form\u0105 ir i\u0161laiko tvarking\u0105 i\u0161vaizd\u0105 reguliariai naudojant ir skalbiant. Ant gaminio spaudinamas originalus OWLS TALES dizainas, naudojant auk\u0161tos kokyb\u0117s, patvari\u0105 skaitmenin\u0119 spaud\u0105.<\/p>\n","protected":false},"featured_media":2464,"comment_status":"open","ping_status":"closed","template":"","meta":[],"product_brand":[],"product_cat":[103,196,138],"product_tag":[],"class_list":{"0":"post-2962","1":"product","2":"type-product","3":"status-publish","4":"has-post-thumbnail","6":"product_cat-kolekcijos-su-musu-simbolika","7":"product_cat-pagalviu-uzvalkalai","8":"product_cat-skraidantis-peliukas","10":"first","11":"instock","12":"taxable","13":"shipping-taxable","14":"purchasable","15":"product-type-variable"},"yoast_head":"<!-- This site is optimized with the Yoast SEO Premium plugin v27.1 (Yoast SEO v27.4) - https:\/\/yoast.com\/product\/yoast-seo-premium-wordpress\/ -->\n<title>Pagalv\u0117s u\u017evalkalas OWLS TALES - P\u016bces pasakas<\/title>\n<meta name=\"description\" content=\"U\u017evalkalas gerai i\u0161laiko form\u0105 ir i\u0161laiko tvarking\u0105 i\u0161vaizd\u0105 reguliariai naudojant ir skalbiant. Ant gaminio spaudinamas originalus OWLS TALES dizainas\" \/>\n<meta name=\"robots\" content=\"index, follow, max-snippet:-1, max-image-preview:large, max-video-preview:-1\" \/>\n<link rel=\"canonical\" href=\"https:\/\/owlstales.eu\/lt\/produktas\/pagalves-uzvalkalas-owls-tales\/\" \/>\n<meta property=\"og:locale\" content=\"lt_LT\" \/>\n<meta property=\"og:type\" content=\"article\" \/>\n<meta property=\"og:title\" content=\"Pagalv\u0117s u\u017evalkalas OWLS TALES\" \/>\n<meta property=\"og:description\" content=\"U\u017evalkalas gerai i\u0161laiko form\u0105 ir i\u0161laiko tvarking\u0105 i\u0161vaizd\u0105 reguliariai naudojant ir skalbiant. Ant gaminio spaudinamas originalus OWLS TALES dizainas\" \/>\n<meta property=\"og:url\" content=\"https:\/\/owlstales.eu\/lt\/produktas\/pagalves-uzvalkalas-owls-tales\/\" \/>\n<meta property=\"og:site_name\" content=\"P\u016bces pasakas\" \/>\n<meta property=\"article:publisher\" content=\"https:\/\/www.facebook.com\/owlstales.eu\/\" \/>\n<meta property=\"og:image\" content=\"https:\/\/owlstales.eu\/wp-content\/uploads\/2026\/03\/spilvens1.webp\" \/>\n\t<meta property=\"og:image:width\" content=\"1024\" \/>\n\t<meta property=\"og:image:height\" content=\"1024\" \/>\n\t<meta property=\"og:image:type\" content=\"image\/webp\" \/>\n<meta name=\"twitter:card\" content=\"summary_large_image\" \/>\n<meta name=\"twitter:label1\" content=\"Availability\" \/>\n\t<meta name=\"twitter:data1\" content=\"In stock\" \/>\n<script type=\"application\/ld+json\" class=\"yoast-schema-graph\">{\"@context\":\"https:\\\/\\\/schema.org\",\"@graph\":[{\"@type\":\"WebPage\",\"@id\":\"https:\\\/\\\/owlstales.eu\\\/lt\\\/produktas\\\/pagalves-uzvalkalas-owls-tales\\\/\",\"url\":\"https:\\\/\\\/owlstales.eu\\\/lt\\\/produktas\\\/pagalves-uzvalkalas-owls-tales\\\/\",\"name\":\"Pagalv\u0117s u\u017evalkalas OWLS TALES - P\u016bces pasakas\",\"isPartOf\":{\"@id\":\"https:\\\/\\\/owlstales.eu\\\/lt\\\/#website\"},\"primaryImageOfPage\":{\"@id\":\"https:\\\/\\\/owlstales.eu\\\/lt\\\/produktas\\\/pagalves-uzvalkalas-owls-tales\\\/#primaryimage\"},\"image\":{\"@id\":\"https:\\\/\\\/owlstales.eu\\\/lt\\\/produktas\\\/pagalves-uzvalkalas-owls-tales\\\/#primaryimage\"},\"thumbnailUrl\":\"https:\\\/\\\/owlstales.eu\\\/wp-content\\\/uploads\\\/2026\\\/03\\\/spilvens1.webp\",\"datePublished\":\"2026-03-06T10:06:58+00:00\",\"description\":\"U\u017evalkalas gerai i\u0161laiko form\u0105 ir i\u0161laiko tvarking\u0105 i\u0161vaizd\u0105 reguliariai naudojant ir skalbiant. Ant gaminio spaudinamas originalus OWLS TALES dizainas\",\"breadcrumb\":{\"@id\":\"https:\\\/\\\/owlstales.eu\\\/lt\\\/produktas\\\/pagalves-uzvalkalas-owls-tales\\\/#breadcrumb\"},\"inLanguage\":\"lt-LT\",\"potentialAction\":[{\"@type\":\"ReadAction\",\"target\":[\"https:\\\/\\\/owlstales.eu\\\/lt\\\/produktas\\\/pagalves-uzvalkalas-owls-tales\\\/\"]}]},{\"@type\":\"ImageObject\",\"inLanguage\":\"lt-LT\",\"@id\":\"https:\\\/\\\/owlstales.eu\\\/lt\\\/produktas\\\/pagalves-uzvalkalas-owls-tales\\\/#primaryimage\",\"url\":\"https:\\\/\\\/owlstales.eu\\\/wp-content\\\/uploads\\\/2026\\\/03\\\/spilvens1.webp\",\"contentUrl\":\"https:\\\/\\\/owlstales.eu\\\/wp-content\\\/uploads\\\/2026\\\/03\\\/spilvens1.webp\",\"width\":1024,\"height\":1024},{\"@type\":\"BreadcrumbList\",\"@id\":\"https:\\\/\\\/owlstales.eu\\\/lt\\\/produktas\\\/pagalves-uzvalkalas-owls-tales\\\/#breadcrumb\",\"itemListElement\":[{\"@type\":\"ListItem\",\"position\":1,\"name\":\"Home\",\"item\":\"https:\\\/\\\/owlstales.eu\\\/lt\\\/pradzia\\\/\"},{\"@type\":\"ListItem\",\"position\":2,\"name\":\"Parduotuv\u0117\",\"item\":\"https:\\\/\\\/owlstales.eu\\\/lt\\\/parduotuve\\\/\"},{\"@type\":\"ListItem\",\"position\":3,\"name\":\"Pagalv\u0117s u\u017evalkalas OWLS TALES\"}]},{\"@type\":\"WebSite\",\"@id\":\"https:\\\/\\\/owlstales.eu\\\/lt\\\/#website\",\"url\":\"https:\\\/\\\/owlstales.eu\\\/lt\\\/\",\"name\":\"P\u016bces pasakas\",\"description\":\"GR\u0100MATAS | PDF | AUDIOIZR\u0100DES | PASAKAS\",\"publisher\":{\"@id\":\"https:\\\/\\\/owlstales.eu\\\/lt\\\/#organization\"},\"alternateName\":\"owls tales\",\"potentialAction\":[{\"@type\":\"SearchAction\",\"target\":{\"@type\":\"EntryPoint\",\"urlTemplate\":\"https:\\\/\\\/owlstales.eu\\\/lt\\\/?s={search_term_string}\"},\"query-input\":{\"@type\":\"PropertyValueSpecification\",\"valueRequired\":true,\"valueName\":\"search_term_string\"}}],\"inLanguage\":\"lt-LT\"},{\"@type\":\"Organization\",\"@id\":\"https:\\\/\\\/owlstales.eu\\\/lt\\\/#organization\",\"name\":\"P\u016bces pasakas\",\"url\":\"https:\\\/\\\/owlstales.eu\\\/lt\\\/\",\"logo\":{\"@type\":\"ImageObject\",\"inLanguage\":\"lt-LT\",\"@id\":\"https:\\\/\\\/owlstales.eu\\\/lt\\\/#\\\/schema\\\/logo\\\/image\\\/\",\"url\":\"https:\\\/\\\/owlstales.eu\\\/wp-content\\\/uploads\\\/2026\\\/03\\\/owl_logo_ok.webp\",\"contentUrl\":\"https:\\\/\\\/owlstales.eu\\\/wp-content\\\/uploads\\\/2026\\\/03\\\/owl_logo_ok.webp\",\"width\":512,\"height\":512,\"caption\":\"P\u016bces pasakas\"},\"image\":{\"@id\":\"https:\\\/\\\/owlstales.eu\\\/lt\\\/#\\\/schema\\\/logo\\\/image\\\/\"},\"sameAs\":[\"https:\\\/\\\/www.facebook.com\\\/owlstales.eu\\\/\"],\"description\":\"Pasakas b\u0113rniem, pal\u012bgmateri\u0101li skolot\u0101jiem.\",\"email\":\"projekts.library@gmail.com\",\"telephone\":\"+371 20923022\",\"legalName\":\"ELENAS LIBRARY SIA\",\"foundingDate\":\"2025-03-01\",\"vatID\":\"LV402036769410\",\"taxID\":\"402036769410\",\"numberOfEmployees\":{\"@type\":\"QuantitativeValue\",\"minValue\":\"1\",\"maxValue\":\"10\"}}]}<\/script>\n<meta property=\"og:availability\" content=\"instock\" \/>\n<meta property=\"product:availability\" content=\"instock\" \/>\n<meta property=\"product:retailer_item_id\" content=\"spilvendrana1\" \/>\n<meta property=\"product:condition\" content=\"new\" \/>\n<!-- \/ Yoast SEO Premium plugin. -->","yoast_head_json":{"title":"Pagalv\u0117s u\u017evalkalas OWLS TALES - P\u016bces pasakas","description":"U\u017evalkalas gerai i\u0161laiko form\u0105 ir i\u0161laiko tvarking\u0105 i\u0161vaizd\u0105 reguliariai naudojant ir skalbiant. Ant gaminio spaudinamas originalus OWLS TALES dizainas","robots":{"index":"index","follow":"follow","max-snippet":"max-snippet:-1","max-image-preview":"max-image-preview:large","max-video-preview":"max-video-preview:-1"},"canonical":"https:\/\/owlstales.eu\/lt\/produktas\/pagalves-uzvalkalas-owls-tales\/","og_locale":"lt_LT","og_type":"article","og_title":"Pagalv\u0117s u\u017evalkalas OWLS TALES","og_description":"U\u017evalkalas gerai i\u0161laiko form\u0105 ir i\u0161laiko tvarking\u0105 i\u0161vaizd\u0105 reguliariai naudojant ir skalbiant. Ant gaminio spaudinamas originalus OWLS TALES dizainas","og_url":"https:\/\/owlstales.eu\/lt\/produktas\/pagalves-uzvalkalas-owls-tales\/","og_site_name":"P\u016bces pasakas","article_publisher":"https:\/\/www.facebook.com\/owlstales.eu\/","og_image":[{"width":1024,"height":1024,"url":"https:\/\/owlstales.eu\/wp-content\/uploads\/2026\/03\/spilvens1.webp","type":"image\/webp"}],"twitter_card":"summary_large_image","twitter_misc":{"Availability":"In stock"},"schema":{"@context":"https:\/\/schema.org","@graph":[{"@type":"WebPage","@id":"https:\/\/owlstales.eu\/lt\/produktas\/pagalves-uzvalkalas-owls-tales\/","url":"https:\/\/owlstales.eu\/lt\/produktas\/pagalves-uzvalkalas-owls-tales\/","name":"Pagalv\u0117s u\u017evalkalas OWLS TALES - P\u016bces pasakas","isPartOf":{"@id":"https:\/\/owlstales.eu\/lt\/#website"},"primaryImageOfPage":{"@id":"https:\/\/owlstales.eu\/lt\/produktas\/pagalves-uzvalkalas-owls-tales\/#primaryimage"},"image":{"@id":"https:\/\/owlstales.eu\/lt\/produktas\/pagalves-uzvalkalas-owls-tales\/#primaryimage"},"thumbnailUrl":"https:\/\/owlstales.eu\/wp-content\/uploads\/2026\/03\/spilvens1.webp","datePublished":"2026-03-06T10:06:58+00:00","description":"U\u017evalkalas gerai i\u0161laiko form\u0105 ir i\u0161laiko tvarking\u0105 i\u0161vaizd\u0105 reguliariai naudojant ir skalbiant. Ant gaminio spaudinamas originalus OWLS TALES dizainas","breadcrumb":{"@id":"https:\/\/owlstales.eu\/lt\/produktas\/pagalves-uzvalkalas-owls-tales\/#breadcrumb"},"inLanguage":"lt-LT","potentialAction":[{"@type":"ReadAction","target":["https:\/\/owlstales.eu\/lt\/produktas\/pagalves-uzvalkalas-owls-tales\/"]}]},{"@type":"ImageObject","inLanguage":"lt-LT","@id":"https:\/\/owlstales.eu\/lt\/produktas\/pagalves-uzvalkalas-owls-tales\/#primaryimage","url":"https:\/\/owlstales.eu\/wp-content\/uploads\/2026\/03\/spilvens1.webp","contentUrl":"https:\/\/owlstales.eu\/wp-content\/uploads\/2026\/03\/spilvens1.webp","width":1024,"height":1024},{"@type":"BreadcrumbList","@id":"https:\/\/owlstales.eu\/lt\/produktas\/pagalves-uzvalkalas-owls-tales\/#breadcrumb","itemListElement":[{"@type":"ListItem","position":1,"name":"Home","item":"https:\/\/owlstales.eu\/lt\/pradzia\/"},{"@type":"ListItem","position":2,"name":"Parduotuv\u0117","item":"https:\/\/owlstales.eu\/lt\/parduotuve\/"},{"@type":"ListItem","position":3,"name":"Pagalv\u0117s u\u017evalkalas OWLS TALES"}]},{"@type":"WebSite","@id":"https:\/\/owlstales.eu\/lt\/#website","url":"https:\/\/owlstales.eu\/lt\/","name":"P\u016bces pasakas","description":"GR\u0100MATAS | PDF | AUDIOIZR\u0100DES | PASAKAS","publisher":{"@id":"https:\/\/owlstales.eu\/lt\/#organization"},"alternateName":"owls tales","potentialAction":[{"@type":"SearchAction","target":{"@type":"EntryPoint","urlTemplate":"https:\/\/owlstales.eu\/lt\/?s={search_term_string}"},"query-input":{"@type":"PropertyValueSpecification","valueRequired":true,"valueName":"search_term_string"}}],"inLanguage":"lt-LT"},{"@type":"Organization","@id":"https:\/\/owlstales.eu\/lt\/#organization","name":"P\u016bces pasakas","url":"https:\/\/owlstales.eu\/lt\/","logo":{"@type":"ImageObject","inLanguage":"lt-LT","@id":"https:\/\/owlstales.eu\/lt\/#\/schema\/logo\/image\/","url":"https:\/\/owlstales.eu\/wp-content\/uploads\/2026\/03\/owl_logo_ok.webp","contentUrl":"https:\/\/owlstales.eu\/wp-content\/uploads\/2026\/03\/owl_logo_ok.webp","width":512,"height":512,"caption":"P\u016bces pasakas"},"image":{"@id":"https:\/\/owlstales.eu\/lt\/#\/schema\/logo\/image\/"},"sameAs":["https:\/\/www.facebook.com\/owlstales.eu\/"],"description":"Pasakas b\u0113rniem, pal\u012bgmateri\u0101li skolot\u0101jiem.","email":"projekts.library@gmail.com","telephone":"+371 20923022","legalName":"ELENAS LIBRARY SIA","foundingDate":"2025-03-01","vatID":"LV402036769410","taxID":"402036769410","numberOfEmployees":{"@type":"QuantitativeValue","minValue":"1","maxValue":"10"}}]},"og_availability":"instock","product_availability":"instock","product_retailer_item_id":"spilvendrana1","product_condition":"new"},"_links":{"self":[{"href":"https:\/\/owlstales.eu\/lt\/wp-json\/wp\/v2\/product\/2962","targetHints":{"allow":["GET"]}}],"collection":[{"href":"https:\/\/owlstales.eu\/lt\/wp-json\/wp\/v2\/product"}],"about":[{"href":"https:\/\/owlstales.eu\/lt\/wp-json\/wp\/v2\/types\/product"}],"replies":[{"embeddable":true,"href":"https:\/\/owlstales.eu\/lt\/wp-json\/wp\/v2\/comments?post=2962"}],"wp:featuredmedia":[{"embeddable":true,"href":"https:\/\/owlstales.eu\/lt\/wp-json\/wp\/v2\/media\/2464"}],"wp:attachment":[{"href":"https:\/\/owlstales.eu\/lt\/wp-json\/wp\/v2\/media?parent=2962"}],"wp:term":[{"taxonomy":"product_brand","embeddable":true,"href":"https:\/\/owlstales.eu\/lt\/wp-json\/wp\/v2\/product_brand?post=2962"},{"taxonomy":"product_cat","embeddable":true,"href":"https:\/\/owlstales.eu\/lt\/wp-json\/wp\/v2\/product_cat?post=2962"},{"taxonomy":"product_tag","embeddable":true,"href":"https:\/\/owlstales.eu\/lt\/wp-json\/wp\/v2\/product_tag?post=2962"}],"curies":[{"name":"wp","href":"https:\/\/api.w.org\/{rel}","templated":true}]}}