{"id":2913,"date":"2026-02-17T17:44:08","date_gmt":"2026-02-17T15:44:08","guid":{"rendered":"https:\/\/owlstales.eu\/product\/zaidimas-skraidantis-peliukas\/"},"modified":"2026-04-02T11:25:59","modified_gmt":"2026-04-02T09:25:59","slug":"zaidimas-skraidantis-peliukas","status":"publish","type":"product","link":"https:\/\/owlstales.eu\/lt\/produktas\/zaidimas-skraidantis-peliukas\/","title":{"rendered":"\u017daidimas \u00abSkraidantis peliukas\u00bb"},"content":{"rendered":"<p>Stalo kort\u0173 \u017eaidimas.<\/p>\n<p>Kur veda kelias \u012f Pel\u0117dos pasak\u0173 pasaul\u012f?<br \/>\n\u017daidimas apie susitikimus su herojais, draugyst\u0119, dr\u0105s\u0105 ir didel\u012f stebukling\u0105 pasaul\u012f, kuris jau gyvena \u0161alia.<\/p>\n<p><\/p>\n","protected":false},"excerpt":{"rendered":"<p>Jis prasideda susitikimu su Skraidan\u010diu peliuku ir t\u0119siasi pa\u017eintimi su kitais did\u017eiojo stebuklingo pasaulio herojais: Burtininku, drakonais, nyk\u0161tukais, d\u017eiungli\u0173 ar vandenyn\u0173 gelmi\u0173 gyventojais.<br \/>\nStalo kort\u0173 \u017eaidimas OWLS TALES \/ PEL\u0116DOS PASAKOS \u201eSkraidantis peliukas\u201c vaikams atveria ne tik viening\u0105 autorini\u0173 Je\u013cenos Kord\u017eevos pasak\u0173 pasaul\u012f, bet ir keli\u0105 \u012f j\u0173 pa\u010di\u0173 geb\u0117jimus.<br \/>\nRinkdamas kortas ir jungdamas veik\u0117jus, vietas bei daiktus, vaikas ne tik \u017eaid\u017eia, bet ir lavina atmint\u012f, vaizduot\u0119 bei d\u0117mes\u012f, su d\u017eiaugsmu keliaudamas po pasak\u0173 istorij\u0173 pasaul\u012f.<br \/>\nVaikas gali \u017eaisti savaranki\u0161kai, taip pat su draugais ar t\u0117vais, prapl\u0117sdamas \u0161eimos laisvalaikio galimybes.<\/p>\n<p>Skirta 5\u201310 met\u0173 vaikams.<\/p>\n","protected":false},"featured_media":2912,"comment_status":"open","ping_status":"closed","template":"","meta":[],"product_brand":[],"product_cat":[138,200],"product_tag":[],"class_list":{"0":"post-2913","1":"product","2":"type-product","3":"status-publish","4":"has-post-thumbnail","6":"product_cat-skraidantis-peliukas","7":"product_cat-stalo-zaidimai","9":"first","10":"outofstock","11":"taxable","12":"shipping-taxable","13":"purchasable","14":"product-type-simple"},"yoast_head":"<!-- This site is optimized with the Yoast SEO Premium plugin v27.1 (Yoast SEO v27.4) - https:\/\/yoast.com\/product\/yoast-seo-premium-wordpress\/ -->\n<title>\u017daidimas \u00abSkraidantis peliukas\u00bb - P\u016bces pasakas<\/title>\n<meta name=\"description\" content=\"Kur veda kelias \u012f Pel\u0117dos pasak\u0173 pasaul\u012f?\u017daidimas apie susitikimus su herojais, draugyst\u0119, dr\u0105s\u0105 ir didel\u012f stebukling\u0105 pasaul\u012f, kuris jau gyvena \u0161alia.\" \/>\n<meta name=\"robots\" content=\"index, follow, max-snippet:-1, max-image-preview:large, max-video-preview:-1\" \/>\n<link rel=\"canonical\" href=\"https:\/\/owlstales.eu\/lt\/produktas\/zaidimas-skraidantis-peliukas\/\" \/>\n<meta property=\"og:locale\" content=\"lt_LT\" \/>\n<meta property=\"og:type\" content=\"article\" \/>\n<meta property=\"og:title\" content=\"\u017daidimas \u00abSkraidantis peliukas\u00bb\" \/>\n<meta property=\"og:description\" content=\"Kur veda kelias \u012f Pel\u0117dos pasak\u0173 pasaul\u012f?\u017daidimas apie susitikimus su herojais, draugyst\u0119, dr\u0105s\u0105 ir didel\u012f stebukling\u0105 pasaul\u012f, kuris jau gyvena \u0161alia.\" \/>\n<meta property=\"og:url\" content=\"https:\/\/owlstales.eu\/lt\/produktas\/zaidimas-skraidantis-peliukas\/\" \/>\n<meta property=\"og:site_name\" content=\"P\u016bces pasakas\" \/>\n<meta property=\"article:publisher\" content=\"https:\/\/www.facebook.com\/owlstales.eu\/\" \/>\n<meta property=\"article:modified_time\" content=\"2026-04-02T09:25:59+00:00\" \/>\n<meta property=\"og:image\" content=\"https:\/\/owlstales.eu\/wp-content\/uploads\/2026\/02\/game.webp\" \/>\n\t<meta property=\"og:image:width\" content=\"1024\" \/>\n\t<meta property=\"og:image:height\" content=\"1024\" \/>\n\t<meta property=\"og:image:type\" content=\"image\/webp\" \/>\n<meta name=\"twitter:card\" content=\"summary_large_image\" \/>\n<meta name=\"twitter:label1\" content=\"Price\" \/>\n\t<meta name=\"twitter:data1\" content=\"9,90&nbsp;&euro; su PVM\" \/>\n\t<meta name=\"twitter:label2\" content=\"Availability\" \/>\n\t<meta name=\"twitter:data2\" content=\"Out of stock\" \/>\n<script type=\"application\/ld+json\" class=\"yoast-schema-graph\">{\"@context\":\"https:\\\/\\\/schema.org\",\"@graph\":[{\"@type\":\"WebPage\",\"@id\":\"https:\\\/\\\/owlstales.eu\\\/lt\\\/produktas\\\/zaidimas-skraidantis-peliukas\\\/\",\"url\":\"https:\\\/\\\/owlstales.eu\\\/lt\\\/produktas\\\/zaidimas-skraidantis-peliukas\\\/\",\"name\":\"\u017daidimas \u00abSkraidantis peliukas\u00bb - P\u016bces pasakas\",\"isPartOf\":{\"@id\":\"https:\\\/\\\/owlstales.eu\\\/lt\\\/#website\"},\"primaryImageOfPage\":{\"@id\":\"https:\\\/\\\/owlstales.eu\\\/lt\\\/produktas\\\/zaidimas-skraidantis-peliukas\\\/#primaryimage\"},\"image\":{\"@id\":\"https:\\\/\\\/owlstales.eu\\\/lt\\\/produktas\\\/zaidimas-skraidantis-peliukas\\\/#primaryimage\"},\"thumbnailUrl\":\"https:\\\/\\\/owlstales.eu\\\/wp-content\\\/uploads\\\/2026\\\/02\\\/game.webp\",\"datePublished\":\"2026-02-17T15:44:08+00:00\",\"dateModified\":\"2026-04-02T09:25:59+00:00\",\"description\":\"Kur veda kelias \u012f Pel\u0117dos pasak\u0173 pasaul\u012f?\u017daidimas apie susitikimus su herojais, draugyst\u0119, dr\u0105s\u0105 ir didel\u012f stebukling\u0105 pasaul\u012f, kuris jau gyvena \u0161alia.\",\"breadcrumb\":{\"@id\":\"https:\\\/\\\/owlstales.eu\\\/lt\\\/produktas\\\/zaidimas-skraidantis-peliukas\\\/#breadcrumb\"},\"inLanguage\":\"lt-LT\",\"potentialAction\":[{\"@type\":\"ReadAction\",\"target\":[\"https:\\\/\\\/owlstales.eu\\\/lt\\\/produktas\\\/zaidimas-skraidantis-peliukas\\\/\"]}]},{\"@type\":\"ImageObject\",\"inLanguage\":\"lt-LT\",\"@id\":\"https:\\\/\\\/owlstales.eu\\\/lt\\\/produktas\\\/zaidimas-skraidantis-peliukas\\\/#primaryimage\",\"url\":\"https:\\\/\\\/owlstales.eu\\\/wp-content\\\/uploads\\\/2026\\\/02\\\/game.webp\",\"contentUrl\":\"https:\\\/\\\/owlstales.eu\\\/wp-content\\\/uploads\\\/2026\\\/02\\\/game.webp\",\"width\":1024,\"height\":1024,\"caption\":\"K\u0101r\u0161u sp\u0113le Lidojo\u0161ais pel\u0113ns\"},{\"@type\":\"BreadcrumbList\",\"@id\":\"https:\\\/\\\/owlstales.eu\\\/lt\\\/produktas\\\/zaidimas-skraidantis-peliukas\\\/#breadcrumb\",\"itemListElement\":[{\"@type\":\"ListItem\",\"position\":1,\"name\":\"Home\",\"item\":\"https:\\\/\\\/owlstales.eu\\\/lt\\\/pradzia\\\/\"},{\"@type\":\"ListItem\",\"position\":2,\"name\":\"Parduotuv\u0117\",\"item\":\"https:\\\/\\\/owlstales.eu\\\/lt\\\/parduotuve\\\/\"},{\"@type\":\"ListItem\",\"position\":3,\"name\":\"\u017daidimas \u00abSkraidantis peliukas\u00bb\"}]},{\"@type\":\"WebSite\",\"@id\":\"https:\\\/\\\/owlstales.eu\\\/lt\\\/#website\",\"url\":\"https:\\\/\\\/owlstales.eu\\\/lt\\\/\",\"name\":\"P\u016bces pasakas\",\"description\":\"GR\u0100MATAS | PDF | AUDIOIZR\u0100DES | PASAKAS\",\"publisher\":{\"@id\":\"https:\\\/\\\/owlstales.eu\\\/lt\\\/#organization\"},\"alternateName\":\"owls tales\",\"potentialAction\":[{\"@type\":\"SearchAction\",\"target\":{\"@type\":\"EntryPoint\",\"urlTemplate\":\"https:\\\/\\\/owlstales.eu\\\/lt\\\/?s={search_term_string}\"},\"query-input\":{\"@type\":\"PropertyValueSpecification\",\"valueRequired\":true,\"valueName\":\"search_term_string\"}}],\"inLanguage\":\"lt-LT\"},{\"@type\":\"Organization\",\"@id\":\"https:\\\/\\\/owlstales.eu\\\/lt\\\/#organization\",\"name\":\"P\u016bces pasakas\",\"url\":\"https:\\\/\\\/owlstales.eu\\\/lt\\\/\",\"logo\":{\"@type\":\"ImageObject\",\"inLanguage\":\"lt-LT\",\"@id\":\"https:\\\/\\\/owlstales.eu\\\/lt\\\/#\\\/schema\\\/logo\\\/image\\\/\",\"url\":\"https:\\\/\\\/owlstales.eu\\\/wp-content\\\/uploads\\\/2026\\\/03\\\/owl_logo_ok.webp\",\"contentUrl\":\"https:\\\/\\\/owlstales.eu\\\/wp-content\\\/uploads\\\/2026\\\/03\\\/owl_logo_ok.webp\",\"width\":512,\"height\":512,\"caption\":\"P\u016bces pasakas\"},\"image\":{\"@id\":\"https:\\\/\\\/owlstales.eu\\\/lt\\\/#\\\/schema\\\/logo\\\/image\\\/\"},\"sameAs\":[\"https:\\\/\\\/www.facebook.com\\\/owlstales.eu\\\/\"],\"description\":\"Pasakas b\u0113rniem, pal\u012bgmateri\u0101li skolot\u0101jiem.\",\"email\":\"projekts.library@gmail.com\",\"telephone\":\"+371 20923022\",\"legalName\":\"ELENAS LIBRARY SIA\",\"foundingDate\":\"2025-03-01\",\"vatID\":\"LV402036769410\",\"taxID\":\"402036769410\",\"numberOfEmployees\":{\"@type\":\"QuantitativeValue\",\"minValue\":\"1\",\"maxValue\":\"10\"}}]}<\/script>\n<meta property=\"product:price:amount\" content=\"9.90\" \/>\n<meta property=\"product:price:currency\" content=\"EUR\" \/>\n<meta property=\"og:availability\" content=\"out of stock\" \/>\n<meta property=\"product:availability\" content=\"out of stock\" \/>\n<meta property=\"product:retailer_item_id\" content=\"game_LP\" \/>\n<meta property=\"product:condition\" content=\"new\" \/>\n<!-- \/ Yoast SEO Premium plugin. -->","yoast_head_json":{"title":"\u017daidimas \u00abSkraidantis peliukas\u00bb - P\u016bces pasakas","description":"Kur veda kelias \u012f Pel\u0117dos pasak\u0173 pasaul\u012f?\u017daidimas apie susitikimus su herojais, draugyst\u0119, dr\u0105s\u0105 ir didel\u012f stebukling\u0105 pasaul\u012f, kuris jau gyvena \u0161alia.","robots":{"index":"index","follow":"follow","max-snippet":"max-snippet:-1","max-image-preview":"max-image-preview:large","max-video-preview":"max-video-preview:-1"},"canonical":"https:\/\/owlstales.eu\/lt\/produktas\/zaidimas-skraidantis-peliukas\/","og_locale":"lt_LT","og_type":"article","og_title":"\u017daidimas \u00abSkraidantis peliukas\u00bb","og_description":"Kur veda kelias \u012f Pel\u0117dos pasak\u0173 pasaul\u012f?\u017daidimas apie susitikimus su herojais, draugyst\u0119, dr\u0105s\u0105 ir didel\u012f stebukling\u0105 pasaul\u012f, kuris jau gyvena \u0161alia.","og_url":"https:\/\/owlstales.eu\/lt\/produktas\/zaidimas-skraidantis-peliukas\/","og_site_name":"P\u016bces pasakas","article_publisher":"https:\/\/www.facebook.com\/owlstales.eu\/","article_modified_time":"2026-04-02T09:25:59+00:00","og_image":[{"width":1024,"height":1024,"url":"https:\/\/owlstales.eu\/wp-content\/uploads\/2026\/02\/game.webp","type":"image\/webp"}],"twitter_card":"summary_large_image","twitter_misc":{"Price":"9,90&nbsp;&euro; su PVM","Availability":"Out of stock"},"schema":{"@context":"https:\/\/schema.org","@graph":[{"@type":"WebPage","@id":"https:\/\/owlstales.eu\/lt\/produktas\/zaidimas-skraidantis-peliukas\/","url":"https:\/\/owlstales.eu\/lt\/produktas\/zaidimas-skraidantis-peliukas\/","name":"\u017daidimas \u00abSkraidantis peliukas\u00bb - P\u016bces pasakas","isPartOf":{"@id":"https:\/\/owlstales.eu\/lt\/#website"},"primaryImageOfPage":{"@id":"https:\/\/owlstales.eu\/lt\/produktas\/zaidimas-skraidantis-peliukas\/#primaryimage"},"image":{"@id":"https:\/\/owlstales.eu\/lt\/produktas\/zaidimas-skraidantis-peliukas\/#primaryimage"},"thumbnailUrl":"https:\/\/owlstales.eu\/wp-content\/uploads\/2026\/02\/game.webp","datePublished":"2026-02-17T15:44:08+00:00","dateModified":"2026-04-02T09:25:59+00:00","description":"Kur veda kelias \u012f Pel\u0117dos pasak\u0173 pasaul\u012f?\u017daidimas apie susitikimus su herojais, draugyst\u0119, dr\u0105s\u0105 ir didel\u012f stebukling\u0105 pasaul\u012f, kuris jau gyvena \u0161alia.","breadcrumb":{"@id":"https:\/\/owlstales.eu\/lt\/produktas\/zaidimas-skraidantis-peliukas\/#breadcrumb"},"inLanguage":"lt-LT","potentialAction":[{"@type":"ReadAction","target":["https:\/\/owlstales.eu\/lt\/produktas\/zaidimas-skraidantis-peliukas\/"]}]},{"@type":"ImageObject","inLanguage":"lt-LT","@id":"https:\/\/owlstales.eu\/lt\/produktas\/zaidimas-skraidantis-peliukas\/#primaryimage","url":"https:\/\/owlstales.eu\/wp-content\/uploads\/2026\/02\/game.webp","contentUrl":"https:\/\/owlstales.eu\/wp-content\/uploads\/2026\/02\/game.webp","width":1024,"height":1024,"caption":"K\u0101r\u0161u sp\u0113le Lidojo\u0161ais pel\u0113ns"},{"@type":"BreadcrumbList","@id":"https:\/\/owlstales.eu\/lt\/produktas\/zaidimas-skraidantis-peliukas\/#breadcrumb","itemListElement":[{"@type":"ListItem","position":1,"name":"Home","item":"https:\/\/owlstales.eu\/lt\/pradzia\/"},{"@type":"ListItem","position":2,"name":"Parduotuv\u0117","item":"https:\/\/owlstales.eu\/lt\/parduotuve\/"},{"@type":"ListItem","position":3,"name":"\u017daidimas \u00abSkraidantis peliukas\u00bb"}]},{"@type":"WebSite","@id":"https:\/\/owlstales.eu\/lt\/#website","url":"https:\/\/owlstales.eu\/lt\/","name":"P\u016bces pasakas","description":"GR\u0100MATAS | PDF | AUDIOIZR\u0100DES | PASAKAS","publisher":{"@id":"https:\/\/owlstales.eu\/lt\/#organization"},"alternateName":"owls tales","potentialAction":[{"@type":"SearchAction","target":{"@type":"EntryPoint","urlTemplate":"https:\/\/owlstales.eu\/lt\/?s={search_term_string}"},"query-input":{"@type":"PropertyValueSpecification","valueRequired":true,"valueName":"search_term_string"}}],"inLanguage":"lt-LT"},{"@type":"Organization","@id":"https:\/\/owlstales.eu\/lt\/#organization","name":"P\u016bces pasakas","url":"https:\/\/owlstales.eu\/lt\/","logo":{"@type":"ImageObject","inLanguage":"lt-LT","@id":"https:\/\/owlstales.eu\/lt\/#\/schema\/logo\/image\/","url":"https:\/\/owlstales.eu\/wp-content\/uploads\/2026\/03\/owl_logo_ok.webp","contentUrl":"https:\/\/owlstales.eu\/wp-content\/uploads\/2026\/03\/owl_logo_ok.webp","width":512,"height":512,"caption":"P\u016bces pasakas"},"image":{"@id":"https:\/\/owlstales.eu\/lt\/#\/schema\/logo\/image\/"},"sameAs":["https:\/\/www.facebook.com\/owlstales.eu\/"],"description":"Pasakas b\u0113rniem, pal\u012bgmateri\u0101li skolot\u0101jiem.","email":"projekts.library@gmail.com","telephone":"+371 20923022","legalName":"ELENAS LIBRARY SIA","foundingDate":"2025-03-01","vatID":"LV402036769410","taxID":"402036769410","numberOfEmployees":{"@type":"QuantitativeValue","minValue":"1","maxValue":"10"}}]},"product_price_amount":"9.90","product_price_currency":"EUR","og_availability":"out of stock","product_availability":"out of stock","product_retailer_item_id":"game_LP","product_condition":"new"},"_links":{"self":[{"href":"https:\/\/owlstales.eu\/lt\/wp-json\/wp\/v2\/product\/2913","targetHints":{"allow":["GET"]}}],"collection":[{"href":"https:\/\/owlstales.eu\/lt\/wp-json\/wp\/v2\/product"}],"about":[{"href":"https:\/\/owlstales.eu\/lt\/wp-json\/wp\/v2\/types\/product"}],"replies":[{"embeddable":true,"href":"https:\/\/owlstales.eu\/lt\/wp-json\/wp\/v2\/comments?post=2913"}],"wp:featuredmedia":[{"embeddable":true,"href":"https:\/\/owlstales.eu\/lt\/wp-json\/wp\/v2\/media\/2912"}],"wp:attachment":[{"href":"https:\/\/owlstales.eu\/lt\/wp-json\/wp\/v2\/media?parent=2913"}],"wp:term":[{"taxonomy":"product_brand","embeddable":true,"href":"https:\/\/owlstales.eu\/lt\/wp-json\/wp\/v2\/product_brand?post=2913"},{"taxonomy":"product_cat","embeddable":true,"href":"https:\/\/owlstales.eu\/lt\/wp-json\/wp\/v2\/product_cat?post=2913"},{"taxonomy":"product_tag","embeddable":true,"href":"https:\/\/owlstales.eu\/lt\/wp-json\/wp\/v2\/product_tag?post=2913"}],"curies":[{"name":"wp","href":"https:\/\/api.w.org\/{rel}","templated":true}]}}