{"id":2820,"date":"2026-02-18T18:15:34","date_gmt":"2026-02-18T16:15:34","guid":{"rendered":"https:\/\/owlstales.eu\/product\/skraidantis-peliukas-pirmoji-pasaka-is-ciklo-owls-tales-peledos-pasakos-pdf\/"},"modified":"2026-04-02T09:16:23","modified_gmt":"2026-04-02T07:16:23","slug":"skraidantis-peliukas-pirmoji-pasaka-is-ciklo-owls-tales-peledos-pasakos-pdf","status":"publish","type":"product","link":"https:\/\/owlstales.eu\/lt\/produktas\/skraidantis-peliukas-pirmoji-pasaka-is-ciklo-owls-tales-peledos-pasakos-pdf\/","title":{"rendered":"PDF knyga \u201eSkraidantis peliukas\u201c"},"content":{"rendered":"<p>Autor\u0117 \u2014 Je\u013cena Kord\u017eeva<\/p>\n<ul>\n<li>Knygos formatas: PDF<\/li>\n<li>Juodai baltos iliustracijos<\/li>\n<li>24 lapiai<\/li>\n<li>ISBN 978-9934-9390-9-9<\/li>\n<\/ul>\n","protected":false},"excerpt":{"rendered":"<p>Istorija apie tai, kad kiekvienas vaikas turi sav\u0173, kartais visai ne\u012fprast\u0173 geb\u0117jim\u0173, o suaugusiojo u\u017eduotis \u2014 pad\u0117ti vaikui atpa\u017einti savo potencial\u0105 ir i\u0161mokti j\u012f panaudoti geriems tikslams.<br \/>Peliukas, Voverait\u0117 ir E\u017eiukas savo kelyje sutinka i\u0161minting\u0105 Pel\u0117d\u0105, kuris juos palaiko.<br \/>\u201eSkraidantis peliukas\u201c \u2014 ne tik pasaka prie\u0161 mieg\u0105, bet ir puiki proga nuo\u0161ird\u017eiam pokalbiui su vaiku.<\/p>\n","protected":false},"featured_media":2819,"comment_status":"open","ping_status":"closed","template":"","meta":[],"product_brand":[],"product_cat":[63,197,138],"product_tag":[],"class_list":{"0":"post-2820","1":"product","2":"type-product","3":"status-publish","4":"has-post-thumbnail","6":"product_cat-knygos","7":"product_cat-pdf-knygos","8":"product_cat-skraidantis-peliukas","9":"pa_valoda-anglu","10":"pa_valoda-rusu","11":"pa_valoda-ukrainieciu","13":"first","14":"instock","15":"taxable","16":"shipping-taxable","17":"purchasable","18":"product-type-variable"},"yoast_head":"<!-- This site is optimized with the Yoast SEO Premium plugin v27.1 (Yoast SEO v27.4) - https:\/\/yoast.com\/product\/yoast-seo-premium-wordpress\/ -->\n<title>St\u0101sts Lidojo\u0161ais pel\u0113ns - P\u016bces pasakas<\/title>\n<meta name=\"description\" content=\"St\u0101sts Lidojo\u0161ais pel\u0113ns. Katram b\u0113rnam ir savas, reiz\u0113m \u013coti neparastas sp\u0113jas, un pieaugu\u0161\u0101 uzdevums ir pal\u012bdz\u0113t b\u0113rnam atpaz\u012bt savu potenci\u0101lu.\" \/>\n<meta name=\"robots\" content=\"index, follow, max-snippet:-1, max-image-preview:large, max-video-preview:-1\" \/>\n<link rel=\"canonical\" href=\"https:\/\/owlstales.eu\/lt\/produktas\/skraidantis-peliukas-pirmoji-pasaka-is-ciklo-owls-tales-peledos-pasakos-pdf\/\" \/>\n<meta property=\"og:locale\" content=\"lt_LT\" \/>\n<meta property=\"og:type\" content=\"article\" \/>\n<meta property=\"og:title\" content=\"PDF knyga \u201eSkraidantis peliukas\u201c\" \/>\n<meta property=\"og:description\" content=\"St\u0101sts Lidojo\u0161ais pel\u0113ns. Katram b\u0113rnam ir savas, reiz\u0113m \u013coti neparastas sp\u0113jas, un pieaugu\u0161\u0101 uzdevums ir pal\u012bdz\u0113t b\u0113rnam atpaz\u012bt savu potenci\u0101lu.\" \/>\n<meta property=\"og:url\" content=\"https:\/\/owlstales.eu\/lt\/produktas\/skraidantis-peliukas-pirmoji-pasaka-is-ciklo-owls-tales-peledos-pasakos-pdf\/\" \/>\n<meta property=\"og:site_name\" content=\"P\u016bces pasakas\" \/>\n<meta property=\"article:publisher\" content=\"https:\/\/www.facebook.com\/owlstales.eu\/\" \/>\n<meta property=\"article:modified_time\" content=\"2026-04-02T07:16:23+00:00\" \/>\n<meta property=\"og:image\" content=\"https:\/\/owlstales.eu\/wp-content\/uploads\/2026\/02\/wly_mouse_pdf.webp\" \/>\n\t<meta property=\"og:image:width\" content=\"1024\" \/>\n\t<meta property=\"og:image:height\" content=\"1024\" \/>\n\t<meta property=\"og:image:type\" content=\"image\/webp\" \/>\n<meta name=\"twitter:card\" content=\"summary_large_image\" \/>\n<meta name=\"twitter:label1\" content=\"Availability\" \/>\n\t<meta name=\"twitter:data1\" content=\"In stock\" \/>\n<script type=\"application\/ld+json\" class=\"yoast-schema-graph\">{\"@context\":\"https:\\\/\\\/schema.org\",\"@graph\":[{\"@type\":\"WebPage\",\"@id\":\"https:\\\/\\\/owlstales.eu\\\/lt\\\/produktas\\\/skraidantis-peliukas-pirmoji-pasaka-is-ciklo-owls-tales-peledos-pasakos-pdf\\\/\",\"url\":\"https:\\\/\\\/owlstales.eu\\\/lt\\\/produktas\\\/skraidantis-peliukas-pirmoji-pasaka-is-ciklo-owls-tales-peledos-pasakos-pdf\\\/\",\"name\":\"St\u0101sts Lidojo\u0161ais pel\u0113ns - P\u016bces pasakas\",\"isPartOf\":{\"@id\":\"https:\\\/\\\/owlstales.eu\\\/lt\\\/#website\"},\"primaryImageOfPage\":{\"@id\":\"https:\\\/\\\/owlstales.eu\\\/lt\\\/produktas\\\/skraidantis-peliukas-pirmoji-pasaka-is-ciklo-owls-tales-peledos-pasakos-pdf\\\/#primaryimage\"},\"image\":{\"@id\":\"https:\\\/\\\/owlstales.eu\\\/lt\\\/produktas\\\/skraidantis-peliukas-pirmoji-pasaka-is-ciklo-owls-tales-peledos-pasakos-pdf\\\/#primaryimage\"},\"thumbnailUrl\":\"https:\\\/\\\/owlstales.eu\\\/wp-content\\\/uploads\\\/2026\\\/02\\\/wly_mouse_pdf.webp\",\"datePublished\":\"2026-02-18T16:15:34+00:00\",\"dateModified\":\"2026-04-02T07:16:23+00:00\",\"description\":\"St\u0101sts Lidojo\u0161ais pel\u0113ns. Katram b\u0113rnam ir savas, reiz\u0113m \u013coti neparastas sp\u0113jas, un pieaugu\u0161\u0101 uzdevums ir pal\u012bdz\u0113t b\u0113rnam atpaz\u012bt savu potenci\u0101lu.\",\"breadcrumb\":{\"@id\":\"https:\\\/\\\/owlstales.eu\\\/lt\\\/produktas\\\/skraidantis-peliukas-pirmoji-pasaka-is-ciklo-owls-tales-peledos-pasakos-pdf\\\/#breadcrumb\"},\"inLanguage\":\"lt-LT\",\"potentialAction\":[{\"@type\":\"ReadAction\",\"target\":[\"https:\\\/\\\/owlstales.eu\\\/lt\\\/produktas\\\/skraidantis-peliukas-pirmoji-pasaka-is-ciklo-owls-tales-peledos-pasakos-pdf\\\/\"]}]},{\"@type\":\"ImageObject\",\"inLanguage\":\"lt-LT\",\"@id\":\"https:\\\/\\\/owlstales.eu\\\/lt\\\/produktas\\\/skraidantis-peliukas-pirmoji-pasaka-is-ciklo-owls-tales-peledos-pasakos-pdf\\\/#primaryimage\",\"url\":\"https:\\\/\\\/owlstales.eu\\\/wp-content\\\/uploads\\\/2026\\\/02\\\/wly_mouse_pdf.webp\",\"contentUrl\":\"https:\\\/\\\/owlstales.eu\\\/wp-content\\\/uploads\\\/2026\\\/02\\\/wly_mouse_pdf.webp\",\"width\":1024,\"height\":1024,\"caption\":\"St\u0101sts par pel\u0113nu\"},{\"@type\":\"BreadcrumbList\",\"@id\":\"https:\\\/\\\/owlstales.eu\\\/lt\\\/produktas\\\/skraidantis-peliukas-pirmoji-pasaka-is-ciklo-owls-tales-peledos-pasakos-pdf\\\/#breadcrumb\",\"itemListElement\":[{\"@type\":\"ListItem\",\"position\":1,\"name\":\"Home\",\"item\":\"https:\\\/\\\/owlstales.eu\\\/lt\\\/pradzia\\\/\"},{\"@type\":\"ListItem\",\"position\":2,\"name\":\"Parduotuv\u0117\",\"item\":\"https:\\\/\\\/owlstales.eu\\\/lt\\\/parduotuve\\\/\"},{\"@type\":\"ListItem\",\"position\":3,\"name\":\"PDF knyga \u201eSkraidantis peliukas\u201c\"}]},{\"@type\":\"WebSite\",\"@id\":\"https:\\\/\\\/owlstales.eu\\\/lt\\\/#website\",\"url\":\"https:\\\/\\\/owlstales.eu\\\/lt\\\/\",\"name\":\"P\u016bces pasakas\",\"description\":\"GR\u0100MATAS | PDF | AUDIOIZR\u0100DES | PASAKAS\",\"publisher\":{\"@id\":\"https:\\\/\\\/owlstales.eu\\\/lt\\\/#organization\"},\"alternateName\":\"owls tales\",\"potentialAction\":[{\"@type\":\"SearchAction\",\"target\":{\"@type\":\"EntryPoint\",\"urlTemplate\":\"https:\\\/\\\/owlstales.eu\\\/lt\\\/?s={search_term_string}\"},\"query-input\":{\"@type\":\"PropertyValueSpecification\",\"valueRequired\":true,\"valueName\":\"search_term_string\"}}],\"inLanguage\":\"lt-LT\"},{\"@type\":\"Organization\",\"@id\":\"https:\\\/\\\/owlstales.eu\\\/lt\\\/#organization\",\"name\":\"P\u016bces pasakas\",\"url\":\"https:\\\/\\\/owlstales.eu\\\/lt\\\/\",\"logo\":{\"@type\":\"ImageObject\",\"inLanguage\":\"lt-LT\",\"@id\":\"https:\\\/\\\/owlstales.eu\\\/lt\\\/#\\\/schema\\\/logo\\\/image\\\/\",\"url\":\"https:\\\/\\\/owlstales.eu\\\/wp-content\\\/uploads\\\/2026\\\/03\\\/owl_logo_ok.webp\",\"contentUrl\":\"https:\\\/\\\/owlstales.eu\\\/wp-content\\\/uploads\\\/2026\\\/03\\\/owl_logo_ok.webp\",\"width\":512,\"height\":512,\"caption\":\"P\u016bces pasakas\"},\"image\":{\"@id\":\"https:\\\/\\\/owlstales.eu\\\/lt\\\/#\\\/schema\\\/logo\\\/image\\\/\"},\"sameAs\":[\"https:\\\/\\\/www.facebook.com\\\/owlstales.eu\\\/\"],\"description\":\"Pasakas b\u0113rniem, pal\u012bgmateri\u0101li skolot\u0101jiem.\",\"email\":\"projekts.library@gmail.com\",\"telephone\":\"+371 20923022\",\"legalName\":\"ELENAS LIBRARY SIA\",\"foundingDate\":\"2025-03-01\",\"vatID\":\"LV402036769410\",\"taxID\":\"402036769410\",\"numberOfEmployees\":{\"@type\":\"QuantitativeValue\",\"minValue\":\"1\",\"maxValue\":\"10\"}}]}<\/script>\n<meta property=\"og:availability\" content=\"instock\" \/>\n<meta property=\"product:availability\" content=\"instock\" \/>\n<meta property=\"product:retailer_item_id\" content=\"LP_PDF\" \/>\n<meta property=\"product:condition\" content=\"new\" \/>\n<!-- \/ Yoast SEO Premium plugin. -->","yoast_head_json":{"title":"St\u0101sts Lidojo\u0161ais pel\u0113ns - P\u016bces pasakas","description":"St\u0101sts Lidojo\u0161ais pel\u0113ns. Katram b\u0113rnam ir savas, reiz\u0113m \u013coti neparastas sp\u0113jas, un pieaugu\u0161\u0101 uzdevums ir pal\u012bdz\u0113t b\u0113rnam atpaz\u012bt savu potenci\u0101lu.","robots":{"index":"index","follow":"follow","max-snippet":"max-snippet:-1","max-image-preview":"max-image-preview:large","max-video-preview":"max-video-preview:-1"},"canonical":"https:\/\/owlstales.eu\/lt\/produktas\/skraidantis-peliukas-pirmoji-pasaka-is-ciklo-owls-tales-peledos-pasakos-pdf\/","og_locale":"lt_LT","og_type":"article","og_title":"PDF knyga \u201eSkraidantis peliukas\u201c","og_description":"St\u0101sts Lidojo\u0161ais pel\u0113ns. Katram b\u0113rnam ir savas, reiz\u0113m \u013coti neparastas sp\u0113jas, un pieaugu\u0161\u0101 uzdevums ir pal\u012bdz\u0113t b\u0113rnam atpaz\u012bt savu potenci\u0101lu.","og_url":"https:\/\/owlstales.eu\/lt\/produktas\/skraidantis-peliukas-pirmoji-pasaka-is-ciklo-owls-tales-peledos-pasakos-pdf\/","og_site_name":"P\u016bces pasakas","article_publisher":"https:\/\/www.facebook.com\/owlstales.eu\/","article_modified_time":"2026-04-02T07:16:23+00:00","og_image":[{"width":1024,"height":1024,"url":"https:\/\/owlstales.eu\/wp-content\/uploads\/2026\/02\/wly_mouse_pdf.webp","type":"image\/webp"}],"twitter_card":"summary_large_image","twitter_misc":{"Availability":"In stock"},"schema":{"@context":"https:\/\/schema.org","@graph":[{"@type":"WebPage","@id":"https:\/\/owlstales.eu\/lt\/produktas\/skraidantis-peliukas-pirmoji-pasaka-is-ciklo-owls-tales-peledos-pasakos-pdf\/","url":"https:\/\/owlstales.eu\/lt\/produktas\/skraidantis-peliukas-pirmoji-pasaka-is-ciklo-owls-tales-peledos-pasakos-pdf\/","name":"St\u0101sts Lidojo\u0161ais pel\u0113ns - P\u016bces pasakas","isPartOf":{"@id":"https:\/\/owlstales.eu\/lt\/#website"},"primaryImageOfPage":{"@id":"https:\/\/owlstales.eu\/lt\/produktas\/skraidantis-peliukas-pirmoji-pasaka-is-ciklo-owls-tales-peledos-pasakos-pdf\/#primaryimage"},"image":{"@id":"https:\/\/owlstales.eu\/lt\/produktas\/skraidantis-peliukas-pirmoji-pasaka-is-ciklo-owls-tales-peledos-pasakos-pdf\/#primaryimage"},"thumbnailUrl":"https:\/\/owlstales.eu\/wp-content\/uploads\/2026\/02\/wly_mouse_pdf.webp","datePublished":"2026-02-18T16:15:34+00:00","dateModified":"2026-04-02T07:16:23+00:00","description":"St\u0101sts Lidojo\u0161ais pel\u0113ns. Katram b\u0113rnam ir savas, reiz\u0113m \u013coti neparastas sp\u0113jas, un pieaugu\u0161\u0101 uzdevums ir pal\u012bdz\u0113t b\u0113rnam atpaz\u012bt savu potenci\u0101lu.","breadcrumb":{"@id":"https:\/\/owlstales.eu\/lt\/produktas\/skraidantis-peliukas-pirmoji-pasaka-is-ciklo-owls-tales-peledos-pasakos-pdf\/#breadcrumb"},"inLanguage":"lt-LT","potentialAction":[{"@type":"ReadAction","target":["https:\/\/owlstales.eu\/lt\/produktas\/skraidantis-peliukas-pirmoji-pasaka-is-ciklo-owls-tales-peledos-pasakos-pdf\/"]}]},{"@type":"ImageObject","inLanguage":"lt-LT","@id":"https:\/\/owlstales.eu\/lt\/produktas\/skraidantis-peliukas-pirmoji-pasaka-is-ciklo-owls-tales-peledos-pasakos-pdf\/#primaryimage","url":"https:\/\/owlstales.eu\/wp-content\/uploads\/2026\/02\/wly_mouse_pdf.webp","contentUrl":"https:\/\/owlstales.eu\/wp-content\/uploads\/2026\/02\/wly_mouse_pdf.webp","width":1024,"height":1024,"caption":"St\u0101sts par pel\u0113nu"},{"@type":"BreadcrumbList","@id":"https:\/\/owlstales.eu\/lt\/produktas\/skraidantis-peliukas-pirmoji-pasaka-is-ciklo-owls-tales-peledos-pasakos-pdf\/#breadcrumb","itemListElement":[{"@type":"ListItem","position":1,"name":"Home","item":"https:\/\/owlstales.eu\/lt\/pradzia\/"},{"@type":"ListItem","position":2,"name":"Parduotuv\u0117","item":"https:\/\/owlstales.eu\/lt\/parduotuve\/"},{"@type":"ListItem","position":3,"name":"PDF knyga \u201eSkraidantis peliukas\u201c"}]},{"@type":"WebSite","@id":"https:\/\/owlstales.eu\/lt\/#website","url":"https:\/\/owlstales.eu\/lt\/","name":"P\u016bces pasakas","description":"GR\u0100MATAS | PDF | AUDIOIZR\u0100DES | PASAKAS","publisher":{"@id":"https:\/\/owlstales.eu\/lt\/#organization"},"alternateName":"owls tales","potentialAction":[{"@type":"SearchAction","target":{"@type":"EntryPoint","urlTemplate":"https:\/\/owlstales.eu\/lt\/?s={search_term_string}"},"query-input":{"@type":"PropertyValueSpecification","valueRequired":true,"valueName":"search_term_string"}}],"inLanguage":"lt-LT"},{"@type":"Organization","@id":"https:\/\/owlstales.eu\/lt\/#organization","name":"P\u016bces pasakas","url":"https:\/\/owlstales.eu\/lt\/","logo":{"@type":"ImageObject","inLanguage":"lt-LT","@id":"https:\/\/owlstales.eu\/lt\/#\/schema\/logo\/image\/","url":"https:\/\/owlstales.eu\/wp-content\/uploads\/2026\/03\/owl_logo_ok.webp","contentUrl":"https:\/\/owlstales.eu\/wp-content\/uploads\/2026\/03\/owl_logo_ok.webp","width":512,"height":512,"caption":"P\u016bces pasakas"},"image":{"@id":"https:\/\/owlstales.eu\/lt\/#\/schema\/logo\/image\/"},"sameAs":["https:\/\/www.facebook.com\/owlstales.eu\/"],"description":"Pasakas b\u0113rniem, pal\u012bgmateri\u0101li skolot\u0101jiem.","email":"projekts.library@gmail.com","telephone":"+371 20923022","legalName":"ELENAS LIBRARY SIA","foundingDate":"2025-03-01","vatID":"LV402036769410","taxID":"402036769410","numberOfEmployees":{"@type":"QuantitativeValue","minValue":"1","maxValue":"10"}}]},"og_availability":"instock","product_availability":"instock","product_retailer_item_id":"LP_PDF","product_condition":"new"},"_links":{"self":[{"href":"https:\/\/owlstales.eu\/lt\/wp-json\/wp\/v2\/product\/2820","targetHints":{"allow":["GET"]}}],"collection":[{"href":"https:\/\/owlstales.eu\/lt\/wp-json\/wp\/v2\/product"}],"about":[{"href":"https:\/\/owlstales.eu\/lt\/wp-json\/wp\/v2\/types\/product"}],"replies":[{"embeddable":true,"href":"https:\/\/owlstales.eu\/lt\/wp-json\/wp\/v2\/comments?post=2820"}],"wp:featuredmedia":[{"embeddable":true,"href":"https:\/\/owlstales.eu\/lt\/wp-json\/wp\/v2\/media\/2819"}],"wp:attachment":[{"href":"https:\/\/owlstales.eu\/lt\/wp-json\/wp\/v2\/media?parent=2820"}],"wp:term":[{"taxonomy":"product_brand","embeddable":true,"href":"https:\/\/owlstales.eu\/lt\/wp-json\/wp\/v2\/product_brand?post=2820"},{"taxonomy":"product_cat","embeddable":true,"href":"https:\/\/owlstales.eu\/lt\/wp-json\/wp\/v2\/product_cat?post=2820"},{"taxonomy":"product_tag","embeddable":true,"href":"https:\/\/owlstales.eu\/lt\/wp-json\/wp\/v2\/product_tag?post=2820"}],"curies":[{"name":"wp","href":"https:\/\/api.w.org\/{rel}","templated":true}]}}