{"id":2336,"date":"2026-03-06T10:28:06","date_gmt":"2026-03-06T08:28:06","guid":{"rendered":"https:\/\/owlstales.eu\/?post_type=product&#038;p=2336"},"modified":"2026-04-02T11:05:28","modified_gmt":"2026-04-02T09:05:28","slug":"vaikiskas-dzemperis-su-gobtuvu-owls-tales-forever-kopija-kopija-kopija-2","status":"publish","type":"product","link":"https:\/\/owlstales.eu\/lt\/produktas\/vaikiskas-dzemperis-su-gobtuvu-owls-tales-forever-kopija-kopija-kopija-2\/","title":{"rendered":"Vyri\u0161kas d\u017eemperis su gobtuvu OWLS TALES Everyday"},"content":{"rendered":"<p>Vyri\u0161kas OWLS TALES Everyday d\u017eemperis su gobtuvu pagamintas naudojant JustHoods d\u017eemper\u012f kaip pagrind\u0105. Patogus ir prakti\u0161kas modelis kasdieniam d\u0117v\u0117jimui \u2014 darbui ir laisvalaikiui.<br \/>\nD\u017eemperis pagamintas i\u0161 mink\u0161to trikota\u017eo audinio su dideliu medviln\u0117s kiekiu, kuris yra patogus kasdieniam d\u0117v\u0117jimui. Ant gaminio spaudinamas originalus OWLS TALES dizainas, naudojant auk\u0161tos kokyb\u0117s, patvari\u0105 skaitmenin\u0119 spaud\u0105.  <\/p>\n<p><img decoding=\"async\" class=\"size-medium wp-image-2244 aligncenter\" src=\"https:\/\/owlstales.eu\/wp-content\/uploads\/2026\/03\/IzmeriHudijiPremiumVirieshu-300x100.png\" alt=\"\" width=\"300\" height=\"100\" srcset=\"https:\/\/owlstales.eu\/wp-content\/uploads\/2026\/03\/IzmeriHudijiPremiumVirieshu-300x100.png 300w, https:\/\/owlstales.eu\/wp-content\/uploads\/2026\/03\/IzmeriHudijiPremiumVirieshu-1024x342.png 1024w, https:\/\/owlstales.eu\/wp-content\/uploads\/2026\/03\/IzmeriHudijiPremiumVirieshu-768x256.png 768w, https:\/\/owlstales.eu\/wp-content\/uploads\/2026\/03\/IzmeriHudijiPremiumVirieshu-600x200.png 600w, https:\/\/owlstales.eu\/wp-content\/uploads\/2026\/03\/IzmeriHudijiPremiumVirieshu.png 1057w\" sizes=\"(max-width: 300px) 100vw, 300px\" \/><\/p>\n","protected":false},"excerpt":{"rendered":"<p>Modelis: OWLS TALES Everyday\u2028<br \/>Spaudinys: OWLS TALES \u201eSkraidantis peliukas\u201d\u2028<br \/>Tipas: d\u017eemperis su gobtuvu\u2028<br \/>Pagrindinis d\u017eemperis: JustHoods\u2028<br \/>Sud\u0117tis: 80 % medviln\u0117, 20 % poliesteris\u2028<br \/>Audinio tankis: apie 280 g\/m\u00b2\u2028<br \/>Spauda: auk\u0161tos kokyb\u0117s patvari skaitmenin\u0117 spauda\u2028<br \/>Dyd\u017eiai: XS\u20133XL\u2028<br \/>Prie\u017ei\u016bra: skalbti skalbimo ma\u0161inoje \u012fprastu re\u017eimu<\/p>\n","protected":false},"featured_media":2350,"comment_status":"open","ping_status":"closed","template":"","meta":[],"product_brand":[],"product_cat":[104,103,138],"product_tag":[],"class_list":{"0":"post-2336","1":"product","2":"type-product","3":"status-publish","4":"has-post-thumbnail","6":"product_cat-gobtuvai","7":"product_cat-kolekcijos-su-musu-simbolika","8":"product_cat-skraidantis-peliukas","9":"pa_krasa-navy","10":"pa_krasa-vanilla-milkshake","12":"first","13":"instock","14":"taxable","15":"shipping-taxable","16":"purchasable","17":"product-type-variable"},"yoast_head":"<!-- This site is optimized with the Yoast SEO Premium plugin v27.1 (Yoast SEO v27.4) - https:\/\/yoast.com\/product\/yoast-seo-premium-wordpress\/ -->\n<title>Vyri\u0161kas d\u017eemperis su gobtuvu OWLS TALES Everyday - P\u016bces pasakas<\/title>\n<meta name=\"description\" content=\"H\u016bdijs izgatavots no m\u012bksta trikot\u0101\u017eas auduma ar augstu kokvilnas saturu, kas ir pat\u012bkams un \u0113rts ikdienas lieto\u0161anai. OWLS TALES apdrukas dizains.\" \/>\n<meta name=\"robots\" content=\"index, follow, max-snippet:-1, max-image-preview:large, max-video-preview:-1\" \/>\n<link rel=\"canonical\" href=\"https:\/\/owlstales.eu\/lt\/produktas\/vaikiskas-dzemperis-su-gobtuvu-owls-tales-forever-kopija-kopija-kopija-2\/\" \/>\n<meta property=\"og:locale\" content=\"lt_LT\" \/>\n<meta property=\"og:type\" content=\"article\" \/>\n<meta property=\"og:title\" content=\"Vyri\u0161kas d\u017eemperis su gobtuvu OWLS TALES Everyday\" \/>\n<meta property=\"og:description\" content=\"H\u016bdijs izgatavots no m\u012bksta trikot\u0101\u017eas auduma ar augstu kokvilnas saturu, kas ir pat\u012bkams un \u0113rts ikdienas lieto\u0161anai. OWLS TALES apdrukas dizains.\" \/>\n<meta property=\"og:url\" content=\"https:\/\/owlstales.eu\/lt\/produktas\/vaikiskas-dzemperis-su-gobtuvu-owls-tales-forever-kopija-kopija-kopija-2\/\" \/>\n<meta property=\"og:site_name\" content=\"P\u016bces pasakas\" \/>\n<meta property=\"article:publisher\" content=\"https:\/\/www.facebook.com\/owlstales.eu\/\" \/>\n<meta property=\"article:modified_time\" content=\"2026-04-02T09:05:28+00:00\" \/>\n<meta property=\"og:image\" content=\"https:\/\/owlstales.eu\/wp-content\/uploads\/2026\/03\/vir_navy_basic.webp\" \/>\n\t<meta property=\"og:image:width\" content=\"1024\" \/>\n\t<meta property=\"og:image:height\" content=\"1024\" \/>\n\t<meta property=\"og:image:type\" content=\"image\/webp\" \/>\n<meta name=\"twitter:card\" content=\"summary_large_image\" \/>\n<meta name=\"twitter:label1\" content=\"Availability\" \/>\n\t<meta name=\"twitter:data1\" content=\"In stock\" \/>\n<script type=\"application\/ld+json\" class=\"yoast-schema-graph\">{\"@context\":\"https:\\\/\\\/schema.org\",\"@graph\":[{\"@type\":\"WebPage\",\"@id\":\"https:\\\/\\\/owlstales.eu\\\/lt\\\/produktas\\\/vaikiskas-dzemperis-su-gobtuvu-owls-tales-forever-kopija-kopija-kopija-2\\\/\",\"url\":\"https:\\\/\\\/owlstales.eu\\\/lt\\\/produktas\\\/vaikiskas-dzemperis-su-gobtuvu-owls-tales-forever-kopija-kopija-kopija-2\\\/\",\"name\":\"Vyri\u0161kas d\u017eemperis su gobtuvu OWLS TALES Everyday - P\u016bces pasakas\",\"isPartOf\":{\"@id\":\"https:\\\/\\\/owlstales.eu\\\/lt\\\/#website\"},\"primaryImageOfPage\":{\"@id\":\"https:\\\/\\\/owlstales.eu\\\/lt\\\/produktas\\\/vaikiskas-dzemperis-su-gobtuvu-owls-tales-forever-kopija-kopija-kopija-2\\\/#primaryimage\"},\"image\":{\"@id\":\"https:\\\/\\\/owlstales.eu\\\/lt\\\/produktas\\\/vaikiskas-dzemperis-su-gobtuvu-owls-tales-forever-kopija-kopija-kopija-2\\\/#primaryimage\"},\"thumbnailUrl\":\"https:\\\/\\\/owlstales.eu\\\/wp-content\\\/uploads\\\/2026\\\/03\\\/vir_navy_basic.webp\",\"datePublished\":\"2026-03-06T08:28:06+00:00\",\"dateModified\":\"2026-04-02T09:05:28+00:00\",\"description\":\"H\u016bdijs izgatavots no m\u012bksta trikot\u0101\u017eas auduma ar augstu kokvilnas saturu, kas ir pat\u012bkams un \u0113rts ikdienas lieto\u0161anai. OWLS TALES apdrukas dizains.\",\"breadcrumb\":{\"@id\":\"https:\\\/\\\/owlstales.eu\\\/lt\\\/produktas\\\/vaikiskas-dzemperis-su-gobtuvu-owls-tales-forever-kopija-kopija-kopija-2\\\/#breadcrumb\"},\"inLanguage\":\"lt-LT\",\"potentialAction\":[{\"@type\":\"ReadAction\",\"target\":[\"https:\\\/\\\/owlstales.eu\\\/lt\\\/produktas\\\/vaikiskas-dzemperis-su-gobtuvu-owls-tales-forever-kopija-kopija-kopija-2\\\/\"]}]},{\"@type\":\"ImageObject\",\"inLanguage\":\"lt-LT\",\"@id\":\"https:\\\/\\\/owlstales.eu\\\/lt\\\/produktas\\\/vaikiskas-dzemperis-su-gobtuvu-owls-tales-forever-kopija-kopija-kopija-2\\\/#primaryimage\",\"url\":\"https:\\\/\\\/owlstales.eu\\\/wp-content\\\/uploads\\\/2026\\\/03\\\/vir_navy_basic.webp\",\"contentUrl\":\"https:\\\/\\\/owlstales.eu\\\/wp-content\\\/uploads\\\/2026\\\/03\\\/vir_navy_basic.webp\",\"width\":1024,\"height\":1024},{\"@type\":\"BreadcrumbList\",\"@id\":\"https:\\\/\\\/owlstales.eu\\\/lt\\\/produktas\\\/vaikiskas-dzemperis-su-gobtuvu-owls-tales-forever-kopija-kopija-kopija-2\\\/#breadcrumb\",\"itemListElement\":[{\"@type\":\"ListItem\",\"position\":1,\"name\":\"Home\",\"item\":\"https:\\\/\\\/owlstales.eu\\\/lt\\\/pradzia\\\/\"},{\"@type\":\"ListItem\",\"position\":2,\"name\":\"Parduotuv\u0117\",\"item\":\"https:\\\/\\\/owlstales.eu\\\/lt\\\/parduotuve\\\/\"},{\"@type\":\"ListItem\",\"position\":3,\"name\":\"Vyri\u0161kas d\u017eemperis su gobtuvu OWLS TALES Everyday\"}]},{\"@type\":\"WebSite\",\"@id\":\"https:\\\/\\\/owlstales.eu\\\/lt\\\/#website\",\"url\":\"https:\\\/\\\/owlstales.eu\\\/lt\\\/\",\"name\":\"P\u016bces pasakas\",\"description\":\"GR\u0100MATAS | PDF | AUDIOIZR\u0100DES | PASAKAS\",\"publisher\":{\"@id\":\"https:\\\/\\\/owlstales.eu\\\/lt\\\/#organization\"},\"alternateName\":\"owls tales\",\"potentialAction\":[{\"@type\":\"SearchAction\",\"target\":{\"@type\":\"EntryPoint\",\"urlTemplate\":\"https:\\\/\\\/owlstales.eu\\\/lt\\\/?s={search_term_string}\"},\"query-input\":{\"@type\":\"PropertyValueSpecification\",\"valueRequired\":true,\"valueName\":\"search_term_string\"}}],\"inLanguage\":\"lt-LT\"},{\"@type\":\"Organization\",\"@id\":\"https:\\\/\\\/owlstales.eu\\\/lt\\\/#organization\",\"name\":\"P\u016bces pasakas\",\"url\":\"https:\\\/\\\/owlstales.eu\\\/lt\\\/\",\"logo\":{\"@type\":\"ImageObject\",\"inLanguage\":\"lt-LT\",\"@id\":\"https:\\\/\\\/owlstales.eu\\\/lt\\\/#\\\/schema\\\/logo\\\/image\\\/\",\"url\":\"https:\\\/\\\/owlstales.eu\\\/wp-content\\\/uploads\\\/2026\\\/03\\\/owl_logo_ok.webp\",\"contentUrl\":\"https:\\\/\\\/owlstales.eu\\\/wp-content\\\/uploads\\\/2026\\\/03\\\/owl_logo_ok.webp\",\"width\":512,\"height\":512,\"caption\":\"P\u016bces pasakas\"},\"image\":{\"@id\":\"https:\\\/\\\/owlstales.eu\\\/lt\\\/#\\\/schema\\\/logo\\\/image\\\/\"},\"sameAs\":[\"https:\\\/\\\/www.facebook.com\\\/owlstales.eu\\\/\"],\"description\":\"Pasakas b\u0113rniem, pal\u012bgmateri\u0101li skolot\u0101jiem.\",\"email\":\"projekts.library@gmail.com\",\"telephone\":\"+371 20923022\",\"legalName\":\"ELENAS LIBRARY SIA\",\"foundingDate\":\"2025-03-01\",\"vatID\":\"LV402036769410\",\"taxID\":\"402036769410\",\"numberOfEmployees\":{\"@type\":\"QuantitativeValue\",\"minValue\":\"1\",\"maxValue\":\"10\"}}]}<\/script>\n<meta property=\"og:availability\" content=\"instock\" \/>\n<meta property=\"product:availability\" content=\"instock\" \/>\n<meta property=\"product:retailer_item_id\" content=\"hudijs_vir_basic1\" \/>\n<meta property=\"product:condition\" content=\"new\" \/>\n<!-- \/ Yoast SEO Premium plugin. -->","yoast_head_json":{"title":"Vyri\u0161kas d\u017eemperis su gobtuvu OWLS TALES Everyday - P\u016bces pasakas","description":"H\u016bdijs izgatavots no m\u012bksta trikot\u0101\u017eas auduma ar augstu kokvilnas saturu, kas ir pat\u012bkams un \u0113rts ikdienas lieto\u0161anai. OWLS TALES apdrukas dizains.","robots":{"index":"index","follow":"follow","max-snippet":"max-snippet:-1","max-image-preview":"max-image-preview:large","max-video-preview":"max-video-preview:-1"},"canonical":"https:\/\/owlstales.eu\/lt\/produktas\/vaikiskas-dzemperis-su-gobtuvu-owls-tales-forever-kopija-kopija-kopija-2\/","og_locale":"lt_LT","og_type":"article","og_title":"Vyri\u0161kas d\u017eemperis su gobtuvu OWLS TALES Everyday","og_description":"H\u016bdijs izgatavots no m\u012bksta trikot\u0101\u017eas auduma ar augstu kokvilnas saturu, kas ir pat\u012bkams un \u0113rts ikdienas lieto\u0161anai. OWLS TALES apdrukas dizains.","og_url":"https:\/\/owlstales.eu\/lt\/produktas\/vaikiskas-dzemperis-su-gobtuvu-owls-tales-forever-kopija-kopija-kopija-2\/","og_site_name":"P\u016bces pasakas","article_publisher":"https:\/\/www.facebook.com\/owlstales.eu\/","article_modified_time":"2026-04-02T09:05:28+00:00","og_image":[{"width":1024,"height":1024,"url":"https:\/\/owlstales.eu\/wp-content\/uploads\/2026\/03\/vir_navy_basic.webp","type":"image\/webp"}],"twitter_card":"summary_large_image","twitter_misc":{"Availability":"In stock"},"schema":{"@context":"https:\/\/schema.org","@graph":[{"@type":"WebPage","@id":"https:\/\/owlstales.eu\/lt\/produktas\/vaikiskas-dzemperis-su-gobtuvu-owls-tales-forever-kopija-kopija-kopija-2\/","url":"https:\/\/owlstales.eu\/lt\/produktas\/vaikiskas-dzemperis-su-gobtuvu-owls-tales-forever-kopija-kopija-kopija-2\/","name":"Vyri\u0161kas d\u017eemperis su gobtuvu OWLS TALES Everyday - P\u016bces pasakas","isPartOf":{"@id":"https:\/\/owlstales.eu\/lt\/#website"},"primaryImageOfPage":{"@id":"https:\/\/owlstales.eu\/lt\/produktas\/vaikiskas-dzemperis-su-gobtuvu-owls-tales-forever-kopija-kopija-kopija-2\/#primaryimage"},"image":{"@id":"https:\/\/owlstales.eu\/lt\/produktas\/vaikiskas-dzemperis-su-gobtuvu-owls-tales-forever-kopija-kopija-kopija-2\/#primaryimage"},"thumbnailUrl":"https:\/\/owlstales.eu\/wp-content\/uploads\/2026\/03\/vir_navy_basic.webp","datePublished":"2026-03-06T08:28:06+00:00","dateModified":"2026-04-02T09:05:28+00:00","description":"H\u016bdijs izgatavots no m\u012bksta trikot\u0101\u017eas auduma ar augstu kokvilnas saturu, kas ir pat\u012bkams un \u0113rts ikdienas lieto\u0161anai. OWLS TALES apdrukas dizains.","breadcrumb":{"@id":"https:\/\/owlstales.eu\/lt\/produktas\/vaikiskas-dzemperis-su-gobtuvu-owls-tales-forever-kopija-kopija-kopija-2\/#breadcrumb"},"inLanguage":"lt-LT","potentialAction":[{"@type":"ReadAction","target":["https:\/\/owlstales.eu\/lt\/produktas\/vaikiskas-dzemperis-su-gobtuvu-owls-tales-forever-kopija-kopija-kopija-2\/"]}]},{"@type":"ImageObject","inLanguage":"lt-LT","@id":"https:\/\/owlstales.eu\/lt\/produktas\/vaikiskas-dzemperis-su-gobtuvu-owls-tales-forever-kopija-kopija-kopija-2\/#primaryimage","url":"https:\/\/owlstales.eu\/wp-content\/uploads\/2026\/03\/vir_navy_basic.webp","contentUrl":"https:\/\/owlstales.eu\/wp-content\/uploads\/2026\/03\/vir_navy_basic.webp","width":1024,"height":1024},{"@type":"BreadcrumbList","@id":"https:\/\/owlstales.eu\/lt\/produktas\/vaikiskas-dzemperis-su-gobtuvu-owls-tales-forever-kopija-kopija-kopija-2\/#breadcrumb","itemListElement":[{"@type":"ListItem","position":1,"name":"Home","item":"https:\/\/owlstales.eu\/lt\/pradzia\/"},{"@type":"ListItem","position":2,"name":"Parduotuv\u0117","item":"https:\/\/owlstales.eu\/lt\/parduotuve\/"},{"@type":"ListItem","position":3,"name":"Vyri\u0161kas d\u017eemperis su gobtuvu OWLS TALES Everyday"}]},{"@type":"WebSite","@id":"https:\/\/owlstales.eu\/lt\/#website","url":"https:\/\/owlstales.eu\/lt\/","name":"P\u016bces pasakas","description":"GR\u0100MATAS | PDF | AUDIOIZR\u0100DES | PASAKAS","publisher":{"@id":"https:\/\/owlstales.eu\/lt\/#organization"},"alternateName":"owls tales","potentialAction":[{"@type":"SearchAction","target":{"@type":"EntryPoint","urlTemplate":"https:\/\/owlstales.eu\/lt\/?s={search_term_string}"},"query-input":{"@type":"PropertyValueSpecification","valueRequired":true,"valueName":"search_term_string"}}],"inLanguage":"lt-LT"},{"@type":"Organization","@id":"https:\/\/owlstales.eu\/lt\/#organization","name":"P\u016bces pasakas","url":"https:\/\/owlstales.eu\/lt\/","logo":{"@type":"ImageObject","inLanguage":"lt-LT","@id":"https:\/\/owlstales.eu\/lt\/#\/schema\/logo\/image\/","url":"https:\/\/owlstales.eu\/wp-content\/uploads\/2026\/03\/owl_logo_ok.webp","contentUrl":"https:\/\/owlstales.eu\/wp-content\/uploads\/2026\/03\/owl_logo_ok.webp","width":512,"height":512,"caption":"P\u016bces pasakas"},"image":{"@id":"https:\/\/owlstales.eu\/lt\/#\/schema\/logo\/image\/"},"sameAs":["https:\/\/www.facebook.com\/owlstales.eu\/"],"description":"Pasakas b\u0113rniem, pal\u012bgmateri\u0101li skolot\u0101jiem.","email":"projekts.library@gmail.com","telephone":"+371 20923022","legalName":"ELENAS LIBRARY SIA","foundingDate":"2025-03-01","vatID":"LV402036769410","taxID":"402036769410","numberOfEmployees":{"@type":"QuantitativeValue","minValue":"1","maxValue":"10"}}]},"og_availability":"instock","product_availability":"instock","product_retailer_item_id":"hudijs_vir_basic1","product_condition":"new"},"_links":{"self":[{"href":"https:\/\/owlstales.eu\/lt\/wp-json\/wp\/v2\/product\/2336","targetHints":{"allow":["GET"]}}],"collection":[{"href":"https:\/\/owlstales.eu\/lt\/wp-json\/wp\/v2\/product"}],"about":[{"href":"https:\/\/owlstales.eu\/lt\/wp-json\/wp\/v2\/types\/product"}],"replies":[{"embeddable":true,"href":"https:\/\/owlstales.eu\/lt\/wp-json\/wp\/v2\/comments?post=2336"}],"wp:featuredmedia":[{"embeddable":true,"href":"https:\/\/owlstales.eu\/lt\/wp-json\/wp\/v2\/media\/2350"}],"wp:attachment":[{"href":"https:\/\/owlstales.eu\/lt\/wp-json\/wp\/v2\/media?parent=2336"}],"wp:term":[{"taxonomy":"product_brand","embeddable":true,"href":"https:\/\/owlstales.eu\/lt\/wp-json\/wp\/v2\/product_brand?post=2336"},{"taxonomy":"product_cat","embeddable":true,"href":"https:\/\/owlstales.eu\/lt\/wp-json\/wp\/v2\/product_cat?post=2336"},{"taxonomy":"product_tag","embeddable":true,"href":"https:\/\/owlstales.eu\/lt\/wp-json\/wp\/v2\/product_tag?post=2336"}],"curies":[{"name":"wp","href":"https:\/\/api.w.org\/{rel}","templated":true}]}}