{"id":2301,"date":"2026-03-04T17:11:46","date_gmt":"2026-03-04T15:11:46","guid":{"rendered":"https:\/\/owlstales.eu\/?post_type=product&#038;p=2301"},"modified":"2026-04-02T10:02:07","modified_gmt":"2026-04-02T08:02:07","slug":"vaikiskas-dzemperis-su-gobtuvu-owls-tales-forever-kopija-kopija-kopija","status":"publish","type":"product","link":"https:\/\/owlstales.eu\/lt\/produktas\/vaikiskas-dzemperis-su-gobtuvu-owls-tales-forever-kopija-kopija-kopija\/","title":{"rendered":"Vaiki\u0161kas d\u017eemperis su gobtuvu OWLS TALES Everyday"},"content":{"rendered":"<p>Vaiki\u0161kas OWLS TALES Everyday d\u017eemperis su gobtuvu pagamintas naudojant JustHoods d\u017eemper\u012f kaip pagrind\u0105. Patogus ir prakti\u0161kas modelis kasdieniam d\u0117v\u0117jimui \u2014 mokyklai, pasivaik\u0161\u010diojimams ir aktyviai kasdienai. <\/p>\n<p>D\u017eemperis pagamintas i\u0161 mink\u0161to trikota\u017eo audinio su dideliu medviln\u0117s kiekiu, kuris yra patogus kasdieniam d\u0117v\u0117jimui. Uz izstr\u0101d\u0101juma tiek uzkl\u0101ts ori\u0123in\u0101ls OWLS TALES apdrukas dizains. Uz izstr\u0101d\u0101juma tiek uzkl\u0101ts ori\u0123in\u0101ls OWLS TALES apdrukas dizains. <\/p>\n<p><img decoding=\"async\" class=\"wp-image-1830 aligncenter\" src=\"https:\/\/owlstales.eu\/wp-content\/uploads\/2026\/02\/IzmeriHudijiPremiumBernu-300x75.png\" alt=\"\" width=\"396\" height=\"99\" srcset=\"https:\/\/owlstales.eu\/wp-content\/uploads\/2026\/02\/IzmeriHudijiPremiumBernu-300x75.png 300w, https:\/\/owlstales.eu\/wp-content\/uploads\/2026\/02\/IzmeriHudijiPremiumBernu-1024x255.png 1024w, https:\/\/owlstales.eu\/wp-content\/uploads\/2026\/02\/IzmeriHudijiPremiumBernu-768x191.png 768w, https:\/\/owlstales.eu\/wp-content\/uploads\/2026\/02\/IzmeriHudijiPremiumBernu-600x149.png 600w, https:\/\/owlstales.eu\/wp-content\/uploads\/2026\/02\/IzmeriHudijiPremiumBernu.png 1046w\" sizes=\"(max-width: 396px) 100vw, 396px\" \/><\/p>\n","protected":false},"excerpt":{"rendered":"<p>Modelis: OWLS TALES Forever<br \/>\u2028Spaudinys: OWLS TALES \u201eSkraidantis peliukas\u201d\u2028<br \/>Tipas: d\u017eemperis su gobtuvu\u2028<br \/>Pagrindinis d\u017eemperis: SOL&#8217;S (vyri\u0161kas modelis)\u2028<br \/>Sud\u0117tis: 80 % medviln\u0117, 20 % poliesteris\u2028<br \/>Audinio tankis: apie 280 g\/m\u00b2\u2028<br \/>Spauda: auk\u0161tos kokyb\u0117s patvari skaitmenin\u0117 spauda<br \/>\u2028Dyd\u017eiai: XS\u20133XL\u2028Prie\u017ei\u016bra: skalbti skalbimo ma\u0161inoje \u012fprastu re\u017eimu<\/p>\n","protected":false},"featured_media":2328,"comment_status":"open","ping_status":"closed","template":"","meta":[],"product_brand":[],"product_cat":[104,103,138],"product_tag":[],"class_list":{"0":"post-2301","1":"product","2":"type-product","3":"status-publish","4":"has-post-thumbnail","6":"product_cat-gobtuvai","7":"product_cat-kolekcijos-su-musu-simbolika","8":"product_cat-skraidantis-peliukas","9":"pa_krasa-burgundy","10":"pa_krasa-navy","12":"first","13":"instock","14":"taxable","15":"shipping-taxable","16":"purchasable","17":"product-type-variable"},"yoast_head":"<!-- This site is optimized with the Yoast SEO Premium plugin v27.1 (Yoast SEO v27.4) - https:\/\/yoast.com\/product\/yoast-seo-premium-wordpress\/ -->\n<title>Vaiki\u0161kas d\u017eemperis su gobtuvu OWLS TALES Everyday - P\u016bces pasakas<\/title>\n<meta name=\"description\" content=\"D\u017eemperis pagamintas i\u0161 mink\u0161to trikota\u017eo audinio su dideliu medviln\u0117s kiekiu, kuris yra patogus kasdieniam d\u0117v\u0117jimui.\" \/>\n<meta name=\"robots\" content=\"index, follow, max-snippet:-1, max-image-preview:large, max-video-preview:-1\" \/>\n<link rel=\"canonical\" href=\"https:\/\/owlstales.eu\/lt\/produktas\/vaikiskas-dzemperis-su-gobtuvu-owls-tales-forever-kopija-kopija-kopija\/\" \/>\n<meta property=\"og:locale\" content=\"lt_LT\" \/>\n<meta property=\"og:type\" content=\"article\" \/>\n<meta property=\"og:title\" content=\"Vaiki\u0161kas d\u017eemperis su gobtuvu OWLS TALES Everyday\" \/>\n<meta property=\"og:description\" content=\"D\u017eemperis pagamintas i\u0161 mink\u0161to trikota\u017eo audinio su dideliu medviln\u0117s kiekiu, kuris yra patogus kasdieniam d\u0117v\u0117jimui.\" \/>\n<meta property=\"og:url\" content=\"https:\/\/owlstales.eu\/lt\/produktas\/vaikiskas-dzemperis-su-gobtuvu-owls-tales-forever-kopija-kopija-kopija\/\" \/>\n<meta property=\"og:site_name\" content=\"P\u016bces pasakas\" \/>\n<meta property=\"article:publisher\" content=\"https:\/\/www.facebook.com\/owlstales.eu\/\" \/>\n<meta property=\"article:modified_time\" content=\"2026-04-02T08:02:07+00:00\" \/>\n<meta property=\"og:image\" content=\"https:\/\/owlstales.eu\/wp-content\/uploads\/2026\/03\/ber_navy_basic.webp\" \/>\n\t<meta property=\"og:image:width\" content=\"1024\" \/>\n\t<meta property=\"og:image:height\" content=\"1024\" \/>\n\t<meta property=\"og:image:type\" content=\"image\/webp\" \/>\n<meta name=\"twitter:card\" content=\"summary_large_image\" \/>\n<meta name=\"twitter:label1\" content=\"Availability\" \/>\n\t<meta name=\"twitter:data1\" content=\"In stock\" \/>\n<script type=\"application\/ld+json\" class=\"yoast-schema-graph\">{\"@context\":\"https:\\\/\\\/schema.org\",\"@graph\":[{\"@type\":\"WebPage\",\"@id\":\"https:\\\/\\\/owlstales.eu\\\/lt\\\/produktas\\\/vaikiskas-dzemperis-su-gobtuvu-owls-tales-forever-kopija-kopija-kopija\\\/\",\"url\":\"https:\\\/\\\/owlstales.eu\\\/lt\\\/produktas\\\/vaikiskas-dzemperis-su-gobtuvu-owls-tales-forever-kopija-kopija-kopija\\\/\",\"name\":\"Vaiki\u0161kas d\u017eemperis su gobtuvu OWLS TALES Everyday - P\u016bces pasakas\",\"isPartOf\":{\"@id\":\"https:\\\/\\\/owlstales.eu\\\/lt\\\/#website\"},\"primaryImageOfPage\":{\"@id\":\"https:\\\/\\\/owlstales.eu\\\/lt\\\/produktas\\\/vaikiskas-dzemperis-su-gobtuvu-owls-tales-forever-kopija-kopija-kopija\\\/#primaryimage\"},\"image\":{\"@id\":\"https:\\\/\\\/owlstales.eu\\\/lt\\\/produktas\\\/vaikiskas-dzemperis-su-gobtuvu-owls-tales-forever-kopija-kopija-kopija\\\/#primaryimage\"},\"thumbnailUrl\":\"https:\\\/\\\/owlstales.eu\\\/wp-content\\\/uploads\\\/2026\\\/03\\\/ber_navy_basic.webp\",\"datePublished\":\"2026-03-04T15:11:46+00:00\",\"dateModified\":\"2026-04-02T08:02:07+00:00\",\"description\":\"D\u017eemperis pagamintas i\u0161 mink\u0161to trikota\u017eo audinio su dideliu medviln\u0117s kiekiu, kuris yra patogus kasdieniam d\u0117v\u0117jimui.\",\"breadcrumb\":{\"@id\":\"https:\\\/\\\/owlstales.eu\\\/lt\\\/produktas\\\/vaikiskas-dzemperis-su-gobtuvu-owls-tales-forever-kopija-kopija-kopija\\\/#breadcrumb\"},\"inLanguage\":\"lt-LT\",\"potentialAction\":[{\"@type\":\"ReadAction\",\"target\":[\"https:\\\/\\\/owlstales.eu\\\/lt\\\/produktas\\\/vaikiskas-dzemperis-su-gobtuvu-owls-tales-forever-kopija-kopija-kopija\\\/\"]}]},{\"@type\":\"ImageObject\",\"inLanguage\":\"lt-LT\",\"@id\":\"https:\\\/\\\/owlstales.eu\\\/lt\\\/produktas\\\/vaikiskas-dzemperis-su-gobtuvu-owls-tales-forever-kopija-kopija-kopija\\\/#primaryimage\",\"url\":\"https:\\\/\\\/owlstales.eu\\\/wp-content\\\/uploads\\\/2026\\\/03\\\/ber_navy_basic.webp\",\"contentUrl\":\"https:\\\/\\\/owlstales.eu\\\/wp-content\\\/uploads\\\/2026\\\/03\\\/ber_navy_basic.webp\",\"width\":1024,\"height\":1024},{\"@type\":\"BreadcrumbList\",\"@id\":\"https:\\\/\\\/owlstales.eu\\\/lt\\\/produktas\\\/vaikiskas-dzemperis-su-gobtuvu-owls-tales-forever-kopija-kopija-kopija\\\/#breadcrumb\",\"itemListElement\":[{\"@type\":\"ListItem\",\"position\":1,\"name\":\"Home\",\"item\":\"https:\\\/\\\/owlstales.eu\\\/lt\\\/pradzia\\\/\"},{\"@type\":\"ListItem\",\"position\":2,\"name\":\"Parduotuv\u0117\",\"item\":\"https:\\\/\\\/owlstales.eu\\\/lt\\\/parduotuve\\\/\"},{\"@type\":\"ListItem\",\"position\":3,\"name\":\"Vaiki\u0161kas d\u017eemperis su gobtuvu OWLS TALES Everyday\"}]},{\"@type\":\"WebSite\",\"@id\":\"https:\\\/\\\/owlstales.eu\\\/lt\\\/#website\",\"url\":\"https:\\\/\\\/owlstales.eu\\\/lt\\\/\",\"name\":\"P\u016bces pasakas\",\"description\":\"GR\u0100MATAS | PDF | AUDIOIZR\u0100DES | PASAKAS\",\"publisher\":{\"@id\":\"https:\\\/\\\/owlstales.eu\\\/lt\\\/#organization\"},\"alternateName\":\"owls tales\",\"potentialAction\":[{\"@type\":\"SearchAction\",\"target\":{\"@type\":\"EntryPoint\",\"urlTemplate\":\"https:\\\/\\\/owlstales.eu\\\/lt\\\/?s={search_term_string}\"},\"query-input\":{\"@type\":\"PropertyValueSpecification\",\"valueRequired\":true,\"valueName\":\"search_term_string\"}}],\"inLanguage\":\"lt-LT\"},{\"@type\":\"Organization\",\"@id\":\"https:\\\/\\\/owlstales.eu\\\/lt\\\/#organization\",\"name\":\"P\u016bces pasakas\",\"url\":\"https:\\\/\\\/owlstales.eu\\\/lt\\\/\",\"logo\":{\"@type\":\"ImageObject\",\"inLanguage\":\"lt-LT\",\"@id\":\"https:\\\/\\\/owlstales.eu\\\/lt\\\/#\\\/schema\\\/logo\\\/image\\\/\",\"url\":\"https:\\\/\\\/owlstales.eu\\\/wp-content\\\/uploads\\\/2026\\\/03\\\/owl_logo_ok.webp\",\"contentUrl\":\"https:\\\/\\\/owlstales.eu\\\/wp-content\\\/uploads\\\/2026\\\/03\\\/owl_logo_ok.webp\",\"width\":512,\"height\":512,\"caption\":\"P\u016bces pasakas\"},\"image\":{\"@id\":\"https:\\\/\\\/owlstales.eu\\\/lt\\\/#\\\/schema\\\/logo\\\/image\\\/\"},\"sameAs\":[\"https:\\\/\\\/www.facebook.com\\\/owlstales.eu\\\/\"],\"description\":\"Pasakas b\u0113rniem, pal\u012bgmateri\u0101li skolot\u0101jiem.\",\"email\":\"projekts.library@gmail.com\",\"telephone\":\"+371 20923022\",\"legalName\":\"ELENAS LIBRARY SIA\",\"foundingDate\":\"2025-03-01\",\"vatID\":\"LV402036769410\",\"taxID\":\"402036769410\",\"numberOfEmployees\":{\"@type\":\"QuantitativeValue\",\"minValue\":\"1\",\"maxValue\":\"10\"}}]}<\/script>\n<meta property=\"og:availability\" content=\"instock\" \/>\n<meta property=\"product:availability\" content=\"instock\" \/>\n<meta property=\"product:retailer_item_id\" content=\"hudijs_puce_vir-1\" \/>\n<meta property=\"product:condition\" content=\"new\" \/>\n<!-- \/ Yoast SEO Premium plugin. -->","yoast_head_json":{"title":"Vaiki\u0161kas d\u017eemperis su gobtuvu OWLS TALES Everyday - P\u016bces pasakas","description":"D\u017eemperis pagamintas i\u0161 mink\u0161to trikota\u017eo audinio su dideliu medviln\u0117s kiekiu, kuris yra patogus kasdieniam d\u0117v\u0117jimui.","robots":{"index":"index","follow":"follow","max-snippet":"max-snippet:-1","max-image-preview":"max-image-preview:large","max-video-preview":"max-video-preview:-1"},"canonical":"https:\/\/owlstales.eu\/lt\/produktas\/vaikiskas-dzemperis-su-gobtuvu-owls-tales-forever-kopija-kopija-kopija\/","og_locale":"lt_LT","og_type":"article","og_title":"Vaiki\u0161kas d\u017eemperis su gobtuvu OWLS TALES Everyday","og_description":"D\u017eemperis pagamintas i\u0161 mink\u0161to trikota\u017eo audinio su dideliu medviln\u0117s kiekiu, kuris yra patogus kasdieniam d\u0117v\u0117jimui.","og_url":"https:\/\/owlstales.eu\/lt\/produktas\/vaikiskas-dzemperis-su-gobtuvu-owls-tales-forever-kopija-kopija-kopija\/","og_site_name":"P\u016bces pasakas","article_publisher":"https:\/\/www.facebook.com\/owlstales.eu\/","article_modified_time":"2026-04-02T08:02:07+00:00","og_image":[{"width":1024,"height":1024,"url":"https:\/\/owlstales.eu\/wp-content\/uploads\/2026\/03\/ber_navy_basic.webp","type":"image\/webp"}],"twitter_card":"summary_large_image","twitter_misc":{"Availability":"In stock"},"schema":{"@context":"https:\/\/schema.org","@graph":[{"@type":"WebPage","@id":"https:\/\/owlstales.eu\/lt\/produktas\/vaikiskas-dzemperis-su-gobtuvu-owls-tales-forever-kopija-kopija-kopija\/","url":"https:\/\/owlstales.eu\/lt\/produktas\/vaikiskas-dzemperis-su-gobtuvu-owls-tales-forever-kopija-kopija-kopija\/","name":"Vaiki\u0161kas d\u017eemperis su gobtuvu OWLS TALES Everyday - P\u016bces pasakas","isPartOf":{"@id":"https:\/\/owlstales.eu\/lt\/#website"},"primaryImageOfPage":{"@id":"https:\/\/owlstales.eu\/lt\/produktas\/vaikiskas-dzemperis-su-gobtuvu-owls-tales-forever-kopija-kopija-kopija\/#primaryimage"},"image":{"@id":"https:\/\/owlstales.eu\/lt\/produktas\/vaikiskas-dzemperis-su-gobtuvu-owls-tales-forever-kopija-kopija-kopija\/#primaryimage"},"thumbnailUrl":"https:\/\/owlstales.eu\/wp-content\/uploads\/2026\/03\/ber_navy_basic.webp","datePublished":"2026-03-04T15:11:46+00:00","dateModified":"2026-04-02T08:02:07+00:00","description":"D\u017eemperis pagamintas i\u0161 mink\u0161to trikota\u017eo audinio su dideliu medviln\u0117s kiekiu, kuris yra patogus kasdieniam d\u0117v\u0117jimui.","breadcrumb":{"@id":"https:\/\/owlstales.eu\/lt\/produktas\/vaikiskas-dzemperis-su-gobtuvu-owls-tales-forever-kopija-kopija-kopija\/#breadcrumb"},"inLanguage":"lt-LT","potentialAction":[{"@type":"ReadAction","target":["https:\/\/owlstales.eu\/lt\/produktas\/vaikiskas-dzemperis-su-gobtuvu-owls-tales-forever-kopija-kopija-kopija\/"]}]},{"@type":"ImageObject","inLanguage":"lt-LT","@id":"https:\/\/owlstales.eu\/lt\/produktas\/vaikiskas-dzemperis-su-gobtuvu-owls-tales-forever-kopija-kopija-kopija\/#primaryimage","url":"https:\/\/owlstales.eu\/wp-content\/uploads\/2026\/03\/ber_navy_basic.webp","contentUrl":"https:\/\/owlstales.eu\/wp-content\/uploads\/2026\/03\/ber_navy_basic.webp","width":1024,"height":1024},{"@type":"BreadcrumbList","@id":"https:\/\/owlstales.eu\/lt\/produktas\/vaikiskas-dzemperis-su-gobtuvu-owls-tales-forever-kopija-kopija-kopija\/#breadcrumb","itemListElement":[{"@type":"ListItem","position":1,"name":"Home","item":"https:\/\/owlstales.eu\/lt\/pradzia\/"},{"@type":"ListItem","position":2,"name":"Parduotuv\u0117","item":"https:\/\/owlstales.eu\/lt\/parduotuve\/"},{"@type":"ListItem","position":3,"name":"Vaiki\u0161kas d\u017eemperis su gobtuvu OWLS TALES Everyday"}]},{"@type":"WebSite","@id":"https:\/\/owlstales.eu\/lt\/#website","url":"https:\/\/owlstales.eu\/lt\/","name":"P\u016bces pasakas","description":"GR\u0100MATAS | PDF | AUDIOIZR\u0100DES | PASAKAS","publisher":{"@id":"https:\/\/owlstales.eu\/lt\/#organization"},"alternateName":"owls tales","potentialAction":[{"@type":"SearchAction","target":{"@type":"EntryPoint","urlTemplate":"https:\/\/owlstales.eu\/lt\/?s={search_term_string}"},"query-input":{"@type":"PropertyValueSpecification","valueRequired":true,"valueName":"search_term_string"}}],"inLanguage":"lt-LT"},{"@type":"Organization","@id":"https:\/\/owlstales.eu\/lt\/#organization","name":"P\u016bces pasakas","url":"https:\/\/owlstales.eu\/lt\/","logo":{"@type":"ImageObject","inLanguage":"lt-LT","@id":"https:\/\/owlstales.eu\/lt\/#\/schema\/logo\/image\/","url":"https:\/\/owlstales.eu\/wp-content\/uploads\/2026\/03\/owl_logo_ok.webp","contentUrl":"https:\/\/owlstales.eu\/wp-content\/uploads\/2026\/03\/owl_logo_ok.webp","width":512,"height":512,"caption":"P\u016bces pasakas"},"image":{"@id":"https:\/\/owlstales.eu\/lt\/#\/schema\/logo\/image\/"},"sameAs":["https:\/\/www.facebook.com\/owlstales.eu\/"],"description":"Pasakas b\u0113rniem, pal\u012bgmateri\u0101li skolot\u0101jiem.","email":"projekts.library@gmail.com","telephone":"+371 20923022","legalName":"ELENAS LIBRARY SIA","foundingDate":"2025-03-01","vatID":"LV402036769410","taxID":"402036769410","numberOfEmployees":{"@type":"QuantitativeValue","minValue":"1","maxValue":"10"}}]},"og_availability":"instock","product_availability":"instock","product_retailer_item_id":"hudijs_puce_vir-1","product_condition":"new"},"_links":{"self":[{"href":"https:\/\/owlstales.eu\/lt\/wp-json\/wp\/v2\/product\/2301","targetHints":{"allow":["GET"]}}],"collection":[{"href":"https:\/\/owlstales.eu\/lt\/wp-json\/wp\/v2\/product"}],"about":[{"href":"https:\/\/owlstales.eu\/lt\/wp-json\/wp\/v2\/types\/product"}],"replies":[{"embeddable":true,"href":"https:\/\/owlstales.eu\/lt\/wp-json\/wp\/v2\/comments?post=2301"}],"wp:featuredmedia":[{"embeddable":true,"href":"https:\/\/owlstales.eu\/lt\/wp-json\/wp\/v2\/media\/2328"}],"wp:attachment":[{"href":"https:\/\/owlstales.eu\/lt\/wp-json\/wp\/v2\/media?parent=2301"}],"wp:term":[{"taxonomy":"product_brand","embeddable":true,"href":"https:\/\/owlstales.eu\/lt\/wp-json\/wp\/v2\/product_brand?post=2301"},{"taxonomy":"product_cat","embeddable":true,"href":"https:\/\/owlstales.eu\/lt\/wp-json\/wp\/v2\/product_cat?post=2301"},{"taxonomy":"product_tag","embeddable":true,"href":"https:\/\/owlstales.eu\/lt\/wp-json\/wp\/v2\/product_tag?post=2301"}],"curies":[{"name":"wp","href":"https:\/\/api.w.org\/{rel}","templated":true}]}}