{"id":1898,"date":"2026-03-03T10:42:28","date_gmt":"2026-03-03T08:42:28","guid":{"rendered":"https:\/\/owlstales.eu\/product\/vaikiskas-dzemperis-su-gobtuvu-owls-tales-forever\/"},"modified":"2026-04-01T14:07:47","modified_gmt":"2026-04-01T12:07:47","slug":"vaikiskas-dzemperis-su-gobtuvu-owls-tales-forever","status":"publish","type":"product","link":"https:\/\/owlstales.eu\/lt\/produktas\/vaikiskas-dzemperis-su-gobtuvu-owls-tales-forever\/","title":{"rendered":"Vaiki\u0161kas d\u017eemperis su gobtuvu OWLS TALES Forever"},"content":{"rendered":"<p>Vaiki\u0161kas d\u017eemperis su gobtuvu OWLS TALES Forever pagamintas naudojant auk\u0161tos kokyb\u0117s SOL&#8217;S d\u017eemper\u012f kaip pagrind\u0105. Vaiki\u0161kas d\u017eemperis su gobtuvu OWLS TALES Forever pagamintas naudojant auk\u0161tos kokyb\u0117s SOL&#8217;S d\u017eemper\u012f kaip pagrind\u0105. Modelis pasi\u017eymi tvarkingu kirpimu, gerai i\u0161laiko form\u0105 ir i\u0161laiko reprezentatyvi\u0105 i\u0161vaizd\u0105 reguliariai d\u0117vint. Tinka mokyklai, pasivaik\u0161\u010diojimams ir kasdieniam d\u0117v\u0117jimui.<br \/>\nD\u017eemperis pagamintas i\u0161 mink\u0161to, tankaus trikota\u017eo su dideliu medviln\u0117s kiekiu, kuris yra patogus kasdieniam d\u0117v\u0117jimui. Ant gaminio spaudinamas originalus OWLS TALES dizainas.<br \/>\n<img fetchpriority=\"high\" decoding=\"async\" class=\"wp-image-1830 aligncenter\" src=\"https:\/\/owlstales.eu\/wp-content\/uploads\/2026\/02\/IzmeriHudijiPremiumBernu-300x75.png\" alt=\"\" width=\"740\" height=\"185\" srcset=\"https:\/\/owlstales.eu\/wp-content\/uploads\/2026\/02\/IzmeriHudijiPremiumBernu-300x75.png 300w, https:\/\/owlstales.eu\/wp-content\/uploads\/2026\/02\/IzmeriHudijiPremiumBernu-1024x255.png 1024w, https:\/\/owlstales.eu\/wp-content\/uploads\/2026\/02\/IzmeriHudijiPremiumBernu-768x191.png 768w, https:\/\/owlstales.eu\/wp-content\/uploads\/2026\/02\/IzmeriHudijiPremiumBernu-600x149.png 600w, https:\/\/owlstales.eu\/wp-content\/uploads\/2026\/02\/IzmeriHudijiPremiumBernu.png 1046w\" sizes=\"(max-width: 740px) 100vw, 740px\" \/><\/p>\n","protected":false},"excerpt":{"rendered":"<p>Modelis: OWLS TALES Forever\u2028<br \/>Spaudinys: OWLS TALES \u201eSkraidantis peliukas\u201c<br \/>\u2028Tipas: d\u017eemperis su gobtuvu\u2028<br \/>Pagrindinis d\u017eemperis: SOL&#8217;S\u2028<br \/>Sud\u0117tis: 80 % medviln\u0117, 20 % poliesteris\u2028<br \/>Audinio tankis: apie 280 g\/m\u00b2\u2028<br \/>Spauda: kokybi\u0161ka tekstil\u0117s spauda\u2028<br \/>Dyd\u017eiai: vaiki\u0161ki dyd\u017eiai ma\u017edaug 4\u201312 met\u0173\u2028<br \/>Prie\u017ei\u016bra: skalbti skalbimo ma\u0161inoje \u012fprastu re\u017eimu<\/p>\n","protected":false},"featured_media":1896,"comment_status":"open","ping_status":"closed","template":"","meta":[],"product_brand":[],"product_cat":[104,103,138],"product_tag":[],"class_list":{"0":"post-1898","1":"product","2":"type-product","3":"status-publish","4":"has-post-thumbnail","6":"product_cat-gobtuvai","7":"product_cat-kolekcijos-su-musu-simbolika","8":"product_cat-skraidantis-peliukas","9":"pa_krasa-burgundy","10":"pa_krasa-navy","12":"first","13":"instock","14":"taxable","15":"shipping-taxable","16":"purchasable","17":"product-type-variable"},"yoast_head":"<!-- This site is optimized with the Yoast SEO Premium plugin v27.1 (Yoast SEO v27.4) - https:\/\/yoast.com\/product\/yoast-seo-premium-wordpress\/ -->\n<title>Vaiki\u0161kas d\u017eemperis su gobtuvu OWLS TALES Forever - P\u016bces pasakas<\/title>\n<meta name=\"description\" content=\"Vaiki\u0161kas d\u017eemperis su gobtuvu OWLS TALES Forever pagamintas naudojant auk\u0161tos kokyb\u0117s SOL&#039;S d\u017eemper\u012f kaip pagrind\u0105. H\u016bdijs izgatavots no m\u012bksta, bl\u012bva trikot\u0101\u017eas auduma.\" \/>\n<meta name=\"robots\" content=\"index, follow, max-snippet:-1, max-image-preview:large, max-video-preview:-1\" \/>\n<link rel=\"canonical\" href=\"https:\/\/owlstales.eu\/lt\/produktas\/vaikiskas-dzemperis-su-gobtuvu-owls-tales-forever\/\" \/>\n<meta property=\"og:locale\" content=\"lt_LT\" \/>\n<meta property=\"og:type\" content=\"article\" \/>\n<meta property=\"og:title\" content=\"Vaiki\u0161kas d\u017eemperis su gobtuvu OWLS TALES Forever\" \/>\n<meta property=\"og:description\" content=\"Vaiki\u0161kas d\u017eemperis su gobtuvu OWLS TALES Forever pagamintas naudojant auk\u0161tos kokyb\u0117s SOL&#039;S d\u017eemper\u012f kaip pagrind\u0105. H\u016bdijs izgatavots no m\u012bksta, bl\u012bva trikot\u0101\u017eas auduma.\" \/>\n<meta property=\"og:url\" content=\"https:\/\/owlstales.eu\/lt\/produktas\/vaikiskas-dzemperis-su-gobtuvu-owls-tales-forever\/\" \/>\n<meta property=\"og:site_name\" content=\"P\u016bces pasakas\" \/>\n<meta property=\"article:publisher\" content=\"https:\/\/www.facebook.com\/owlstales.eu\/\" \/>\n<meta property=\"article:modified_time\" content=\"2026-04-01T12:07:47+00:00\" \/>\n<meta property=\"og:image\" content=\"https:\/\/owlstales.eu\/wp-content\/uploads\/2026\/03\/Hudijs_puce_navy.webp\" \/>\n\t<meta property=\"og:image:width\" content=\"1024\" \/>\n\t<meta property=\"og:image:height\" content=\"1024\" \/>\n\t<meta property=\"og:image:type\" content=\"image\/webp\" \/>\n<meta name=\"twitter:card\" content=\"summary_large_image\" \/>\n<meta name=\"twitter:label1\" content=\"Availability\" \/>\n\t<meta name=\"twitter:data1\" content=\"In stock\" \/>\n<script type=\"application\/ld+json\" class=\"yoast-schema-graph\">{\"@context\":\"https:\\\/\\\/schema.org\",\"@graph\":[{\"@type\":\"WebPage\",\"@id\":\"https:\\\/\\\/owlstales.eu\\\/lt\\\/produktas\\\/vaikiskas-dzemperis-su-gobtuvu-owls-tales-forever\\\/\",\"url\":\"https:\\\/\\\/owlstales.eu\\\/lt\\\/produktas\\\/vaikiskas-dzemperis-su-gobtuvu-owls-tales-forever\\\/\",\"name\":\"Vaiki\u0161kas d\u017eemperis su gobtuvu OWLS TALES Forever - P\u016bces pasakas\",\"isPartOf\":{\"@id\":\"https:\\\/\\\/owlstales.eu\\\/lt\\\/#website\"},\"primaryImageOfPage\":{\"@id\":\"https:\\\/\\\/owlstales.eu\\\/lt\\\/produktas\\\/vaikiskas-dzemperis-su-gobtuvu-owls-tales-forever\\\/#primaryimage\"},\"image\":{\"@id\":\"https:\\\/\\\/owlstales.eu\\\/lt\\\/produktas\\\/vaikiskas-dzemperis-su-gobtuvu-owls-tales-forever\\\/#primaryimage\"},\"thumbnailUrl\":\"https:\\\/\\\/owlstales.eu\\\/wp-content\\\/uploads\\\/2026\\\/03\\\/Hudijs_puce_navy.webp\",\"datePublished\":\"2026-03-03T08:42:28+00:00\",\"dateModified\":\"2026-04-01T12:07:47+00:00\",\"description\":\"Vaiki\u0161kas d\u017eemperis su gobtuvu OWLS TALES Forever pagamintas naudojant auk\u0161tos kokyb\u0117s SOL'S d\u017eemper\u012f kaip pagrind\u0105. H\u016bdijs izgatavots no m\u012bksta, bl\u012bva trikot\u0101\u017eas auduma.\",\"breadcrumb\":{\"@id\":\"https:\\\/\\\/owlstales.eu\\\/lt\\\/produktas\\\/vaikiskas-dzemperis-su-gobtuvu-owls-tales-forever\\\/#breadcrumb\"},\"inLanguage\":\"lt-LT\",\"potentialAction\":[{\"@type\":\"ReadAction\",\"target\":[\"https:\\\/\\\/owlstales.eu\\\/lt\\\/produktas\\\/vaikiskas-dzemperis-su-gobtuvu-owls-tales-forever\\\/\"]}]},{\"@type\":\"ImageObject\",\"inLanguage\":\"lt-LT\",\"@id\":\"https:\\\/\\\/owlstales.eu\\\/lt\\\/produktas\\\/vaikiskas-dzemperis-su-gobtuvu-owls-tales-forever\\\/#primaryimage\",\"url\":\"https:\\\/\\\/owlstales.eu\\\/wp-content\\\/uploads\\\/2026\\\/03\\\/Hudijs_puce_navy.webp\",\"contentUrl\":\"https:\\\/\\\/owlstales.eu\\\/wp-content\\\/uploads\\\/2026\\\/03\\\/Hudijs_puce_navy.webp\",\"width\":1024,\"height\":1024},{\"@type\":\"BreadcrumbList\",\"@id\":\"https:\\\/\\\/owlstales.eu\\\/lt\\\/produktas\\\/vaikiskas-dzemperis-su-gobtuvu-owls-tales-forever\\\/#breadcrumb\",\"itemListElement\":[{\"@type\":\"ListItem\",\"position\":1,\"name\":\"Home\",\"item\":\"https:\\\/\\\/owlstales.eu\\\/lt\\\/pradzia\\\/\"},{\"@type\":\"ListItem\",\"position\":2,\"name\":\"Parduotuv\u0117\",\"item\":\"https:\\\/\\\/owlstales.eu\\\/lt\\\/parduotuve\\\/\"},{\"@type\":\"ListItem\",\"position\":3,\"name\":\"Vaiki\u0161kas d\u017eemperis su gobtuvu OWLS TALES Forever\"}]},{\"@type\":\"WebSite\",\"@id\":\"https:\\\/\\\/owlstales.eu\\\/lt\\\/#website\",\"url\":\"https:\\\/\\\/owlstales.eu\\\/lt\\\/\",\"name\":\"P\u016bces pasakas\",\"description\":\"GR\u0100MATAS | PDF | AUDIOIZR\u0100DES | PASAKAS\",\"publisher\":{\"@id\":\"https:\\\/\\\/owlstales.eu\\\/lt\\\/#organization\"},\"alternateName\":\"owls tales\",\"potentialAction\":[{\"@type\":\"SearchAction\",\"target\":{\"@type\":\"EntryPoint\",\"urlTemplate\":\"https:\\\/\\\/owlstales.eu\\\/lt\\\/?s={search_term_string}\"},\"query-input\":{\"@type\":\"PropertyValueSpecification\",\"valueRequired\":true,\"valueName\":\"search_term_string\"}}],\"inLanguage\":\"lt-LT\"},{\"@type\":\"Organization\",\"@id\":\"https:\\\/\\\/owlstales.eu\\\/lt\\\/#organization\",\"name\":\"P\u016bces pasakas\",\"url\":\"https:\\\/\\\/owlstales.eu\\\/lt\\\/\",\"logo\":{\"@type\":\"ImageObject\",\"inLanguage\":\"lt-LT\",\"@id\":\"https:\\\/\\\/owlstales.eu\\\/lt\\\/#\\\/schema\\\/logo\\\/image\\\/\",\"url\":\"https:\\\/\\\/owlstales.eu\\\/wp-content\\\/uploads\\\/2026\\\/03\\\/owl_logo_ok.webp\",\"contentUrl\":\"https:\\\/\\\/owlstales.eu\\\/wp-content\\\/uploads\\\/2026\\\/03\\\/owl_logo_ok.webp\",\"width\":512,\"height\":512,\"caption\":\"P\u016bces pasakas\"},\"image\":{\"@id\":\"https:\\\/\\\/owlstales.eu\\\/lt\\\/#\\\/schema\\\/logo\\\/image\\\/\"},\"sameAs\":[\"https:\\\/\\\/www.facebook.com\\\/owlstales.eu\\\/\"],\"description\":\"Pasakas b\u0113rniem, pal\u012bgmateri\u0101li skolot\u0101jiem.\",\"email\":\"projekts.library@gmail.com\",\"telephone\":\"+371 20923022\",\"legalName\":\"ELENAS LIBRARY SIA\",\"foundingDate\":\"2025-03-01\",\"vatID\":\"LV402036769410\",\"taxID\":\"402036769410\",\"numberOfEmployees\":{\"@type\":\"QuantitativeValue\",\"minValue\":\"1\",\"maxValue\":\"10\"}}]}<\/script>\n<meta property=\"og:availability\" content=\"instock\" \/>\n<meta property=\"product:availability\" content=\"instock\" \/>\n<meta property=\"product:retailer_item_id\" content=\"hudijs_puce\" \/>\n<meta property=\"product:condition\" content=\"new\" \/>\n<!-- \/ Yoast SEO Premium plugin. -->","yoast_head_json":{"title":"Vaiki\u0161kas d\u017eemperis su gobtuvu OWLS TALES Forever - P\u016bces pasakas","description":"Vaiki\u0161kas d\u017eemperis su gobtuvu OWLS TALES Forever pagamintas naudojant auk\u0161tos kokyb\u0117s SOL'S d\u017eemper\u012f kaip pagrind\u0105. H\u016bdijs izgatavots no m\u012bksta, bl\u012bva trikot\u0101\u017eas auduma.","robots":{"index":"index","follow":"follow","max-snippet":"max-snippet:-1","max-image-preview":"max-image-preview:large","max-video-preview":"max-video-preview:-1"},"canonical":"https:\/\/owlstales.eu\/lt\/produktas\/vaikiskas-dzemperis-su-gobtuvu-owls-tales-forever\/","og_locale":"lt_LT","og_type":"article","og_title":"Vaiki\u0161kas d\u017eemperis su gobtuvu OWLS TALES Forever","og_description":"Vaiki\u0161kas d\u017eemperis su gobtuvu OWLS TALES Forever pagamintas naudojant auk\u0161tos kokyb\u0117s SOL'S d\u017eemper\u012f kaip pagrind\u0105. H\u016bdijs izgatavots no m\u012bksta, bl\u012bva trikot\u0101\u017eas auduma.","og_url":"https:\/\/owlstales.eu\/lt\/produktas\/vaikiskas-dzemperis-su-gobtuvu-owls-tales-forever\/","og_site_name":"P\u016bces pasakas","article_publisher":"https:\/\/www.facebook.com\/owlstales.eu\/","article_modified_time":"2026-04-01T12:07:47+00:00","og_image":[{"width":1024,"height":1024,"url":"https:\/\/owlstales.eu\/wp-content\/uploads\/2026\/03\/Hudijs_puce_navy.webp","type":"image\/webp"}],"twitter_card":"summary_large_image","twitter_misc":{"Availability":"In stock"},"schema":{"@context":"https:\/\/schema.org","@graph":[{"@type":"WebPage","@id":"https:\/\/owlstales.eu\/lt\/produktas\/vaikiskas-dzemperis-su-gobtuvu-owls-tales-forever\/","url":"https:\/\/owlstales.eu\/lt\/produktas\/vaikiskas-dzemperis-su-gobtuvu-owls-tales-forever\/","name":"Vaiki\u0161kas d\u017eemperis su gobtuvu OWLS TALES Forever - P\u016bces pasakas","isPartOf":{"@id":"https:\/\/owlstales.eu\/lt\/#website"},"primaryImageOfPage":{"@id":"https:\/\/owlstales.eu\/lt\/produktas\/vaikiskas-dzemperis-su-gobtuvu-owls-tales-forever\/#primaryimage"},"image":{"@id":"https:\/\/owlstales.eu\/lt\/produktas\/vaikiskas-dzemperis-su-gobtuvu-owls-tales-forever\/#primaryimage"},"thumbnailUrl":"https:\/\/owlstales.eu\/wp-content\/uploads\/2026\/03\/Hudijs_puce_navy.webp","datePublished":"2026-03-03T08:42:28+00:00","dateModified":"2026-04-01T12:07:47+00:00","description":"Vaiki\u0161kas d\u017eemperis su gobtuvu OWLS TALES Forever pagamintas naudojant auk\u0161tos kokyb\u0117s SOL'S d\u017eemper\u012f kaip pagrind\u0105. H\u016bdijs izgatavots no m\u012bksta, bl\u012bva trikot\u0101\u017eas auduma.","breadcrumb":{"@id":"https:\/\/owlstales.eu\/lt\/produktas\/vaikiskas-dzemperis-su-gobtuvu-owls-tales-forever\/#breadcrumb"},"inLanguage":"lt-LT","potentialAction":[{"@type":"ReadAction","target":["https:\/\/owlstales.eu\/lt\/produktas\/vaikiskas-dzemperis-su-gobtuvu-owls-tales-forever\/"]}]},{"@type":"ImageObject","inLanguage":"lt-LT","@id":"https:\/\/owlstales.eu\/lt\/produktas\/vaikiskas-dzemperis-su-gobtuvu-owls-tales-forever\/#primaryimage","url":"https:\/\/owlstales.eu\/wp-content\/uploads\/2026\/03\/Hudijs_puce_navy.webp","contentUrl":"https:\/\/owlstales.eu\/wp-content\/uploads\/2026\/03\/Hudijs_puce_navy.webp","width":1024,"height":1024},{"@type":"BreadcrumbList","@id":"https:\/\/owlstales.eu\/lt\/produktas\/vaikiskas-dzemperis-su-gobtuvu-owls-tales-forever\/#breadcrumb","itemListElement":[{"@type":"ListItem","position":1,"name":"Home","item":"https:\/\/owlstales.eu\/lt\/pradzia\/"},{"@type":"ListItem","position":2,"name":"Parduotuv\u0117","item":"https:\/\/owlstales.eu\/lt\/parduotuve\/"},{"@type":"ListItem","position":3,"name":"Vaiki\u0161kas d\u017eemperis su gobtuvu OWLS TALES Forever"}]},{"@type":"WebSite","@id":"https:\/\/owlstales.eu\/lt\/#website","url":"https:\/\/owlstales.eu\/lt\/","name":"P\u016bces pasakas","description":"GR\u0100MATAS | PDF | AUDIOIZR\u0100DES | PASAKAS","publisher":{"@id":"https:\/\/owlstales.eu\/lt\/#organization"},"alternateName":"owls tales","potentialAction":[{"@type":"SearchAction","target":{"@type":"EntryPoint","urlTemplate":"https:\/\/owlstales.eu\/lt\/?s={search_term_string}"},"query-input":{"@type":"PropertyValueSpecification","valueRequired":true,"valueName":"search_term_string"}}],"inLanguage":"lt-LT"},{"@type":"Organization","@id":"https:\/\/owlstales.eu\/lt\/#organization","name":"P\u016bces pasakas","url":"https:\/\/owlstales.eu\/lt\/","logo":{"@type":"ImageObject","inLanguage":"lt-LT","@id":"https:\/\/owlstales.eu\/lt\/#\/schema\/logo\/image\/","url":"https:\/\/owlstales.eu\/wp-content\/uploads\/2026\/03\/owl_logo_ok.webp","contentUrl":"https:\/\/owlstales.eu\/wp-content\/uploads\/2026\/03\/owl_logo_ok.webp","width":512,"height":512,"caption":"P\u016bces pasakas"},"image":{"@id":"https:\/\/owlstales.eu\/lt\/#\/schema\/logo\/image\/"},"sameAs":["https:\/\/www.facebook.com\/owlstales.eu\/"],"description":"Pasakas b\u0113rniem, pal\u012bgmateri\u0101li skolot\u0101jiem.","email":"projekts.library@gmail.com","telephone":"+371 20923022","legalName":"ELENAS LIBRARY SIA","foundingDate":"2025-03-01","vatID":"LV402036769410","taxID":"402036769410","numberOfEmployees":{"@type":"QuantitativeValue","minValue":"1","maxValue":"10"}}]},"og_availability":"instock","product_availability":"instock","product_retailer_item_id":"hudijs_puce","product_condition":"new"},"_links":{"self":[{"href":"https:\/\/owlstales.eu\/lt\/wp-json\/wp\/v2\/product\/1898","targetHints":{"allow":["GET"]}}],"collection":[{"href":"https:\/\/owlstales.eu\/lt\/wp-json\/wp\/v2\/product"}],"about":[{"href":"https:\/\/owlstales.eu\/lt\/wp-json\/wp\/v2\/types\/product"}],"replies":[{"embeddable":true,"href":"https:\/\/owlstales.eu\/lt\/wp-json\/wp\/v2\/comments?post=1898"}],"wp:featuredmedia":[{"embeddable":true,"href":"https:\/\/owlstales.eu\/lt\/wp-json\/wp\/v2\/media\/1896"}],"wp:attachment":[{"href":"https:\/\/owlstales.eu\/lt\/wp-json\/wp\/v2\/media?parent=1898"}],"wp:term":[{"taxonomy":"product_brand","embeddable":true,"href":"https:\/\/owlstales.eu\/lt\/wp-json\/wp\/v2\/product_brand?post=1898"},{"taxonomy":"product_cat","embeddable":true,"href":"https:\/\/owlstales.eu\/lt\/wp-json\/wp\/v2\/product_cat?post=1898"},{"taxonomy":"product_tag","embeddable":true,"href":"https:\/\/owlstales.eu\/lt\/wp-json\/wp\/v2\/product_tag?post=1898"}],"curies":[{"name":"wp","href":"https:\/\/api.w.org\/{rel}","templated":true}]}}