{"id":1746,"date":"2026-02-20T12:07:45","date_gmt":"2026-02-20T10:07:45","guid":{"rendered":"https:\/\/owlstales.eu\/product\/skraidantis-peliukas\/"},"modified":"2026-04-14T19:01:40","modified_gmt":"2026-04-14T17:01:40","slug":"skraidantis-peliukas","status":"publish","type":"product","link":"https:\/\/owlstales.eu\/lt\/produktas\/skraidantis-peliukas\/","title":{"rendered":"Audioizr\u0101de \u00abSkraidantis peliukas\u00bb"},"content":{"rendered":"<p>Daugiabalsis garso spektaklis su muzikiniu fonu.<\/p>\n<p>Autor\u0117 \u2014 Je\u013cena Kord\u017eeva<\/p>\n<p>Vaidmenys:<\/p>\n<ul>\n<li>Autors un V\u0101ver\u012bte \u2014 Zaiga \u0160irina<\/li>\n<li>Pel\u0113ns \u2014 Bo\u017eena Prutika<\/li>\n<li>\u016apis un Ez\u012btis \u2014 P\u0101vels Trofimiks<\/li>\n<li>Muzika \u2014 Pavelas Trofimikas<\/li>\n<li>Trukm\u0117 30 min<\/li>\n<li>Formatas MP3<br \/>\nISBN 978-9934-9390-2-0<\/li>\n<\/ul>\n","protected":false},"excerpt":{"rendered":"<p>Istorija apie tai, kad kiekvienas vaikas turi sav\u0173, kartais visai ne\u012fprast\u0173 geb\u0117jim\u0173, o suaugusiojo u\u017eduotis \u2014 pad\u0117ti vaikui atpa\u017einti savo potencial\u0105 ir i\u0161mokti j\u012f panaudoti geriems tikslams.\u2028Peliukas, Voverait\u0117 ir E\u017eiukas savo kelyje sutinka i\u0161minting\u0105 Pel\u0117d\u0105, kuris juos palaiko.\u2028\u201eSkraidantis peliukas\u201c \u2014 ne tik pasaka prie\u0161 mieg\u0105, bet ir puiki proga nuo\u0161ird\u017eiam pokalbiui su vaiku.<br \/>\nGarso spektaklis leid\u017eia vaikams giliau pajusti veik\u0117j\u0173 emocijas ir geriau \u012fsijausti \u012f pasakojimo \u012fvykius.<\/p>\n","protected":false},"featured_media":2575,"comment_status":"open","ping_status":"closed","template":"","meta":[],"product_brand":[],"product_cat":[64,63,138],"product_tag":[],"class_list":{"0":"post-1746","1":"product","2":"type-product","3":"status-publish","4":"has-post-thumbnail","6":"product_cat-garsines-knygos","7":"product_cat-knygos","8":"product_cat-skraidantis-peliukas","9":"pa_valoda-latviu","10":"pa_valoda-lietuviu","11":"pa_valoda-rusu","13":"first","14":"instock","15":"taxable","16":"shipping-taxable","17":"purchasable","18":"product-type-variable"},"yoast_head":"<!-- This site is optimized with the Yoast SEO Premium plugin v27.1 (Yoast SEO v27.4) - https:\/\/yoast.com\/product\/yoast-seo-premium-wordpress\/ -->\n<title>Audioizr\u0101de \u00abSkraidantis peliukas\u00bb - P\u016bces pasakas<\/title>\n<meta name=\"description\" content=\"Istorija apie tai, kad kiekvienas vaikas turi sav\u0173, kartais visai ne\u012fprast\u0173 geb\u0117jim\u0173, o suaugusiojo u\u017eduotis \u2014 pad\u0117ti vaikui atpa\u017einti savo potencial\u0105 ir i\u0161mokti j\u012f panaudoti geriems tikslams.\" \/>\n<meta name=\"robots\" content=\"index, follow, max-snippet:-1, max-image-preview:large, max-video-preview:-1\" \/>\n<link rel=\"canonical\" href=\"https:\/\/owlstales.eu\/lt\/produktas\/skraidantis-peliukas\/\" \/>\n<meta property=\"og:locale\" content=\"lt_LT\" \/>\n<meta property=\"og:type\" content=\"article\" \/>\n<meta property=\"og:title\" content=\"Audioizr\u0101de \u00abSkraidantis peliukas\u00bb\" \/>\n<meta property=\"og:description\" content=\"Istorija apie tai, kad kiekvienas vaikas turi sav\u0173, kartais visai ne\u012fprast\u0173 geb\u0117jim\u0173, o suaugusiojo u\u017eduotis \u2014 pad\u0117ti vaikui atpa\u017einti savo potencial\u0105 ir i\u0161mokti j\u012f panaudoti geriems tikslams.\" \/>\n<meta property=\"og:url\" content=\"https:\/\/owlstales.eu\/lt\/produktas\/skraidantis-peliukas\/\" \/>\n<meta property=\"og:site_name\" content=\"P\u016bces pasakas\" \/>\n<meta property=\"article:publisher\" content=\"https:\/\/www.facebook.com\/owlstales.eu\/\" \/>\n<meta property=\"article:modified_time\" content=\"2026-04-14T17:01:40+00:00\" \/>\n<meta property=\"og:image\" content=\"https:\/\/owlstales.eu\/wp-content\/uploads\/2026\/02\/wly_mouse_mp3.webp\" \/>\n\t<meta property=\"og:image:width\" content=\"1024\" \/>\n\t<meta property=\"og:image:height\" content=\"1024\" \/>\n\t<meta property=\"og:image:type\" content=\"image\/webp\" \/>\n<meta name=\"twitter:card\" content=\"summary_large_image\" \/>\n<meta name=\"twitter:label1\" content=\"Availability\" \/>\n\t<meta name=\"twitter:data1\" content=\"In stock\" \/>\n<script type=\"application\/ld+json\" class=\"yoast-schema-graph\">{\"@context\":\"https:\\\/\\\/schema.org\",\"@graph\":[{\"@type\":\"WebPage\",\"@id\":\"https:\\\/\\\/owlstales.eu\\\/lt\\\/produktas\\\/skraidantis-peliukas\\\/\",\"url\":\"https:\\\/\\\/owlstales.eu\\\/lt\\\/produktas\\\/skraidantis-peliukas\\\/\",\"name\":\"Audioizr\u0101de \u00abSkraidantis peliukas\u00bb - P\u016bces pasakas\",\"isPartOf\":{\"@id\":\"https:\\\/\\\/owlstales.eu\\\/lt\\\/#website\"},\"primaryImageOfPage\":{\"@id\":\"https:\\\/\\\/owlstales.eu\\\/lt\\\/produktas\\\/skraidantis-peliukas\\\/#primaryimage\"},\"image\":{\"@id\":\"https:\\\/\\\/owlstales.eu\\\/lt\\\/produktas\\\/skraidantis-peliukas\\\/#primaryimage\"},\"thumbnailUrl\":\"https:\\\/\\\/owlstales.eu\\\/wp-content\\\/uploads\\\/2026\\\/02\\\/wly_mouse_mp3.webp\",\"datePublished\":\"2026-02-20T10:07:45+00:00\",\"dateModified\":\"2026-04-14T17:01:40+00:00\",\"description\":\"Istorija apie tai, kad kiekvienas vaikas turi sav\u0173, kartais visai ne\u012fprast\u0173 geb\u0117jim\u0173, o suaugusiojo u\u017eduotis \u2014 pad\u0117ti vaikui atpa\u017einti savo potencial\u0105 ir i\u0161mokti j\u012f panaudoti geriems tikslams.\",\"breadcrumb\":{\"@id\":\"https:\\\/\\\/owlstales.eu\\\/lt\\\/produktas\\\/skraidantis-peliukas\\\/#breadcrumb\"},\"inLanguage\":\"lt-LT\",\"potentialAction\":[{\"@type\":\"ReadAction\",\"target\":[\"https:\\\/\\\/owlstales.eu\\\/lt\\\/produktas\\\/skraidantis-peliukas\\\/\"]}]},{\"@type\":\"ImageObject\",\"inLanguage\":\"lt-LT\",\"@id\":\"https:\\\/\\\/owlstales.eu\\\/lt\\\/produktas\\\/skraidantis-peliukas\\\/#primaryimage\",\"url\":\"https:\\\/\\\/owlstales.eu\\\/wp-content\\\/uploads\\\/2026\\\/02\\\/wly_mouse_mp3.webp\",\"contentUrl\":\"https:\\\/\\\/owlstales.eu\\\/wp-content\\\/uploads\\\/2026\\\/02\\\/wly_mouse_mp3.webp\",\"width\":1024,\"height\":1024,\"caption\":\"Garso spektaklis\"},{\"@type\":\"BreadcrumbList\",\"@id\":\"https:\\\/\\\/owlstales.eu\\\/lt\\\/produktas\\\/skraidantis-peliukas\\\/#breadcrumb\",\"itemListElement\":[{\"@type\":\"ListItem\",\"position\":1,\"name\":\"Home\",\"item\":\"https:\\\/\\\/owlstales.eu\\\/lt\\\/pradzia\\\/\"},{\"@type\":\"ListItem\",\"position\":2,\"name\":\"Parduotuv\u0117\",\"item\":\"https:\\\/\\\/owlstales.eu\\\/lt\\\/parduotuve\\\/\"},{\"@type\":\"ListItem\",\"position\":3,\"name\":\"Audioizr\u0101de \u00abSkraidantis peliukas\u00bb\"}]},{\"@type\":\"WebSite\",\"@id\":\"https:\\\/\\\/owlstales.eu\\\/lt\\\/#website\",\"url\":\"https:\\\/\\\/owlstales.eu\\\/lt\\\/\",\"name\":\"P\u016bces pasakas\",\"description\":\"GR\u0100MATAS | PDF | AUDIOIZR\u0100DES | PASAKAS\",\"publisher\":{\"@id\":\"https:\\\/\\\/owlstales.eu\\\/lt\\\/#organization\"},\"alternateName\":\"owls tales\",\"potentialAction\":[{\"@type\":\"SearchAction\",\"target\":{\"@type\":\"EntryPoint\",\"urlTemplate\":\"https:\\\/\\\/owlstales.eu\\\/lt\\\/?s={search_term_string}\"},\"query-input\":{\"@type\":\"PropertyValueSpecification\",\"valueRequired\":true,\"valueName\":\"search_term_string\"}}],\"inLanguage\":\"lt-LT\"},{\"@type\":\"Organization\",\"@id\":\"https:\\\/\\\/owlstales.eu\\\/lt\\\/#organization\",\"name\":\"P\u016bces pasakas\",\"url\":\"https:\\\/\\\/owlstales.eu\\\/lt\\\/\",\"logo\":{\"@type\":\"ImageObject\",\"inLanguage\":\"lt-LT\",\"@id\":\"https:\\\/\\\/owlstales.eu\\\/lt\\\/#\\\/schema\\\/logo\\\/image\\\/\",\"url\":\"https:\\\/\\\/owlstales.eu\\\/wp-content\\\/uploads\\\/2026\\\/03\\\/owl_logo_ok.webp\",\"contentUrl\":\"https:\\\/\\\/owlstales.eu\\\/wp-content\\\/uploads\\\/2026\\\/03\\\/owl_logo_ok.webp\",\"width\":512,\"height\":512,\"caption\":\"P\u016bces pasakas\"},\"image\":{\"@id\":\"https:\\\/\\\/owlstales.eu\\\/lt\\\/#\\\/schema\\\/logo\\\/image\\\/\"},\"sameAs\":[\"https:\\\/\\\/www.facebook.com\\\/owlstales.eu\\\/\"],\"description\":\"Pasakas b\u0113rniem, pal\u012bgmateri\u0101li skolot\u0101jiem.\",\"email\":\"projekts.library@gmail.com\",\"telephone\":\"+371 20923022\",\"legalName\":\"ELENAS LIBRARY SIA\",\"foundingDate\":\"2025-03-01\",\"vatID\":\"LV402036769410\",\"taxID\":\"402036769410\",\"numberOfEmployees\":{\"@type\":\"QuantitativeValue\",\"minValue\":\"1\",\"maxValue\":\"10\"}}]}<\/script>\n<meta property=\"og:availability\" content=\"instock\" \/>\n<meta property=\"product:availability\" content=\"instock\" \/>\n<meta property=\"product:retailer_item_id\" content=\"LP_audioLV\" \/>\n<meta property=\"product:condition\" content=\"new\" \/>\n<!-- \/ Yoast SEO Premium plugin. -->","yoast_head_json":{"title":"Audioizr\u0101de \u00abSkraidantis peliukas\u00bb - P\u016bces pasakas","description":"Istorija apie tai, kad kiekvienas vaikas turi sav\u0173, kartais visai ne\u012fprast\u0173 geb\u0117jim\u0173, o suaugusiojo u\u017eduotis \u2014 pad\u0117ti vaikui atpa\u017einti savo potencial\u0105 ir i\u0161mokti j\u012f panaudoti geriems tikslams.","robots":{"index":"index","follow":"follow","max-snippet":"max-snippet:-1","max-image-preview":"max-image-preview:large","max-video-preview":"max-video-preview:-1"},"canonical":"https:\/\/owlstales.eu\/lt\/produktas\/skraidantis-peliukas\/","og_locale":"lt_LT","og_type":"article","og_title":"Audioizr\u0101de \u00abSkraidantis peliukas\u00bb","og_description":"Istorija apie tai, kad kiekvienas vaikas turi sav\u0173, kartais visai ne\u012fprast\u0173 geb\u0117jim\u0173, o suaugusiojo u\u017eduotis \u2014 pad\u0117ti vaikui atpa\u017einti savo potencial\u0105 ir i\u0161mokti j\u012f panaudoti geriems tikslams.","og_url":"https:\/\/owlstales.eu\/lt\/produktas\/skraidantis-peliukas\/","og_site_name":"P\u016bces pasakas","article_publisher":"https:\/\/www.facebook.com\/owlstales.eu\/","article_modified_time":"2026-04-14T17:01:40+00:00","og_image":[{"width":1024,"height":1024,"url":"https:\/\/owlstales.eu\/wp-content\/uploads\/2026\/02\/wly_mouse_mp3.webp","type":"image\/webp"}],"twitter_card":"summary_large_image","twitter_misc":{"Availability":"In stock"},"schema":{"@context":"https:\/\/schema.org","@graph":[{"@type":"WebPage","@id":"https:\/\/owlstales.eu\/lt\/produktas\/skraidantis-peliukas\/","url":"https:\/\/owlstales.eu\/lt\/produktas\/skraidantis-peliukas\/","name":"Audioizr\u0101de \u00abSkraidantis peliukas\u00bb - P\u016bces pasakas","isPartOf":{"@id":"https:\/\/owlstales.eu\/lt\/#website"},"primaryImageOfPage":{"@id":"https:\/\/owlstales.eu\/lt\/produktas\/skraidantis-peliukas\/#primaryimage"},"image":{"@id":"https:\/\/owlstales.eu\/lt\/produktas\/skraidantis-peliukas\/#primaryimage"},"thumbnailUrl":"https:\/\/owlstales.eu\/wp-content\/uploads\/2026\/02\/wly_mouse_mp3.webp","datePublished":"2026-02-20T10:07:45+00:00","dateModified":"2026-04-14T17:01:40+00:00","description":"Istorija apie tai, kad kiekvienas vaikas turi sav\u0173, kartais visai ne\u012fprast\u0173 geb\u0117jim\u0173, o suaugusiojo u\u017eduotis \u2014 pad\u0117ti vaikui atpa\u017einti savo potencial\u0105 ir i\u0161mokti j\u012f panaudoti geriems tikslams.","breadcrumb":{"@id":"https:\/\/owlstales.eu\/lt\/produktas\/skraidantis-peliukas\/#breadcrumb"},"inLanguage":"lt-LT","potentialAction":[{"@type":"ReadAction","target":["https:\/\/owlstales.eu\/lt\/produktas\/skraidantis-peliukas\/"]}]},{"@type":"ImageObject","inLanguage":"lt-LT","@id":"https:\/\/owlstales.eu\/lt\/produktas\/skraidantis-peliukas\/#primaryimage","url":"https:\/\/owlstales.eu\/wp-content\/uploads\/2026\/02\/wly_mouse_mp3.webp","contentUrl":"https:\/\/owlstales.eu\/wp-content\/uploads\/2026\/02\/wly_mouse_mp3.webp","width":1024,"height":1024,"caption":"Garso spektaklis"},{"@type":"BreadcrumbList","@id":"https:\/\/owlstales.eu\/lt\/produktas\/skraidantis-peliukas\/#breadcrumb","itemListElement":[{"@type":"ListItem","position":1,"name":"Home","item":"https:\/\/owlstales.eu\/lt\/pradzia\/"},{"@type":"ListItem","position":2,"name":"Parduotuv\u0117","item":"https:\/\/owlstales.eu\/lt\/parduotuve\/"},{"@type":"ListItem","position":3,"name":"Audioizr\u0101de \u00abSkraidantis peliukas\u00bb"}]},{"@type":"WebSite","@id":"https:\/\/owlstales.eu\/lt\/#website","url":"https:\/\/owlstales.eu\/lt\/","name":"P\u016bces pasakas","description":"GR\u0100MATAS | PDF | AUDIOIZR\u0100DES | PASAKAS","publisher":{"@id":"https:\/\/owlstales.eu\/lt\/#organization"},"alternateName":"owls tales","potentialAction":[{"@type":"SearchAction","target":{"@type":"EntryPoint","urlTemplate":"https:\/\/owlstales.eu\/lt\/?s={search_term_string}"},"query-input":{"@type":"PropertyValueSpecification","valueRequired":true,"valueName":"search_term_string"}}],"inLanguage":"lt-LT"},{"@type":"Organization","@id":"https:\/\/owlstales.eu\/lt\/#organization","name":"P\u016bces pasakas","url":"https:\/\/owlstales.eu\/lt\/","logo":{"@type":"ImageObject","inLanguage":"lt-LT","@id":"https:\/\/owlstales.eu\/lt\/#\/schema\/logo\/image\/","url":"https:\/\/owlstales.eu\/wp-content\/uploads\/2026\/03\/owl_logo_ok.webp","contentUrl":"https:\/\/owlstales.eu\/wp-content\/uploads\/2026\/03\/owl_logo_ok.webp","width":512,"height":512,"caption":"P\u016bces pasakas"},"image":{"@id":"https:\/\/owlstales.eu\/lt\/#\/schema\/logo\/image\/"},"sameAs":["https:\/\/www.facebook.com\/owlstales.eu\/"],"description":"Pasakas b\u0113rniem, pal\u012bgmateri\u0101li skolot\u0101jiem.","email":"projekts.library@gmail.com","telephone":"+371 20923022","legalName":"ELENAS LIBRARY SIA","foundingDate":"2025-03-01","vatID":"LV402036769410","taxID":"402036769410","numberOfEmployees":{"@type":"QuantitativeValue","minValue":"1","maxValue":"10"}}]},"og_availability":"instock","product_availability":"instock","product_retailer_item_id":"LP_audioLV","product_condition":"new"},"_links":{"self":[{"href":"https:\/\/owlstales.eu\/lt\/wp-json\/wp\/v2\/product\/1746","targetHints":{"allow":["GET"]}}],"collection":[{"href":"https:\/\/owlstales.eu\/lt\/wp-json\/wp\/v2\/product"}],"about":[{"href":"https:\/\/owlstales.eu\/lt\/wp-json\/wp\/v2\/types\/product"}],"replies":[{"embeddable":true,"href":"https:\/\/owlstales.eu\/lt\/wp-json\/wp\/v2\/comments?post=1746"}],"wp:featuredmedia":[{"embeddable":true,"href":"https:\/\/owlstales.eu\/lt\/wp-json\/wp\/v2\/media\/2575"}],"wp:attachment":[{"href":"https:\/\/owlstales.eu\/lt\/wp-json\/wp\/v2\/media?parent=1746"}],"wp:term":[{"taxonomy":"product_brand","embeddable":true,"href":"https:\/\/owlstales.eu\/lt\/wp-json\/wp\/v2\/product_brand?post=1746"},{"taxonomy":"product_cat","embeddable":true,"href":"https:\/\/owlstales.eu\/lt\/wp-json\/wp\/v2\/product_cat?post=1746"},{"taxonomy":"product_tag","embeddable":true,"href":"https:\/\/owlstales.eu\/lt\/wp-json\/wp\/v2\/product_tag?post=1746"}],"curies":[{"name":"wp","href":"https:\/\/api.w.org\/{rel}","templated":true}]}}