{"id":1913,"date":"2026-02-25T14:56:12","date_gmt":"2026-02-25T12:56:12","guid":{"rendered":"https:\/\/owlstales.eu\/draugu-klubs\/"},"modified":"2026-03-03T11:10:54","modified_gmt":"2026-03-03T09:10:54","slug":"draugu-klubs","status":"publish","type":"page","link":"https:\/\/owlstales.eu\/lt\/draugu-klubs\/","title":{"rendered":"Draug\u0173 klubas"},"content":{"rendered":"\t\t<div data-elementor-type=\"wp-page\" data-elementor-id=\"1913\" class=\"elementor elementor-1913 elementor-1763\" data-elementor-post-type=\"page\">\n\t\t\t\t<div class=\"elementor-element elementor-element-bcade3b e-flex e-con-boxed e-con e-parent\" data-id=\"bcade3b\" data-element_type=\"container\" data-e-type=\"container\">\n\t\t\t\t\t<div class=\"e-con-inner\">\n\t\t\t\t\t<\/div>\n\t\t\t\t<\/div>\n\t\t\t\t<\/div>\n\t\t","protected":false},"excerpt":{"rendered":"","protected":false},"author":1,"featured_media":0,"parent":0,"menu_order":0,"comment_status":"closed","ping_status":"closed","template":"","meta":{"footnotes":""},"class_list":["post-1913","page","type-page","status-publish","hentry"],"blocksy_meta":{"has_hero_section":"disabled","styles_descriptor":{"styles":{"desktop":"","tablet":"","mobile":""},"google_fonts":[],"version":6}},"yoast_head":"<!-- This site is optimized with the Yoast SEO Premium plugin v27.1 (Yoast SEO v27.4) - https:\/\/yoast.com\/product\/yoast-seo-premium-wordpress\/ -->\n<title>Draug\u0173 klubas - P\u016bces pasakas<\/title>\n<meta name=\"robots\" content=\"index, follow, max-snippet:-1, max-image-preview:large, max-video-preview:-1\" \/>\n<link rel=\"canonical\" href=\"https:\/\/owlstales.eu\/lt\/draugu-klubs\/\" \/>\n<meta property=\"og:locale\" content=\"lt_LT\" \/>\n<meta property=\"og:type\" content=\"article\" \/>\n<meta property=\"og:title\" content=\"Draug\u0173 klubas\" \/>\n<meta property=\"og:url\" content=\"https:\/\/owlstales.eu\/lt\/draugu-klubs\/\" \/>\n<meta property=\"og:site_name\" content=\"P\u016bces pasakas\" \/>\n<meta property=\"article:publisher\" content=\"https:\/\/www.facebook.com\/owlstales.eu\/\" \/>\n<meta property=\"article:modified_time\" content=\"2026-03-03T09:10:54+00:00\" \/>\n<meta name=\"twitter:card\" content=\"summary_large_image\" \/>\n<script type=\"application\/ld+json\" class=\"yoast-schema-graph\">{\"@context\":\"https:\\\/\\\/schema.org\",\"@graph\":[{\"@type\":\"WebPage\",\"@id\":\"https:\\\/\\\/owlstales.eu\\\/lt\\\/draugu-klubs\\\/\",\"url\":\"https:\\\/\\\/owlstales.eu\\\/lt\\\/draugu-klubs\\\/\",\"name\":\"Draug\u0173 klubas - P\u016bces pasakas\",\"isPartOf\":{\"@id\":\"https:\\\/\\\/owlstales.eu\\\/lt\\\/#website\"},\"datePublished\":\"2026-02-25T12:56:12+00:00\",\"dateModified\":\"2026-03-03T09:10:54+00:00\",\"breadcrumb\":{\"@id\":\"https:\\\/\\\/owlstales.eu\\\/lt\\\/draugu-klubs\\\/#breadcrumb\"},\"inLanguage\":\"lt-LT\",\"potentialAction\":[{\"@type\":\"ReadAction\",\"target\":[\"https:\\\/\\\/owlstales.eu\\\/lt\\\/draugu-klubs\\\/\"]}]},{\"@type\":\"BreadcrumbList\",\"@id\":\"https:\\\/\\\/owlstales.eu\\\/lt\\\/draugu-klubs\\\/#breadcrumb\",\"itemListElement\":[{\"@type\":\"ListItem\",\"position\":1,\"name\":\"Home\",\"item\":\"https:\\\/\\\/owlstales.eu\\\/lt\\\/pradzia\\\/\"},{\"@type\":\"ListItem\",\"position\":2,\"name\":\"Draug\u0173 klubas\"}]},{\"@type\":\"WebSite\",\"@id\":\"https:\\\/\\\/owlstales.eu\\\/lt\\\/#website\",\"url\":\"https:\\\/\\\/owlstales.eu\\\/lt\\\/\",\"name\":\"P\u016bces pasakas\",\"description\":\"GR\u0100MATAS | PDF | AUDIOIZR\u0100DES | PASAKAS\",\"publisher\":{\"@id\":\"https:\\\/\\\/owlstales.eu\\\/lt\\\/#organization\"},\"alternateName\":\"owls tales\",\"potentialAction\":[{\"@type\":\"SearchAction\",\"target\":{\"@type\":\"EntryPoint\",\"urlTemplate\":\"https:\\\/\\\/owlstales.eu\\\/lt\\\/?s={search_term_string}\"},\"query-input\":{\"@type\":\"PropertyValueSpecification\",\"valueRequired\":true,\"valueName\":\"search_term_string\"}}],\"inLanguage\":\"lt-LT\"},{\"@type\":\"Organization\",\"@id\":\"https:\\\/\\\/owlstales.eu\\\/lt\\\/#organization\",\"name\":\"P\u016bces pasakas\",\"url\":\"https:\\\/\\\/owlstales.eu\\\/lt\\\/\",\"logo\":{\"@type\":\"ImageObject\",\"inLanguage\":\"lt-LT\",\"@id\":\"https:\\\/\\\/owlstales.eu\\\/lt\\\/#\\\/schema\\\/logo\\\/image\\\/\",\"url\":\"https:\\\/\\\/owlstales.eu\\\/wp-content\\\/uploads\\\/2026\\\/03\\\/owl_logo_ok.webp\",\"contentUrl\":\"https:\\\/\\\/owlstales.eu\\\/wp-content\\\/uploads\\\/2026\\\/03\\\/owl_logo_ok.webp\",\"width\":512,\"height\":512,\"caption\":\"P\u016bces pasakas\"},\"image\":{\"@id\":\"https:\\\/\\\/owlstales.eu\\\/lt\\\/#\\\/schema\\\/logo\\\/image\\\/\"},\"sameAs\":[\"https:\\\/\\\/www.facebook.com\\\/owlstales.eu\\\/\"],\"description\":\"Pasakas b\u0113rniem, pal\u012bgmateri\u0101li skolot\u0101jiem.\",\"email\":\"projekts.library@gmail.com\",\"telephone\":\"+371 20923022\",\"legalName\":\"ELENAS LIBRARY SIA\",\"foundingDate\":\"2025-03-01\",\"vatID\":\"LV402036769410\",\"taxID\":\"402036769410\",\"numberOfEmployees\":{\"@type\":\"QuantitativeValue\",\"minValue\":\"1\",\"maxValue\":\"10\"}}]}<\/script>\n<!-- \/ Yoast SEO Premium plugin. -->","yoast_head_json":{"title":"Draug\u0173 klubas - P\u016bces pasakas","robots":{"index":"index","follow":"follow","max-snippet":"max-snippet:-1","max-image-preview":"max-image-preview:large","max-video-preview":"max-video-preview:-1"},"canonical":"https:\/\/owlstales.eu\/lt\/draugu-klubs\/","og_locale":"lt_LT","og_type":"article","og_title":"Draug\u0173 klubas","og_url":"https:\/\/owlstales.eu\/lt\/draugu-klubs\/","og_site_name":"P\u016bces pasakas","article_publisher":"https:\/\/www.facebook.com\/owlstales.eu\/","article_modified_time":"2026-03-03T09:10:54+00:00","twitter_card":"summary_large_image","schema":{"@context":"https:\/\/schema.org","@graph":[{"@type":"WebPage","@id":"https:\/\/owlstales.eu\/lt\/draugu-klubs\/","url":"https:\/\/owlstales.eu\/lt\/draugu-klubs\/","name":"Draug\u0173 klubas - P\u016bces pasakas","isPartOf":{"@id":"https:\/\/owlstales.eu\/lt\/#website"},"datePublished":"2026-02-25T12:56:12+00:00","dateModified":"2026-03-03T09:10:54+00:00","breadcrumb":{"@id":"https:\/\/owlstales.eu\/lt\/draugu-klubs\/#breadcrumb"},"inLanguage":"lt-LT","potentialAction":[{"@type":"ReadAction","target":["https:\/\/owlstales.eu\/lt\/draugu-klubs\/"]}]},{"@type":"BreadcrumbList","@id":"https:\/\/owlstales.eu\/lt\/draugu-klubs\/#breadcrumb","itemListElement":[{"@type":"ListItem","position":1,"name":"Home","item":"https:\/\/owlstales.eu\/lt\/pradzia\/"},{"@type":"ListItem","position":2,"name":"Draug\u0173 klubas"}]},{"@type":"WebSite","@id":"https:\/\/owlstales.eu\/lt\/#website","url":"https:\/\/owlstales.eu\/lt\/","name":"P\u016bces pasakas","description":"GR\u0100MATAS | PDF | AUDIOIZR\u0100DES | PASAKAS","publisher":{"@id":"https:\/\/owlstales.eu\/lt\/#organization"},"alternateName":"owls tales","potentialAction":[{"@type":"SearchAction","target":{"@type":"EntryPoint","urlTemplate":"https:\/\/owlstales.eu\/lt\/?s={search_term_string}"},"query-input":{"@type":"PropertyValueSpecification","valueRequired":true,"valueName":"search_term_string"}}],"inLanguage":"lt-LT"},{"@type":"Organization","@id":"https:\/\/owlstales.eu\/lt\/#organization","name":"P\u016bces pasakas","url":"https:\/\/owlstales.eu\/lt\/","logo":{"@type":"ImageObject","inLanguage":"lt-LT","@id":"https:\/\/owlstales.eu\/lt\/#\/schema\/logo\/image\/","url":"https:\/\/owlstales.eu\/wp-content\/uploads\/2026\/03\/owl_logo_ok.webp","contentUrl":"https:\/\/owlstales.eu\/wp-content\/uploads\/2026\/03\/owl_logo_ok.webp","width":512,"height":512,"caption":"P\u016bces pasakas"},"image":{"@id":"https:\/\/owlstales.eu\/lt\/#\/schema\/logo\/image\/"},"sameAs":["https:\/\/www.facebook.com\/owlstales.eu\/"],"description":"Pasakas b\u0113rniem, pal\u012bgmateri\u0101li skolot\u0101jiem.","email":"projekts.library@gmail.com","telephone":"+371 20923022","legalName":"ELENAS LIBRARY SIA","foundingDate":"2025-03-01","vatID":"LV402036769410","taxID":"402036769410","numberOfEmployees":{"@type":"QuantitativeValue","minValue":"1","maxValue":"10"}}]}},"_links":{"self":[{"href":"https:\/\/owlstales.eu\/lt\/wp-json\/wp\/v2\/pages\/1913","targetHints":{"allow":["GET"]}}],"collection":[{"href":"https:\/\/owlstales.eu\/lt\/wp-json\/wp\/v2\/pages"}],"about":[{"href":"https:\/\/owlstales.eu\/lt\/wp-json\/wp\/v2\/types\/page"}],"author":[{"embeddable":true,"href":"https:\/\/owlstales.eu\/lt\/wp-json\/wp\/v2\/users\/1"}],"replies":[{"embeddable":true,"href":"https:\/\/owlstales.eu\/lt\/wp-json\/wp\/v2\/comments?post=1913"}],"version-history":[{"count":2,"href":"https:\/\/owlstales.eu\/lt\/wp-json\/wp\/v2\/pages\/1913\/revisions"}],"predecessor-version":[{"id":1915,"href":"https:\/\/owlstales.eu\/lt\/wp-json\/wp\/v2\/pages\/1913\/revisions\/1915"}],"wp:attachment":[{"href":"https:\/\/owlstales.eu\/lt\/wp-json\/wp\/v2\/media?parent=1913"}],"curies":[{"name":"wp","href":"https:\/\/api.w.org\/{rel}","templated":true}]}}