{"id":3286,"date":"2026-04-14T09:54:38","date_gmt":"2026-04-14T07:54:38","guid":{"rendered":"https:\/\/owlstales.eu\/?post_type=product&#038;p=3286"},"modified":"2026-04-14T09:55:16","modified_gmt":"2026-04-14T07:55:16","slug":"flying-little-mouse-coloring-pages-kopija","status":"publish","type":"product","link":"https:\/\/owlstales.eu\/en\/product\/flying-little-mouse-coloring-pages-kopija\/","title":{"rendered":"\u201cFlying Little Mouse\u201d \u2014 coloring pages (Kopija)"},"content":{"rendered":"<p>Format: PDF<br \/>\u202824 black-and-white illustrations<\/p>\n","protected":false},"excerpt":{"rendered":"<p><strong>FIRST SCREEN<\/strong><br \/>\nA fairy tale you can color.<br \/>\nThe continuation of the story through color, imagination, and play.<\/p>\n<p><strong>ANNOTATION<\/strong><br \/>\nThis publication is created based on the fairy tale \u201cThe Flying Little Mouse\u201d and invites the child to relive it through drawing and color.<br \/>\n24 coloring illustrations help return to favorite characters, look more closely at the events of the story, and feel its mood.<br \/>\nColoring develops imagination, aesthetic taste, cognitive abilities, and fine motor skills, and also gives the child an opportunity to calmly and independently experience the fairy tale while being inside the magical world.<br \/>\nThe publication is suitable for creative activities at home, in kindergarten, at school, and in art studios.<\/p>\n<p><strong>OWL FRIENDS CLUB<\/strong><br \/>\nChildren can send their most beautiful drawings to the \u201cOwl Friends Club.\u201d<br \/>\nWe will publish them on the website, where other children will be able to see the works, support them, and leave a like.<\/p>\n<p><strong>WHAT THIS PUBLICATION IS ABOUT<\/strong><br \/>\nExperiencing the fairy tale through color and image.<br \/>\nFreedom of choice and the child\u2019s creative imagination.<br \/>\nAttention, calmness, and the joy of independent creativity.<\/p>\n<p>&nbsp;<\/p>\n","protected":false},"featured_media":3161,"comment_status":"open","ping_status":"closed","template":"","meta":[],"product_brand":[],"product_cat":[166,179,141],"product_tag":[],"class_list":{"0":"post-3286","1":"product","2":"type-product","3":"status-publish","4":"has-post-thumbnail","6":"product_cat-books","7":"product_cat-coloring-pages","8":"product_cat-the-flying-mouse","10":"first","11":"instock","12":"downloadable","13":"virtual","14":"taxable","15":"purchasable","16":"product-type-simple"},"yoast_head":"<!-- This site is optimized with the Yoast SEO Premium plugin v27.1 (Yoast SEO v27.4) - https:\/\/yoast.com\/product\/yoast-seo-premium-wordpress\/ -->\n<title>\u201cFlying Little Mouse\u201d \u2014 coloring pages (Kopija) - P\u016bces pasakas<\/title>\n<meta name=\"description\" content=\"This publication is created based on the fairy tale \u201cThe Flying Little Mouse\u201d and invites the child to relive it through drawing and color.\" \/>\n<meta name=\"robots\" content=\"index, follow, max-snippet:-1, max-image-preview:large, max-video-preview:-1\" \/>\n<link rel=\"canonical\" href=\"https:\/\/owlstales.eu\/en\/product\/flying-little-mouse-coloring-pages-kopija\/\" \/>\n<meta property=\"og:locale\" content=\"en_US\" \/>\n<meta property=\"og:type\" content=\"article\" \/>\n<meta property=\"og:title\" content=\"\u201cFlying Little Mouse\u201d \u2014 coloring pages (Kopija)\" \/>\n<meta property=\"og:description\" content=\"This publication is created based on the fairy tale \u201cThe Flying Little Mouse\u201d and invites the child to relive it through drawing and color.\" \/>\n<meta property=\"og:url\" content=\"https:\/\/owlstales.eu\/en\/product\/flying-little-mouse-coloring-pages-kopija\/\" \/>\n<meta property=\"og:site_name\" content=\"P\u016bces pasakas\" \/>\n<meta property=\"article:publisher\" content=\"https:\/\/www.facebook.com\/owlstales.eu\/\" \/>\n<meta property=\"article:modified_time\" content=\"2026-04-14T07:55:16+00:00\" \/>\n<meta property=\"og:image\" content=\"https:\/\/owlstales.eu\/wp-content\/uploads\/2026\/03\/wly_mouse_paint.webp\" \/>\n\t<meta property=\"og:image:width\" content=\"1024\" \/>\n\t<meta property=\"og:image:height\" content=\"1024\" \/>\n\t<meta property=\"og:image:type\" content=\"image\/webp\" \/>\n<meta name=\"twitter:card\" content=\"summary_large_image\" \/>\n<meta name=\"twitter:label1\" content=\"Price\" \/>\n\t<meta name=\"twitter:data1\" content=\"0,10&nbsp;&euro; With TAX\" \/>\n\t<meta name=\"twitter:label2\" content=\"Availability\" \/>\n\t<meta name=\"twitter:data2\" content=\"In stock\" \/>\n<script type=\"application\/ld+json\" class=\"yoast-schema-graph\">{\"@context\":\"https:\\\/\\\/schema.org\",\"@graph\":[{\"@type\":\"WebPage\",\"@id\":\"https:\\\/\\\/owlstales.eu\\\/en\\\/product\\\/flying-little-mouse-coloring-pages-kopija\\\/\",\"url\":\"https:\\\/\\\/owlstales.eu\\\/en\\\/product\\\/flying-little-mouse-coloring-pages-kopija\\\/\",\"name\":\"\u201cFlying Little Mouse\u201d \u2014 coloring pages (Kopija) - P\u016bces pasakas\",\"isPartOf\":{\"@id\":\"https:\\\/\\\/owlstales.eu\\\/en\\\/#website\"},\"primaryImageOfPage\":{\"@id\":\"https:\\\/\\\/owlstales.eu\\\/en\\\/product\\\/flying-little-mouse-coloring-pages-kopija\\\/#primaryimage\"},\"image\":{\"@id\":\"https:\\\/\\\/owlstales.eu\\\/en\\\/product\\\/flying-little-mouse-coloring-pages-kopija\\\/#primaryimage\"},\"thumbnailUrl\":\"https:\\\/\\\/owlstales.eu\\\/wp-content\\\/uploads\\\/2026\\\/03\\\/wly_mouse_paint.webp\",\"datePublished\":\"2026-04-14T07:54:38+00:00\",\"dateModified\":\"2026-04-14T07:55:16+00:00\",\"description\":\"This publication is created based on the fairy tale \u201cThe Flying Little Mouse\u201d and invites the child to relive it through drawing and color.\",\"breadcrumb\":{\"@id\":\"https:\\\/\\\/owlstales.eu\\\/en\\\/product\\\/flying-little-mouse-coloring-pages-kopija\\\/#breadcrumb\"},\"inLanguage\":\"en-US\",\"potentialAction\":[{\"@type\":\"ReadAction\",\"target\":[\"https:\\\/\\\/owlstales.eu\\\/en\\\/product\\\/flying-little-mouse-coloring-pages-kopija\\\/\"]}]},{\"@type\":\"ImageObject\",\"inLanguage\":\"en-US\",\"@id\":\"https:\\\/\\\/owlstales.eu\\\/en\\\/product\\\/flying-little-mouse-coloring-pages-kopija\\\/#primaryimage\",\"url\":\"https:\\\/\\\/owlstales.eu\\\/wp-content\\\/uploads\\\/2026\\\/03\\\/wly_mouse_paint.webp\",\"contentUrl\":\"https:\\\/\\\/owlstales.eu\\\/wp-content\\\/uploads\\\/2026\\\/03\\\/wly_mouse_paint.webp\",\"width\":1024,\"height\":1024,\"caption\":\"Flying Little Mouse\u2014 coloring pages\"},{\"@type\":\"BreadcrumbList\",\"@id\":\"https:\\\/\\\/owlstales.eu\\\/en\\\/product\\\/flying-little-mouse-coloring-pages-kopija\\\/#breadcrumb\",\"itemListElement\":[{\"@type\":\"ListItem\",\"position\":1,\"name\":\"Home\",\"item\":\"https:\\\/\\\/owlstales.eu\\\/en\\\/home\\\/\"},{\"@type\":\"ListItem\",\"position\":2,\"name\":\"Shop\",\"item\":\"https:\\\/\\\/owlstales.eu\\\/en\\\/shop\\\/\"},{\"@type\":\"ListItem\",\"position\":3,\"name\":\"\u201cFlying Little Mouse\u201d \u2014 coloring pages (Kopija)\"}]},{\"@type\":\"WebSite\",\"@id\":\"https:\\\/\\\/owlstales.eu\\\/en\\\/#website\",\"url\":\"https:\\\/\\\/owlstales.eu\\\/en\\\/\",\"name\":\"P\u016bces pasakas\",\"description\":\"GR\u0100MATAS | PDF | AUDIOIZR\u0100DES | PASAKAS\",\"publisher\":{\"@id\":\"https:\\\/\\\/owlstales.eu\\\/en\\\/#organization\"},\"alternateName\":\"owls tales\",\"potentialAction\":[{\"@type\":\"SearchAction\",\"target\":{\"@type\":\"EntryPoint\",\"urlTemplate\":\"https:\\\/\\\/owlstales.eu\\\/en\\\/?s={search_term_string}\"},\"query-input\":{\"@type\":\"PropertyValueSpecification\",\"valueRequired\":true,\"valueName\":\"search_term_string\"}}],\"inLanguage\":\"en-US\"},{\"@type\":\"Organization\",\"@id\":\"https:\\\/\\\/owlstales.eu\\\/en\\\/#organization\",\"name\":\"P\u016bces pasakas\",\"url\":\"https:\\\/\\\/owlstales.eu\\\/en\\\/\",\"logo\":{\"@type\":\"ImageObject\",\"inLanguage\":\"en-US\",\"@id\":\"https:\\\/\\\/owlstales.eu\\\/en\\\/#\\\/schema\\\/logo\\\/image\\\/\",\"url\":\"https:\\\/\\\/owlstales.eu\\\/wp-content\\\/uploads\\\/2026\\\/03\\\/owl_logo_ok.webp\",\"contentUrl\":\"https:\\\/\\\/owlstales.eu\\\/wp-content\\\/uploads\\\/2026\\\/03\\\/owl_logo_ok.webp\",\"width\":512,\"height\":512,\"caption\":\"P\u016bces pasakas\"},\"image\":{\"@id\":\"https:\\\/\\\/owlstales.eu\\\/en\\\/#\\\/schema\\\/logo\\\/image\\\/\"},\"sameAs\":[\"https:\\\/\\\/www.facebook.com\\\/owlstales.eu\\\/\"],\"description\":\"Pasakas b\u0113rniem, pal\u012bgmateri\u0101li skolot\u0101jiem.\",\"email\":\"projekts.library@gmail.com\",\"telephone\":\"+371 20923022\",\"legalName\":\"ELENAS LIBRARY SIA\",\"foundingDate\":\"2025-03-01\",\"vatID\":\"LV402036769410\",\"taxID\":\"402036769410\",\"numberOfEmployees\":{\"@type\":\"QuantitativeValue\",\"minValue\":\"1\",\"maxValue\":\"10\"}}]}<\/script>\n<meta property=\"product:price:amount\" content=\"0.10\" \/>\n<meta property=\"product:price:currency\" content=\"EUR\" \/>\n<meta property=\"og:availability\" content=\"instock\" \/>\n<meta property=\"product:availability\" content=\"instock\" \/>\n<meta property=\"product:retailer_item_id\" content=\"Lidojosais pelens_krasot_Test\" \/>\n<meta property=\"product:condition\" content=\"new\" \/>\n<!-- \/ Yoast SEO Premium plugin. -->","yoast_head_json":{"title":"\u201cFlying Little Mouse\u201d \u2014 coloring pages (Kopija) - P\u016bces pasakas","description":"This publication is created based on the fairy tale \u201cThe Flying Little Mouse\u201d and invites the child to relive it through drawing and color.","robots":{"index":"index","follow":"follow","max-snippet":"max-snippet:-1","max-image-preview":"max-image-preview:large","max-video-preview":"max-video-preview:-1"},"canonical":"https:\/\/owlstales.eu\/en\/product\/flying-little-mouse-coloring-pages-kopija\/","og_locale":"en_US","og_type":"article","og_title":"\u201cFlying Little Mouse\u201d \u2014 coloring pages (Kopija)","og_description":"This publication is created based on the fairy tale \u201cThe Flying Little Mouse\u201d and invites the child to relive it through drawing and color.","og_url":"https:\/\/owlstales.eu\/en\/product\/flying-little-mouse-coloring-pages-kopija\/","og_site_name":"P\u016bces pasakas","article_publisher":"https:\/\/www.facebook.com\/owlstales.eu\/","article_modified_time":"2026-04-14T07:55:16+00:00","og_image":[{"width":1024,"height":1024,"url":"https:\/\/owlstales.eu\/wp-content\/uploads\/2026\/03\/wly_mouse_paint.webp","type":"image\/webp"}],"twitter_card":"summary_large_image","twitter_misc":{"Price":"0,10&nbsp;&euro; With TAX","Availability":"In stock"},"schema":{"@context":"https:\/\/schema.org","@graph":[{"@type":"WebPage","@id":"https:\/\/owlstales.eu\/en\/product\/flying-little-mouse-coloring-pages-kopija\/","url":"https:\/\/owlstales.eu\/en\/product\/flying-little-mouse-coloring-pages-kopija\/","name":"\u201cFlying Little Mouse\u201d \u2014 coloring pages (Kopija) - P\u016bces pasakas","isPartOf":{"@id":"https:\/\/owlstales.eu\/en\/#website"},"primaryImageOfPage":{"@id":"https:\/\/owlstales.eu\/en\/product\/flying-little-mouse-coloring-pages-kopija\/#primaryimage"},"image":{"@id":"https:\/\/owlstales.eu\/en\/product\/flying-little-mouse-coloring-pages-kopija\/#primaryimage"},"thumbnailUrl":"https:\/\/owlstales.eu\/wp-content\/uploads\/2026\/03\/wly_mouse_paint.webp","datePublished":"2026-04-14T07:54:38+00:00","dateModified":"2026-04-14T07:55:16+00:00","description":"This publication is created based on the fairy tale \u201cThe Flying Little Mouse\u201d and invites the child to relive it through drawing and color.","breadcrumb":{"@id":"https:\/\/owlstales.eu\/en\/product\/flying-little-mouse-coloring-pages-kopija\/#breadcrumb"},"inLanguage":"en-US","potentialAction":[{"@type":"ReadAction","target":["https:\/\/owlstales.eu\/en\/product\/flying-little-mouse-coloring-pages-kopija\/"]}]},{"@type":"ImageObject","inLanguage":"en-US","@id":"https:\/\/owlstales.eu\/en\/product\/flying-little-mouse-coloring-pages-kopija\/#primaryimage","url":"https:\/\/owlstales.eu\/wp-content\/uploads\/2026\/03\/wly_mouse_paint.webp","contentUrl":"https:\/\/owlstales.eu\/wp-content\/uploads\/2026\/03\/wly_mouse_paint.webp","width":1024,"height":1024,"caption":"Flying Little Mouse\u2014 coloring pages"},{"@type":"BreadcrumbList","@id":"https:\/\/owlstales.eu\/en\/product\/flying-little-mouse-coloring-pages-kopija\/#breadcrumb","itemListElement":[{"@type":"ListItem","position":1,"name":"Home","item":"https:\/\/owlstales.eu\/en\/home\/"},{"@type":"ListItem","position":2,"name":"Shop","item":"https:\/\/owlstales.eu\/en\/shop\/"},{"@type":"ListItem","position":3,"name":"\u201cFlying Little Mouse\u201d \u2014 coloring pages (Kopija)"}]},{"@type":"WebSite","@id":"https:\/\/owlstales.eu\/en\/#website","url":"https:\/\/owlstales.eu\/en\/","name":"P\u016bces pasakas","description":"GR\u0100MATAS | PDF | AUDIOIZR\u0100DES | PASAKAS","publisher":{"@id":"https:\/\/owlstales.eu\/en\/#organization"},"alternateName":"owls tales","potentialAction":[{"@type":"SearchAction","target":{"@type":"EntryPoint","urlTemplate":"https:\/\/owlstales.eu\/en\/?s={search_term_string}"},"query-input":{"@type":"PropertyValueSpecification","valueRequired":true,"valueName":"search_term_string"}}],"inLanguage":"en-US"},{"@type":"Organization","@id":"https:\/\/owlstales.eu\/en\/#organization","name":"P\u016bces pasakas","url":"https:\/\/owlstales.eu\/en\/","logo":{"@type":"ImageObject","inLanguage":"en-US","@id":"https:\/\/owlstales.eu\/en\/#\/schema\/logo\/image\/","url":"https:\/\/owlstales.eu\/wp-content\/uploads\/2026\/03\/owl_logo_ok.webp","contentUrl":"https:\/\/owlstales.eu\/wp-content\/uploads\/2026\/03\/owl_logo_ok.webp","width":512,"height":512,"caption":"P\u016bces pasakas"},"image":{"@id":"https:\/\/owlstales.eu\/en\/#\/schema\/logo\/image\/"},"sameAs":["https:\/\/www.facebook.com\/owlstales.eu\/"],"description":"Pasakas b\u0113rniem, pal\u012bgmateri\u0101li skolot\u0101jiem.","email":"projekts.library@gmail.com","telephone":"+371 20923022","legalName":"ELENAS LIBRARY SIA","foundingDate":"2025-03-01","vatID":"LV402036769410","taxID":"402036769410","numberOfEmployees":{"@type":"QuantitativeValue","minValue":"1","maxValue":"10"}}]},"product_price_amount":"0.10","product_price_currency":"EUR","og_availability":"instock","product_availability":"instock","product_retailer_item_id":"Lidojosais pelens_krasot_Test","product_condition":"new"},"_links":{"self":[{"href":"https:\/\/owlstales.eu\/en\/wp-json\/wp\/v2\/product\/3286","targetHints":{"allow":["GET"]}}],"collection":[{"href":"https:\/\/owlstales.eu\/en\/wp-json\/wp\/v2\/product"}],"about":[{"href":"https:\/\/owlstales.eu\/en\/wp-json\/wp\/v2\/types\/product"}],"replies":[{"embeddable":true,"href":"https:\/\/owlstales.eu\/en\/wp-json\/wp\/v2\/comments?post=3286"}],"wp:featuredmedia":[{"embeddable":true,"href":"https:\/\/owlstales.eu\/en\/wp-json\/wp\/v2\/media\/3161"}],"wp:attachment":[{"href":"https:\/\/owlstales.eu\/en\/wp-json\/wp\/v2\/media?parent=3286"}],"wp:term":[{"taxonomy":"product_brand","embeddable":true,"href":"https:\/\/owlstales.eu\/en\/wp-json\/wp\/v2\/product_brand?post=3286"},{"taxonomy":"product_cat","embeddable":true,"href":"https:\/\/owlstales.eu\/en\/wp-json\/wp\/v2\/product_cat?post=3286"},{"taxonomy":"product_tag","embeddable":true,"href":"https:\/\/owlstales.eu\/en\/wp-json\/wp\/v2\/product_tag?post=3286"}],"curies":[{"name":"wp","href":"https:\/\/api.w.org\/{rel}","templated":true}]}}