{"id":3193,"date":"2026-03-11T16:44:07","date_gmt":"2026-03-11T14:44:07","guid":{"rendered":"https:\/\/owlstales.eu\/product\/questions-for-children-parents-and-teachers-flying-little-mouse\/"},"modified":"2026-04-14T19:05:37","modified_gmt":"2026-04-14T17:05:37","slug":"questions-for-children-parents-and-teachers-flying-little-mouse","status":"publish","type":"product","link":"https:\/\/owlstales.eu\/en\/product\/questions-for-children-parents-and-teachers-flying-little-mouse\/","title":{"rendered":"Questions for children, parents and teachers \u00abFlying Little Mouse\u00bb"},"content":{"rendered":"<p>\u201cThe Flying Little Mouse. Questions for Children, Parents, and Teachers\u201d<\/p>\n<p>FIRST SCREEN<br \/>\nQuestions that continue the fairy tale.<br \/>\nA tool for talking with a child about important things.<\/p>\n<p>ANNOTATION<br \/>\nThis publication is created as a continuation of the fairy tale \u201cThe Flying Little Mouse\u201d and an invitation to a live conversation after reading.<br \/>\nSimple yet deep questions help a child reflect on friendship, courage, choice, personal abilities, and the ability to help others.<br \/>\nShared discussion brings the family closer, creates new emotional bonds between parent and child, teaches them to hear one another, and opens new sides of the child\u2019s inner world to adults.<br \/>\nThe material can be used at home, at school, and in activities aimed at developing speech, thinking, and emotional understanding.<br \/>\nA child may also reflect on the questions independently and discuss their answers with loved ones.<\/p>\n<p>P\u016aCES DRAUGU KLUBS<br \/>\nPie katra jaut\u0101juma var uzrakst\u012bt atbildi vai to uzz\u012bm\u0113t.<br \/>\nInteresant\u0101k\u0101s atbildes b\u0113rni var nos\u016bt\u012bt uz \u00abP\u016bces draugu klubu\u00bb.<br \/>\nM\u0113s t\u0101s public\u0113sim m\u0101jaslap\u0101, kur citi b\u0113rni var\u0113s redz\u0113t darbus, atbalst\u012bt tos un pie\u0161\u0137irt atz\u012bmi \u00abpat\u012bk\u00bb.<br \/>\nT\u0101 pasaka turpin\u0101s re\u0101laj\u0101 dz\u012bv\u0113 un vienos b\u0113rnus ap lab\u0101m idej\u0101m.<\/p>\n<p>OWL FRIENDS CLUB<br \/>\nUnder each question, a child can write an answer or draw it.<br \/>\nThe most interesting answers can be sent to the \u201cOwl Friends Club.\u201d<br \/>\nWe will publish them on the website, where other children will be able to see the works, support them, and leave a like.<br \/>In this way, the fairy tale continues in real life and brings children together around kind ideas.<\/p>\n","protected":false},"excerpt":{"rendered":"<p>FORMAT: PDF<br \/>\nAn illustrated edition for printing and working with a child.<br \/>\nNumber of pages: 8<\/p>\n<p>AUTHORS<br \/>\nAuthor: Elena Kordzeva<br \/>\nIllustrator: Vadim Solntsevs<\/p>\n","protected":false},"featured_media":3169,"comment_status":"open","ping_status":"closed","template":"","meta":[],"product_brand":[],"product_cat":[166,176,141],"product_tag":[],"class_list":{"0":"post-3193","1":"product","2":"type-product","3":"status-publish","4":"has-post-thumbnail","6":"product_cat-books","7":"product_cat-questions","8":"product_cat-the-flying-mouse","9":"pa_valoda-english","10":"pa_valoda-latvian","11":"pa_valoda-lithuanian","12":"pa_valoda-russian","13":"pa_valoda-ukrainian","15":"first","16":"instock","17":"taxable","18":"shipping-taxable","19":"purchasable","20":"product-type-variable"},"yoast_head":"<!-- This site is optimized with the Yoast SEO Premium plugin v27.1 (Yoast SEO v27.4) - https:\/\/yoast.com\/product\/yoast-seo-premium-wordpress\/ -->\n<title>Questions for children, parents and teachers \u00abFlying Little Mouse\u00bb - P\u016bces pasakas<\/title>\n<meta name=\"description\" content=\"The material can be used at home, at school, and in activities aimed at developing speech, thinking, and emotional understanding.\" \/>\n<meta name=\"robots\" content=\"index, follow, max-snippet:-1, max-image-preview:large, max-video-preview:-1\" \/>\n<link rel=\"canonical\" href=\"https:\/\/owlstales.eu\/en\/product\/questions-for-children-parents-and-teachers-flying-little-mouse\/\" \/>\n<meta property=\"og:locale\" content=\"en_US\" \/>\n<meta property=\"og:type\" content=\"article\" \/>\n<meta property=\"og:title\" content=\"Questions for children, parents and teachers \u00abFlying Little Mouse\u00bb\" \/>\n<meta property=\"og:description\" content=\"The material can be used at home, at school, and in activities aimed at developing speech, thinking, and emotional understanding.\" \/>\n<meta property=\"og:url\" content=\"https:\/\/owlstales.eu\/en\/product\/questions-for-children-parents-and-teachers-flying-little-mouse\/\" \/>\n<meta property=\"og:site_name\" content=\"P\u016bces pasakas\" \/>\n<meta property=\"article:publisher\" content=\"https:\/\/www.facebook.com\/owlstales.eu\/\" \/>\n<meta property=\"article:modified_time\" content=\"2026-04-14T17:05:37+00:00\" \/>\n<meta property=\"og:image\" content=\"https:\/\/owlstales.eu\/wp-content\/uploads\/2026\/03\/wly_mouse_question.webp\" \/>\n\t<meta property=\"og:image:width\" content=\"1024\" \/>\n\t<meta property=\"og:image:height\" content=\"1024\" \/>\n\t<meta property=\"og:image:type\" content=\"image\/webp\" \/>\n<meta name=\"twitter:card\" content=\"summary_large_image\" \/>\n<meta name=\"twitter:label1\" content=\"Availability\" \/>\n\t<meta name=\"twitter:data1\" content=\"In stock\" \/>\n<script type=\"application\/ld+json\" class=\"yoast-schema-graph\">{\"@context\":\"https:\\\/\\\/schema.org\",\"@graph\":[{\"@type\":\"WebPage\",\"@id\":\"https:\\\/\\\/owlstales.eu\\\/en\\\/product\\\/questions-for-children-parents-and-teachers-flying-little-mouse\\\/\",\"url\":\"https:\\\/\\\/owlstales.eu\\\/en\\\/product\\\/questions-for-children-parents-and-teachers-flying-little-mouse\\\/\",\"name\":\"Questions for children, parents and teachers \u00abFlying Little Mouse\u00bb - P\u016bces pasakas\",\"isPartOf\":{\"@id\":\"https:\\\/\\\/owlstales.eu\\\/en\\\/#website\"},\"primaryImageOfPage\":{\"@id\":\"https:\\\/\\\/owlstales.eu\\\/en\\\/product\\\/questions-for-children-parents-and-teachers-flying-little-mouse\\\/#primaryimage\"},\"image\":{\"@id\":\"https:\\\/\\\/owlstales.eu\\\/en\\\/product\\\/questions-for-children-parents-and-teachers-flying-little-mouse\\\/#primaryimage\"},\"thumbnailUrl\":\"https:\\\/\\\/owlstales.eu\\\/wp-content\\\/uploads\\\/2026\\\/03\\\/wly_mouse_question.webp\",\"datePublished\":\"2026-03-11T14:44:07+00:00\",\"dateModified\":\"2026-04-14T17:05:37+00:00\",\"description\":\"The material can be used at home, at school, and in activities aimed at developing speech, thinking, and emotional understanding.\",\"breadcrumb\":{\"@id\":\"https:\\\/\\\/owlstales.eu\\\/en\\\/product\\\/questions-for-children-parents-and-teachers-flying-little-mouse\\\/#breadcrumb\"},\"inLanguage\":\"en-US\",\"potentialAction\":[{\"@type\":\"ReadAction\",\"target\":[\"https:\\\/\\\/owlstales.eu\\\/en\\\/product\\\/questions-for-children-parents-and-teachers-flying-little-mouse\\\/\"]}]},{\"@type\":\"ImageObject\",\"inLanguage\":\"en-US\",\"@id\":\"https:\\\/\\\/owlstales.eu\\\/en\\\/product\\\/questions-for-children-parents-and-teachers-flying-little-mouse\\\/#primaryimage\",\"url\":\"https:\\\/\\\/owlstales.eu\\\/wp-content\\\/uploads\\\/2026\\\/03\\\/wly_mouse_question.webp\",\"contentUrl\":\"https:\\\/\\\/owlstales.eu\\\/wp-content\\\/uploads\\\/2026\\\/03\\\/wly_mouse_question.webp\",\"width\":1024,\"height\":1024},{\"@type\":\"BreadcrumbList\",\"@id\":\"https:\\\/\\\/owlstales.eu\\\/en\\\/product\\\/questions-for-children-parents-and-teachers-flying-little-mouse\\\/#breadcrumb\",\"itemListElement\":[{\"@type\":\"ListItem\",\"position\":1,\"name\":\"Home\",\"item\":\"https:\\\/\\\/owlstales.eu\\\/en\\\/home\\\/\"},{\"@type\":\"ListItem\",\"position\":2,\"name\":\"Shop\",\"item\":\"https:\\\/\\\/owlstales.eu\\\/en\\\/shop\\\/\"},{\"@type\":\"ListItem\",\"position\":3,\"name\":\"Questions for children, parents and teachers \u00abFlying Little Mouse\u00bb\"}]},{\"@type\":\"WebSite\",\"@id\":\"https:\\\/\\\/owlstales.eu\\\/en\\\/#website\",\"url\":\"https:\\\/\\\/owlstales.eu\\\/en\\\/\",\"name\":\"P\u016bces pasakas\",\"description\":\"GR\u0100MATAS | PDF | AUDIOIZR\u0100DES | PASAKAS\",\"publisher\":{\"@id\":\"https:\\\/\\\/owlstales.eu\\\/en\\\/#organization\"},\"alternateName\":\"owls tales\",\"potentialAction\":[{\"@type\":\"SearchAction\",\"target\":{\"@type\":\"EntryPoint\",\"urlTemplate\":\"https:\\\/\\\/owlstales.eu\\\/en\\\/?s={search_term_string}\"},\"query-input\":{\"@type\":\"PropertyValueSpecification\",\"valueRequired\":true,\"valueName\":\"search_term_string\"}}],\"inLanguage\":\"en-US\"},{\"@type\":\"Organization\",\"@id\":\"https:\\\/\\\/owlstales.eu\\\/en\\\/#organization\",\"name\":\"P\u016bces pasakas\",\"url\":\"https:\\\/\\\/owlstales.eu\\\/en\\\/\",\"logo\":{\"@type\":\"ImageObject\",\"inLanguage\":\"en-US\",\"@id\":\"https:\\\/\\\/owlstales.eu\\\/en\\\/#\\\/schema\\\/logo\\\/image\\\/\",\"url\":\"https:\\\/\\\/owlstales.eu\\\/wp-content\\\/uploads\\\/2026\\\/03\\\/owl_logo_ok.webp\",\"contentUrl\":\"https:\\\/\\\/owlstales.eu\\\/wp-content\\\/uploads\\\/2026\\\/03\\\/owl_logo_ok.webp\",\"width\":512,\"height\":512,\"caption\":\"P\u016bces pasakas\"},\"image\":{\"@id\":\"https:\\\/\\\/owlstales.eu\\\/en\\\/#\\\/schema\\\/logo\\\/image\\\/\"},\"sameAs\":[\"https:\\\/\\\/www.facebook.com\\\/owlstales.eu\\\/\"],\"description\":\"Pasakas b\u0113rniem, pal\u012bgmateri\u0101li skolot\u0101jiem.\",\"email\":\"projekts.library@gmail.com\",\"telephone\":\"+371 20923022\",\"legalName\":\"ELENAS LIBRARY SIA\",\"foundingDate\":\"2025-03-01\",\"vatID\":\"LV402036769410\",\"taxID\":\"402036769410\",\"numberOfEmployees\":{\"@type\":\"QuantitativeValue\",\"minValue\":\"1\",\"maxValue\":\"10\"}}]}<\/script>\n<meta property=\"og:availability\" content=\"instock\" \/>\n<meta property=\"product:availability\" content=\"instock\" \/>\n<meta property=\"product:retailer_item_id\" content=\"LP_jautajumi\" \/>\n<meta property=\"product:condition\" content=\"new\" \/>\n<!-- \/ Yoast SEO Premium plugin. -->","yoast_head_json":{"title":"Questions for children, parents and teachers \u00abFlying Little Mouse\u00bb - P\u016bces pasakas","description":"The material can be used at home, at school, and in activities aimed at developing speech, thinking, and emotional understanding.","robots":{"index":"index","follow":"follow","max-snippet":"max-snippet:-1","max-image-preview":"max-image-preview:large","max-video-preview":"max-video-preview:-1"},"canonical":"https:\/\/owlstales.eu\/en\/product\/questions-for-children-parents-and-teachers-flying-little-mouse\/","og_locale":"en_US","og_type":"article","og_title":"Questions for children, parents and teachers \u00abFlying Little Mouse\u00bb","og_description":"The material can be used at home, at school, and in activities aimed at developing speech, thinking, and emotional understanding.","og_url":"https:\/\/owlstales.eu\/en\/product\/questions-for-children-parents-and-teachers-flying-little-mouse\/","og_site_name":"P\u016bces pasakas","article_publisher":"https:\/\/www.facebook.com\/owlstales.eu\/","article_modified_time":"2026-04-14T17:05:37+00:00","og_image":[{"width":1024,"height":1024,"url":"https:\/\/owlstales.eu\/wp-content\/uploads\/2026\/03\/wly_mouse_question.webp","type":"image\/webp"}],"twitter_card":"summary_large_image","twitter_misc":{"Availability":"In stock"},"schema":{"@context":"https:\/\/schema.org","@graph":[{"@type":"WebPage","@id":"https:\/\/owlstales.eu\/en\/product\/questions-for-children-parents-and-teachers-flying-little-mouse\/","url":"https:\/\/owlstales.eu\/en\/product\/questions-for-children-parents-and-teachers-flying-little-mouse\/","name":"Questions for children, parents and teachers \u00abFlying Little Mouse\u00bb - P\u016bces pasakas","isPartOf":{"@id":"https:\/\/owlstales.eu\/en\/#website"},"primaryImageOfPage":{"@id":"https:\/\/owlstales.eu\/en\/product\/questions-for-children-parents-and-teachers-flying-little-mouse\/#primaryimage"},"image":{"@id":"https:\/\/owlstales.eu\/en\/product\/questions-for-children-parents-and-teachers-flying-little-mouse\/#primaryimage"},"thumbnailUrl":"https:\/\/owlstales.eu\/wp-content\/uploads\/2026\/03\/wly_mouse_question.webp","datePublished":"2026-03-11T14:44:07+00:00","dateModified":"2026-04-14T17:05:37+00:00","description":"The material can be used at home, at school, and in activities aimed at developing speech, thinking, and emotional understanding.","breadcrumb":{"@id":"https:\/\/owlstales.eu\/en\/product\/questions-for-children-parents-and-teachers-flying-little-mouse\/#breadcrumb"},"inLanguage":"en-US","potentialAction":[{"@type":"ReadAction","target":["https:\/\/owlstales.eu\/en\/product\/questions-for-children-parents-and-teachers-flying-little-mouse\/"]}]},{"@type":"ImageObject","inLanguage":"en-US","@id":"https:\/\/owlstales.eu\/en\/product\/questions-for-children-parents-and-teachers-flying-little-mouse\/#primaryimage","url":"https:\/\/owlstales.eu\/wp-content\/uploads\/2026\/03\/wly_mouse_question.webp","contentUrl":"https:\/\/owlstales.eu\/wp-content\/uploads\/2026\/03\/wly_mouse_question.webp","width":1024,"height":1024},{"@type":"BreadcrumbList","@id":"https:\/\/owlstales.eu\/en\/product\/questions-for-children-parents-and-teachers-flying-little-mouse\/#breadcrumb","itemListElement":[{"@type":"ListItem","position":1,"name":"Home","item":"https:\/\/owlstales.eu\/en\/home\/"},{"@type":"ListItem","position":2,"name":"Shop","item":"https:\/\/owlstales.eu\/en\/shop\/"},{"@type":"ListItem","position":3,"name":"Questions for children, parents and teachers \u00abFlying Little Mouse\u00bb"}]},{"@type":"WebSite","@id":"https:\/\/owlstales.eu\/en\/#website","url":"https:\/\/owlstales.eu\/en\/","name":"P\u016bces pasakas","description":"GR\u0100MATAS | PDF | AUDIOIZR\u0100DES | PASAKAS","publisher":{"@id":"https:\/\/owlstales.eu\/en\/#organization"},"alternateName":"owls tales","potentialAction":[{"@type":"SearchAction","target":{"@type":"EntryPoint","urlTemplate":"https:\/\/owlstales.eu\/en\/?s={search_term_string}"},"query-input":{"@type":"PropertyValueSpecification","valueRequired":true,"valueName":"search_term_string"}}],"inLanguage":"en-US"},{"@type":"Organization","@id":"https:\/\/owlstales.eu\/en\/#organization","name":"P\u016bces pasakas","url":"https:\/\/owlstales.eu\/en\/","logo":{"@type":"ImageObject","inLanguage":"en-US","@id":"https:\/\/owlstales.eu\/en\/#\/schema\/logo\/image\/","url":"https:\/\/owlstales.eu\/wp-content\/uploads\/2026\/03\/owl_logo_ok.webp","contentUrl":"https:\/\/owlstales.eu\/wp-content\/uploads\/2026\/03\/owl_logo_ok.webp","width":512,"height":512,"caption":"P\u016bces pasakas"},"image":{"@id":"https:\/\/owlstales.eu\/en\/#\/schema\/logo\/image\/"},"sameAs":["https:\/\/www.facebook.com\/owlstales.eu\/"],"description":"Pasakas b\u0113rniem, pal\u012bgmateri\u0101li skolot\u0101jiem.","email":"projekts.library@gmail.com","telephone":"+371 20923022","legalName":"ELENAS LIBRARY SIA","foundingDate":"2025-03-01","vatID":"LV402036769410","taxID":"402036769410","numberOfEmployees":{"@type":"QuantitativeValue","minValue":"1","maxValue":"10"}}]},"og_availability":"instock","product_availability":"instock","product_retailer_item_id":"LP_jautajumi","product_condition":"new"},"_links":{"self":[{"href":"https:\/\/owlstales.eu\/en\/wp-json\/wp\/v2\/product\/3193","targetHints":{"allow":["GET"]}}],"collection":[{"href":"https:\/\/owlstales.eu\/en\/wp-json\/wp\/v2\/product"}],"about":[{"href":"https:\/\/owlstales.eu\/en\/wp-json\/wp\/v2\/types\/product"}],"replies":[{"embeddable":true,"href":"https:\/\/owlstales.eu\/en\/wp-json\/wp\/v2\/comments?post=3193"}],"wp:featuredmedia":[{"embeddable":true,"href":"https:\/\/owlstales.eu\/en\/wp-json\/wp\/v2\/media\/3169"}],"wp:attachment":[{"href":"https:\/\/owlstales.eu\/en\/wp-json\/wp\/v2\/media?parent=3193"}],"wp:term":[{"taxonomy":"product_brand","embeddable":true,"href":"https:\/\/owlstales.eu\/en\/wp-json\/wp\/v2\/product_brand?post=3193"},{"taxonomy":"product_cat","embeddable":true,"href":"https:\/\/owlstales.eu\/en\/wp-json\/wp\/v2\/product_cat?post=3193"},{"taxonomy":"product_tag","embeddable":true,"href":"https:\/\/owlstales.eu\/en\/wp-json\/wp\/v2\/product_tag?post=3193"}],"curies":[{"name":"wp","href":"https:\/\/api.w.org\/{rel}","templated":true}]}}