{"id":3170,"date":"2026-03-11T17:10:00","date_gmt":"2026-03-11T15:10:00","guid":{"rendered":"https:\/\/owlstales.eu\/product\/flying-little-mouse-set\/"},"modified":"2026-03-11T17:10:00","modified_gmt":"2026-03-11T15:10:00","slug":"flying-little-mouse-set","status":"publish","type":"product","link":"https:\/\/owlstales.eu\/en\/product\/flying-little-mouse-set\/","title":{"rendered":"\u00abFlying Little Mouse\u00bb set"},"content":{"rendered":"<p>The set allows not only to get to know the story, but also to experience it more deeply through reading, listening, discussion and creative activities.\u2028Suitable for family reading, working with children and spending time together.<\/p>\n","protected":false},"excerpt":{"rendered":"<p>The set includes:\u2028\u2014 the book \u201cFlying Little Mouse\u201d\u2028<br \/>\u2014 the audio play \u201cFlying Little Mouse\u201d<br \/>\u2028\u2014 questions for children, parents and teachers\u2028<br \/>\u2014 coloring pages based on the story<\/p>\n<p>Formats: book \/ PDF \/ MP3 <\/p>\n","protected":false},"featured_media":2571,"comment_status":"open","ping_status":"closed","template":"","meta":[],"product_brand":[],"product_cat":[164,166,179,184,173],"product_tag":[],"class_list":{"0":"post-3170","1":"product","2":"type-product","3":"status-publish","4":"has-post-thumbnail","6":"product_cat-audiobooks","7":"product_cat-books","8":"product_cat-coloring-pages","9":"product_cat-pdf-books","10":"product_cat-printed-books","12":"first","13":"instock","14":"sale","15":"taxable","16":"shipping-taxable","17":"purchasable","18":"product-type-variable"},"yoast_head":"<!-- This site is optimized with the Yoast SEO Premium plugin v27.1 (Yoast SEO v27.4) - https:\/\/yoast.com\/product\/yoast-seo-premium-wordpress\/ -->\n<title>\u00abFlying Little Mouse\u00bb set - P\u016bces pasakas<\/title>\n<meta name=\"description\" content=\"The set allows not only to get to know the story, but also to experience it more deeply through reading, listening, discussion and creative activities.\" \/>\n<meta name=\"robots\" content=\"index, follow, max-snippet:-1, max-image-preview:large, max-video-preview:-1\" \/>\n<link rel=\"canonical\" href=\"https:\/\/owlstales.eu\/en\/product\/flying-little-mouse-set\/\" \/>\n<meta property=\"og:locale\" content=\"en_US\" \/>\n<meta property=\"og:type\" content=\"article\" \/>\n<meta property=\"og:title\" content=\"\u00abFlying Little Mouse\u00bb set\" \/>\n<meta property=\"og:description\" content=\"The set allows not only to get to know the story, but also to experience it more deeply through reading, listening, discussion and creative activities.\" \/>\n<meta property=\"og:url\" content=\"https:\/\/owlstales.eu\/en\/product\/flying-little-mouse-set\/\" \/>\n<meta property=\"og:site_name\" content=\"P\u016bces pasakas\" \/>\n<meta property=\"article:publisher\" content=\"https:\/\/www.facebook.com\/owlstales.eu\/\" \/>\n<meta property=\"og:image\" content=\"https:\/\/owlstales.eu\/wp-content\/uploads\/2025\/02\/wly_mouse_book.webp\" \/>\n\t<meta property=\"og:image:width\" content=\"1024\" \/>\n\t<meta property=\"og:image:height\" content=\"1024\" \/>\n\t<meta property=\"og:image:type\" content=\"image\/webp\" \/>\n<meta name=\"twitter:card\" content=\"summary_large_image\" \/>\n<meta name=\"twitter:label1\" content=\"Availability\" \/>\n\t<meta name=\"twitter:data1\" content=\"In stock\" \/>\n<script type=\"application\/ld+json\" class=\"yoast-schema-graph\">{\"@context\":\"https:\\\/\\\/schema.org\",\"@graph\":[{\"@type\":\"WebPage\",\"@id\":\"https:\\\/\\\/owlstales.eu\\\/en\\\/product\\\/flying-little-mouse-set\\\/\",\"url\":\"https:\\\/\\\/owlstales.eu\\\/en\\\/product\\\/flying-little-mouse-set\\\/\",\"name\":\"\u00abFlying Little Mouse\u00bb set - P\u016bces pasakas\",\"isPartOf\":{\"@id\":\"https:\\\/\\\/owlstales.eu\\\/en\\\/#website\"},\"primaryImageOfPage\":{\"@id\":\"https:\\\/\\\/owlstales.eu\\\/en\\\/product\\\/flying-little-mouse-set\\\/#primaryimage\"},\"image\":{\"@id\":\"https:\\\/\\\/owlstales.eu\\\/en\\\/product\\\/flying-little-mouse-set\\\/#primaryimage\"},\"thumbnailUrl\":\"https:\\\/\\\/owlstales.eu\\\/wp-content\\\/uploads\\\/2025\\\/02\\\/wly_mouse_book.webp\",\"datePublished\":\"2026-03-11T15:10:00+00:00\",\"description\":\"The set allows not only to get to know the story, but also to experience it more deeply through reading, listening, discussion and creative activities.\",\"breadcrumb\":{\"@id\":\"https:\\\/\\\/owlstales.eu\\\/en\\\/product\\\/flying-little-mouse-set\\\/#breadcrumb\"},\"inLanguage\":\"en-US\",\"potentialAction\":[{\"@type\":\"ReadAction\",\"target\":[\"https:\\\/\\\/owlstales.eu\\\/en\\\/product\\\/flying-little-mouse-set\\\/\"]}]},{\"@type\":\"ImageObject\",\"inLanguage\":\"en-US\",\"@id\":\"https:\\\/\\\/owlstales.eu\\\/en\\\/product\\\/flying-little-mouse-set\\\/#primaryimage\",\"url\":\"https:\\\/\\\/owlstales.eu\\\/wp-content\\\/uploads\\\/2025\\\/02\\\/wly_mouse_book.webp\",\"contentUrl\":\"https:\\\/\\\/owlstales.eu\\\/wp-content\\\/uploads\\\/2025\\\/02\\\/wly_mouse_book.webp\",\"width\":1024,\"height\":1024,\"caption\":\"Pasaka lidojo\u0161ais pelens\"},{\"@type\":\"BreadcrumbList\",\"@id\":\"https:\\\/\\\/owlstales.eu\\\/en\\\/product\\\/flying-little-mouse-set\\\/#breadcrumb\",\"itemListElement\":[{\"@type\":\"ListItem\",\"position\":1,\"name\":\"Home\",\"item\":\"https:\\\/\\\/owlstales.eu\\\/en\\\/home\\\/\"},{\"@type\":\"ListItem\",\"position\":2,\"name\":\"Shop\",\"item\":\"https:\\\/\\\/owlstales.eu\\\/en\\\/shop\\\/\"},{\"@type\":\"ListItem\",\"position\":3,\"name\":\"\u00abFlying Little Mouse\u00bb set\"}]},{\"@type\":\"WebSite\",\"@id\":\"https:\\\/\\\/owlstales.eu\\\/en\\\/#website\",\"url\":\"https:\\\/\\\/owlstales.eu\\\/en\\\/\",\"name\":\"P\u016bces pasakas\",\"description\":\"GR\u0100MATAS | PDF | AUDIOIZR\u0100DES | PASAKAS\",\"publisher\":{\"@id\":\"https:\\\/\\\/owlstales.eu\\\/en\\\/#organization\"},\"alternateName\":\"owls tales\",\"potentialAction\":[{\"@type\":\"SearchAction\",\"target\":{\"@type\":\"EntryPoint\",\"urlTemplate\":\"https:\\\/\\\/owlstales.eu\\\/en\\\/?s={search_term_string}\"},\"query-input\":{\"@type\":\"PropertyValueSpecification\",\"valueRequired\":true,\"valueName\":\"search_term_string\"}}],\"inLanguage\":\"en-US\"},{\"@type\":\"Organization\",\"@id\":\"https:\\\/\\\/owlstales.eu\\\/en\\\/#organization\",\"name\":\"P\u016bces pasakas\",\"url\":\"https:\\\/\\\/owlstales.eu\\\/en\\\/\",\"logo\":{\"@type\":\"ImageObject\",\"inLanguage\":\"en-US\",\"@id\":\"https:\\\/\\\/owlstales.eu\\\/en\\\/#\\\/schema\\\/logo\\\/image\\\/\",\"url\":\"https:\\\/\\\/owlstales.eu\\\/wp-content\\\/uploads\\\/2026\\\/03\\\/owl_logo_ok.webp\",\"contentUrl\":\"https:\\\/\\\/owlstales.eu\\\/wp-content\\\/uploads\\\/2026\\\/03\\\/owl_logo_ok.webp\",\"width\":512,\"height\":512,\"caption\":\"P\u016bces pasakas\"},\"image\":{\"@id\":\"https:\\\/\\\/owlstales.eu\\\/en\\\/#\\\/schema\\\/logo\\\/image\\\/\"},\"sameAs\":[\"https:\\\/\\\/www.facebook.com\\\/owlstales.eu\\\/\"],\"description\":\"Pasakas b\u0113rniem, pal\u012bgmateri\u0101li skolot\u0101jiem.\",\"email\":\"projekts.library@gmail.com\",\"telephone\":\"+371 20923022\",\"legalName\":\"ELENAS LIBRARY SIA\",\"foundingDate\":\"2025-03-01\",\"vatID\":\"LV402036769410\",\"taxID\":\"402036769410\",\"numberOfEmployees\":{\"@type\":\"QuantitativeValue\",\"minValue\":\"1\",\"maxValue\":\"10\"}}]}<\/script>\n<meta property=\"og:availability\" content=\"instock\" \/>\n<meta property=\"product:availability\" content=\"instock\" \/>\n<meta property=\"product:retailer_item_id\" content=\"komplekts_LP\" \/>\n<meta property=\"product:condition\" content=\"new\" \/>\n<!-- \/ Yoast SEO Premium plugin. -->","yoast_head_json":{"title":"\u00abFlying Little Mouse\u00bb set - P\u016bces pasakas","description":"The set allows not only to get to know the story, but also to experience it more deeply through reading, listening, discussion and creative activities.","robots":{"index":"index","follow":"follow","max-snippet":"max-snippet:-1","max-image-preview":"max-image-preview:large","max-video-preview":"max-video-preview:-1"},"canonical":"https:\/\/owlstales.eu\/en\/product\/flying-little-mouse-set\/","og_locale":"en_US","og_type":"article","og_title":"\u00abFlying Little Mouse\u00bb set","og_description":"The set allows not only to get to know the story, but also to experience it more deeply through reading, listening, discussion and creative activities.","og_url":"https:\/\/owlstales.eu\/en\/product\/flying-little-mouse-set\/","og_site_name":"P\u016bces pasakas","article_publisher":"https:\/\/www.facebook.com\/owlstales.eu\/","og_image":[{"width":1024,"height":1024,"url":"https:\/\/owlstales.eu\/wp-content\/uploads\/2025\/02\/wly_mouse_book.webp","type":"image\/webp"}],"twitter_card":"summary_large_image","twitter_misc":{"Availability":"In stock"},"schema":{"@context":"https:\/\/schema.org","@graph":[{"@type":"WebPage","@id":"https:\/\/owlstales.eu\/en\/product\/flying-little-mouse-set\/","url":"https:\/\/owlstales.eu\/en\/product\/flying-little-mouse-set\/","name":"\u00abFlying Little Mouse\u00bb set - P\u016bces pasakas","isPartOf":{"@id":"https:\/\/owlstales.eu\/en\/#website"},"primaryImageOfPage":{"@id":"https:\/\/owlstales.eu\/en\/product\/flying-little-mouse-set\/#primaryimage"},"image":{"@id":"https:\/\/owlstales.eu\/en\/product\/flying-little-mouse-set\/#primaryimage"},"thumbnailUrl":"https:\/\/owlstales.eu\/wp-content\/uploads\/2025\/02\/wly_mouse_book.webp","datePublished":"2026-03-11T15:10:00+00:00","description":"The set allows not only to get to know the story, but also to experience it more deeply through reading, listening, discussion and creative activities.","breadcrumb":{"@id":"https:\/\/owlstales.eu\/en\/product\/flying-little-mouse-set\/#breadcrumb"},"inLanguage":"en-US","potentialAction":[{"@type":"ReadAction","target":["https:\/\/owlstales.eu\/en\/product\/flying-little-mouse-set\/"]}]},{"@type":"ImageObject","inLanguage":"en-US","@id":"https:\/\/owlstales.eu\/en\/product\/flying-little-mouse-set\/#primaryimage","url":"https:\/\/owlstales.eu\/wp-content\/uploads\/2025\/02\/wly_mouse_book.webp","contentUrl":"https:\/\/owlstales.eu\/wp-content\/uploads\/2025\/02\/wly_mouse_book.webp","width":1024,"height":1024,"caption":"Pasaka lidojo\u0161ais pelens"},{"@type":"BreadcrumbList","@id":"https:\/\/owlstales.eu\/en\/product\/flying-little-mouse-set\/#breadcrumb","itemListElement":[{"@type":"ListItem","position":1,"name":"Home","item":"https:\/\/owlstales.eu\/en\/home\/"},{"@type":"ListItem","position":2,"name":"Shop","item":"https:\/\/owlstales.eu\/en\/shop\/"},{"@type":"ListItem","position":3,"name":"\u00abFlying Little Mouse\u00bb set"}]},{"@type":"WebSite","@id":"https:\/\/owlstales.eu\/en\/#website","url":"https:\/\/owlstales.eu\/en\/","name":"P\u016bces pasakas","description":"GR\u0100MATAS | PDF | AUDIOIZR\u0100DES | PASAKAS","publisher":{"@id":"https:\/\/owlstales.eu\/en\/#organization"},"alternateName":"owls tales","potentialAction":[{"@type":"SearchAction","target":{"@type":"EntryPoint","urlTemplate":"https:\/\/owlstales.eu\/en\/?s={search_term_string}"},"query-input":{"@type":"PropertyValueSpecification","valueRequired":true,"valueName":"search_term_string"}}],"inLanguage":"en-US"},{"@type":"Organization","@id":"https:\/\/owlstales.eu\/en\/#organization","name":"P\u016bces pasakas","url":"https:\/\/owlstales.eu\/en\/","logo":{"@type":"ImageObject","inLanguage":"en-US","@id":"https:\/\/owlstales.eu\/en\/#\/schema\/logo\/image\/","url":"https:\/\/owlstales.eu\/wp-content\/uploads\/2026\/03\/owl_logo_ok.webp","contentUrl":"https:\/\/owlstales.eu\/wp-content\/uploads\/2026\/03\/owl_logo_ok.webp","width":512,"height":512,"caption":"P\u016bces pasakas"},"image":{"@id":"https:\/\/owlstales.eu\/en\/#\/schema\/logo\/image\/"},"sameAs":["https:\/\/www.facebook.com\/owlstales.eu\/"],"description":"Pasakas b\u0113rniem, pal\u012bgmateri\u0101li skolot\u0101jiem.","email":"projekts.library@gmail.com","telephone":"+371 20923022","legalName":"ELENAS LIBRARY SIA","foundingDate":"2025-03-01","vatID":"LV402036769410","taxID":"402036769410","numberOfEmployees":{"@type":"QuantitativeValue","minValue":"1","maxValue":"10"}}]},"og_availability":"instock","product_availability":"instock","product_retailer_item_id":"komplekts_LP","product_condition":"new"},"_links":{"self":[{"href":"https:\/\/owlstales.eu\/en\/wp-json\/wp\/v2\/product\/3170","targetHints":{"allow":["GET"]}}],"collection":[{"href":"https:\/\/owlstales.eu\/en\/wp-json\/wp\/v2\/product"}],"about":[{"href":"https:\/\/owlstales.eu\/en\/wp-json\/wp\/v2\/types\/product"}],"replies":[{"embeddable":true,"href":"https:\/\/owlstales.eu\/en\/wp-json\/wp\/v2\/comments?post=3170"}],"wp:featuredmedia":[{"embeddable":true,"href":"https:\/\/owlstales.eu\/en\/wp-json\/wp\/v2\/media\/2571"}],"wp:attachment":[{"href":"https:\/\/owlstales.eu\/en\/wp-json\/wp\/v2\/media?parent=3170"}],"wp:term":[{"taxonomy":"product_brand","embeddable":true,"href":"https:\/\/owlstales.eu\/en\/wp-json\/wp\/v2\/product_brand?post=3170"},{"taxonomy":"product_cat","embeddable":true,"href":"https:\/\/owlstales.eu\/en\/wp-json\/wp\/v2\/product_cat?post=3170"},{"taxonomy":"product_tag","embeddable":true,"href":"https:\/\/owlstales.eu\/en\/wp-json\/wp\/v2\/product_tag?post=3170"}],"curies":[{"name":"wp","href":"https:\/\/api.w.org\/{rel}","templated":true}]}}