{"id":3063,"date":"2026-03-08T08:04:26","date_gmt":"2026-03-08T06:04:26","guid":{"rendered":"https:\/\/owlstales.eu\/product\/mens-t-shirt-owls-tales-everyday\/"},"modified":"2026-03-08T08:04:26","modified_gmt":"2026-03-08T06:04:26","slug":"mens-t-shirt-owls-tales-everyday","status":"publish","type":"product","link":"https:\/\/owlstales.eu\/en\/product\/mens-t-shirt-owls-tales-everyday\/","title":{"rendered":"Men\u2019s T-shirt OWLS TALES Everyday"},"content":{"rendered":"<p>Model: OWLS TALES Everyday<br \/>\nPrint: OWLS TALES \u201cThe Flying Mouse\u201d<br \/>\nType: short-sleeve T-shirt<br \/>\nBase T-shirt: JustHoods (men\u2019s model)<br \/>\nComposition: 100% cotton<br \/>\nFabric weight: approx. 150\u2013170 g\/m\u00b2<br \/>\nPrint: high-quality durable digital printing<br \/>\nSizes: XS\u20133XL<br \/>\nCare: machine wash in normal mode<\/p>\n<p><img fetchpriority=\"high\" decoding=\"async\" class=\"wp-image-2244 alignleft\" src=\"https:\/\/owlstales.eu\/wp-content\/uploads\/2026\/03\/IzmeriHudijiPremiumVirieshu-300x100.png\" alt=\"\" width=\"408\" height=\"136\" srcset=\"https:\/\/owlstales.eu\/wp-content\/uploads\/2026\/03\/IzmeriHudijiPremiumVirieshu-300x100.png 300w, https:\/\/owlstales.eu\/wp-content\/uploads\/2026\/03\/IzmeriHudijiPremiumVirieshu-1024x342.png 1024w, https:\/\/owlstales.eu\/wp-content\/uploads\/2026\/03\/IzmeriHudijiPremiumVirieshu-768x256.png 768w, https:\/\/owlstales.eu\/wp-content\/uploads\/2026\/03\/IzmeriHudijiPremiumVirieshu-600x200.png 600w, https:\/\/owlstales.eu\/wp-content\/uploads\/2026\/03\/IzmeriHudijiPremiumVirieshu.png 1057w\" sizes=\"(max-width: 408px) 100vw, 408px\" \/><\/p>\n","protected":false},"excerpt":{"rendered":"<p>The OWLS TALES Everyday men\u2019s T-shirt is made using a JustHoods T-shirt as the base. The model has a men\u2019s fit and is suitable for everyday wear \u2014 for work, walks and leisure.<br \/>\nThe T-shirt is made of soft cotton knit fabric that is pleasant to the skin and comfortable for daily use. An original OWLS TALES print is applied to the garment using high-quality durable digital printing.<\/p>\n","protected":false},"featured_media":2508,"comment_status":"open","ping_status":"closed","template":"","meta":[],"product_brand":[],"product_cat":[127,190,141],"product_tag":[],"class_list":{"0":"post-3063","1":"product","2":"type-product","3":"status-publish","4":"has-post-thumbnail","6":"product_cat-collections-with-our-merch","7":"product_cat-t-shirts","8":"product_cat-the-flying-mouse","9":"pa_krasa-burgundy","10":"pa_krasa-natural","11":"pa_krasa-navy","13":"first","14":"instock","15":"taxable","16":"shipping-taxable","17":"purchasable","18":"product-type-variable"},"yoast_head":"<!-- This site is optimized with the Yoast SEO Premium plugin v27.1 (Yoast SEO v27.4) - https:\/\/yoast.com\/product\/yoast-seo-premium-wordpress\/ -->\n<title>Men\u2019s T-shirt OWLS TALES Everyday - P\u016bces pasakas<\/title>\n<meta name=\"description\" content=\"The OWLS TALES Everyday men\u2019s T-shirt is suitable for everyday wear \u2014 for work, walks and leisure.\" \/>\n<meta name=\"robots\" content=\"index, follow, max-snippet:-1, max-image-preview:large, max-video-preview:-1\" \/>\n<link rel=\"canonical\" href=\"https:\/\/owlstales.eu\/en\/product\/mens-t-shirt-owls-tales-everyday\/\" \/>\n<meta property=\"og:locale\" content=\"en_US\" \/>\n<meta property=\"og:type\" content=\"article\" \/>\n<meta property=\"og:title\" content=\"Men\u2019s T-shirt OWLS TALES Everyday\" \/>\n<meta property=\"og:description\" content=\"The OWLS TALES Everyday men\u2019s T-shirt is suitable for everyday wear \u2014 for work, walks and leisure.\" \/>\n<meta property=\"og:url\" content=\"https:\/\/owlstales.eu\/en\/product\/mens-t-shirt-owls-tales-everyday\/\" \/>\n<meta property=\"og:site_name\" content=\"P\u016bces pasakas\" \/>\n<meta property=\"article:publisher\" content=\"https:\/\/www.facebook.com\/owlstales.eu\/\" \/>\n<meta property=\"og:image\" content=\"https:\/\/owlstales.eu\/wp-content\/uploads\/2026\/03\/Vir_baze_nav_owl.webp\" \/>\n\t<meta property=\"og:image:width\" content=\"1024\" \/>\n\t<meta property=\"og:image:height\" content=\"1024\" \/>\n\t<meta property=\"og:image:type\" content=\"image\/webp\" \/>\n<meta name=\"twitter:card\" content=\"summary_large_image\" \/>\n<meta name=\"twitter:label1\" content=\"Availability\" \/>\n\t<meta name=\"twitter:data1\" content=\"In stock\" \/>\n<script type=\"application\/ld+json\" class=\"yoast-schema-graph\">{\"@context\":\"https:\\\/\\\/schema.org\",\"@graph\":[{\"@type\":\"WebPage\",\"@id\":\"https:\\\/\\\/owlstales.eu\\\/en\\\/product\\\/mens-t-shirt-owls-tales-everyday\\\/\",\"url\":\"https:\\\/\\\/owlstales.eu\\\/en\\\/product\\\/mens-t-shirt-owls-tales-everyday\\\/\",\"name\":\"Men\u2019s T-shirt OWLS TALES Everyday - P\u016bces pasakas\",\"isPartOf\":{\"@id\":\"https:\\\/\\\/owlstales.eu\\\/en\\\/#website\"},\"primaryImageOfPage\":{\"@id\":\"https:\\\/\\\/owlstales.eu\\\/en\\\/product\\\/mens-t-shirt-owls-tales-everyday\\\/#primaryimage\"},\"image\":{\"@id\":\"https:\\\/\\\/owlstales.eu\\\/en\\\/product\\\/mens-t-shirt-owls-tales-everyday\\\/#primaryimage\"},\"thumbnailUrl\":\"https:\\\/\\\/owlstales.eu\\\/wp-content\\\/uploads\\\/2026\\\/03\\\/Vir_baze_nav_owl.webp\",\"datePublished\":\"2026-03-08T06:04:26+00:00\",\"description\":\"The OWLS TALES Everyday men\u2019s T-shirt is suitable for everyday wear \u2014 for work, walks and leisure.\",\"breadcrumb\":{\"@id\":\"https:\\\/\\\/owlstales.eu\\\/en\\\/product\\\/mens-t-shirt-owls-tales-everyday\\\/#breadcrumb\"},\"inLanguage\":\"en-US\",\"potentialAction\":[{\"@type\":\"ReadAction\",\"target\":[\"https:\\\/\\\/owlstales.eu\\\/en\\\/product\\\/mens-t-shirt-owls-tales-everyday\\\/\"]}]},{\"@type\":\"ImageObject\",\"inLanguage\":\"en-US\",\"@id\":\"https:\\\/\\\/owlstales.eu\\\/en\\\/product\\\/mens-t-shirt-owls-tales-everyday\\\/#primaryimage\",\"url\":\"https:\\\/\\\/owlstales.eu\\\/wp-content\\\/uploads\\\/2026\\\/03\\\/Vir_baze_nav_owl.webp\",\"contentUrl\":\"https:\\\/\\\/owlstales.eu\\\/wp-content\\\/uploads\\\/2026\\\/03\\\/Vir_baze_nav_owl.webp\",\"width\":1024,\"height\":1024},{\"@type\":\"BreadcrumbList\",\"@id\":\"https:\\\/\\\/owlstales.eu\\\/en\\\/product\\\/mens-t-shirt-owls-tales-everyday\\\/#breadcrumb\",\"itemListElement\":[{\"@type\":\"ListItem\",\"position\":1,\"name\":\"Home\",\"item\":\"https:\\\/\\\/owlstales.eu\\\/en\\\/home\\\/\"},{\"@type\":\"ListItem\",\"position\":2,\"name\":\"Shop\",\"item\":\"https:\\\/\\\/owlstales.eu\\\/en\\\/shop\\\/\"},{\"@type\":\"ListItem\",\"position\":3,\"name\":\"Men\u2019s T-shirt OWLS TALES Everyday\"}]},{\"@type\":\"WebSite\",\"@id\":\"https:\\\/\\\/owlstales.eu\\\/en\\\/#website\",\"url\":\"https:\\\/\\\/owlstales.eu\\\/en\\\/\",\"name\":\"P\u016bces pasakas\",\"description\":\"GR\u0100MATAS | PDF | AUDIOIZR\u0100DES | PASAKAS\",\"publisher\":{\"@id\":\"https:\\\/\\\/owlstales.eu\\\/en\\\/#organization\"},\"alternateName\":\"owls tales\",\"potentialAction\":[{\"@type\":\"SearchAction\",\"target\":{\"@type\":\"EntryPoint\",\"urlTemplate\":\"https:\\\/\\\/owlstales.eu\\\/en\\\/?s={search_term_string}\"},\"query-input\":{\"@type\":\"PropertyValueSpecification\",\"valueRequired\":true,\"valueName\":\"search_term_string\"}}],\"inLanguage\":\"en-US\"},{\"@type\":\"Organization\",\"@id\":\"https:\\\/\\\/owlstales.eu\\\/en\\\/#organization\",\"name\":\"P\u016bces pasakas\",\"url\":\"https:\\\/\\\/owlstales.eu\\\/en\\\/\",\"logo\":{\"@type\":\"ImageObject\",\"inLanguage\":\"en-US\",\"@id\":\"https:\\\/\\\/owlstales.eu\\\/en\\\/#\\\/schema\\\/logo\\\/image\\\/\",\"url\":\"https:\\\/\\\/owlstales.eu\\\/wp-content\\\/uploads\\\/2026\\\/03\\\/owl_logo_ok.webp\",\"contentUrl\":\"https:\\\/\\\/owlstales.eu\\\/wp-content\\\/uploads\\\/2026\\\/03\\\/owl_logo_ok.webp\",\"width\":512,\"height\":512,\"caption\":\"P\u016bces pasakas\"},\"image\":{\"@id\":\"https:\\\/\\\/owlstales.eu\\\/en\\\/#\\\/schema\\\/logo\\\/image\\\/\"},\"sameAs\":[\"https:\\\/\\\/www.facebook.com\\\/owlstales.eu\\\/\"],\"description\":\"Pasakas b\u0113rniem, pal\u012bgmateri\u0101li skolot\u0101jiem.\",\"email\":\"projekts.library@gmail.com\",\"telephone\":\"+371 20923022\",\"legalName\":\"ELENAS LIBRARY SIA\",\"foundingDate\":\"2025-03-01\",\"vatID\":\"LV402036769410\",\"taxID\":\"402036769410\",\"numberOfEmployees\":{\"@type\":\"QuantitativeValue\",\"minValue\":\"1\",\"maxValue\":\"10\"}}]}<\/script>\n<meta property=\"og:availability\" content=\"instock\" \/>\n<meta property=\"product:availability\" content=\"instock\" \/>\n<meta property=\"product:retailer_item_id\" content=\"Vir_tkrekls_everyday\" \/>\n<meta property=\"product:condition\" content=\"new\" \/>\n<!-- \/ Yoast SEO Premium plugin. -->","yoast_head_json":{"title":"Men\u2019s T-shirt OWLS TALES Everyday - P\u016bces pasakas","description":"The OWLS TALES Everyday men\u2019s T-shirt is suitable for everyday wear \u2014 for work, walks and leisure.","robots":{"index":"index","follow":"follow","max-snippet":"max-snippet:-1","max-image-preview":"max-image-preview:large","max-video-preview":"max-video-preview:-1"},"canonical":"https:\/\/owlstales.eu\/en\/product\/mens-t-shirt-owls-tales-everyday\/","og_locale":"en_US","og_type":"article","og_title":"Men\u2019s T-shirt OWLS TALES Everyday","og_description":"The OWLS TALES Everyday men\u2019s T-shirt is suitable for everyday wear \u2014 for work, walks and leisure.","og_url":"https:\/\/owlstales.eu\/en\/product\/mens-t-shirt-owls-tales-everyday\/","og_site_name":"P\u016bces pasakas","article_publisher":"https:\/\/www.facebook.com\/owlstales.eu\/","og_image":[{"width":1024,"height":1024,"url":"https:\/\/owlstales.eu\/wp-content\/uploads\/2026\/03\/Vir_baze_nav_owl.webp","type":"image\/webp"}],"twitter_card":"summary_large_image","twitter_misc":{"Availability":"In stock"},"schema":{"@context":"https:\/\/schema.org","@graph":[{"@type":"WebPage","@id":"https:\/\/owlstales.eu\/en\/product\/mens-t-shirt-owls-tales-everyday\/","url":"https:\/\/owlstales.eu\/en\/product\/mens-t-shirt-owls-tales-everyday\/","name":"Men\u2019s T-shirt OWLS TALES Everyday - P\u016bces pasakas","isPartOf":{"@id":"https:\/\/owlstales.eu\/en\/#website"},"primaryImageOfPage":{"@id":"https:\/\/owlstales.eu\/en\/product\/mens-t-shirt-owls-tales-everyday\/#primaryimage"},"image":{"@id":"https:\/\/owlstales.eu\/en\/product\/mens-t-shirt-owls-tales-everyday\/#primaryimage"},"thumbnailUrl":"https:\/\/owlstales.eu\/wp-content\/uploads\/2026\/03\/Vir_baze_nav_owl.webp","datePublished":"2026-03-08T06:04:26+00:00","description":"The OWLS TALES Everyday men\u2019s T-shirt is suitable for everyday wear \u2014 for work, walks and leisure.","breadcrumb":{"@id":"https:\/\/owlstales.eu\/en\/product\/mens-t-shirt-owls-tales-everyday\/#breadcrumb"},"inLanguage":"en-US","potentialAction":[{"@type":"ReadAction","target":["https:\/\/owlstales.eu\/en\/product\/mens-t-shirt-owls-tales-everyday\/"]}]},{"@type":"ImageObject","inLanguage":"en-US","@id":"https:\/\/owlstales.eu\/en\/product\/mens-t-shirt-owls-tales-everyday\/#primaryimage","url":"https:\/\/owlstales.eu\/wp-content\/uploads\/2026\/03\/Vir_baze_nav_owl.webp","contentUrl":"https:\/\/owlstales.eu\/wp-content\/uploads\/2026\/03\/Vir_baze_nav_owl.webp","width":1024,"height":1024},{"@type":"BreadcrumbList","@id":"https:\/\/owlstales.eu\/en\/product\/mens-t-shirt-owls-tales-everyday\/#breadcrumb","itemListElement":[{"@type":"ListItem","position":1,"name":"Home","item":"https:\/\/owlstales.eu\/en\/home\/"},{"@type":"ListItem","position":2,"name":"Shop","item":"https:\/\/owlstales.eu\/en\/shop\/"},{"@type":"ListItem","position":3,"name":"Men\u2019s T-shirt OWLS TALES Everyday"}]},{"@type":"WebSite","@id":"https:\/\/owlstales.eu\/en\/#website","url":"https:\/\/owlstales.eu\/en\/","name":"P\u016bces pasakas","description":"GR\u0100MATAS | PDF | AUDIOIZR\u0100DES | PASAKAS","publisher":{"@id":"https:\/\/owlstales.eu\/en\/#organization"},"alternateName":"owls tales","potentialAction":[{"@type":"SearchAction","target":{"@type":"EntryPoint","urlTemplate":"https:\/\/owlstales.eu\/en\/?s={search_term_string}"},"query-input":{"@type":"PropertyValueSpecification","valueRequired":true,"valueName":"search_term_string"}}],"inLanguage":"en-US"},{"@type":"Organization","@id":"https:\/\/owlstales.eu\/en\/#organization","name":"P\u016bces pasakas","url":"https:\/\/owlstales.eu\/en\/","logo":{"@type":"ImageObject","inLanguage":"en-US","@id":"https:\/\/owlstales.eu\/en\/#\/schema\/logo\/image\/","url":"https:\/\/owlstales.eu\/wp-content\/uploads\/2026\/03\/owl_logo_ok.webp","contentUrl":"https:\/\/owlstales.eu\/wp-content\/uploads\/2026\/03\/owl_logo_ok.webp","width":512,"height":512,"caption":"P\u016bces pasakas"},"image":{"@id":"https:\/\/owlstales.eu\/en\/#\/schema\/logo\/image\/"},"sameAs":["https:\/\/www.facebook.com\/owlstales.eu\/"],"description":"Pasakas b\u0113rniem, pal\u012bgmateri\u0101li skolot\u0101jiem.","email":"projekts.library@gmail.com","telephone":"+371 20923022","legalName":"ELENAS LIBRARY SIA","foundingDate":"2025-03-01","vatID":"LV402036769410","taxID":"402036769410","numberOfEmployees":{"@type":"QuantitativeValue","minValue":"1","maxValue":"10"}}]},"og_availability":"instock","product_availability":"instock","product_retailer_item_id":"Vir_tkrekls_everyday","product_condition":"new"},"_links":{"self":[{"href":"https:\/\/owlstales.eu\/en\/wp-json\/wp\/v2\/product\/3063","targetHints":{"allow":["GET"]}}],"collection":[{"href":"https:\/\/owlstales.eu\/en\/wp-json\/wp\/v2\/product"}],"about":[{"href":"https:\/\/owlstales.eu\/en\/wp-json\/wp\/v2\/types\/product"}],"replies":[{"embeddable":true,"href":"https:\/\/owlstales.eu\/en\/wp-json\/wp\/v2\/comments?post=3063"}],"wp:featuredmedia":[{"embeddable":true,"href":"https:\/\/owlstales.eu\/en\/wp-json\/wp\/v2\/media\/2508"}],"wp:attachment":[{"href":"https:\/\/owlstales.eu\/en\/wp-json\/wp\/v2\/media?parent=3063"}],"wp:term":[{"taxonomy":"product_brand","embeddable":true,"href":"https:\/\/owlstales.eu\/en\/wp-json\/wp\/v2\/product_brand?post=3063"},{"taxonomy":"product_cat","embeddable":true,"href":"https:\/\/owlstales.eu\/en\/wp-json\/wp\/v2\/product_cat?post=3063"},{"taxonomy":"product_tag","embeddable":true,"href":"https:\/\/owlstales.eu\/en\/wp-json\/wp\/v2\/product_tag?post=3063"}],"curies":[{"name":"wp","href":"https:\/\/api.w.org\/{rel}","templated":true}]}}