{"id":3031,"date":"2026-03-07T11:00:41","date_gmt":"2026-03-07T09:00:41","guid":{"rendered":"https:\/\/owlstales.eu\/product\/womens-t-shirt-owls-tales-everyday\/"},"modified":"2026-04-03T10:17:59","modified_gmt":"2026-04-03T08:17:59","slug":"womens-t-shirt-owls-tales-everyday","status":"publish","type":"product","link":"https:\/\/owlstales.eu\/en\/product\/womens-t-shirt-owls-tales-everyday\/","title":{"rendered":"Women\u2019s T-shirt OWLS TALES Everyday"},"content":{"rendered":"<p>Model: OWLS TALES Everyday<br \/>\nPrint: OWLS TALES \u201cThe Flying Mouse\u201d<br \/>\nType: short-sleeve T-shirt<br \/>\nBase T-shirt: JustHoods (women\u2019s model)<br \/>\nComposition: 100% cotton<br \/>\nFabric weight: approx. 150\u2013170 g\/m\u00b2<br \/>\nPrint: high-quality durable digital printing<br \/>\nSizes: XS\u20133XL<br \/>\nCare: machine wash in normal mode<\/p>\n<p>&nbsp;<\/p>\n<p><img decoding=\"async\" class=\"wp-image-2076 alignleft\" src=\"https:\/\/owlstales.eu\/wp-content\/uploads\/2026\/03\/IzmeriHudijiPremiumSievieshu-300x76.png\" alt=\"\" width=\"418\" height=\"106\" srcset=\"https:\/\/owlstales.eu\/wp-content\/uploads\/2026\/03\/IzmeriHudijiPremiumSievieshu-300x76.png 300w, https:\/\/owlstales.eu\/wp-content\/uploads\/2026\/03\/IzmeriHudijiPremiumSievieshu-1024x261.png 1024w, https:\/\/owlstales.eu\/wp-content\/uploads\/2026\/03\/IzmeriHudijiPremiumSievieshu-768x195.png 768w, https:\/\/owlstales.eu\/wp-content\/uploads\/2026\/03\/IzmeriHudijiPremiumSievieshu-600x153.png 600w, https:\/\/owlstales.eu\/wp-content\/uploads\/2026\/03\/IzmeriHudijiPremiumSievieshu.png 1053w\" sizes=\"(max-width: 418px) 100vw, 418px\" \/><\/p>\n","protected":false},"excerpt":{"rendered":"<p>The OWLS TALES Everyday women\u2019s T-shirt is made using a JustHoods T-shirt as the base. The model has a women\u2019s fit, sits comfortably on the body and is suitable for everyday wear \u2014 for work, walks and leisure.<br \/>The T-shirt is made of soft cotton knit fabric that is pleasant to the skin and comfortable for daily use. An original OWLS TALES print is applied to the garment using high-quality durable digital printing.<\/p>\n","protected":false},"featured_media":2499,"comment_status":"open","ping_status":"closed","template":"","meta":[],"product_brand":[],"product_cat":[127,190,141],"product_tag":[],"class_list":{"0":"post-3031","1":"product","2":"type-product","3":"status-publish","4":"has-post-thumbnail","6":"product_cat-collections-with-our-merch","7":"product_cat-t-shirts","8":"product_cat-the-flying-mouse","9":"pa_krasa-garnet","10":"pa_krasa-natural","11":"pa_krasa-navy","13":"first","14":"instock","15":"taxable","16":"shipping-taxable","17":"purchasable","18":"product-type-variable"},"yoast_head":"<!-- This site is optimized with the Yoast SEO Premium plugin v27.1 (Yoast SEO v27.4) - https:\/\/yoast.com\/product\/yoast-seo-premium-wordpress\/ -->\n<title>Women\u2019s T-shirt OWLS TALES Everyday - P\u016bces pasakas<\/title>\n<meta name=\"description\" content=\"The OWLS TALES Everyday women\u2019s T-shirt is made using a JustHoods T-shirt as the base. The model has a women\u2019s fit, sits comfortably on the body\" \/>\n<meta name=\"robots\" content=\"index, follow, max-snippet:-1, max-image-preview:large, max-video-preview:-1\" \/>\n<link rel=\"canonical\" href=\"https:\/\/owlstales.eu\/en\/product\/womens-t-shirt-owls-tales-everyday\/\" \/>\n<meta property=\"og:locale\" content=\"en_US\" \/>\n<meta property=\"og:type\" content=\"article\" \/>\n<meta property=\"og:title\" content=\"Women\u2019s T-shirt OWLS TALES Everyday\" \/>\n<meta property=\"og:description\" content=\"The OWLS TALES Everyday women\u2019s T-shirt is made using a JustHoods T-shirt as the base. The model has a women\u2019s fit, sits comfortably on the body\" \/>\n<meta property=\"og:url\" content=\"https:\/\/owlstales.eu\/en\/product\/womens-t-shirt-owls-tales-everyday\/\" \/>\n<meta property=\"og:site_name\" content=\"P\u016bces pasakas\" \/>\n<meta property=\"article:publisher\" content=\"https:\/\/www.facebook.com\/owlstales.eu\/\" \/>\n<meta property=\"article:modified_time\" content=\"2026-04-03T08:17:59+00:00\" \/>\n<meta property=\"og:image\" content=\"https:\/\/owlstales.eu\/wp-content\/uploads\/2026\/03\/Siev_baze_bur_owl.webp\" \/>\n\t<meta property=\"og:image:width\" content=\"1024\" \/>\n\t<meta property=\"og:image:height\" content=\"1024\" \/>\n\t<meta property=\"og:image:type\" content=\"image\/webp\" \/>\n<meta name=\"twitter:card\" content=\"summary_large_image\" \/>\n<meta name=\"twitter:label1\" content=\"Availability\" \/>\n\t<meta name=\"twitter:data1\" content=\"In stock\" \/>\n<script type=\"application\/ld+json\" class=\"yoast-schema-graph\">{\"@context\":\"https:\\\/\\\/schema.org\",\"@graph\":[{\"@type\":\"WebPage\",\"@id\":\"https:\\\/\\\/owlstales.eu\\\/en\\\/product\\\/womens-t-shirt-owls-tales-everyday\\\/\",\"url\":\"https:\\\/\\\/owlstales.eu\\\/en\\\/product\\\/womens-t-shirt-owls-tales-everyday\\\/\",\"name\":\"Women\u2019s T-shirt OWLS TALES Everyday - P\u016bces pasakas\",\"isPartOf\":{\"@id\":\"https:\\\/\\\/owlstales.eu\\\/en\\\/#website\"},\"primaryImageOfPage\":{\"@id\":\"https:\\\/\\\/owlstales.eu\\\/en\\\/product\\\/womens-t-shirt-owls-tales-everyday\\\/#primaryimage\"},\"image\":{\"@id\":\"https:\\\/\\\/owlstales.eu\\\/en\\\/product\\\/womens-t-shirt-owls-tales-everyday\\\/#primaryimage\"},\"thumbnailUrl\":\"https:\\\/\\\/owlstales.eu\\\/wp-content\\\/uploads\\\/2026\\\/03\\\/Siev_baze_bur_owl.webp\",\"datePublished\":\"2026-03-07T09:00:41+00:00\",\"dateModified\":\"2026-04-03T08:17:59+00:00\",\"description\":\"The OWLS TALES Everyday women\u2019s T-shirt is made using a JustHoods T-shirt as the base. The model has a women\u2019s fit, sits comfortably on the body\",\"breadcrumb\":{\"@id\":\"https:\\\/\\\/owlstales.eu\\\/en\\\/product\\\/womens-t-shirt-owls-tales-everyday\\\/#breadcrumb\"},\"inLanguage\":\"en-US\",\"potentialAction\":[{\"@type\":\"ReadAction\",\"target\":[\"https:\\\/\\\/owlstales.eu\\\/en\\\/product\\\/womens-t-shirt-owls-tales-everyday\\\/\"]}]},{\"@type\":\"ImageObject\",\"inLanguage\":\"en-US\",\"@id\":\"https:\\\/\\\/owlstales.eu\\\/en\\\/product\\\/womens-t-shirt-owls-tales-everyday\\\/#primaryimage\",\"url\":\"https:\\\/\\\/owlstales.eu\\\/wp-content\\\/uploads\\\/2026\\\/03\\\/Siev_baze_bur_owl.webp\",\"contentUrl\":\"https:\\\/\\\/owlstales.eu\\\/wp-content\\\/uploads\\\/2026\\\/03\\\/Siev_baze_bur_owl.webp\",\"width\":1024,\"height\":1024,\"caption\":\"Sievie\u0161u T-krekls OWLS TALES Everyday izgatavots uz JustHoods ra\u017eot\u0101 T-krekla b\u0101zes. Modelim ir sievie\u0161u piegriezums, tas \u0113rti piegu\u013c augumam un ir piem\u0113rots ikdienas valk\u0101\u0161anai \u2014 darbam, pastaig\u0101m un atp\u016btai.\\u2028T-krekls izgatavots no m\u012bksta kokvilnas trikot\u0101\u017eas auduma, kas ir pat\u012bkams \u0101dai un \u0113rts ikdienas lieto\u0161anai. Uz izstr\u0101d\u0101juma tiek uzkl\u0101ts ori\u0123in\u0101ls OWLS TALES apdrukas dizains, kas izgatavots, izmantojot augstas kvalit\u0101tes, notur\u012bgu digit\u0101lo druku.\"},{\"@type\":\"BreadcrumbList\",\"@id\":\"https:\\\/\\\/owlstales.eu\\\/en\\\/product\\\/womens-t-shirt-owls-tales-everyday\\\/#breadcrumb\",\"itemListElement\":[{\"@type\":\"ListItem\",\"position\":1,\"name\":\"Home\",\"item\":\"https:\\\/\\\/owlstales.eu\\\/en\\\/home\\\/\"},{\"@type\":\"ListItem\",\"position\":2,\"name\":\"Shop\",\"item\":\"https:\\\/\\\/owlstales.eu\\\/en\\\/shop\\\/\"},{\"@type\":\"ListItem\",\"position\":3,\"name\":\"Women\u2019s T-shirt OWLS TALES Everyday\"}]},{\"@type\":\"WebSite\",\"@id\":\"https:\\\/\\\/owlstales.eu\\\/en\\\/#website\",\"url\":\"https:\\\/\\\/owlstales.eu\\\/en\\\/\",\"name\":\"P\u016bces pasakas\",\"description\":\"GR\u0100MATAS | PDF | AUDIOIZR\u0100DES | PASAKAS\",\"publisher\":{\"@id\":\"https:\\\/\\\/owlstales.eu\\\/en\\\/#organization\"},\"alternateName\":\"owls tales\",\"potentialAction\":[{\"@type\":\"SearchAction\",\"target\":{\"@type\":\"EntryPoint\",\"urlTemplate\":\"https:\\\/\\\/owlstales.eu\\\/en\\\/?s={search_term_string}\"},\"query-input\":{\"@type\":\"PropertyValueSpecification\",\"valueRequired\":true,\"valueName\":\"search_term_string\"}}],\"inLanguage\":\"en-US\"},{\"@type\":\"Organization\",\"@id\":\"https:\\\/\\\/owlstales.eu\\\/en\\\/#organization\",\"name\":\"P\u016bces pasakas\",\"url\":\"https:\\\/\\\/owlstales.eu\\\/en\\\/\",\"logo\":{\"@type\":\"ImageObject\",\"inLanguage\":\"en-US\",\"@id\":\"https:\\\/\\\/owlstales.eu\\\/en\\\/#\\\/schema\\\/logo\\\/image\\\/\",\"url\":\"https:\\\/\\\/owlstales.eu\\\/wp-content\\\/uploads\\\/2026\\\/03\\\/owl_logo_ok.webp\",\"contentUrl\":\"https:\\\/\\\/owlstales.eu\\\/wp-content\\\/uploads\\\/2026\\\/03\\\/owl_logo_ok.webp\",\"width\":512,\"height\":512,\"caption\":\"P\u016bces pasakas\"},\"image\":{\"@id\":\"https:\\\/\\\/owlstales.eu\\\/en\\\/#\\\/schema\\\/logo\\\/image\\\/\"},\"sameAs\":[\"https:\\\/\\\/www.facebook.com\\\/owlstales.eu\\\/\"],\"description\":\"Pasakas b\u0113rniem, pal\u012bgmateri\u0101li skolot\u0101jiem.\",\"email\":\"projekts.library@gmail.com\",\"telephone\":\"+371 20923022\",\"legalName\":\"ELENAS LIBRARY SIA\",\"foundingDate\":\"2025-03-01\",\"vatID\":\"LV402036769410\",\"taxID\":\"402036769410\",\"numberOfEmployees\":{\"@type\":\"QuantitativeValue\",\"minValue\":\"1\",\"maxValue\":\"10\"}}]}<\/script>\n<meta property=\"og:availability\" content=\"instock\" \/>\n<meta property=\"product:availability\" content=\"instock\" \/>\n<meta property=\"product:retailer_item_id\" content=\"Siev_tkreks_everyday\" \/>\n<meta property=\"product:condition\" content=\"new\" \/>\n<!-- \/ Yoast SEO Premium plugin. -->","yoast_head_json":{"title":"Women\u2019s T-shirt OWLS TALES Everyday - P\u016bces pasakas","description":"The OWLS TALES Everyday women\u2019s T-shirt is made using a JustHoods T-shirt as the base. The model has a women\u2019s fit, sits comfortably on the body","robots":{"index":"index","follow":"follow","max-snippet":"max-snippet:-1","max-image-preview":"max-image-preview:large","max-video-preview":"max-video-preview:-1"},"canonical":"https:\/\/owlstales.eu\/en\/product\/womens-t-shirt-owls-tales-everyday\/","og_locale":"en_US","og_type":"article","og_title":"Women\u2019s T-shirt OWLS TALES Everyday","og_description":"The OWLS TALES Everyday women\u2019s T-shirt is made using a JustHoods T-shirt as the base. The model has a women\u2019s fit, sits comfortably on the body","og_url":"https:\/\/owlstales.eu\/en\/product\/womens-t-shirt-owls-tales-everyday\/","og_site_name":"P\u016bces pasakas","article_publisher":"https:\/\/www.facebook.com\/owlstales.eu\/","article_modified_time":"2026-04-03T08:17:59+00:00","og_image":[{"width":1024,"height":1024,"url":"https:\/\/owlstales.eu\/wp-content\/uploads\/2026\/03\/Siev_baze_bur_owl.webp","type":"image\/webp"}],"twitter_card":"summary_large_image","twitter_misc":{"Availability":"In stock"},"schema":{"@context":"https:\/\/schema.org","@graph":[{"@type":"WebPage","@id":"https:\/\/owlstales.eu\/en\/product\/womens-t-shirt-owls-tales-everyday\/","url":"https:\/\/owlstales.eu\/en\/product\/womens-t-shirt-owls-tales-everyday\/","name":"Women\u2019s T-shirt OWLS TALES Everyday - P\u016bces pasakas","isPartOf":{"@id":"https:\/\/owlstales.eu\/en\/#website"},"primaryImageOfPage":{"@id":"https:\/\/owlstales.eu\/en\/product\/womens-t-shirt-owls-tales-everyday\/#primaryimage"},"image":{"@id":"https:\/\/owlstales.eu\/en\/product\/womens-t-shirt-owls-tales-everyday\/#primaryimage"},"thumbnailUrl":"https:\/\/owlstales.eu\/wp-content\/uploads\/2026\/03\/Siev_baze_bur_owl.webp","datePublished":"2026-03-07T09:00:41+00:00","dateModified":"2026-04-03T08:17:59+00:00","description":"The OWLS TALES Everyday women\u2019s T-shirt is made using a JustHoods T-shirt as the base. The model has a women\u2019s fit, sits comfortably on the body","breadcrumb":{"@id":"https:\/\/owlstales.eu\/en\/product\/womens-t-shirt-owls-tales-everyday\/#breadcrumb"},"inLanguage":"en-US","potentialAction":[{"@type":"ReadAction","target":["https:\/\/owlstales.eu\/en\/product\/womens-t-shirt-owls-tales-everyday\/"]}]},{"@type":"ImageObject","inLanguage":"en-US","@id":"https:\/\/owlstales.eu\/en\/product\/womens-t-shirt-owls-tales-everyday\/#primaryimage","url":"https:\/\/owlstales.eu\/wp-content\/uploads\/2026\/03\/Siev_baze_bur_owl.webp","contentUrl":"https:\/\/owlstales.eu\/wp-content\/uploads\/2026\/03\/Siev_baze_bur_owl.webp","width":1024,"height":1024,"caption":"Sievie\u0161u T-krekls OWLS TALES Everyday izgatavots uz JustHoods ra\u017eot\u0101 T-krekla b\u0101zes. Modelim ir sievie\u0161u piegriezums, tas \u0113rti piegu\u013c augumam un ir piem\u0113rots ikdienas valk\u0101\u0161anai \u2014 darbam, pastaig\u0101m un atp\u016btai.\u2028T-krekls izgatavots no m\u012bksta kokvilnas trikot\u0101\u017eas auduma, kas ir pat\u012bkams \u0101dai un \u0113rts ikdienas lieto\u0161anai. Uz izstr\u0101d\u0101juma tiek uzkl\u0101ts ori\u0123in\u0101ls OWLS TALES apdrukas dizains, kas izgatavots, izmantojot augstas kvalit\u0101tes, notur\u012bgu digit\u0101lo druku."},{"@type":"BreadcrumbList","@id":"https:\/\/owlstales.eu\/en\/product\/womens-t-shirt-owls-tales-everyday\/#breadcrumb","itemListElement":[{"@type":"ListItem","position":1,"name":"Home","item":"https:\/\/owlstales.eu\/en\/home\/"},{"@type":"ListItem","position":2,"name":"Shop","item":"https:\/\/owlstales.eu\/en\/shop\/"},{"@type":"ListItem","position":3,"name":"Women\u2019s T-shirt OWLS TALES Everyday"}]},{"@type":"WebSite","@id":"https:\/\/owlstales.eu\/en\/#website","url":"https:\/\/owlstales.eu\/en\/","name":"P\u016bces pasakas","description":"GR\u0100MATAS | PDF | AUDIOIZR\u0100DES | PASAKAS","publisher":{"@id":"https:\/\/owlstales.eu\/en\/#organization"},"alternateName":"owls tales","potentialAction":[{"@type":"SearchAction","target":{"@type":"EntryPoint","urlTemplate":"https:\/\/owlstales.eu\/en\/?s={search_term_string}"},"query-input":{"@type":"PropertyValueSpecification","valueRequired":true,"valueName":"search_term_string"}}],"inLanguage":"en-US"},{"@type":"Organization","@id":"https:\/\/owlstales.eu\/en\/#organization","name":"P\u016bces pasakas","url":"https:\/\/owlstales.eu\/en\/","logo":{"@type":"ImageObject","inLanguage":"en-US","@id":"https:\/\/owlstales.eu\/en\/#\/schema\/logo\/image\/","url":"https:\/\/owlstales.eu\/wp-content\/uploads\/2026\/03\/owl_logo_ok.webp","contentUrl":"https:\/\/owlstales.eu\/wp-content\/uploads\/2026\/03\/owl_logo_ok.webp","width":512,"height":512,"caption":"P\u016bces pasakas"},"image":{"@id":"https:\/\/owlstales.eu\/en\/#\/schema\/logo\/image\/"},"sameAs":["https:\/\/www.facebook.com\/owlstales.eu\/"],"description":"Pasakas b\u0113rniem, pal\u012bgmateri\u0101li skolot\u0101jiem.","email":"projekts.library@gmail.com","telephone":"+371 20923022","legalName":"ELENAS LIBRARY SIA","foundingDate":"2025-03-01","vatID":"LV402036769410","taxID":"402036769410","numberOfEmployees":{"@type":"QuantitativeValue","minValue":"1","maxValue":"10"}}]},"og_availability":"instock","product_availability":"instock","product_retailer_item_id":"Siev_tkreks_everyday","product_condition":"new"},"_links":{"self":[{"href":"https:\/\/owlstales.eu\/en\/wp-json\/wp\/v2\/product\/3031","targetHints":{"allow":["GET"]}}],"collection":[{"href":"https:\/\/owlstales.eu\/en\/wp-json\/wp\/v2\/product"}],"about":[{"href":"https:\/\/owlstales.eu\/en\/wp-json\/wp\/v2\/types\/product"}],"replies":[{"embeddable":true,"href":"https:\/\/owlstales.eu\/en\/wp-json\/wp\/v2\/comments?post=3031"}],"wp:featuredmedia":[{"embeddable":true,"href":"https:\/\/owlstales.eu\/en\/wp-json\/wp\/v2\/media\/2499"}],"wp:attachment":[{"href":"https:\/\/owlstales.eu\/en\/wp-json\/wp\/v2\/media?parent=3031"}],"wp:term":[{"taxonomy":"product_brand","embeddable":true,"href":"https:\/\/owlstales.eu\/en\/wp-json\/wp\/v2\/product_brand?post=3031"},{"taxonomy":"product_cat","embeddable":true,"href":"https:\/\/owlstales.eu\/en\/wp-json\/wp\/v2\/product_cat?post=3031"},{"taxonomy":"product_tag","embeddable":true,"href":"https:\/\/owlstales.eu\/en\/wp-json\/wp\/v2\/product_tag?post=3031"}],"curies":[{"name":"wp","href":"https:\/\/api.w.org\/{rel}","templated":true}]}}