{"id":2846,"date":"2026-02-20T12:07:45","date_gmt":"2026-02-20T10:07:45","guid":{"rendered":"https:\/\/owlstales.eu\/product\/audio-performance-flying-little-mouse-the-first-story-in-the-owls-tales-series\/"},"modified":"2026-04-14T19:02:27","modified_gmt":"2026-04-14T17:02:27","slug":"audio-performance-flying-little-mouse-the-first-story-in-the-owls-tales-series","status":"publish","type":"product","link":"https:\/\/owlstales.eu\/en\/product\/audio-performance-flying-little-mouse-the-first-story-in-the-owls-tales-series\/","title":{"rendered":"Audio performance \u00abThe Flying Mouse\u00bb"},"content":{"rendered":"<p>A polyphonic audio production with musical accompaniment.<\/p>\n<p>Author \u2014 Elena Kordzeva<\/p>\n<p>Cast:<\/p>\n<ul>\n<li>Author and Squirrel \u2014 Zaiga \u0160irina<\/li>\n<li>Little Mouse \u2014 Bo\u017eena Prutika<\/li>\n<li>Eagle-owl and Hedgie \u2014 P\u0101vels Trofimiks<\/li>\n<li>Music \u2014 P\u0101vels Trofimiks<\/li>\n<li>Duration 30 min<\/li>\n<li>Format: MP3<br \/>\nISBN 978-9934-9390-2-0<\/li>\n<\/ul>\n","protected":false},"excerpt":{"rendered":"<p>A story about how every child has their own, sometimes very unusual abilities, and the task of an adult is to help the child recognize their potential and learn to use it for good.<br \/>\nOn their way, the Mouse, the Squirrel and the Hedgehog meet the wise Eagle-owl, who supports them.<br \/>\n\u00abThe Flying Mouse\u00bb is not only a bedtime story, but also a great opportunity for a heartfelt conversation with a child.<br \/>\nThe audio performance allows children to feel the emotions of the characters more deeply and better empathize with the events of the story.<\/p>\n","protected":false},"featured_media":2845,"comment_status":"open","ping_status":"closed","template":"","meta":[],"product_brand":[],"product_cat":[164,166,141],"product_tag":[],"class_list":{"0":"post-2846","1":"product","2":"type-product","3":"status-publish","4":"has-post-thumbnail","6":"product_cat-audiobooks","7":"product_cat-books","8":"product_cat-the-flying-mouse","9":"pa_valoda-latvian","10":"pa_valoda-lithuanian","11":"pa_valoda-russian","13":"first","14":"instock","15":"taxable","16":"shipping-taxable","17":"purchasable","18":"product-type-variable"},"yoast_head":"<!-- This site is optimized with the Yoast SEO Premium plugin v27.1 (Yoast SEO v27.4) - https:\/\/yoast.com\/product\/yoast-seo-premium-wordpress\/ -->\n<title>Audio performance \u00abThe Flying Mouse\u00bb - P\u016bces pasakas<\/title>\n<meta name=\"description\" content=\"Audio performance A story about how every child has their own, sometimes very unusual abilities, and the task of an adult is to help the child recognize their potential and learn to use it for good.\" \/>\n<meta name=\"robots\" content=\"index, follow, max-snippet:-1, max-image-preview:large, max-video-preview:-1\" \/>\n<link rel=\"canonical\" href=\"https:\/\/owlstales.eu\/en\/product\/audio-performance-flying-little-mouse-the-first-story-in-the-owls-tales-series\/\" \/>\n<meta property=\"og:locale\" content=\"en_US\" \/>\n<meta property=\"og:type\" content=\"article\" \/>\n<meta property=\"og:title\" content=\"Audio performance \u00abThe Flying Mouse\u00bb\" \/>\n<meta property=\"og:description\" content=\"Audio performance A story about how every child has their own, sometimes very unusual abilities, and the task of an adult is to help the child recognize their potential and learn to use it for good.\" \/>\n<meta property=\"og:url\" content=\"https:\/\/owlstales.eu\/en\/product\/audio-performance-flying-little-mouse-the-first-story-in-the-owls-tales-series\/\" \/>\n<meta property=\"og:site_name\" content=\"P\u016bces pasakas\" \/>\n<meta property=\"article:publisher\" content=\"https:\/\/www.facebook.com\/owlstales.eu\/\" \/>\n<meta property=\"article:modified_time\" content=\"2026-04-14T17:02:27+00:00\" \/>\n<meta property=\"og:image\" content=\"https:\/\/owlstales.eu\/wp-content\/uploads\/2026\/02\/wly_mouse_mp3.webp\" \/>\n\t<meta property=\"og:image:width\" content=\"1024\" \/>\n\t<meta property=\"og:image:height\" content=\"1024\" \/>\n\t<meta property=\"og:image:type\" content=\"image\/webp\" \/>\n<meta name=\"twitter:card\" content=\"summary_large_image\" \/>\n<meta name=\"twitter:label1\" content=\"Availability\" \/>\n\t<meta name=\"twitter:data1\" content=\"In stock\" \/>\n<script type=\"application\/ld+json\" class=\"yoast-schema-graph\">{\"@context\":\"https:\\\/\\\/schema.org\",\"@graph\":[{\"@type\":\"WebPage\",\"@id\":\"https:\\\/\\\/owlstales.eu\\\/en\\\/product\\\/audio-performance-flying-little-mouse-the-first-story-in-the-owls-tales-series\\\/\",\"url\":\"https:\\\/\\\/owlstales.eu\\\/en\\\/product\\\/audio-performance-flying-little-mouse-the-first-story-in-the-owls-tales-series\\\/\",\"name\":\"Audio performance \u00abThe Flying Mouse\u00bb - P\u016bces pasakas\",\"isPartOf\":{\"@id\":\"https:\\\/\\\/owlstales.eu\\\/en\\\/#website\"},\"primaryImageOfPage\":{\"@id\":\"https:\\\/\\\/owlstales.eu\\\/en\\\/product\\\/audio-performance-flying-little-mouse-the-first-story-in-the-owls-tales-series\\\/#primaryimage\"},\"image\":{\"@id\":\"https:\\\/\\\/owlstales.eu\\\/en\\\/product\\\/audio-performance-flying-little-mouse-the-first-story-in-the-owls-tales-series\\\/#primaryimage\"},\"thumbnailUrl\":\"https:\\\/\\\/owlstales.eu\\\/wp-content\\\/uploads\\\/2026\\\/02\\\/wly_mouse_mp3.webp\",\"datePublished\":\"2026-02-20T10:07:45+00:00\",\"dateModified\":\"2026-04-14T17:02:27+00:00\",\"description\":\"Audio performance A story about how every child has their own, sometimes very unusual abilities, and the task of an adult is to help the child recognize their potential and learn to use it for good.\",\"breadcrumb\":{\"@id\":\"https:\\\/\\\/owlstales.eu\\\/en\\\/product\\\/audio-performance-flying-little-mouse-the-first-story-in-the-owls-tales-series\\\/#breadcrumb\"},\"inLanguage\":\"en-US\",\"potentialAction\":[{\"@type\":\"ReadAction\",\"target\":[\"https:\\\/\\\/owlstales.eu\\\/en\\\/product\\\/audio-performance-flying-little-mouse-the-first-story-in-the-owls-tales-series\\\/\"]}]},{\"@type\":\"ImageObject\",\"inLanguage\":\"en-US\",\"@id\":\"https:\\\/\\\/owlstales.eu\\\/en\\\/product\\\/audio-performance-flying-little-mouse-the-first-story-in-the-owls-tales-series\\\/#primaryimage\",\"url\":\"https:\\\/\\\/owlstales.eu\\\/wp-content\\\/uploads\\\/2026\\\/02\\\/wly_mouse_mp3.webp\",\"contentUrl\":\"https:\\\/\\\/owlstales.eu\\\/wp-content\\\/uploads\\\/2026\\\/02\\\/wly_mouse_mp3.webp\",\"width\":1024,\"height\":1024,\"caption\":\"Audiobook\"},{\"@type\":\"BreadcrumbList\",\"@id\":\"https:\\\/\\\/owlstales.eu\\\/en\\\/product\\\/audio-performance-flying-little-mouse-the-first-story-in-the-owls-tales-series\\\/#breadcrumb\",\"itemListElement\":[{\"@type\":\"ListItem\",\"position\":1,\"name\":\"Home\",\"item\":\"https:\\\/\\\/owlstales.eu\\\/en\\\/home\\\/\"},{\"@type\":\"ListItem\",\"position\":2,\"name\":\"Shop\",\"item\":\"https:\\\/\\\/owlstales.eu\\\/en\\\/shop\\\/\"},{\"@type\":\"ListItem\",\"position\":3,\"name\":\"Audio performance \u00abThe Flying Mouse\u00bb\"}]},{\"@type\":\"WebSite\",\"@id\":\"https:\\\/\\\/owlstales.eu\\\/en\\\/#website\",\"url\":\"https:\\\/\\\/owlstales.eu\\\/en\\\/\",\"name\":\"P\u016bces pasakas\",\"description\":\"GR\u0100MATAS | PDF | AUDIOIZR\u0100DES | PASAKAS\",\"publisher\":{\"@id\":\"https:\\\/\\\/owlstales.eu\\\/en\\\/#organization\"},\"alternateName\":\"owls tales\",\"potentialAction\":[{\"@type\":\"SearchAction\",\"target\":{\"@type\":\"EntryPoint\",\"urlTemplate\":\"https:\\\/\\\/owlstales.eu\\\/en\\\/?s={search_term_string}\"},\"query-input\":{\"@type\":\"PropertyValueSpecification\",\"valueRequired\":true,\"valueName\":\"search_term_string\"}}],\"inLanguage\":\"en-US\"},{\"@type\":\"Organization\",\"@id\":\"https:\\\/\\\/owlstales.eu\\\/en\\\/#organization\",\"name\":\"P\u016bces pasakas\",\"url\":\"https:\\\/\\\/owlstales.eu\\\/en\\\/\",\"logo\":{\"@type\":\"ImageObject\",\"inLanguage\":\"en-US\",\"@id\":\"https:\\\/\\\/owlstales.eu\\\/en\\\/#\\\/schema\\\/logo\\\/image\\\/\",\"url\":\"https:\\\/\\\/owlstales.eu\\\/wp-content\\\/uploads\\\/2026\\\/03\\\/owl_logo_ok.webp\",\"contentUrl\":\"https:\\\/\\\/owlstales.eu\\\/wp-content\\\/uploads\\\/2026\\\/03\\\/owl_logo_ok.webp\",\"width\":512,\"height\":512,\"caption\":\"P\u016bces pasakas\"},\"image\":{\"@id\":\"https:\\\/\\\/owlstales.eu\\\/en\\\/#\\\/schema\\\/logo\\\/image\\\/\"},\"sameAs\":[\"https:\\\/\\\/www.facebook.com\\\/owlstales.eu\\\/\"],\"description\":\"Pasakas b\u0113rniem, pal\u012bgmateri\u0101li skolot\u0101jiem.\",\"email\":\"projekts.library@gmail.com\",\"telephone\":\"+371 20923022\",\"legalName\":\"ELENAS LIBRARY SIA\",\"foundingDate\":\"2025-03-01\",\"vatID\":\"LV402036769410\",\"taxID\":\"402036769410\",\"numberOfEmployees\":{\"@type\":\"QuantitativeValue\",\"minValue\":\"1\",\"maxValue\":\"10\"}}]}<\/script>\n<meta property=\"og:availability\" content=\"instock\" \/>\n<meta property=\"product:availability\" content=\"instock\" \/>\n<meta property=\"product:retailer_item_id\" content=\"LP_audioLV\" \/>\n<meta property=\"product:condition\" content=\"new\" \/>\n<!-- \/ Yoast SEO Premium plugin. -->","yoast_head_json":{"title":"Audio performance \u00abThe Flying Mouse\u00bb - P\u016bces pasakas","description":"Audio performance A story about how every child has their own, sometimes very unusual abilities, and the task of an adult is to help the child recognize their potential and learn to use it for good.","robots":{"index":"index","follow":"follow","max-snippet":"max-snippet:-1","max-image-preview":"max-image-preview:large","max-video-preview":"max-video-preview:-1"},"canonical":"https:\/\/owlstales.eu\/en\/product\/audio-performance-flying-little-mouse-the-first-story-in-the-owls-tales-series\/","og_locale":"en_US","og_type":"article","og_title":"Audio performance \u00abThe Flying Mouse\u00bb","og_description":"Audio performance A story about how every child has their own, sometimes very unusual abilities, and the task of an adult is to help the child recognize their potential and learn to use it for good.","og_url":"https:\/\/owlstales.eu\/en\/product\/audio-performance-flying-little-mouse-the-first-story-in-the-owls-tales-series\/","og_site_name":"P\u016bces pasakas","article_publisher":"https:\/\/www.facebook.com\/owlstales.eu\/","article_modified_time":"2026-04-14T17:02:27+00:00","og_image":[{"width":1024,"height":1024,"url":"https:\/\/owlstales.eu\/wp-content\/uploads\/2026\/02\/wly_mouse_mp3.webp","type":"image\/webp"}],"twitter_card":"summary_large_image","twitter_misc":{"Availability":"In stock"},"schema":{"@context":"https:\/\/schema.org","@graph":[{"@type":"WebPage","@id":"https:\/\/owlstales.eu\/en\/product\/audio-performance-flying-little-mouse-the-first-story-in-the-owls-tales-series\/","url":"https:\/\/owlstales.eu\/en\/product\/audio-performance-flying-little-mouse-the-first-story-in-the-owls-tales-series\/","name":"Audio performance \u00abThe Flying Mouse\u00bb - P\u016bces pasakas","isPartOf":{"@id":"https:\/\/owlstales.eu\/en\/#website"},"primaryImageOfPage":{"@id":"https:\/\/owlstales.eu\/en\/product\/audio-performance-flying-little-mouse-the-first-story-in-the-owls-tales-series\/#primaryimage"},"image":{"@id":"https:\/\/owlstales.eu\/en\/product\/audio-performance-flying-little-mouse-the-first-story-in-the-owls-tales-series\/#primaryimage"},"thumbnailUrl":"https:\/\/owlstales.eu\/wp-content\/uploads\/2026\/02\/wly_mouse_mp3.webp","datePublished":"2026-02-20T10:07:45+00:00","dateModified":"2026-04-14T17:02:27+00:00","description":"Audio performance A story about how every child has their own, sometimes very unusual abilities, and the task of an adult is to help the child recognize their potential and learn to use it for good.","breadcrumb":{"@id":"https:\/\/owlstales.eu\/en\/product\/audio-performance-flying-little-mouse-the-first-story-in-the-owls-tales-series\/#breadcrumb"},"inLanguage":"en-US","potentialAction":[{"@type":"ReadAction","target":["https:\/\/owlstales.eu\/en\/product\/audio-performance-flying-little-mouse-the-first-story-in-the-owls-tales-series\/"]}]},{"@type":"ImageObject","inLanguage":"en-US","@id":"https:\/\/owlstales.eu\/en\/product\/audio-performance-flying-little-mouse-the-first-story-in-the-owls-tales-series\/#primaryimage","url":"https:\/\/owlstales.eu\/wp-content\/uploads\/2026\/02\/wly_mouse_mp3.webp","contentUrl":"https:\/\/owlstales.eu\/wp-content\/uploads\/2026\/02\/wly_mouse_mp3.webp","width":1024,"height":1024,"caption":"Audiobook"},{"@type":"BreadcrumbList","@id":"https:\/\/owlstales.eu\/en\/product\/audio-performance-flying-little-mouse-the-first-story-in-the-owls-tales-series\/#breadcrumb","itemListElement":[{"@type":"ListItem","position":1,"name":"Home","item":"https:\/\/owlstales.eu\/en\/home\/"},{"@type":"ListItem","position":2,"name":"Shop","item":"https:\/\/owlstales.eu\/en\/shop\/"},{"@type":"ListItem","position":3,"name":"Audio performance \u00abThe Flying Mouse\u00bb"}]},{"@type":"WebSite","@id":"https:\/\/owlstales.eu\/en\/#website","url":"https:\/\/owlstales.eu\/en\/","name":"P\u016bces pasakas","description":"GR\u0100MATAS | PDF | AUDIOIZR\u0100DES | PASAKAS","publisher":{"@id":"https:\/\/owlstales.eu\/en\/#organization"},"alternateName":"owls tales","potentialAction":[{"@type":"SearchAction","target":{"@type":"EntryPoint","urlTemplate":"https:\/\/owlstales.eu\/en\/?s={search_term_string}"},"query-input":{"@type":"PropertyValueSpecification","valueRequired":true,"valueName":"search_term_string"}}],"inLanguage":"en-US"},{"@type":"Organization","@id":"https:\/\/owlstales.eu\/en\/#organization","name":"P\u016bces pasakas","url":"https:\/\/owlstales.eu\/en\/","logo":{"@type":"ImageObject","inLanguage":"en-US","@id":"https:\/\/owlstales.eu\/en\/#\/schema\/logo\/image\/","url":"https:\/\/owlstales.eu\/wp-content\/uploads\/2026\/03\/owl_logo_ok.webp","contentUrl":"https:\/\/owlstales.eu\/wp-content\/uploads\/2026\/03\/owl_logo_ok.webp","width":512,"height":512,"caption":"P\u016bces pasakas"},"image":{"@id":"https:\/\/owlstales.eu\/en\/#\/schema\/logo\/image\/"},"sameAs":["https:\/\/www.facebook.com\/owlstales.eu\/"],"description":"Pasakas b\u0113rniem, pal\u012bgmateri\u0101li skolot\u0101jiem.","email":"projekts.library@gmail.com","telephone":"+371 20923022","legalName":"ELENAS LIBRARY SIA","foundingDate":"2025-03-01","vatID":"LV402036769410","taxID":"402036769410","numberOfEmployees":{"@type":"QuantitativeValue","minValue":"1","maxValue":"10"}}]},"og_availability":"instock","product_availability":"instock","product_retailer_item_id":"LP_audioLV","product_condition":"new"},"_links":{"self":[{"href":"https:\/\/owlstales.eu\/en\/wp-json\/wp\/v2\/product\/2846","targetHints":{"allow":["GET"]}}],"collection":[{"href":"https:\/\/owlstales.eu\/en\/wp-json\/wp\/v2\/product"}],"about":[{"href":"https:\/\/owlstales.eu\/en\/wp-json\/wp\/v2\/types\/product"}],"replies":[{"embeddable":true,"href":"https:\/\/owlstales.eu\/en\/wp-json\/wp\/v2\/comments?post=2846"}],"wp:featuredmedia":[{"embeddable":true,"href":"https:\/\/owlstales.eu\/en\/wp-json\/wp\/v2\/media\/2845"}],"wp:attachment":[{"href":"https:\/\/owlstales.eu\/en\/wp-json\/wp\/v2\/media?parent=2846"}],"wp:term":[{"taxonomy":"product_brand","embeddable":true,"href":"https:\/\/owlstales.eu\/en\/wp-json\/wp\/v2\/product_brand?post=2846"},{"taxonomy":"product_cat","embeddable":true,"href":"https:\/\/owlstales.eu\/en\/wp-json\/wp\/v2\/product_cat?post=2846"},{"taxonomy":"product_tag","embeddable":true,"href":"https:\/\/owlstales.eu\/en\/wp-json\/wp\/v2\/product_tag?post=2846"}],"curies":[{"name":"wp","href":"https:\/\/api.w.org\/{rel}","templated":true}]}}