{"id":2791,"date":"2025-02-21T12:57:56","date_gmt":"2025-02-21T12:57:56","guid":{"rendered":"https:\/\/owlstales.eu\/product\/flying-little-mouse-the-first-story-in-the-owls-tales-series\/"},"modified":"2026-04-01T17:37:57","modified_gmt":"2026-04-01T15:37:57","slug":"flying-little-mouse-the-first-story-in-the-owls-tales-series","status":"publish","type":"product","link":"https:\/\/owlstales.eu\/en\/product\/flying-little-mouse-the-first-story-in-the-owls-tales-series\/","title":{"rendered":"Book \u201cFlying Little Mouse\u201d"},"content":{"rendered":"<p>Author \u2014 Elena Kordzeva<\/p>\n<ul>\n<li>Book format 225 x 225 mm<\/li>\n<li>Hardcovers<\/li>\n<li>Colorful illustrations<\/li>\n<li>48 pages<\/li>\n<li>ISBN 978-9934-9390-1-3<\/li>\n<\/ul>\n","protected":false},"excerpt":{"rendered":"<p>A story about how every child has their own, sometimes very unusual abilities, and how it is the adult\u2019s role to help a child recognize their potential and learn to use it for good.<br \/>On their journey, Little Mouse, Squirrel and Hedgehog meet a wise Owl who supports them.<br \/>\u201cFlying Little Mouse\u201d is not just a bedtime story, but also a great opportunity for a heartfelt conversation with your child.<\/p>\n","protected":false},"featured_media":2790,"comment_status":"open","ping_status":"closed","template":"","meta":[],"product_brand":[],"product_cat":[166,173,141],"product_tag":[],"class_list":{"0":"post-2791","1":"product","2":"type-product","3":"status-publish","4":"has-post-thumbnail","6":"product_cat-books","7":"product_cat-printed-books","8":"product_cat-the-flying-mouse","9":"pa_valoda-latvian","10":"pa_valoda-lithuanian","12":"first","13":"instock","14":"taxable","15":"shipping-taxable","16":"purchasable","17":"product-type-variable"},"yoast_head":"<!-- This site is optimized with the Yoast SEO Premium plugin v27.1 (Yoast SEO v27.4) - https:\/\/yoast.com\/product\/yoast-seo-premium-wordpress\/ -->\n<title>- P\u016bces pasakas<\/title>\n<meta name=\"description\" content=\"Pasaka Lidojo\u0161ais pel\u0113ns atkl\u0101j ciklu P\u016aCES PASAKAS, Par drosmi, br\u012bv\u012bbu un izv\u0113les iesp\u0113j\u0101m. Pasaka ir lielisks iemesls sarunai ar b\u0113rnu.\" \/>\n<meta name=\"robots\" content=\"index, follow, max-snippet:-1, max-image-preview:large, max-video-preview:-1\" \/>\n<link rel=\"canonical\" href=\"https:\/\/owlstales.eu\/en\/product\/flying-little-mouse-the-first-story-in-the-owls-tales-series\/\" \/>\n<meta property=\"og:locale\" content=\"en_US\" \/>\n<meta property=\"og:type\" content=\"article\" \/>\n<meta property=\"og:title\" content=\"Book \u201cFlying Little Mouse\u201d\" \/>\n<meta property=\"og:description\" content=\"Pasaka Lidojo\u0161ais pel\u0113ns atkl\u0101j ciklu P\u016aCES PASAKAS, Par drosmi, br\u012bv\u012bbu un izv\u0113les iesp\u0113j\u0101m. Pasaka ir lielisks iemesls sarunai ar b\u0113rnu.\" \/>\n<meta property=\"og:url\" content=\"https:\/\/owlstales.eu\/en\/product\/flying-little-mouse-the-first-story-in-the-owls-tales-series\/\" \/>\n<meta property=\"og:site_name\" content=\"P\u016bces pasakas\" \/>\n<meta property=\"article:publisher\" content=\"https:\/\/www.facebook.com\/owlstales.eu\/\" \/>\n<meta property=\"article:modified_time\" content=\"2026-04-01T15:37:57+00:00\" \/>\n<meta property=\"og:image\" content=\"https:\/\/owlstales.eu\/wp-content\/uploads\/2025\/02\/wly_mouse_book.webp\" \/>\n\t<meta property=\"og:image:width\" content=\"1024\" \/>\n\t<meta property=\"og:image:height\" content=\"1024\" \/>\n\t<meta property=\"og:image:type\" content=\"image\/webp\" \/>\n<meta name=\"twitter:card\" content=\"summary_large_image\" \/>\n<meta name=\"twitter:label1\" content=\"Availability\" \/>\n\t<meta name=\"twitter:data1\" content=\"In stock\" \/>\n<script type=\"application\/ld+json\" class=\"yoast-schema-graph\">{\"@context\":\"https:\\\/\\\/schema.org\",\"@graph\":[{\"@type\":\"WebPage\",\"@id\":\"https:\\\/\\\/owlstales.eu\\\/en\\\/product\\\/flying-little-mouse-the-first-story-in-the-owls-tales-series\\\/\",\"url\":\"https:\\\/\\\/owlstales.eu\\\/en\\\/product\\\/flying-little-mouse-the-first-story-in-the-owls-tales-series\\\/\",\"name\":\"- P\u016bces pasakas\",\"isPartOf\":{\"@id\":\"https:\\\/\\\/owlstales.eu\\\/en\\\/#website\"},\"primaryImageOfPage\":{\"@id\":\"https:\\\/\\\/owlstales.eu\\\/en\\\/product\\\/flying-little-mouse-the-first-story-in-the-owls-tales-series\\\/#primaryimage\"},\"image\":{\"@id\":\"https:\\\/\\\/owlstales.eu\\\/en\\\/product\\\/flying-little-mouse-the-first-story-in-the-owls-tales-series\\\/#primaryimage\"},\"thumbnailUrl\":\"https:\\\/\\\/owlstales.eu\\\/wp-content\\\/uploads\\\/2025\\\/02\\\/wly_mouse_book.webp\",\"datePublished\":\"2025-02-21T12:57:56+00:00\",\"dateModified\":\"2026-04-01T15:37:57+00:00\",\"description\":\"Pasaka Lidojo\u0161ais pel\u0113ns atkl\u0101j ciklu P\u016aCES PASAKAS, Par drosmi, br\u012bv\u012bbu un izv\u0113les iesp\u0113j\u0101m. Pasaka ir lielisks iemesls sarunai ar b\u0113rnu.\",\"breadcrumb\":{\"@id\":\"https:\\\/\\\/owlstales.eu\\\/en\\\/product\\\/flying-little-mouse-the-first-story-in-the-owls-tales-series\\\/#breadcrumb\"},\"inLanguage\":\"en-US\",\"potentialAction\":[{\"@type\":\"ReadAction\",\"target\":[\"https:\\\/\\\/owlstales.eu\\\/en\\\/product\\\/flying-little-mouse-the-first-story-in-the-owls-tales-series\\\/\"]}]},{\"@type\":\"ImageObject\",\"inLanguage\":\"en-US\",\"@id\":\"https:\\\/\\\/owlstales.eu\\\/en\\\/product\\\/flying-little-mouse-the-first-story-in-the-owls-tales-series\\\/#primaryimage\",\"url\":\"https:\\\/\\\/owlstales.eu\\\/wp-content\\\/uploads\\\/2025\\\/02\\\/wly_mouse_book.webp\",\"contentUrl\":\"https:\\\/\\\/owlstales.eu\\\/wp-content\\\/uploads\\\/2025\\\/02\\\/wly_mouse_book.webp\",\"width\":1024,\"height\":1024,\"caption\":\"Fairy tale flying ash\"},{\"@type\":\"BreadcrumbList\",\"@id\":\"https:\\\/\\\/owlstales.eu\\\/en\\\/product\\\/flying-little-mouse-the-first-story-in-the-owls-tales-series\\\/#breadcrumb\",\"itemListElement\":[{\"@type\":\"ListItem\",\"position\":1,\"name\":\"Home\",\"item\":\"https:\\\/\\\/owlstales.eu\\\/en\\\/home\\\/\"},{\"@type\":\"ListItem\",\"position\":2,\"name\":\"Shop\",\"item\":\"https:\\\/\\\/owlstales.eu\\\/en\\\/shop\\\/\"},{\"@type\":\"ListItem\",\"position\":3,\"name\":\"Book \u201cFlying Little Mouse\u201d\"}]},{\"@type\":\"WebSite\",\"@id\":\"https:\\\/\\\/owlstales.eu\\\/en\\\/#website\",\"url\":\"https:\\\/\\\/owlstales.eu\\\/en\\\/\",\"name\":\"P\u016bces pasakas\",\"description\":\"GR\u0100MATAS | PDF | AUDIOIZR\u0100DES | PASAKAS\",\"publisher\":{\"@id\":\"https:\\\/\\\/owlstales.eu\\\/en\\\/#organization\"},\"alternateName\":\"owls tales\",\"potentialAction\":[{\"@type\":\"SearchAction\",\"target\":{\"@type\":\"EntryPoint\",\"urlTemplate\":\"https:\\\/\\\/owlstales.eu\\\/en\\\/?s={search_term_string}\"},\"query-input\":{\"@type\":\"PropertyValueSpecification\",\"valueRequired\":true,\"valueName\":\"search_term_string\"}}],\"inLanguage\":\"en-US\"},{\"@type\":\"Organization\",\"@id\":\"https:\\\/\\\/owlstales.eu\\\/en\\\/#organization\",\"name\":\"P\u016bces pasakas\",\"url\":\"https:\\\/\\\/owlstales.eu\\\/en\\\/\",\"logo\":{\"@type\":\"ImageObject\",\"inLanguage\":\"en-US\",\"@id\":\"https:\\\/\\\/owlstales.eu\\\/en\\\/#\\\/schema\\\/logo\\\/image\\\/\",\"url\":\"https:\\\/\\\/owlstales.eu\\\/wp-content\\\/uploads\\\/2026\\\/03\\\/owl_logo_ok.webp\",\"contentUrl\":\"https:\\\/\\\/owlstales.eu\\\/wp-content\\\/uploads\\\/2026\\\/03\\\/owl_logo_ok.webp\",\"width\":512,\"height\":512,\"caption\":\"P\u016bces pasakas\"},\"image\":{\"@id\":\"https:\\\/\\\/owlstales.eu\\\/en\\\/#\\\/schema\\\/logo\\\/image\\\/\"},\"sameAs\":[\"https:\\\/\\\/www.facebook.com\\\/owlstales.eu\\\/\"],\"description\":\"Pasakas b\u0113rniem, pal\u012bgmateri\u0101li skolot\u0101jiem.\",\"email\":\"projekts.library@gmail.com\",\"telephone\":\"+371 20923022\",\"legalName\":\"ELENAS LIBRARY SIA\",\"foundingDate\":\"2025-03-01\",\"vatID\":\"LV402036769410\",\"taxID\":\"402036769410\",\"numberOfEmployees\":{\"@type\":\"QuantitativeValue\",\"minValue\":\"1\",\"maxValue\":\"10\"}}]}<\/script>\n<meta property=\"og:availability\" content=\"instock\" \/>\n<meta property=\"product:availability\" content=\"instock\" \/>\n<meta property=\"product:retailer_item_id\" content=\"LP-book1\" \/>\n<meta property=\"product:condition\" content=\"new\" \/>\n<!-- \/ Yoast SEO Premium plugin. -->","yoast_head_json":{"title":"- P\u016bces pasakas","description":"Pasaka Lidojo\u0161ais pel\u0113ns atkl\u0101j ciklu P\u016aCES PASAKAS, Par drosmi, br\u012bv\u012bbu un izv\u0113les iesp\u0113j\u0101m. Pasaka ir lielisks iemesls sarunai ar b\u0113rnu.","robots":{"index":"index","follow":"follow","max-snippet":"max-snippet:-1","max-image-preview":"max-image-preview:large","max-video-preview":"max-video-preview:-1"},"canonical":"https:\/\/owlstales.eu\/en\/product\/flying-little-mouse-the-first-story-in-the-owls-tales-series\/","og_locale":"en_US","og_type":"article","og_title":"Book \u201cFlying Little Mouse\u201d","og_description":"Pasaka Lidojo\u0161ais pel\u0113ns atkl\u0101j ciklu P\u016aCES PASAKAS, Par drosmi, br\u012bv\u012bbu un izv\u0113les iesp\u0113j\u0101m. Pasaka ir lielisks iemesls sarunai ar b\u0113rnu.","og_url":"https:\/\/owlstales.eu\/en\/product\/flying-little-mouse-the-first-story-in-the-owls-tales-series\/","og_site_name":"P\u016bces pasakas","article_publisher":"https:\/\/www.facebook.com\/owlstales.eu\/","article_modified_time":"2026-04-01T15:37:57+00:00","og_image":[{"width":1024,"height":1024,"url":"https:\/\/owlstales.eu\/wp-content\/uploads\/2025\/02\/wly_mouse_book.webp","type":"image\/webp"}],"twitter_card":"summary_large_image","twitter_misc":{"Availability":"In stock"},"schema":{"@context":"https:\/\/schema.org","@graph":[{"@type":"WebPage","@id":"https:\/\/owlstales.eu\/en\/product\/flying-little-mouse-the-first-story-in-the-owls-tales-series\/","url":"https:\/\/owlstales.eu\/en\/product\/flying-little-mouse-the-first-story-in-the-owls-tales-series\/","name":"- P\u016bces pasakas","isPartOf":{"@id":"https:\/\/owlstales.eu\/en\/#website"},"primaryImageOfPage":{"@id":"https:\/\/owlstales.eu\/en\/product\/flying-little-mouse-the-first-story-in-the-owls-tales-series\/#primaryimage"},"image":{"@id":"https:\/\/owlstales.eu\/en\/product\/flying-little-mouse-the-first-story-in-the-owls-tales-series\/#primaryimage"},"thumbnailUrl":"https:\/\/owlstales.eu\/wp-content\/uploads\/2025\/02\/wly_mouse_book.webp","datePublished":"2025-02-21T12:57:56+00:00","dateModified":"2026-04-01T15:37:57+00:00","description":"Pasaka Lidojo\u0161ais pel\u0113ns atkl\u0101j ciklu P\u016aCES PASAKAS, Par drosmi, br\u012bv\u012bbu un izv\u0113les iesp\u0113j\u0101m. Pasaka ir lielisks iemesls sarunai ar b\u0113rnu.","breadcrumb":{"@id":"https:\/\/owlstales.eu\/en\/product\/flying-little-mouse-the-first-story-in-the-owls-tales-series\/#breadcrumb"},"inLanguage":"en-US","potentialAction":[{"@type":"ReadAction","target":["https:\/\/owlstales.eu\/en\/product\/flying-little-mouse-the-first-story-in-the-owls-tales-series\/"]}]},{"@type":"ImageObject","inLanguage":"en-US","@id":"https:\/\/owlstales.eu\/en\/product\/flying-little-mouse-the-first-story-in-the-owls-tales-series\/#primaryimage","url":"https:\/\/owlstales.eu\/wp-content\/uploads\/2025\/02\/wly_mouse_book.webp","contentUrl":"https:\/\/owlstales.eu\/wp-content\/uploads\/2025\/02\/wly_mouse_book.webp","width":1024,"height":1024,"caption":"Fairy tale flying ash"},{"@type":"BreadcrumbList","@id":"https:\/\/owlstales.eu\/en\/product\/flying-little-mouse-the-first-story-in-the-owls-tales-series\/#breadcrumb","itemListElement":[{"@type":"ListItem","position":1,"name":"Home","item":"https:\/\/owlstales.eu\/en\/home\/"},{"@type":"ListItem","position":2,"name":"Shop","item":"https:\/\/owlstales.eu\/en\/shop\/"},{"@type":"ListItem","position":3,"name":"Book \u201cFlying Little Mouse\u201d"}]},{"@type":"WebSite","@id":"https:\/\/owlstales.eu\/en\/#website","url":"https:\/\/owlstales.eu\/en\/","name":"P\u016bces pasakas","description":"GR\u0100MATAS | PDF | AUDIOIZR\u0100DES | PASAKAS","publisher":{"@id":"https:\/\/owlstales.eu\/en\/#organization"},"alternateName":"owls tales","potentialAction":[{"@type":"SearchAction","target":{"@type":"EntryPoint","urlTemplate":"https:\/\/owlstales.eu\/en\/?s={search_term_string}"},"query-input":{"@type":"PropertyValueSpecification","valueRequired":true,"valueName":"search_term_string"}}],"inLanguage":"en-US"},{"@type":"Organization","@id":"https:\/\/owlstales.eu\/en\/#organization","name":"P\u016bces pasakas","url":"https:\/\/owlstales.eu\/en\/","logo":{"@type":"ImageObject","inLanguage":"en-US","@id":"https:\/\/owlstales.eu\/en\/#\/schema\/logo\/image\/","url":"https:\/\/owlstales.eu\/wp-content\/uploads\/2026\/03\/owl_logo_ok.webp","contentUrl":"https:\/\/owlstales.eu\/wp-content\/uploads\/2026\/03\/owl_logo_ok.webp","width":512,"height":512,"caption":"P\u016bces pasakas"},"image":{"@id":"https:\/\/owlstales.eu\/en\/#\/schema\/logo\/image\/"},"sameAs":["https:\/\/www.facebook.com\/owlstales.eu\/"],"description":"Pasakas b\u0113rniem, pal\u012bgmateri\u0101li skolot\u0101jiem.","email":"projekts.library@gmail.com","telephone":"+371 20923022","legalName":"ELENAS LIBRARY SIA","foundingDate":"2025-03-01","vatID":"LV402036769410","taxID":"402036769410","numberOfEmployees":{"@type":"QuantitativeValue","minValue":"1","maxValue":"10"}}]},"og_availability":"instock","product_availability":"instock","product_retailer_item_id":"LP-book1","product_condition":"new"},"_links":{"self":[{"href":"https:\/\/owlstales.eu\/en\/wp-json\/wp\/v2\/product\/2791","targetHints":{"allow":["GET"]}}],"collection":[{"href":"https:\/\/owlstales.eu\/en\/wp-json\/wp\/v2\/product"}],"about":[{"href":"https:\/\/owlstales.eu\/en\/wp-json\/wp\/v2\/types\/product"}],"replies":[{"embeddable":true,"href":"https:\/\/owlstales.eu\/en\/wp-json\/wp\/v2\/comments?post=2791"}],"wp:featuredmedia":[{"embeddable":true,"href":"https:\/\/owlstales.eu\/en\/wp-json\/wp\/v2\/media\/2790"}],"wp:attachment":[{"href":"https:\/\/owlstales.eu\/en\/wp-json\/wp\/v2\/media?parent=2791"}],"wp:term":[{"taxonomy":"product_brand","embeddable":true,"href":"https:\/\/owlstales.eu\/en\/wp-json\/wp\/v2\/product_brand?post=2791"},{"taxonomy":"product_cat","embeddable":true,"href":"https:\/\/owlstales.eu\/en\/wp-json\/wp\/v2\/product_cat?post=2791"},{"taxonomy":"product_tag","embeddable":true,"href":"https:\/\/owlstales.eu\/en\/wp-json\/wp\/v2\/product_tag?post=2791"}],"curies":[{"name":"wp","href":"https:\/\/api.w.org\/{rel}","templated":true}]}}