{"id":2024,"date":"2026-03-03T16:39:09","date_gmt":"2026-03-03T14:39:09","guid":{"rendered":"https:\/\/owlstales.eu\/?post_type=product&#038;p=2024"},"modified":"2026-04-02T09:45:39","modified_gmt":"2026-04-02T07:45:39","slug":"childrens-hoodie-owls-tales-owl-forever-kopija","status":"publish","type":"product","link":"https:\/\/owlstales.eu\/en\/product\/childrens-hoodie-owls-tales-owl-forever-kopija\/","title":{"rendered":"Women\u2019s Hoodie OWLS TALES Forever"},"content":{"rendered":"<p>The OWLS TALES Forever women\u2019s hoodie is made using a premium quality SOL&#8217;S hoodie as the base. The model has a women\u2019s fit, sits comfortably on the body and is suitable for everyday wear \u2014 for work, walks and leisure.\u2028The hoodie is made of soft, dense knit fabric with a high cotton content. The model keeps its shape well and maintains a neat appearance during regular use and washing. An original OWLS TALES print is applied to the garment using high-quality durable digital printing.<br \/>\n<img decoding=\"async\" class=\"wp-image-2076 aligncenter\" src=\"https:\/\/owlstales.eu\/wp-content\/uploads\/2026\/03\/IzmeriHudijiPremiumSievieshu-300x76.png\" alt=\"\" width=\"399\" height=\"101\" srcset=\"https:\/\/owlstales.eu\/wp-content\/uploads\/2026\/03\/IzmeriHudijiPremiumSievieshu-300x76.png 300w, https:\/\/owlstales.eu\/wp-content\/uploads\/2026\/03\/IzmeriHudijiPremiumSievieshu-1024x261.png 1024w, https:\/\/owlstales.eu\/wp-content\/uploads\/2026\/03\/IzmeriHudijiPremiumSievieshu-768x195.png 768w, https:\/\/owlstales.eu\/wp-content\/uploads\/2026\/03\/IzmeriHudijiPremiumSievieshu-600x153.png 600w, https:\/\/owlstales.eu\/wp-content\/uploads\/2026\/03\/IzmeriHudijiPremiumSievieshu.png 1053w\" sizes=\"(max-width: 399px) 100vw, 399px\" \/><\/p>\n","protected":false},"excerpt":{"rendered":"<p>Model: OWLS TALES Forever<br \/>\nPrint: OWLS TALES &#8220;The Flying Mouse&#8221;<br \/>\nType: hoodie<br \/>\nBase hoodie: SOL&#8217;S (women&#8217;s model)<br \/>\nComposition: 80% cotton, 20% polyester<br \/>\nFabric weight: approx. 280 g\/m\u00b2<br \/>\nPrint: high-quality durable digital print Sizes: XS\u20132XL<br \/>\nCare: machine wash, normal cycle<\/p>\n","protected":false},"featured_media":2141,"comment_status":"open","ping_status":"closed","template":"","meta":[],"product_brand":[],"product_cat":[127,128,141],"product_tag":[],"class_list":{"0":"post-2024","1":"product","2":"type-product","3":"status-publish","4":"has-post-thumbnail","6":"product_cat-collections-with-our-merch","7":"product_cat-hoodies","8":"product_cat-the-flying-mouse","9":"pa_krasa-burgundy","10":"pa_krasa-navy","12":"first","13":"instock","14":"taxable","15":"shipping-taxable","16":"purchasable","17":"product-type-variable"},"yoast_head":"<!-- This site is optimized with the Yoast SEO Premium plugin v27.1 (Yoast SEO v27.4) - https:\/\/yoast.com\/product\/yoast-seo-premium-wordpress\/ -->\n<title>Women\u2019s Hoodie OWLS TALES Forever - P\u016bces pasakas<\/title>\n<meta name=\"description\" content=\"Izgatavots uz SOL&#039;S premium kvalit\u0101tes h\u016bdija b\u0101zes. Modelim ir sievie\u0161u piegriezums, tas \u0113rti piegu\u013c augumam un ir piem\u0113rots ikdienas valk\u0101\u0161anai \u2014 darbam\" \/>\n<meta name=\"robots\" content=\"index, follow, max-snippet:-1, max-image-preview:large, max-video-preview:-1\" \/>\n<link rel=\"canonical\" href=\"https:\/\/owlstales.eu\/en\/product\/childrens-hoodie-owls-tales-owl-forever-kopija\/\" \/>\n<meta property=\"og:locale\" content=\"en_US\" \/>\n<meta property=\"og:type\" content=\"article\" \/>\n<meta property=\"og:title\" content=\"Women\u2019s Hoodie OWLS TALES Forever\" \/>\n<meta property=\"og:description\" content=\"Izgatavots uz SOL&#039;S premium kvalit\u0101tes h\u016bdija b\u0101zes. Modelim ir sievie\u0161u piegriezums, tas \u0113rti piegu\u013c augumam un ir piem\u0113rots ikdienas valk\u0101\u0161anai \u2014 darbam\" \/>\n<meta property=\"og:url\" content=\"https:\/\/owlstales.eu\/en\/product\/childrens-hoodie-owls-tales-owl-forever-kopija\/\" \/>\n<meta property=\"og:site_name\" content=\"P\u016bces pasakas\" \/>\n<meta property=\"article:publisher\" content=\"https:\/\/www.facebook.com\/owlstales.eu\/\" \/>\n<meta property=\"article:modified_time\" content=\"2026-04-02T07:45:39+00:00\" \/>\n<meta property=\"og:image\" content=\"https:\/\/owlstales.eu\/wp-content\/uploads\/2026\/03\/Women_burgundy.webp\" \/>\n\t<meta property=\"og:image:width\" content=\"1024\" \/>\n\t<meta property=\"og:image:height\" content=\"1024\" \/>\n\t<meta property=\"og:image:type\" content=\"image\/webp\" \/>\n<meta name=\"twitter:card\" content=\"summary_large_image\" \/>\n<meta name=\"twitter:label1\" content=\"Availability\" \/>\n\t<meta name=\"twitter:data1\" content=\"In stock\" \/>\n<script type=\"application\/ld+json\" class=\"yoast-schema-graph\">{\"@context\":\"https:\\\/\\\/schema.org\",\"@graph\":[{\"@type\":\"WebPage\",\"@id\":\"https:\\\/\\\/owlstales.eu\\\/en\\\/product\\\/childrens-hoodie-owls-tales-owl-forever-kopija\\\/\",\"url\":\"https:\\\/\\\/owlstales.eu\\\/en\\\/product\\\/childrens-hoodie-owls-tales-owl-forever-kopija\\\/\",\"name\":\"Women\u2019s Hoodie OWLS TALES Forever - P\u016bces pasakas\",\"isPartOf\":{\"@id\":\"https:\\\/\\\/owlstales.eu\\\/en\\\/#website\"},\"primaryImageOfPage\":{\"@id\":\"https:\\\/\\\/owlstales.eu\\\/en\\\/product\\\/childrens-hoodie-owls-tales-owl-forever-kopija\\\/#primaryimage\"},\"image\":{\"@id\":\"https:\\\/\\\/owlstales.eu\\\/en\\\/product\\\/childrens-hoodie-owls-tales-owl-forever-kopija\\\/#primaryimage\"},\"thumbnailUrl\":\"https:\\\/\\\/owlstales.eu\\\/wp-content\\\/uploads\\\/2026\\\/03\\\/Women_burgundy.webp\",\"datePublished\":\"2026-03-03T14:39:09+00:00\",\"dateModified\":\"2026-04-02T07:45:39+00:00\",\"description\":\"Izgatavots uz SOL'S premium kvalit\u0101tes h\u016bdija b\u0101zes. Modelim ir sievie\u0161u piegriezums, tas \u0113rti piegu\u013c augumam un ir piem\u0113rots ikdienas valk\u0101\u0161anai \u2014 darbam\",\"breadcrumb\":{\"@id\":\"https:\\\/\\\/owlstales.eu\\\/en\\\/product\\\/childrens-hoodie-owls-tales-owl-forever-kopija\\\/#breadcrumb\"},\"inLanguage\":\"en-US\",\"potentialAction\":[{\"@type\":\"ReadAction\",\"target\":[\"https:\\\/\\\/owlstales.eu\\\/en\\\/product\\\/childrens-hoodie-owls-tales-owl-forever-kopija\\\/\"]}]},{\"@type\":\"ImageObject\",\"inLanguage\":\"en-US\",\"@id\":\"https:\\\/\\\/owlstales.eu\\\/en\\\/product\\\/childrens-hoodie-owls-tales-owl-forever-kopija\\\/#primaryimage\",\"url\":\"https:\\\/\\\/owlstales.eu\\\/wp-content\\\/uploads\\\/2026\\\/03\\\/Women_burgundy.webp\",\"contentUrl\":\"https:\\\/\\\/owlstales.eu\\\/wp-content\\\/uploads\\\/2026\\\/03\\\/Women_burgundy.webp\",\"width\":1024,\"height\":1024},{\"@type\":\"BreadcrumbList\",\"@id\":\"https:\\\/\\\/owlstales.eu\\\/en\\\/product\\\/childrens-hoodie-owls-tales-owl-forever-kopija\\\/#breadcrumb\",\"itemListElement\":[{\"@type\":\"ListItem\",\"position\":1,\"name\":\"Home\",\"item\":\"https:\\\/\\\/owlstales.eu\\\/en\\\/home\\\/\"},{\"@type\":\"ListItem\",\"position\":2,\"name\":\"Shop\",\"item\":\"https:\\\/\\\/owlstales.eu\\\/en\\\/shop\\\/\"},{\"@type\":\"ListItem\",\"position\":3,\"name\":\"Women\u2019s Hoodie OWLS TALES Forever\"}]},{\"@type\":\"WebSite\",\"@id\":\"https:\\\/\\\/owlstales.eu\\\/en\\\/#website\",\"url\":\"https:\\\/\\\/owlstales.eu\\\/en\\\/\",\"name\":\"P\u016bces pasakas\",\"description\":\"GR\u0100MATAS | PDF | AUDIOIZR\u0100DES | PASAKAS\",\"publisher\":{\"@id\":\"https:\\\/\\\/owlstales.eu\\\/en\\\/#organization\"},\"alternateName\":\"owls tales\",\"potentialAction\":[{\"@type\":\"SearchAction\",\"target\":{\"@type\":\"EntryPoint\",\"urlTemplate\":\"https:\\\/\\\/owlstales.eu\\\/en\\\/?s={search_term_string}\"},\"query-input\":{\"@type\":\"PropertyValueSpecification\",\"valueRequired\":true,\"valueName\":\"search_term_string\"}}],\"inLanguage\":\"en-US\"},{\"@type\":\"Organization\",\"@id\":\"https:\\\/\\\/owlstales.eu\\\/en\\\/#organization\",\"name\":\"P\u016bces pasakas\",\"url\":\"https:\\\/\\\/owlstales.eu\\\/en\\\/\",\"logo\":{\"@type\":\"ImageObject\",\"inLanguage\":\"en-US\",\"@id\":\"https:\\\/\\\/owlstales.eu\\\/en\\\/#\\\/schema\\\/logo\\\/image\\\/\",\"url\":\"https:\\\/\\\/owlstales.eu\\\/wp-content\\\/uploads\\\/2026\\\/03\\\/owl_logo_ok.webp\",\"contentUrl\":\"https:\\\/\\\/owlstales.eu\\\/wp-content\\\/uploads\\\/2026\\\/03\\\/owl_logo_ok.webp\",\"width\":512,\"height\":512,\"caption\":\"P\u016bces pasakas\"},\"image\":{\"@id\":\"https:\\\/\\\/owlstales.eu\\\/en\\\/#\\\/schema\\\/logo\\\/image\\\/\"},\"sameAs\":[\"https:\\\/\\\/www.facebook.com\\\/owlstales.eu\\\/\"],\"description\":\"Pasakas b\u0113rniem, pal\u012bgmateri\u0101li skolot\u0101jiem.\",\"email\":\"projekts.library@gmail.com\",\"telephone\":\"+371 20923022\",\"legalName\":\"ELENAS LIBRARY SIA\",\"foundingDate\":\"2025-03-01\",\"vatID\":\"LV402036769410\",\"taxID\":\"402036769410\",\"numberOfEmployees\":{\"@type\":\"QuantitativeValue\",\"minValue\":\"1\",\"maxValue\":\"10\"}}]}<\/script>\n<meta property=\"og:availability\" content=\"instock\" \/>\n<meta property=\"product:availability\" content=\"instock\" \/>\n<meta property=\"product:retailer_item_id\" content=\"hudijs_puce_siev\" \/>\n<meta property=\"product:condition\" content=\"new\" \/>\n<!-- \/ Yoast SEO Premium plugin. -->","yoast_head_json":{"title":"Women\u2019s Hoodie OWLS TALES Forever - P\u016bces pasakas","description":"Izgatavots uz SOL'S premium kvalit\u0101tes h\u016bdija b\u0101zes. Modelim ir sievie\u0161u piegriezums, tas \u0113rti piegu\u013c augumam un ir piem\u0113rots ikdienas valk\u0101\u0161anai \u2014 darbam","robots":{"index":"index","follow":"follow","max-snippet":"max-snippet:-1","max-image-preview":"max-image-preview:large","max-video-preview":"max-video-preview:-1"},"canonical":"https:\/\/owlstales.eu\/en\/product\/childrens-hoodie-owls-tales-owl-forever-kopija\/","og_locale":"en_US","og_type":"article","og_title":"Women\u2019s Hoodie OWLS TALES Forever","og_description":"Izgatavots uz SOL'S premium kvalit\u0101tes h\u016bdija b\u0101zes. Modelim ir sievie\u0161u piegriezums, tas \u0113rti piegu\u013c augumam un ir piem\u0113rots ikdienas valk\u0101\u0161anai \u2014 darbam","og_url":"https:\/\/owlstales.eu\/en\/product\/childrens-hoodie-owls-tales-owl-forever-kopija\/","og_site_name":"P\u016bces pasakas","article_publisher":"https:\/\/www.facebook.com\/owlstales.eu\/","article_modified_time":"2026-04-02T07:45:39+00:00","og_image":[{"width":1024,"height":1024,"url":"https:\/\/owlstales.eu\/wp-content\/uploads\/2026\/03\/Women_burgundy.webp","type":"image\/webp"}],"twitter_card":"summary_large_image","twitter_misc":{"Availability":"In stock"},"schema":{"@context":"https:\/\/schema.org","@graph":[{"@type":"WebPage","@id":"https:\/\/owlstales.eu\/en\/product\/childrens-hoodie-owls-tales-owl-forever-kopija\/","url":"https:\/\/owlstales.eu\/en\/product\/childrens-hoodie-owls-tales-owl-forever-kopija\/","name":"Women\u2019s Hoodie OWLS TALES Forever - P\u016bces pasakas","isPartOf":{"@id":"https:\/\/owlstales.eu\/en\/#website"},"primaryImageOfPage":{"@id":"https:\/\/owlstales.eu\/en\/product\/childrens-hoodie-owls-tales-owl-forever-kopija\/#primaryimage"},"image":{"@id":"https:\/\/owlstales.eu\/en\/product\/childrens-hoodie-owls-tales-owl-forever-kopija\/#primaryimage"},"thumbnailUrl":"https:\/\/owlstales.eu\/wp-content\/uploads\/2026\/03\/Women_burgundy.webp","datePublished":"2026-03-03T14:39:09+00:00","dateModified":"2026-04-02T07:45:39+00:00","description":"Izgatavots uz SOL'S premium kvalit\u0101tes h\u016bdija b\u0101zes. Modelim ir sievie\u0161u piegriezums, tas \u0113rti piegu\u013c augumam un ir piem\u0113rots ikdienas valk\u0101\u0161anai \u2014 darbam","breadcrumb":{"@id":"https:\/\/owlstales.eu\/en\/product\/childrens-hoodie-owls-tales-owl-forever-kopija\/#breadcrumb"},"inLanguage":"en-US","potentialAction":[{"@type":"ReadAction","target":["https:\/\/owlstales.eu\/en\/product\/childrens-hoodie-owls-tales-owl-forever-kopija\/"]}]},{"@type":"ImageObject","inLanguage":"en-US","@id":"https:\/\/owlstales.eu\/en\/product\/childrens-hoodie-owls-tales-owl-forever-kopija\/#primaryimage","url":"https:\/\/owlstales.eu\/wp-content\/uploads\/2026\/03\/Women_burgundy.webp","contentUrl":"https:\/\/owlstales.eu\/wp-content\/uploads\/2026\/03\/Women_burgundy.webp","width":1024,"height":1024},{"@type":"BreadcrumbList","@id":"https:\/\/owlstales.eu\/en\/product\/childrens-hoodie-owls-tales-owl-forever-kopija\/#breadcrumb","itemListElement":[{"@type":"ListItem","position":1,"name":"Home","item":"https:\/\/owlstales.eu\/en\/home\/"},{"@type":"ListItem","position":2,"name":"Shop","item":"https:\/\/owlstales.eu\/en\/shop\/"},{"@type":"ListItem","position":3,"name":"Women\u2019s Hoodie OWLS TALES Forever"}]},{"@type":"WebSite","@id":"https:\/\/owlstales.eu\/en\/#website","url":"https:\/\/owlstales.eu\/en\/","name":"P\u016bces pasakas","description":"GR\u0100MATAS | PDF | AUDIOIZR\u0100DES | PASAKAS","publisher":{"@id":"https:\/\/owlstales.eu\/en\/#organization"},"alternateName":"owls tales","potentialAction":[{"@type":"SearchAction","target":{"@type":"EntryPoint","urlTemplate":"https:\/\/owlstales.eu\/en\/?s={search_term_string}"},"query-input":{"@type":"PropertyValueSpecification","valueRequired":true,"valueName":"search_term_string"}}],"inLanguage":"en-US"},{"@type":"Organization","@id":"https:\/\/owlstales.eu\/en\/#organization","name":"P\u016bces pasakas","url":"https:\/\/owlstales.eu\/en\/","logo":{"@type":"ImageObject","inLanguage":"en-US","@id":"https:\/\/owlstales.eu\/en\/#\/schema\/logo\/image\/","url":"https:\/\/owlstales.eu\/wp-content\/uploads\/2026\/03\/owl_logo_ok.webp","contentUrl":"https:\/\/owlstales.eu\/wp-content\/uploads\/2026\/03\/owl_logo_ok.webp","width":512,"height":512,"caption":"P\u016bces pasakas"},"image":{"@id":"https:\/\/owlstales.eu\/en\/#\/schema\/logo\/image\/"},"sameAs":["https:\/\/www.facebook.com\/owlstales.eu\/"],"description":"Pasakas b\u0113rniem, pal\u012bgmateri\u0101li skolot\u0101jiem.","email":"projekts.library@gmail.com","telephone":"+371 20923022","legalName":"ELENAS LIBRARY SIA","foundingDate":"2025-03-01","vatID":"LV402036769410","taxID":"402036769410","numberOfEmployees":{"@type":"QuantitativeValue","minValue":"1","maxValue":"10"}}]},"og_availability":"instock","product_availability":"instock","product_retailer_item_id":"hudijs_puce_siev","product_condition":"new"},"_links":{"self":[{"href":"https:\/\/owlstales.eu\/en\/wp-json\/wp\/v2\/product\/2024","targetHints":{"allow":["GET"]}}],"collection":[{"href":"https:\/\/owlstales.eu\/en\/wp-json\/wp\/v2\/product"}],"about":[{"href":"https:\/\/owlstales.eu\/en\/wp-json\/wp\/v2\/types\/product"}],"replies":[{"embeddable":true,"href":"https:\/\/owlstales.eu\/en\/wp-json\/wp\/v2\/comments?post=2024"}],"wp:featuredmedia":[{"embeddable":true,"href":"https:\/\/owlstales.eu\/en\/wp-json\/wp\/v2\/media\/2141"}],"wp:attachment":[{"href":"https:\/\/owlstales.eu\/en\/wp-json\/wp\/v2\/media?parent=2024"}],"wp:term":[{"taxonomy":"product_brand","embeddable":true,"href":"https:\/\/owlstales.eu\/en\/wp-json\/wp\/v2\/product_brand?post=2024"},{"taxonomy":"product_cat","embeddable":true,"href":"https:\/\/owlstales.eu\/en\/wp-json\/wp\/v2\/product_cat?post=2024"},{"taxonomy":"product_tag","embeddable":true,"href":"https:\/\/owlstales.eu\/en\/wp-json\/wp\/v2\/product_tag?post=2024"}],"curies":[{"name":"wp","href":"https:\/\/api.w.org\/{rel}","templated":true}]}}