{"id":1998,"date":"2026-03-03T10:42:28","date_gmt":"2026-03-03T08:42:28","guid":{"rendered":"https:\/\/owlstales.eu\/product\/childrens-hoodie-owls-tales-owl-forever\/"},"modified":"2026-04-01T14:04:44","modified_gmt":"2026-04-01T12:04:44","slug":"childrens-hoodie-owls-tales-owl-forever","status":"publish","type":"product","link":"https:\/\/owlstales.eu\/en\/product\/childrens-hoodie-owls-tales-owl-forever\/","title":{"rendered":"The OWLS TALES Forever children\u2019s hoodie"},"content":{"rendered":"<p>The OWLS TALES Forever children\u2019s hoodie is made using a premium quality SOL&#8217;S hoodie as the base. The model has a neat fit, keeps its shape well and maintains a presentable appearance during regular use. Suitable for school, walks and everyday wear.<br \/>\nThe hoodie is made of soft, dense knit fabric with a high cotton content, comfortable for daily use. An original OWLS TALES print is applied to the garment.<br \/>\n<img fetchpriority=\"high\" decoding=\"async\" class=\"wp-image-1830 aligncenter\" src=\"https:\/\/owlstales.eu\/wp-content\/uploads\/2026\/02\/IzmeriHudijiPremiumBernu-300x75.png\" alt=\"\" width=\"740\" height=\"185\" srcset=\"https:\/\/owlstales.eu\/wp-content\/uploads\/2026\/02\/IzmeriHudijiPremiumBernu-300x75.png 300w, https:\/\/owlstales.eu\/wp-content\/uploads\/2026\/02\/IzmeriHudijiPremiumBernu-1024x255.png 1024w, https:\/\/owlstales.eu\/wp-content\/uploads\/2026\/02\/IzmeriHudijiPremiumBernu-768x191.png 768w, https:\/\/owlstales.eu\/wp-content\/uploads\/2026\/02\/IzmeriHudijiPremiumBernu-600x149.png 600w, https:\/\/owlstales.eu\/wp-content\/uploads\/2026\/02\/IzmeriHudijiPremiumBernu.png 1046w\" sizes=\"(max-width: 740px) 100vw, 740px\" \/><\/p>\n","protected":false},"excerpt":{"rendered":"<p>Model: OWLS TALES Forever\u2028Print: OWLS TALES \u201cThe Flying Mouse\u201d\u2028<br \/>\nType: hooded sweatshirt<br \/>\n\u2028Base hoodie: SOL&#8217;S\u2028<br \/>\nComposition: 80% cotton, 20% polyester\u2028<br \/>\nFabric weight: approx. 280 g\/m\u00b2<br \/>\n\u2028Print: high-quality textile printing\u2028<br \/>\nSizes: children\u2019s sizes approx. 4\u201312 years\u2028<br \/>\nCare: machine wash in normal mode<\/p>\n","protected":false},"featured_media":1992,"comment_status":"open","ping_status":"closed","template":"","meta":[],"product_brand":[],"product_cat":[127,128,141],"product_tag":[],"class_list":{"0":"post-1998","1":"product","2":"type-product","3":"status-publish","4":"has-post-thumbnail","6":"product_cat-collections-with-our-merch","7":"product_cat-hoodies","8":"product_cat-the-flying-mouse","9":"pa_krasa-burgundy","10":"pa_krasa-navy","12":"first","13":"instock","14":"taxable","15":"shipping-taxable","16":"purchasable","17":"product-type-variable"},"yoast_head":"<!-- This site is optimized with the Yoast SEO Premium plugin v27.1 (Yoast SEO v27.4) - https:\/\/yoast.com\/product\/yoast-seo-premium-wordpress\/ -->\n<title>The OWLS TALES Forever children\u2019s hoodie - P\u016bces pasakas<\/title>\n<meta name=\"description\" content=\"B\u0113rnu h\u016bdijs OWLS TALES Forever izgatavots uz SOL&#039;S ra\u017eot\u0101 premium kvalit\u0101tes h\u016bdija b\u0101zes. H\u016bdijs izgatavots no m\u012bksta, bl\u012bva trikot\u0101\u017eas auduma.\" \/>\n<meta name=\"robots\" content=\"index, follow, max-snippet:-1, max-image-preview:large, max-video-preview:-1\" \/>\n<link rel=\"canonical\" href=\"https:\/\/owlstales.eu\/en\/product\/childrens-hoodie-owls-tales-owl-forever\/\" \/>\n<meta property=\"og:locale\" content=\"en_US\" \/>\n<meta property=\"og:type\" content=\"article\" \/>\n<meta property=\"og:title\" content=\"The OWLS TALES Forever children\u2019s hoodie\" \/>\n<meta property=\"og:description\" content=\"B\u0113rnu h\u016bdijs OWLS TALES Forever izgatavots uz SOL&#039;S ra\u017eot\u0101 premium kvalit\u0101tes h\u016bdija b\u0101zes. H\u016bdijs izgatavots no m\u012bksta, bl\u012bva trikot\u0101\u017eas auduma.\" \/>\n<meta property=\"og:url\" content=\"https:\/\/owlstales.eu\/en\/product\/childrens-hoodie-owls-tales-owl-forever\/\" \/>\n<meta property=\"og:site_name\" content=\"P\u016bces pasakas\" \/>\n<meta property=\"article:publisher\" content=\"https:\/\/www.facebook.com\/owlstales.eu\/\" \/>\n<meta property=\"article:modified_time\" content=\"2026-04-01T12:04:44+00:00\" \/>\n<meta property=\"og:image\" content=\"https:\/\/owlstales.eu\/wp-content\/uploads\/2026\/03\/Hudijs_puce_navy.webp\" \/>\n\t<meta property=\"og:image:width\" content=\"1024\" \/>\n\t<meta property=\"og:image:height\" content=\"1024\" \/>\n\t<meta property=\"og:image:type\" content=\"image\/webp\" \/>\n<meta name=\"twitter:card\" content=\"summary_large_image\" \/>\n<meta name=\"twitter:label1\" content=\"Availability\" \/>\n\t<meta name=\"twitter:data1\" content=\"In stock\" \/>\n<script type=\"application\/ld+json\" class=\"yoast-schema-graph\">{\"@context\":\"https:\\\/\\\/schema.org\",\"@graph\":[{\"@type\":\"WebPage\",\"@id\":\"https:\\\/\\\/owlstales.eu\\\/en\\\/product\\\/childrens-hoodie-owls-tales-owl-forever\\\/\",\"url\":\"https:\\\/\\\/owlstales.eu\\\/en\\\/product\\\/childrens-hoodie-owls-tales-owl-forever\\\/\",\"name\":\"The OWLS TALES Forever children\u2019s hoodie - P\u016bces pasakas\",\"isPartOf\":{\"@id\":\"https:\\\/\\\/owlstales.eu\\\/en\\\/#website\"},\"primaryImageOfPage\":{\"@id\":\"https:\\\/\\\/owlstales.eu\\\/en\\\/product\\\/childrens-hoodie-owls-tales-owl-forever\\\/#primaryimage\"},\"image\":{\"@id\":\"https:\\\/\\\/owlstales.eu\\\/en\\\/product\\\/childrens-hoodie-owls-tales-owl-forever\\\/#primaryimage\"},\"thumbnailUrl\":\"https:\\\/\\\/owlstales.eu\\\/wp-content\\\/uploads\\\/2026\\\/03\\\/Hudijs_puce_navy.webp\",\"datePublished\":\"2026-03-03T08:42:28+00:00\",\"dateModified\":\"2026-04-01T12:04:44+00:00\",\"description\":\"B\u0113rnu h\u016bdijs OWLS TALES Forever izgatavots uz SOL'S ra\u017eot\u0101 premium kvalit\u0101tes h\u016bdija b\u0101zes. H\u016bdijs izgatavots no m\u012bksta, bl\u012bva trikot\u0101\u017eas auduma.\",\"breadcrumb\":{\"@id\":\"https:\\\/\\\/owlstales.eu\\\/en\\\/product\\\/childrens-hoodie-owls-tales-owl-forever\\\/#breadcrumb\"},\"inLanguage\":\"en-US\",\"potentialAction\":[{\"@type\":\"ReadAction\",\"target\":[\"https:\\\/\\\/owlstales.eu\\\/en\\\/product\\\/childrens-hoodie-owls-tales-owl-forever\\\/\"]}]},{\"@type\":\"ImageObject\",\"inLanguage\":\"en-US\",\"@id\":\"https:\\\/\\\/owlstales.eu\\\/en\\\/product\\\/childrens-hoodie-owls-tales-owl-forever\\\/#primaryimage\",\"url\":\"https:\\\/\\\/owlstales.eu\\\/wp-content\\\/uploads\\\/2026\\\/03\\\/Hudijs_puce_navy.webp\",\"contentUrl\":\"https:\\\/\\\/owlstales.eu\\\/wp-content\\\/uploads\\\/2026\\\/03\\\/Hudijs_puce_navy.webp\",\"width\":1024,\"height\":1024},{\"@type\":\"BreadcrumbList\",\"@id\":\"https:\\\/\\\/owlstales.eu\\\/en\\\/product\\\/childrens-hoodie-owls-tales-owl-forever\\\/#breadcrumb\",\"itemListElement\":[{\"@type\":\"ListItem\",\"position\":1,\"name\":\"Home\",\"item\":\"https:\\\/\\\/owlstales.eu\\\/en\\\/home\\\/\"},{\"@type\":\"ListItem\",\"position\":2,\"name\":\"Shop\",\"item\":\"https:\\\/\\\/owlstales.eu\\\/en\\\/shop\\\/\"},{\"@type\":\"ListItem\",\"position\":3,\"name\":\"The OWLS TALES Forever children\u2019s hoodie\"}]},{\"@type\":\"WebSite\",\"@id\":\"https:\\\/\\\/owlstales.eu\\\/en\\\/#website\",\"url\":\"https:\\\/\\\/owlstales.eu\\\/en\\\/\",\"name\":\"P\u016bces pasakas\",\"description\":\"GR\u0100MATAS | PDF | AUDIOIZR\u0100DES | PASAKAS\",\"publisher\":{\"@id\":\"https:\\\/\\\/owlstales.eu\\\/en\\\/#organization\"},\"alternateName\":\"owls tales\",\"potentialAction\":[{\"@type\":\"SearchAction\",\"target\":{\"@type\":\"EntryPoint\",\"urlTemplate\":\"https:\\\/\\\/owlstales.eu\\\/en\\\/?s={search_term_string}\"},\"query-input\":{\"@type\":\"PropertyValueSpecification\",\"valueRequired\":true,\"valueName\":\"search_term_string\"}}],\"inLanguage\":\"en-US\"},{\"@type\":\"Organization\",\"@id\":\"https:\\\/\\\/owlstales.eu\\\/en\\\/#organization\",\"name\":\"P\u016bces pasakas\",\"url\":\"https:\\\/\\\/owlstales.eu\\\/en\\\/\",\"logo\":{\"@type\":\"ImageObject\",\"inLanguage\":\"en-US\",\"@id\":\"https:\\\/\\\/owlstales.eu\\\/en\\\/#\\\/schema\\\/logo\\\/image\\\/\",\"url\":\"https:\\\/\\\/owlstales.eu\\\/wp-content\\\/uploads\\\/2026\\\/03\\\/owl_logo_ok.webp\",\"contentUrl\":\"https:\\\/\\\/owlstales.eu\\\/wp-content\\\/uploads\\\/2026\\\/03\\\/owl_logo_ok.webp\",\"width\":512,\"height\":512,\"caption\":\"P\u016bces pasakas\"},\"image\":{\"@id\":\"https:\\\/\\\/owlstales.eu\\\/en\\\/#\\\/schema\\\/logo\\\/image\\\/\"},\"sameAs\":[\"https:\\\/\\\/www.facebook.com\\\/owlstales.eu\\\/\"],\"description\":\"Pasakas b\u0113rniem, pal\u012bgmateri\u0101li skolot\u0101jiem.\",\"email\":\"projekts.library@gmail.com\",\"telephone\":\"+371 20923022\",\"legalName\":\"ELENAS LIBRARY SIA\",\"foundingDate\":\"2025-03-01\",\"vatID\":\"LV402036769410\",\"taxID\":\"402036769410\",\"numberOfEmployees\":{\"@type\":\"QuantitativeValue\",\"minValue\":\"1\",\"maxValue\":\"10\"}}]}<\/script>\n<meta property=\"og:availability\" content=\"instock\" \/>\n<meta property=\"product:availability\" content=\"instock\" \/>\n<meta property=\"product:retailer_item_id\" content=\"hudijs_puce\" \/>\n<meta property=\"product:condition\" content=\"new\" \/>\n<!-- \/ Yoast SEO Premium plugin. -->","yoast_head_json":{"title":"The OWLS TALES Forever children\u2019s hoodie - P\u016bces pasakas","description":"B\u0113rnu h\u016bdijs OWLS TALES Forever izgatavots uz SOL'S ra\u017eot\u0101 premium kvalit\u0101tes h\u016bdija b\u0101zes. H\u016bdijs izgatavots no m\u012bksta, bl\u012bva trikot\u0101\u017eas auduma.","robots":{"index":"index","follow":"follow","max-snippet":"max-snippet:-1","max-image-preview":"max-image-preview:large","max-video-preview":"max-video-preview:-1"},"canonical":"https:\/\/owlstales.eu\/en\/product\/childrens-hoodie-owls-tales-owl-forever\/","og_locale":"en_US","og_type":"article","og_title":"The OWLS TALES Forever children\u2019s hoodie","og_description":"B\u0113rnu h\u016bdijs OWLS TALES Forever izgatavots uz SOL'S ra\u017eot\u0101 premium kvalit\u0101tes h\u016bdija b\u0101zes. H\u016bdijs izgatavots no m\u012bksta, bl\u012bva trikot\u0101\u017eas auduma.","og_url":"https:\/\/owlstales.eu\/en\/product\/childrens-hoodie-owls-tales-owl-forever\/","og_site_name":"P\u016bces pasakas","article_publisher":"https:\/\/www.facebook.com\/owlstales.eu\/","article_modified_time":"2026-04-01T12:04:44+00:00","og_image":[{"width":1024,"height":1024,"url":"https:\/\/owlstales.eu\/wp-content\/uploads\/2026\/03\/Hudijs_puce_navy.webp","type":"image\/webp"}],"twitter_card":"summary_large_image","twitter_misc":{"Availability":"In stock"},"schema":{"@context":"https:\/\/schema.org","@graph":[{"@type":"WebPage","@id":"https:\/\/owlstales.eu\/en\/product\/childrens-hoodie-owls-tales-owl-forever\/","url":"https:\/\/owlstales.eu\/en\/product\/childrens-hoodie-owls-tales-owl-forever\/","name":"The OWLS TALES Forever children\u2019s hoodie - P\u016bces pasakas","isPartOf":{"@id":"https:\/\/owlstales.eu\/en\/#website"},"primaryImageOfPage":{"@id":"https:\/\/owlstales.eu\/en\/product\/childrens-hoodie-owls-tales-owl-forever\/#primaryimage"},"image":{"@id":"https:\/\/owlstales.eu\/en\/product\/childrens-hoodie-owls-tales-owl-forever\/#primaryimage"},"thumbnailUrl":"https:\/\/owlstales.eu\/wp-content\/uploads\/2026\/03\/Hudijs_puce_navy.webp","datePublished":"2026-03-03T08:42:28+00:00","dateModified":"2026-04-01T12:04:44+00:00","description":"B\u0113rnu h\u016bdijs OWLS TALES Forever izgatavots uz SOL'S ra\u017eot\u0101 premium kvalit\u0101tes h\u016bdija b\u0101zes. H\u016bdijs izgatavots no m\u012bksta, bl\u012bva trikot\u0101\u017eas auduma.","breadcrumb":{"@id":"https:\/\/owlstales.eu\/en\/product\/childrens-hoodie-owls-tales-owl-forever\/#breadcrumb"},"inLanguage":"en-US","potentialAction":[{"@type":"ReadAction","target":["https:\/\/owlstales.eu\/en\/product\/childrens-hoodie-owls-tales-owl-forever\/"]}]},{"@type":"ImageObject","inLanguage":"en-US","@id":"https:\/\/owlstales.eu\/en\/product\/childrens-hoodie-owls-tales-owl-forever\/#primaryimage","url":"https:\/\/owlstales.eu\/wp-content\/uploads\/2026\/03\/Hudijs_puce_navy.webp","contentUrl":"https:\/\/owlstales.eu\/wp-content\/uploads\/2026\/03\/Hudijs_puce_navy.webp","width":1024,"height":1024},{"@type":"BreadcrumbList","@id":"https:\/\/owlstales.eu\/en\/product\/childrens-hoodie-owls-tales-owl-forever\/#breadcrumb","itemListElement":[{"@type":"ListItem","position":1,"name":"Home","item":"https:\/\/owlstales.eu\/en\/home\/"},{"@type":"ListItem","position":2,"name":"Shop","item":"https:\/\/owlstales.eu\/en\/shop\/"},{"@type":"ListItem","position":3,"name":"The OWLS TALES Forever children\u2019s hoodie"}]},{"@type":"WebSite","@id":"https:\/\/owlstales.eu\/en\/#website","url":"https:\/\/owlstales.eu\/en\/","name":"P\u016bces pasakas","description":"GR\u0100MATAS | PDF | AUDIOIZR\u0100DES | PASAKAS","publisher":{"@id":"https:\/\/owlstales.eu\/en\/#organization"},"alternateName":"owls tales","potentialAction":[{"@type":"SearchAction","target":{"@type":"EntryPoint","urlTemplate":"https:\/\/owlstales.eu\/en\/?s={search_term_string}"},"query-input":{"@type":"PropertyValueSpecification","valueRequired":true,"valueName":"search_term_string"}}],"inLanguage":"en-US"},{"@type":"Organization","@id":"https:\/\/owlstales.eu\/en\/#organization","name":"P\u016bces pasakas","url":"https:\/\/owlstales.eu\/en\/","logo":{"@type":"ImageObject","inLanguage":"en-US","@id":"https:\/\/owlstales.eu\/en\/#\/schema\/logo\/image\/","url":"https:\/\/owlstales.eu\/wp-content\/uploads\/2026\/03\/owl_logo_ok.webp","contentUrl":"https:\/\/owlstales.eu\/wp-content\/uploads\/2026\/03\/owl_logo_ok.webp","width":512,"height":512,"caption":"P\u016bces pasakas"},"image":{"@id":"https:\/\/owlstales.eu\/en\/#\/schema\/logo\/image\/"},"sameAs":["https:\/\/www.facebook.com\/owlstales.eu\/"],"description":"Pasakas b\u0113rniem, pal\u012bgmateri\u0101li skolot\u0101jiem.","email":"projekts.library@gmail.com","telephone":"+371 20923022","legalName":"ELENAS LIBRARY SIA","foundingDate":"2025-03-01","vatID":"LV402036769410","taxID":"402036769410","numberOfEmployees":{"@type":"QuantitativeValue","minValue":"1","maxValue":"10"}}]},"og_availability":"instock","product_availability":"instock","product_retailer_item_id":"hudijs_puce","product_condition":"new"},"_links":{"self":[{"href":"https:\/\/owlstales.eu\/en\/wp-json\/wp\/v2\/product\/1998","targetHints":{"allow":["GET"]}}],"collection":[{"href":"https:\/\/owlstales.eu\/en\/wp-json\/wp\/v2\/product"}],"about":[{"href":"https:\/\/owlstales.eu\/en\/wp-json\/wp\/v2\/types\/product"}],"replies":[{"embeddable":true,"href":"https:\/\/owlstales.eu\/en\/wp-json\/wp\/v2\/comments?post=1998"}],"wp:featuredmedia":[{"embeddable":true,"href":"https:\/\/owlstales.eu\/en\/wp-json\/wp\/v2\/media\/1992"}],"wp:attachment":[{"href":"https:\/\/owlstales.eu\/en\/wp-json\/wp\/v2\/media?parent=1998"}],"wp:term":[{"taxonomy":"product_brand","embeddable":true,"href":"https:\/\/owlstales.eu\/en\/wp-json\/wp\/v2\/product_brand?post=1998"},{"taxonomy":"product_cat","embeddable":true,"href":"https:\/\/owlstales.eu\/en\/wp-json\/wp\/v2\/product_cat?post=1998"},{"taxonomy":"product_tag","embeddable":true,"href":"https:\/\/owlstales.eu\/en\/wp-json\/wp\/v2\/product_tag?post=1998"}],"curies":[{"name":"wp","href":"https:\/\/api.w.org\/{rel}","templated":true}]}}